{"id":9296,"date":"2022-12-22T22:09:29","date_gmt":"2022-12-22T22:09:29","guid":{"rendered":"https:\/\/oasismade.com\/product\/fairtrade-cotton-bag\/"},"modified":"2026-04-21T19:55:54","modified_gmt":"2026-04-21T19:55:54","slug":"fairtrade-cotton-bag","status":"publish","type":"product","link":"https:\/\/oasismade.com\/fr\/produit\/fairtrade-cotton-bag\/","title":{"rendered":"Sac en coton Fairtrade"},"content":{"rendered":"","protected":false},"excerpt":{"rendered":"<h2>\u00c0 propos de nos sacs de coton Fairtrade<\/h2>\n<p><a href=\"https:\/\/www.fairtrade.ca\/en-CA\/Farmers-and-Workers\/Cotton\">Le commerce \u00e9quitable<\/a> est un mouvement pour le changement qui travaille directement avec les entreprises, les consommateurs et les militants pour rendre une foire commerciale pour les agriculteurs et les travailleurs. Le coton Fairtrade a \u00e9t\u00e9 lanc\u00e9 pour mettre en lumi\u00e8re ces agriculteurs qui sont souvent laiss\u00e9s invisibles, n\u00e9glig\u00e9s et pauvres \u00e0 la fin d\u2019une longue et complexe cha\u00eene d\u2019approvisionnement en coton. Ce sac en coton Fairtrade existe en 3 styles diff\u00e9rents et peut \u00eatre personnalis\u00e9 selon les sp\u00e9cificit\u00e9s de votre marque. Faites partie d\u2019un mouvement pour le changement et choisissez de rehausser votre marque avec ces sacs en coton Fairtrade.<\/p>\n","protected":false},"featured_media":8448,"template":"","meta":[],"product_brand":[],"product_cat":[216,190],"product_tag":[232,233],"class_list":{"0":"post-9296","1":"product","2":"type-product","3":"status-publish","4":"has-post-thumbnail","6":"product_cat-coton-sacs-reutilisables","7":"product_cat-sacs-reutilisables","8":"product_tag-alternatives-aux-plastiques-a-usage-unique","9":"product_tag-stock-fr","11":"first","12":"instock","13":"shipping-taxable","14":"product-type-simple"},"yoast_head":"<!-- This site is optimized with the Yoast SEO plugin v25.5 - https:\/\/yoast.com\/wordpress\/plugins\/seo\/ -->\n<title>Sac en coton Fairtrade - Options personnalis\u00e9es disponibles-<\/title>\n<meta name=\"description\" content=\"Personnalisez ces sacs de coton Fairtrade pour r\u00e9pondre aux sp\u00e9cificit\u00e9s de votre marque et am\u00e9liorer votre exp\u00e9rience client. Obtenez une soumission d\u00e8s aujourd\u2019hui!\" \/>\n<meta name=\"robots\" content=\"index, follow, max-snippet:-1, max-image-preview:large, max-video-preview:-1\" \/>\n<link rel=\"canonical\" href=\"https:\/\/oasismade.com\/fr\/produit\/fairtrade-cotton-bag\/\" \/>\n<meta property=\"og:locale\" content=\"fr_CA\" \/>\n<meta property=\"og:type\" content=\"article\" \/>\n<meta property=\"og:title\" content=\"Sac en coton Fairtrade - Options personnalis\u00e9es disponibles-\" \/>\n<meta property=\"og:description\" content=\"Personnalisez ces sacs de coton Fairtrade pour r\u00e9pondre aux sp\u00e9cificit\u00e9s de votre marque et am\u00e9liorer votre exp\u00e9rience client. Obtenez une soumission d\u00e8s aujourd\u2019hui!\" \/>\n<meta property=\"og:url\" content=\"https:\/\/oasismade.com\/fr\/produit\/fairtrade-cotton-bag\/\" \/>\n<meta property=\"og:site_name\" content=\"Oasismade\" \/>\n<meta property=\"article:publisher\" content=\"https:\/\/www.facebook.com\/OasisMade\/\" \/>\n<meta property=\"article:modified_time\" content=\"2026-04-21T19:55:54+00:00\" \/>\n<meta property=\"og:image\" content=\"https:\/\/oasismade.com\/wp-content\/uploads\/2022\/12\/Fairtrade-cotton-2614-2-copy-scaled.jpg\" \/>\n\t<meta property=\"og:image:width\" content=\"2560\" \/>\n\t<meta property=\"og:image:height\" content=\"2560\" \/>\n\t<meta property=\"og:image:type\" content=\"image\/jpeg\" \/>\n<meta name=\"twitter:card\" content=\"summary_large_image\" \/>\n<meta name=\"twitter:label1\" content=\"Est. reading time\" \/>\n\t<meta name=\"twitter:data1\" content=\"1 minute\" \/>\n<script type=\"application\/ld+json\" class=\"yoast-schema-graph\">{\"@context\":\"https:\/\/schema.org\",\"@graph\":[{\"@type\":\"WebPage\",\"@id\":\"https:\/\/oasismade.com\/fr\/produit\/fairtrade-cotton-bag\/\",\"url\":\"https:\/\/oasismade.com\/fr\/produit\/fairtrade-cotton-bag\/\",\"name\":\"Sac en coton Fairtrade - Options personnalis\u00e9es disponibles-\",\"isPartOf\":{\"@id\":\"https:\/\/oasismade.com\/fr\/#website\"},\"primaryImageOfPage\":{\"@id\":\"https:\/\/oasismade.com\/fr\/produit\/fairtrade-cotton-bag\/#primaryimage\"},\"image\":{\"@id\":\"https:\/\/oasismade.com\/fr\/produit\/fairtrade-cotton-bag\/#primaryimage\"},\"thumbnailUrl\":\"https:\/\/oasismade.com\/wp-content\/uploads\/2022\/12\/Fairtrade-cotton-2614-2-copy-scaled.jpg\",\"datePublished\":\"2022-12-22T22:09:29+00:00\",\"dateModified\":\"2026-04-21T19:55:54+00:00\",\"description\":\"Personnalisez ces sacs de coton Fairtrade pour r\u00e9pondre aux sp\u00e9cificit\u00e9s de votre marque et am\u00e9liorer votre exp\u00e9rience client. Obtenez une soumission d\u00e8s aujourd\u2019hui!\",\"breadcrumb\":{\"@id\":\"https:\/\/oasismade.com\/fr\/produit\/fairtrade-cotton-bag\/#breadcrumb\"},\"inLanguage\":\"fr-CA\",\"potentialAction\":[{\"@type\":\"ReadAction\",\"target\":[\"https:\/\/oasismade.com\/fr\/produit\/fairtrade-cotton-bag\/\"]}]},{\"@type\":\"ImageObject\",\"inLanguage\":\"fr-CA\",\"@id\":\"https:\/\/oasismade.com\/fr\/produit\/fairtrade-cotton-bag\/#primaryimage\",\"url\":\"https:\/\/oasismade.com\/wp-content\/uploads\/2022\/12\/Fairtrade-cotton-2614-2-copy-scaled.jpg\",\"contentUrl\":\"https:\/\/oasismade.com\/wp-content\/uploads\/2022\/12\/Fairtrade-cotton-2614-2-copy-scaled.jpg\",\"width\":2560,\"height\":2560,\"caption\":\"Fairtrade_cotton _2614\"},{\"@type\":\"BreadcrumbList\",\"@id\":\"https:\/\/oasismade.com\/fr\/produit\/fairtrade-cotton-bag\/#breadcrumb\",\"itemListElement\":[{\"@type\":\"ListItem\",\"position\":1,\"name\":\"Accueil\",\"item\":\"https:\/\/oasismade.com\/fr\/\"},{\"@type\":\"ListItem\",\"position\":2,\"name\":\"Boutique\",\"item\":\"https:\/\/oasismade.com\/fr\/catalogue\/\"},{\"@type\":\"ListItem\",\"position\":3,\"name\":\"Sac en coton Fairtrade\"}]},{\"@type\":\"WebSite\",\"@id\":\"https:\/\/oasismade.com\/fr\/#website\",\"url\":\"https:\/\/oasismade.com\/fr\/\",\"name\":\"Oasismade\",\"description\":\"Sustainable Packaging Solution\",\"potentialAction\":[{\"@type\":\"SearchAction\",\"target\":{\"@type\":\"EntryPoint\",\"urlTemplate\":\"https:\/\/oasismade.com\/fr\/?s={search_term_string}\"},\"query-input\":{\"@type\":\"PropertyValueSpecification\",\"valueRequired\":true,\"valueName\":\"search_term_string\"}}],\"inLanguage\":\"fr-CA\"}]}<\/script>\n<!-- \/ Yoast SEO plugin. -->","yoast_head_json":{"title":"Sac en coton Fairtrade - Options personnalis\u00e9es disponibles-","description":"Personnalisez ces sacs de coton Fairtrade pour r\u00e9pondre aux sp\u00e9cificit\u00e9s de votre marque et am\u00e9liorer votre exp\u00e9rience client. Obtenez une soumission d\u00e8s aujourd\u2019hui!","robots":{"index":"index","follow":"follow","max-snippet":"max-snippet:-1","max-image-preview":"max-image-preview:large","max-video-preview":"max-video-preview:-1"},"canonical":"https:\/\/oasismade.com\/fr\/produit\/fairtrade-cotton-bag\/","og_locale":"fr_CA","og_type":"article","og_title":"Sac en coton Fairtrade - Options personnalis\u00e9es disponibles-","og_description":"Personnalisez ces sacs de coton Fairtrade pour r\u00e9pondre aux sp\u00e9cificit\u00e9s de votre marque et am\u00e9liorer votre exp\u00e9rience client. Obtenez une soumission d\u00e8s aujourd\u2019hui!","og_url":"https:\/\/oasismade.com\/fr\/produit\/fairtrade-cotton-bag\/","og_site_name":"Oasismade","article_publisher":"https:\/\/www.facebook.com\/OasisMade\/","article_modified_time":"2026-04-21T19:55:54+00:00","og_image":[{"width":2560,"height":2560,"url":"https:\/\/oasismade.com\/wp-content\/uploads\/2022\/12\/Fairtrade-cotton-2614-2-copy-scaled.jpg","type":"image\/jpeg"}],"twitter_card":"summary_large_image","twitter_misc":{"Est. reading time":"1 minute"},"schema":{"@context":"https:\/\/schema.org","@graph":[{"@type":"WebPage","@id":"https:\/\/oasismade.com\/fr\/produit\/fairtrade-cotton-bag\/","url":"https:\/\/oasismade.com\/fr\/produit\/fairtrade-cotton-bag\/","name":"Sac en coton Fairtrade - Options personnalis\u00e9es disponibles-","isPartOf":{"@id":"https:\/\/oasismade.com\/fr\/#website"},"primaryImageOfPage":{"@id":"https:\/\/oasismade.com\/fr\/produit\/fairtrade-cotton-bag\/#primaryimage"},"image":{"@id":"https:\/\/oasismade.com\/fr\/produit\/fairtrade-cotton-bag\/#primaryimage"},"thumbnailUrl":"https:\/\/oasismade.com\/wp-content\/uploads\/2022\/12\/Fairtrade-cotton-2614-2-copy-scaled.jpg","datePublished":"2022-12-22T22:09:29+00:00","dateModified":"2026-04-21T19:55:54+00:00","description":"Personnalisez ces sacs de coton Fairtrade pour r\u00e9pondre aux sp\u00e9cificit\u00e9s de votre marque et am\u00e9liorer votre exp\u00e9rience client. Obtenez une soumission d\u00e8s aujourd\u2019hui!","breadcrumb":{"@id":"https:\/\/oasismade.com\/fr\/produit\/fairtrade-cotton-bag\/#breadcrumb"},"inLanguage":"fr-CA","potentialAction":[{"@type":"ReadAction","target":["https:\/\/oasismade.com\/fr\/produit\/fairtrade-cotton-bag\/"]}]},{"@type":"ImageObject","inLanguage":"fr-CA","@id":"https:\/\/oasismade.com\/fr\/produit\/fairtrade-cotton-bag\/#primaryimage","url":"https:\/\/oasismade.com\/wp-content\/uploads\/2022\/12\/Fairtrade-cotton-2614-2-copy-scaled.jpg","contentUrl":"https:\/\/oasismade.com\/wp-content\/uploads\/2022\/12\/Fairtrade-cotton-2614-2-copy-scaled.jpg","width":2560,"height":2560,"caption":"Fairtrade_cotton _2614"},{"@type":"BreadcrumbList","@id":"https:\/\/oasismade.com\/fr\/produit\/fairtrade-cotton-bag\/#breadcrumb","itemListElement":[{"@type":"ListItem","position":1,"name":"Accueil","item":"https:\/\/oasismade.com\/fr\/"},{"@type":"ListItem","position":2,"name":"Boutique","item":"https:\/\/oasismade.com\/fr\/catalogue\/"},{"@type":"ListItem","position":3,"name":"Sac en coton Fairtrade"}]},{"@type":"WebSite","@id":"https:\/\/oasismade.com\/fr\/#website","url":"https:\/\/oasismade.com\/fr\/","name":"Oasismade","description":"Sustainable Packaging Solution","potentialAction":[{"@type":"SearchAction","target":{"@type":"EntryPoint","urlTemplate":"https:\/\/oasismade.com\/fr\/?s={search_term_string}"},"query-input":{"@type":"PropertyValueSpecification","valueRequired":true,"valueName":"search_term_string"}}],"inLanguage":"fr-CA"}]}},"_links":{"self":[{"href":"https:\/\/oasismade.com\/fr\/wp-json\/wp\/v2\/product\/9296","targetHints":{"allow":["GET"]}}],"collection":[{"href":"https:\/\/oasismade.com\/fr\/wp-json\/wp\/v2\/product"}],"about":[{"href":"https:\/\/oasismade.com\/fr\/wp-json\/wp\/v2\/types\/product"}],"wp:featuredmedia":[{"embeddable":true,"href":"https:\/\/oasismade.com\/fr\/wp-json\/wp\/v2\/media\/8448"}],"wp:attachment":[{"href":"https:\/\/oasismade.com\/fr\/wp-json\/wp\/v2\/media?parent=9296"}],"wp:term":[{"taxonomy":"product_brand","embeddable":true,"href":"https:\/\/oasismade.com\/fr\/wp-json\/wp\/v2\/product_brand?post=9296"},{"taxonomy":"product_cat","embeddable":true,"href":"https:\/\/oasismade.com\/fr\/wp-json\/wp\/v2\/product_cat?post=9296"},{"taxonomy":"product_tag","embeddable":true,"href":"https:\/\/oasismade.com\/fr\/wp-json\/wp\/v2\/product_tag?post=9296"}],"curies":[{"name":"wp","href":"https:\/\/api.w.org\/{rel}","templated":true}]}}