{"id":9292,"date":"2023-10-11T16:20:55","date_gmt":"2023-10-11T16:20:55","guid":{"rendered":"https:\/\/oasismade.com\/product\/bagasse-bowl\/"},"modified":"2026-04-21T19:35:21","modified_gmt":"2026-04-21T19:35:21","slug":"bol-en-bagasse","status":"publish","type":"product","link":"https:\/\/oasismade.com\/fr\/produit\/bol-en-bagasse\/","title":{"rendered":"Bol en bagasse"},"content":{"rendered":"","protected":false},"excerpt":{"rendered":"<p data-start=\"20\" data-end=\"315\">Les bols en bagasse sont le choix id\u00e9al pour les exploitants en service alimentaire qui souhaitent r\u00e9duire leur impact environnemental. Fabriqu\u00e9s \u00e0 partir de canne \u00e0 sucre renouvelable, ces contenants sont compostables et recycl\u00e9s, ce qui en fait une solution parfaite pour les plats \u00e0 emporter.<\/p>\n<p data-start=\"317\" data-end=\"798\">Nos contenants en bagasse allient un design durable \u00e0 une performance exceptionnelle. Ils sont fabriqu\u00e9s \u00e0 partir de pulpe issue des fibres de canne \u00e0 sucre (bagasse), l\u2019une des ressources renouvelables les plus abondantes au monde. La bagasse de canne \u00e0 sucre est le r\u00e9sidu sec restant apr\u00e8s l\u2019extraction du jus de la fibre. \u00c9tant un mat\u00e9riau renouvelable, elle a un faible impact environnemental et est id\u00e9ale pour la fabrication d\u2019articles de table gr\u00e2ce \u00e0 sa grande r\u00e9sistance.<\/p>\n","protected":false},"featured_media":8552,"template":"","meta":[],"product_brand":[],"product_cat":[211],"product_tag":[234,232],"class_list":{"0":"post-9292","1":"product","2":"type-product","3":"status-publish","4":"has-post-thumbnail","6":"product_cat-service-alimentaire","7":"product_tag-a-emporter","8":"product_tag-alternatives-aux-plastiques-a-usage-unique","10":"first","11":"instock","12":"shipping-taxable","13":"product-type-simple"},"yoast_head":"<!-- This site is optimized with the Yoast SEO plugin v25.5 - https:\/\/yoast.com\/wordpress\/plugins\/seo\/ -->\n<title>Bol en bagasse - Oasismade<\/title>\n<meta name=\"description\" content=\"Bols en bagasse imprim\u00e9s sur mesure, offerts en marque priv\u00e9e, une solution id\u00e9ale pour les restaurants et les entreprises du secteur alimentaire. Demandez une soumission!\" \/>\n<meta name=\"robots\" content=\"index, follow, max-snippet:-1, max-image-preview:large, max-video-preview:-1\" \/>\n<link rel=\"canonical\" href=\"https:\/\/oasismade.com\/fr\/produit\/bol-en-bagasse\/\" \/>\n<meta property=\"og:locale\" content=\"fr_CA\" \/>\n<meta property=\"og:type\" content=\"article\" \/>\n<meta property=\"og:title\" content=\"Bol en bagasse - Oasismade\" \/>\n<meta property=\"og:description\" content=\"Bols en bagasse imprim\u00e9s sur mesure, offerts en marque priv\u00e9e, une solution id\u00e9ale pour les restaurants et les entreprises du secteur alimentaire. Demandez une soumission!\" \/>\n<meta property=\"og:url\" content=\"https:\/\/oasismade.com\/fr\/produit\/bol-en-bagasse\/\" \/>\n<meta property=\"og:site_name\" content=\"Oasismade\" \/>\n<meta property=\"article:publisher\" content=\"https:\/\/www.facebook.com\/OasisMade\/\" \/>\n<meta property=\"article:modified_time\" content=\"2026-04-21T19:35:21+00:00\" \/>\n<meta property=\"og:image\" content=\"https:\/\/oasismade.com\/wp-content\/uploads\/2023\/10\/bagasse-bowl-with-lid-copy.jpg\" \/>\n\t<meta property=\"og:image:width\" content=\"790\" \/>\n\t<meta property=\"og:image:height\" content=\"790\" \/>\n\t<meta property=\"og:image:type\" content=\"image\/jpeg\" \/>\n<meta name=\"twitter:card\" content=\"summary_large_image\" \/>\n<meta name=\"twitter:label1\" content=\"Est. reading time\" \/>\n\t<meta name=\"twitter:data1\" content=\"1 minute\" \/>\n<script type=\"application\/ld+json\" class=\"yoast-schema-graph\">{\"@context\":\"https:\/\/schema.org\",\"@graph\":[{\"@type\":\"WebPage\",\"@id\":\"https:\/\/oasismade.com\/fr\/produit\/bol-en-bagasse\/\",\"url\":\"https:\/\/oasismade.com\/fr\/produit\/bol-en-bagasse\/\",\"name\":\"Bol en bagasse - Oasismade\",\"isPartOf\":{\"@id\":\"https:\/\/oasismade.com\/fr\/#website\"},\"primaryImageOfPage\":{\"@id\":\"https:\/\/oasismade.com\/fr\/produit\/bol-en-bagasse\/#primaryimage\"},\"image\":{\"@id\":\"https:\/\/oasismade.com\/fr\/produit\/bol-en-bagasse\/#primaryimage\"},\"thumbnailUrl\":\"https:\/\/oasismade.com\/wp-content\/uploads\/2023\/10\/bagasse-bowl-with-lid-copy.jpg\",\"datePublished\":\"2023-10-11T16:20:55+00:00\",\"dateModified\":\"2026-04-21T19:35:21+00:00\",\"description\":\"Bols en bagasse imprim\u00e9s sur mesure, offerts en marque priv\u00e9e, une solution id\u00e9ale pour les restaurants et les entreprises du secteur alimentaire. Demandez une soumission!\",\"breadcrumb\":{\"@id\":\"https:\/\/oasismade.com\/fr\/produit\/bol-en-bagasse\/#breadcrumb\"},\"inLanguage\":\"fr-CA\",\"potentialAction\":[{\"@type\":\"ReadAction\",\"target\":[\"https:\/\/oasismade.com\/fr\/produit\/bol-en-bagasse\/\"]}]},{\"@type\":\"ImageObject\",\"inLanguage\":\"fr-CA\",\"@id\":\"https:\/\/oasismade.com\/fr\/produit\/bol-en-bagasse\/#primaryimage\",\"url\":\"https:\/\/oasismade.com\/wp-content\/uploads\/2023\/10\/bagasse-bowl-with-lid-copy.jpg\",\"contentUrl\":\"https:\/\/oasismade.com\/wp-content\/uploads\/2023\/10\/bagasse-bowl-with-lid-copy.jpg\",\"width\":790,\"height\":790,\"caption\":\"bagasse-bowl-with-lid\"},{\"@type\":\"BreadcrumbList\",\"@id\":\"https:\/\/oasismade.com\/fr\/produit\/bol-en-bagasse\/#breadcrumb\",\"itemListElement\":[{\"@type\":\"ListItem\",\"position\":1,\"name\":\"Accueil\",\"item\":\"https:\/\/oasismade.com\/fr\/\"},{\"@type\":\"ListItem\",\"position\":2,\"name\":\"Boutique\",\"item\":\"https:\/\/oasismade.com\/fr\/catalogue\/\"},{\"@type\":\"ListItem\",\"position\":3,\"name\":\"Bol en bagasse\"}]},{\"@type\":\"WebSite\",\"@id\":\"https:\/\/oasismade.com\/fr\/#website\",\"url\":\"https:\/\/oasismade.com\/fr\/\",\"name\":\"Oasismade\",\"description\":\"Sustainable Packaging Solution\",\"potentialAction\":[{\"@type\":\"SearchAction\",\"target\":{\"@type\":\"EntryPoint\",\"urlTemplate\":\"https:\/\/oasismade.com\/fr\/?s={search_term_string}\"},\"query-input\":{\"@type\":\"PropertyValueSpecification\",\"valueRequired\":true,\"valueName\":\"search_term_string\"}}],\"inLanguage\":\"fr-CA\"}]}<\/script>\n<!-- \/ Yoast SEO plugin. -->","yoast_head_json":{"title":"Bol en bagasse - Oasismade","description":"Bols en bagasse imprim\u00e9s sur mesure, offerts en marque priv\u00e9e, une solution id\u00e9ale pour les restaurants et les entreprises du secteur alimentaire. Demandez une soumission!","robots":{"index":"index","follow":"follow","max-snippet":"max-snippet:-1","max-image-preview":"max-image-preview:large","max-video-preview":"max-video-preview:-1"},"canonical":"https:\/\/oasismade.com\/fr\/produit\/bol-en-bagasse\/","og_locale":"fr_CA","og_type":"article","og_title":"Bol en bagasse - Oasismade","og_description":"Bols en bagasse imprim\u00e9s sur mesure, offerts en marque priv\u00e9e, une solution id\u00e9ale pour les restaurants et les entreprises du secteur alimentaire. Demandez une soumission!","og_url":"https:\/\/oasismade.com\/fr\/produit\/bol-en-bagasse\/","og_site_name":"Oasismade","article_publisher":"https:\/\/www.facebook.com\/OasisMade\/","article_modified_time":"2026-04-21T19:35:21+00:00","og_image":[{"width":790,"height":790,"url":"https:\/\/oasismade.com\/wp-content\/uploads\/2023\/10\/bagasse-bowl-with-lid-copy.jpg","type":"image\/jpeg"}],"twitter_card":"summary_large_image","twitter_misc":{"Est. reading time":"1 minute"},"schema":{"@context":"https:\/\/schema.org","@graph":[{"@type":"WebPage","@id":"https:\/\/oasismade.com\/fr\/produit\/bol-en-bagasse\/","url":"https:\/\/oasismade.com\/fr\/produit\/bol-en-bagasse\/","name":"Bol en bagasse - Oasismade","isPartOf":{"@id":"https:\/\/oasismade.com\/fr\/#website"},"primaryImageOfPage":{"@id":"https:\/\/oasismade.com\/fr\/produit\/bol-en-bagasse\/#primaryimage"},"image":{"@id":"https:\/\/oasismade.com\/fr\/produit\/bol-en-bagasse\/#primaryimage"},"thumbnailUrl":"https:\/\/oasismade.com\/wp-content\/uploads\/2023\/10\/bagasse-bowl-with-lid-copy.jpg","datePublished":"2023-10-11T16:20:55+00:00","dateModified":"2026-04-21T19:35:21+00:00","description":"Bols en bagasse imprim\u00e9s sur mesure, offerts en marque priv\u00e9e, une solution id\u00e9ale pour les restaurants et les entreprises du secteur alimentaire. Demandez une soumission!","breadcrumb":{"@id":"https:\/\/oasismade.com\/fr\/produit\/bol-en-bagasse\/#breadcrumb"},"inLanguage":"fr-CA","potentialAction":[{"@type":"ReadAction","target":["https:\/\/oasismade.com\/fr\/produit\/bol-en-bagasse\/"]}]},{"@type":"ImageObject","inLanguage":"fr-CA","@id":"https:\/\/oasismade.com\/fr\/produit\/bol-en-bagasse\/#primaryimage","url":"https:\/\/oasismade.com\/wp-content\/uploads\/2023\/10\/bagasse-bowl-with-lid-copy.jpg","contentUrl":"https:\/\/oasismade.com\/wp-content\/uploads\/2023\/10\/bagasse-bowl-with-lid-copy.jpg","width":790,"height":790,"caption":"bagasse-bowl-with-lid"},{"@type":"BreadcrumbList","@id":"https:\/\/oasismade.com\/fr\/produit\/bol-en-bagasse\/#breadcrumb","itemListElement":[{"@type":"ListItem","position":1,"name":"Accueil","item":"https:\/\/oasismade.com\/fr\/"},{"@type":"ListItem","position":2,"name":"Boutique","item":"https:\/\/oasismade.com\/fr\/catalogue\/"},{"@type":"ListItem","position":3,"name":"Bol en bagasse"}]},{"@type":"WebSite","@id":"https:\/\/oasismade.com\/fr\/#website","url":"https:\/\/oasismade.com\/fr\/","name":"Oasismade","description":"Sustainable Packaging Solution","potentialAction":[{"@type":"SearchAction","target":{"@type":"EntryPoint","urlTemplate":"https:\/\/oasismade.com\/fr\/?s={search_term_string}"},"query-input":{"@type":"PropertyValueSpecification","valueRequired":true,"valueName":"search_term_string"}}],"inLanguage":"fr-CA"}]}},"_links":{"self":[{"href":"https:\/\/oasismade.com\/fr\/wp-json\/wp\/v2\/product\/9292","targetHints":{"allow":["GET"]}}],"collection":[{"href":"https:\/\/oasismade.com\/fr\/wp-json\/wp\/v2\/product"}],"about":[{"href":"https:\/\/oasismade.com\/fr\/wp-json\/wp\/v2\/types\/product"}],"wp:featuredmedia":[{"embeddable":true,"href":"https:\/\/oasismade.com\/fr\/wp-json\/wp\/v2\/media\/8552"}],"wp:attachment":[{"href":"https:\/\/oasismade.com\/fr\/wp-json\/wp\/v2\/media?parent=9292"}],"wp:term":[{"taxonomy":"product_brand","embeddable":true,"href":"https:\/\/oasismade.com\/fr\/wp-json\/wp\/v2\/product_brand?post=9292"},{"taxonomy":"product_cat","embeddable":true,"href":"https:\/\/oasismade.com\/fr\/wp-json\/wp\/v2\/product_cat?post=9292"},{"taxonomy":"product_tag","embeddable":true,"href":"https:\/\/oasismade.com\/fr\/wp-json\/wp\/v2\/product_tag?post=9292"}],"curies":[{"name":"wp","href":"https:\/\/api.w.org\/{rel}","templated":true}]}}