{"id":9288,"date":"2023-10-18T18:01:09","date_gmt":"2023-10-18T18:01:09","guid":{"rendered":"https:\/\/oasismade.com\/product\/kraft-paper-bowl\/"},"modified":"2026-04-21T19:12:11","modified_gmt":"2026-04-21T19:12:11","slug":"bol-en-papier-kraft","status":"publish","type":"product","link":"https:\/\/oasismade.com\/fr\/produit\/bol-en-papier-kraft\/","title":{"rendered":"Bol en papier kraft"},"content":{"rendered":"","protected":false},"excerpt":{"rendered":"<p>Les bols en papier kraft sont un excellent choix pour les plats \u00e0 emporter. Ils conviennent aussi bien aux aliments chauds que froids, ainsi qu\u2019\u00e0 vos collations pr\u00e9f\u00e9r\u00e9es. Utilisez ce contenant pour servir tout, de vos soupes et rago\u00fbts signature \u00e0 vos accompagnements chauds les plus populaires et l\u00e9gumes vapeur. Ce format est id\u00e9al pour des portions individuelles, tandis que sa forme ronde classique le rend facile \u00e0 tenir et \u00e0 transporter sur le pouce. L\u2019option de couvercle herm\u00e9tique et le mat\u00e9riau compatible avec le micro-ondes en font \u00e9galement un contenant parfait pour les repas \u00e0 emporter. C\u2019est une solution d\u2019emballage id\u00e9ale pour les comptoirs de charcuterie, les march\u00e9s et les bars \u00e0 salades.<\/p>\n","protected":false},"featured_media":8563,"template":"","meta":[],"product_brand":[],"product_cat":[210,211],"product_tag":[234,232],"class_list":{"0":"post-9288","1":"product","2":"type-product","3":"status-publish","4":"has-post-thumbnail","6":"product_cat-emballage-et-papier","7":"product_cat-service-alimentaire","8":"product_tag-a-emporter","9":"product_tag-alternatives-aux-plastiques-a-usage-unique","11":"first","12":"instock","13":"shipping-taxable","14":"product-type-simple"},"yoast_head":"<!-- This site is optimized with the Yoast SEO plugin v25.5 - https:\/\/yoast.com\/wordpress\/plugins\/seo\/ -->\n<title>Custom Bol en papier kraft - Oasismade<\/title>\n<meta name=\"description\" content=\"Bols en papier kraft imprim\u00e9s sur mesure pour restaurants et marques alimentaires. Disponibles en plusieurs formats et styles. Contactez-nous.\" \/>\n<meta name=\"robots\" content=\"index, follow, max-snippet:-1, max-image-preview:large, max-video-preview:-1\" \/>\n<link rel=\"canonical\" href=\"https:\/\/oasismade.com\/fr\/produit\/bol-en-papier-kraft\/\" \/>\n<meta property=\"og:locale\" content=\"fr_CA\" \/>\n<meta property=\"og:type\" content=\"article\" \/>\n<meta property=\"og:title\" content=\"Custom Bol en papier kraft - Oasismade\" \/>\n<meta property=\"og:description\" content=\"Bols en papier kraft imprim\u00e9s sur mesure pour restaurants et marques alimentaires. Disponibles en plusieurs formats et styles. Contactez-nous.\" \/>\n<meta property=\"og:url\" content=\"https:\/\/oasismade.com\/fr\/produit\/bol-en-papier-kraft\/\" \/>\n<meta property=\"og:site_name\" content=\"Oasismade\" \/>\n<meta property=\"article:publisher\" content=\"https:\/\/www.facebook.com\/OasisMade\/\" \/>\n<meta property=\"article:modified_time\" content=\"2026-04-21T19:12:11+00:00\" \/>\n<meta property=\"og:image\" content=\"https:\/\/oasismade.com\/wp-content\/uploads\/2023\/10\/kraft-food-bowl-copy-scaled.jpg\" \/>\n\t<meta property=\"og:image:width\" content=\"2560\" \/>\n\t<meta property=\"og:image:height\" content=\"2560\" \/>\n\t<meta property=\"og:image:type\" content=\"image\/jpeg\" \/>\n<meta name=\"twitter:card\" content=\"summary_large_image\" \/>\n<meta name=\"twitter:label1\" content=\"Est. reading time\" \/>\n\t<meta name=\"twitter:data1\" content=\"1 minute\" \/>\n<script type=\"application\/ld+json\" class=\"yoast-schema-graph\">{\"@context\":\"https:\/\/schema.org\",\"@graph\":[{\"@type\":\"WebPage\",\"@id\":\"https:\/\/oasismade.com\/fr\/produit\/bol-en-papier-kraft\/\",\"url\":\"https:\/\/oasismade.com\/fr\/produit\/bol-en-papier-kraft\/\",\"name\":\"Custom Bol en papier kraft - Oasismade\",\"isPartOf\":{\"@id\":\"https:\/\/oasismade.com\/fr\/#website\"},\"primaryImageOfPage\":{\"@id\":\"https:\/\/oasismade.com\/fr\/produit\/bol-en-papier-kraft\/#primaryimage\"},\"image\":{\"@id\":\"https:\/\/oasismade.com\/fr\/produit\/bol-en-papier-kraft\/#primaryimage\"},\"thumbnailUrl\":\"https:\/\/oasismade.com\/wp-content\/uploads\/2023\/10\/kraft-food-bowl-copy-scaled.jpg\",\"datePublished\":\"2023-10-18T18:01:09+00:00\",\"dateModified\":\"2026-04-21T19:12:11+00:00\",\"description\":\"Bols en papier kraft imprim\u00e9s sur mesure pour restaurants et marques alimentaires. Disponibles en plusieurs formats et styles. Contactez-nous.\",\"breadcrumb\":{\"@id\":\"https:\/\/oasismade.com\/fr\/produit\/bol-en-papier-kraft\/#breadcrumb\"},\"inLanguage\":\"fr-CA\",\"potentialAction\":[{\"@type\":\"ReadAction\",\"target\":[\"https:\/\/oasismade.com\/fr\/produit\/bol-en-papier-kraft\/\"]}]},{\"@type\":\"ImageObject\",\"inLanguage\":\"fr-CA\",\"@id\":\"https:\/\/oasismade.com\/fr\/produit\/bol-en-papier-kraft\/#primaryimage\",\"url\":\"https:\/\/oasismade.com\/wp-content\/uploads\/2023\/10\/kraft-food-bowl-copy-scaled.jpg\",\"contentUrl\":\"https:\/\/oasismade.com\/wp-content\/uploads\/2023\/10\/kraft-food-bowl-copy-scaled.jpg\",\"width\":2560,\"height\":2560,\"caption\":\"Kraft food packaging environmental friendly\"},{\"@type\":\"BreadcrumbList\",\"@id\":\"https:\/\/oasismade.com\/fr\/produit\/bol-en-papier-kraft\/#breadcrumb\",\"itemListElement\":[{\"@type\":\"ListItem\",\"position\":1,\"name\":\"Accueil\",\"item\":\"https:\/\/oasismade.com\/fr\/\"},{\"@type\":\"ListItem\",\"position\":2,\"name\":\"Boutique\",\"item\":\"https:\/\/oasismade.com\/fr\/catalogue\/\"},{\"@type\":\"ListItem\",\"position\":3,\"name\":\"Bol en papier kraft\"}]},{\"@type\":\"WebSite\",\"@id\":\"https:\/\/oasismade.com\/fr\/#website\",\"url\":\"https:\/\/oasismade.com\/fr\/\",\"name\":\"Oasismade\",\"description\":\"Sustainable Packaging Solution\",\"potentialAction\":[{\"@type\":\"SearchAction\",\"target\":{\"@type\":\"EntryPoint\",\"urlTemplate\":\"https:\/\/oasismade.com\/fr\/?s={search_term_string}\"},\"query-input\":{\"@type\":\"PropertyValueSpecification\",\"valueRequired\":true,\"valueName\":\"search_term_string\"}}],\"inLanguage\":\"fr-CA\"}]}<\/script>\n<!-- \/ Yoast SEO plugin. -->","yoast_head_json":{"title":"Custom Bol en papier kraft - Oasismade","description":"Bols en papier kraft imprim\u00e9s sur mesure pour restaurants et marques alimentaires. Disponibles en plusieurs formats et styles. Contactez-nous.","robots":{"index":"index","follow":"follow","max-snippet":"max-snippet:-1","max-image-preview":"max-image-preview:large","max-video-preview":"max-video-preview:-1"},"canonical":"https:\/\/oasismade.com\/fr\/produit\/bol-en-papier-kraft\/","og_locale":"fr_CA","og_type":"article","og_title":"Custom Bol en papier kraft - Oasismade","og_description":"Bols en papier kraft imprim\u00e9s sur mesure pour restaurants et marques alimentaires. Disponibles en plusieurs formats et styles. Contactez-nous.","og_url":"https:\/\/oasismade.com\/fr\/produit\/bol-en-papier-kraft\/","og_site_name":"Oasismade","article_publisher":"https:\/\/www.facebook.com\/OasisMade\/","article_modified_time":"2026-04-21T19:12:11+00:00","og_image":[{"width":2560,"height":2560,"url":"https:\/\/oasismade.com\/wp-content\/uploads\/2023\/10\/kraft-food-bowl-copy-scaled.jpg","type":"image\/jpeg"}],"twitter_card":"summary_large_image","twitter_misc":{"Est. reading time":"1 minute"},"schema":{"@context":"https:\/\/schema.org","@graph":[{"@type":"WebPage","@id":"https:\/\/oasismade.com\/fr\/produit\/bol-en-papier-kraft\/","url":"https:\/\/oasismade.com\/fr\/produit\/bol-en-papier-kraft\/","name":"Custom Bol en papier kraft - Oasismade","isPartOf":{"@id":"https:\/\/oasismade.com\/fr\/#website"},"primaryImageOfPage":{"@id":"https:\/\/oasismade.com\/fr\/produit\/bol-en-papier-kraft\/#primaryimage"},"image":{"@id":"https:\/\/oasismade.com\/fr\/produit\/bol-en-papier-kraft\/#primaryimage"},"thumbnailUrl":"https:\/\/oasismade.com\/wp-content\/uploads\/2023\/10\/kraft-food-bowl-copy-scaled.jpg","datePublished":"2023-10-18T18:01:09+00:00","dateModified":"2026-04-21T19:12:11+00:00","description":"Bols en papier kraft imprim\u00e9s sur mesure pour restaurants et marques alimentaires. Disponibles en plusieurs formats et styles. Contactez-nous.","breadcrumb":{"@id":"https:\/\/oasismade.com\/fr\/produit\/bol-en-papier-kraft\/#breadcrumb"},"inLanguage":"fr-CA","potentialAction":[{"@type":"ReadAction","target":["https:\/\/oasismade.com\/fr\/produit\/bol-en-papier-kraft\/"]}]},{"@type":"ImageObject","inLanguage":"fr-CA","@id":"https:\/\/oasismade.com\/fr\/produit\/bol-en-papier-kraft\/#primaryimage","url":"https:\/\/oasismade.com\/wp-content\/uploads\/2023\/10\/kraft-food-bowl-copy-scaled.jpg","contentUrl":"https:\/\/oasismade.com\/wp-content\/uploads\/2023\/10\/kraft-food-bowl-copy-scaled.jpg","width":2560,"height":2560,"caption":"Kraft food packaging environmental friendly"},{"@type":"BreadcrumbList","@id":"https:\/\/oasismade.com\/fr\/produit\/bol-en-papier-kraft\/#breadcrumb","itemListElement":[{"@type":"ListItem","position":1,"name":"Accueil","item":"https:\/\/oasismade.com\/fr\/"},{"@type":"ListItem","position":2,"name":"Boutique","item":"https:\/\/oasismade.com\/fr\/catalogue\/"},{"@type":"ListItem","position":3,"name":"Bol en papier kraft"}]},{"@type":"WebSite","@id":"https:\/\/oasismade.com\/fr\/#website","url":"https:\/\/oasismade.com\/fr\/","name":"Oasismade","description":"Sustainable Packaging Solution","potentialAction":[{"@type":"SearchAction","target":{"@type":"EntryPoint","urlTemplate":"https:\/\/oasismade.com\/fr\/?s={search_term_string}"},"query-input":{"@type":"PropertyValueSpecification","valueRequired":true,"valueName":"search_term_string"}}],"inLanguage":"fr-CA"}]}},"_links":{"self":[{"href":"https:\/\/oasismade.com\/fr\/wp-json\/wp\/v2\/product\/9288","targetHints":{"allow":["GET"]}}],"collection":[{"href":"https:\/\/oasismade.com\/fr\/wp-json\/wp\/v2\/product"}],"about":[{"href":"https:\/\/oasismade.com\/fr\/wp-json\/wp\/v2\/types\/product"}],"wp:featuredmedia":[{"embeddable":true,"href":"https:\/\/oasismade.com\/fr\/wp-json\/wp\/v2\/media\/8563"}],"wp:attachment":[{"href":"https:\/\/oasismade.com\/fr\/wp-json\/wp\/v2\/media?parent=9288"}],"wp:term":[{"taxonomy":"product_brand","embeddable":true,"href":"https:\/\/oasismade.com\/fr\/wp-json\/wp\/v2\/product_brand?post=9288"},{"taxonomy":"product_cat","embeddable":true,"href":"https:\/\/oasismade.com\/fr\/wp-json\/wp\/v2\/product_cat?post=9288"},{"taxonomy":"product_tag","embeddable":true,"href":"https:\/\/oasismade.com\/fr\/wp-json\/wp\/v2\/product_tag?post=9288"}],"curies":[{"name":"wp","href":"https:\/\/api.w.org\/{rel}","templated":true}]}}