{"id":9282,"date":"2024-06-26T20:05:41","date_gmt":"2024-06-26T20:05:41","guid":{"rendered":"https:\/\/oasismade.com\/product\/boite-a-fruits-a-emporter\/"},"modified":"2026-04-21T18:25:09","modified_gmt":"2026-04-21T18:25:09","slug":"boite-a-fruits-a-emporter","status":"publish","type":"product","link":"https:\/\/oasismade.com\/fr\/produit\/boite-a-fruits-a-emporter\/","title":{"rendered":"Bo\u00eete \u00e0 fruits \u00e0 emporter"},"content":{"rendered":"","protected":false},"excerpt":{"rendered":"<p><span class=\"OYPEnA text-decoration-none text-strikethrough-none\">OasisMade est fier d\u2019offrir une alternative durable aux emballages en plastique pour le march\u00e9 des fruits et l\u00e9gumes. Les bo\u00eetes en papier des fruits et l\u00e9gumes sont une nouvelle solution durable et fonctionnelle, parfaitement con\u00e7ues pour assurer la fra\u00eecheur des produits tout en restant \u00e9cologiques.  <\/span><\/p>\n<p><span class=\"OYPEnA text-decoration-none text-strikethrough-none\">Disponible en diff\u00e9rentes tailles et styles pour accueillir une vari\u00e9t\u00e9 de fruits et l\u00e9gumes, comme pommes, poires, oranges et avocats.<\/span><\/p>\n<p><span class=\"OYPEnA text-decoration-none text-strikethrough-none\">OasisMade assure la fra\u00eecheur et l\u2019int\u00e9grit\u00e9 de vos fruits et l\u00e9gumes. Notre bo\u00eete \u00e0 fruits \u00e0 emporter est reconnue pour sa robustesse et sa fiabilit\u00e9, des qualit\u00e9s essentielles pour prot\u00e9ger vos produits tout au long de la cha\u00eene d\u2019approvisionnement.<\/span><\/p>\n","protected":false},"featured_media":8732,"template":"","meta":[],"product_brand":[],"product_cat":[210],"product_tag":[232],"class_list":{"0":"post-9282","1":"product","2":"type-product","3":"status-publish","4":"has-post-thumbnail","6":"product_cat-emballage-et-papier","7":"product_tag-alternatives-aux-plastiques-a-usage-unique","9":"first","10":"instock","11":"shipping-taxable","12":"product-type-simple"},"yoast_head":"<!-- This site is optimized with the Yoast SEO plugin v25.5 - https:\/\/yoast.com\/wordpress\/plugins\/seo\/ -->\n<title>Bo\u00eete \u00e0 fruits \u00e0 emporter - Oasismade<\/title>\n<meta name=\"description\" content=\"Bo\u00eete \u00e0 fruits durable \u00e0 emporter, con\u00e7ue pour la fra\u00eecheur en d\u00e9placement. Id\u00e9al pour une alternative aux logiciels plastiques \u00e0 usage unique et \u00e0 la marque personnalis\u00e9e des services alimentaires.\" \/>\n<meta name=\"robots\" content=\"index, follow, max-snippet:-1, max-image-preview:large, max-video-preview:-1\" \/>\n<link rel=\"canonical\" href=\"https:\/\/oasismade.com\/fr\/produit\/boite-a-fruits-a-emporter\/\" \/>\n<meta property=\"og:locale\" content=\"fr_CA\" \/>\n<meta property=\"og:type\" content=\"article\" \/>\n<meta property=\"og:title\" content=\"Bo\u00eete \u00e0 fruits \u00e0 emporter - Oasismade\" \/>\n<meta property=\"og:description\" content=\"Bo\u00eete \u00e0 fruits durable \u00e0 emporter, con\u00e7ue pour la fra\u00eecheur en d\u00e9placement. Id\u00e9al pour une alternative aux logiciels plastiques \u00e0 usage unique et \u00e0 la marque personnalis\u00e9e des services alimentaires.\" \/>\n<meta property=\"og:url\" content=\"https:\/\/oasismade.com\/fr\/produit\/boite-a-fruits-a-emporter\/\" \/>\n<meta property=\"og:site_name\" content=\"Oasismade\" \/>\n<meta property=\"article:publisher\" content=\"https:\/\/www.facebook.com\/OasisMade\/\" \/>\n<meta property=\"article:modified_time\" content=\"2026-04-21T18:25:09+00:00\" \/>\n<meta property=\"og:image\" content=\"https:\/\/oasismade.com\/wp-content\/uploads\/2024\/06\/apple-box-copy-2.jpg\" \/>\n\t<meta property=\"og:image:width\" content=\"1785\" \/>\n\t<meta property=\"og:image:height\" content=\"1785\" \/>\n\t<meta property=\"og:image:type\" content=\"image\/jpeg\" \/>\n<meta name=\"twitter:card\" content=\"summary_large_image\" \/>\n<script type=\"application\/ld+json\" class=\"yoast-schema-graph\">{\"@context\":\"https:\/\/schema.org\",\"@graph\":[{\"@type\":\"WebPage\",\"@id\":\"https:\/\/oasismade.com\/fr\/produit\/boite-a-fruits-a-emporter\/\",\"url\":\"https:\/\/oasismade.com\/fr\/produit\/boite-a-fruits-a-emporter\/\",\"name\":\"Bo\u00eete \u00e0 fruits \u00e0 emporter - Oasismade\",\"isPartOf\":{\"@id\":\"https:\/\/oasismade.com\/fr\/#website\"},\"primaryImageOfPage\":{\"@id\":\"https:\/\/oasismade.com\/fr\/produit\/boite-a-fruits-a-emporter\/#primaryimage\"},\"image\":{\"@id\":\"https:\/\/oasismade.com\/fr\/produit\/boite-a-fruits-a-emporter\/#primaryimage\"},\"thumbnailUrl\":\"https:\/\/oasismade.com\/wp-content\/uploads\/2024\/06\/apple-box-copy-2.jpg\",\"datePublished\":\"2024-06-26T20:05:41+00:00\",\"dateModified\":\"2026-04-21T18:25:09+00:00\",\"description\":\"Bo\u00eete \u00e0 fruits durable \u00e0 emporter, con\u00e7ue pour la fra\u00eecheur en d\u00e9placement. Id\u00e9al pour une alternative aux logiciels plastiques \u00e0 usage unique et \u00e0 la marque personnalis\u00e9e des services alimentaires.\",\"breadcrumb\":{\"@id\":\"https:\/\/oasismade.com\/fr\/produit\/boite-a-fruits-a-emporter\/#breadcrumb\"},\"inLanguage\":\"fr-CA\",\"potentialAction\":[{\"@type\":\"ReadAction\",\"target\":[\"https:\/\/oasismade.com\/fr\/produit\/boite-a-fruits-a-emporter\/\"]}]},{\"@type\":\"ImageObject\",\"inLanguage\":\"fr-CA\",\"@id\":\"https:\/\/oasismade.com\/fr\/produit\/boite-a-fruits-a-emporter\/#primaryimage\",\"url\":\"https:\/\/oasismade.com\/wp-content\/uploads\/2024\/06\/apple-box-copy-2.jpg\",\"contentUrl\":\"https:\/\/oasismade.com\/wp-content\/uploads\/2024\/06\/apple-box-copy-2.jpg\",\"width\":1785,\"height\":1785,\"caption\":\"to-go-frui-box\"},{\"@type\":\"BreadcrumbList\",\"@id\":\"https:\/\/oasismade.com\/fr\/produit\/boite-a-fruits-a-emporter\/#breadcrumb\",\"itemListElement\":[{\"@type\":\"ListItem\",\"position\":1,\"name\":\"Accueil\",\"item\":\"https:\/\/oasismade.com\/fr\/\"},{\"@type\":\"ListItem\",\"position\":2,\"name\":\"Boutique\",\"item\":\"https:\/\/oasismade.com\/fr\/catalogue\/\"},{\"@type\":\"ListItem\",\"position\":3,\"name\":\"Bo\u00eete \u00e0 fruits \u00e0 emporter\"}]},{\"@type\":\"WebSite\",\"@id\":\"https:\/\/oasismade.com\/fr\/#website\",\"url\":\"https:\/\/oasismade.com\/fr\/\",\"name\":\"Oasismade\",\"description\":\"Sustainable Packaging Solution\",\"potentialAction\":[{\"@type\":\"SearchAction\",\"target\":{\"@type\":\"EntryPoint\",\"urlTemplate\":\"https:\/\/oasismade.com\/fr\/?s={search_term_string}\"},\"query-input\":{\"@type\":\"PropertyValueSpecification\",\"valueRequired\":true,\"valueName\":\"search_term_string\"}}],\"inLanguage\":\"fr-CA\"}]}<\/script>\n<!-- \/ Yoast SEO plugin. -->","yoast_head_json":{"title":"Bo\u00eete \u00e0 fruits \u00e0 emporter - Oasismade","description":"Bo\u00eete \u00e0 fruits durable \u00e0 emporter, con\u00e7ue pour la fra\u00eecheur en d\u00e9placement. Id\u00e9al pour une alternative aux logiciels plastiques \u00e0 usage unique et \u00e0 la marque personnalis\u00e9e des services alimentaires.","robots":{"index":"index","follow":"follow","max-snippet":"max-snippet:-1","max-image-preview":"max-image-preview:large","max-video-preview":"max-video-preview:-1"},"canonical":"https:\/\/oasismade.com\/fr\/produit\/boite-a-fruits-a-emporter\/","og_locale":"fr_CA","og_type":"article","og_title":"Bo\u00eete \u00e0 fruits \u00e0 emporter - Oasismade","og_description":"Bo\u00eete \u00e0 fruits durable \u00e0 emporter, con\u00e7ue pour la fra\u00eecheur en d\u00e9placement. Id\u00e9al pour une alternative aux logiciels plastiques \u00e0 usage unique et \u00e0 la marque personnalis\u00e9e des services alimentaires.","og_url":"https:\/\/oasismade.com\/fr\/produit\/boite-a-fruits-a-emporter\/","og_site_name":"Oasismade","article_publisher":"https:\/\/www.facebook.com\/OasisMade\/","article_modified_time":"2026-04-21T18:25:09+00:00","og_image":[{"width":1785,"height":1785,"url":"https:\/\/oasismade.com\/wp-content\/uploads\/2024\/06\/apple-box-copy-2.jpg","type":"image\/jpeg"}],"twitter_card":"summary_large_image","schema":{"@context":"https:\/\/schema.org","@graph":[{"@type":"WebPage","@id":"https:\/\/oasismade.com\/fr\/produit\/boite-a-fruits-a-emporter\/","url":"https:\/\/oasismade.com\/fr\/produit\/boite-a-fruits-a-emporter\/","name":"Bo\u00eete \u00e0 fruits \u00e0 emporter - Oasismade","isPartOf":{"@id":"https:\/\/oasismade.com\/fr\/#website"},"primaryImageOfPage":{"@id":"https:\/\/oasismade.com\/fr\/produit\/boite-a-fruits-a-emporter\/#primaryimage"},"image":{"@id":"https:\/\/oasismade.com\/fr\/produit\/boite-a-fruits-a-emporter\/#primaryimage"},"thumbnailUrl":"https:\/\/oasismade.com\/wp-content\/uploads\/2024\/06\/apple-box-copy-2.jpg","datePublished":"2024-06-26T20:05:41+00:00","dateModified":"2026-04-21T18:25:09+00:00","description":"Bo\u00eete \u00e0 fruits durable \u00e0 emporter, con\u00e7ue pour la fra\u00eecheur en d\u00e9placement. Id\u00e9al pour une alternative aux logiciels plastiques \u00e0 usage unique et \u00e0 la marque personnalis\u00e9e des services alimentaires.","breadcrumb":{"@id":"https:\/\/oasismade.com\/fr\/produit\/boite-a-fruits-a-emporter\/#breadcrumb"},"inLanguage":"fr-CA","potentialAction":[{"@type":"ReadAction","target":["https:\/\/oasismade.com\/fr\/produit\/boite-a-fruits-a-emporter\/"]}]},{"@type":"ImageObject","inLanguage":"fr-CA","@id":"https:\/\/oasismade.com\/fr\/produit\/boite-a-fruits-a-emporter\/#primaryimage","url":"https:\/\/oasismade.com\/wp-content\/uploads\/2024\/06\/apple-box-copy-2.jpg","contentUrl":"https:\/\/oasismade.com\/wp-content\/uploads\/2024\/06\/apple-box-copy-2.jpg","width":1785,"height":1785,"caption":"to-go-frui-box"},{"@type":"BreadcrumbList","@id":"https:\/\/oasismade.com\/fr\/produit\/boite-a-fruits-a-emporter\/#breadcrumb","itemListElement":[{"@type":"ListItem","position":1,"name":"Accueil","item":"https:\/\/oasismade.com\/fr\/"},{"@type":"ListItem","position":2,"name":"Boutique","item":"https:\/\/oasismade.com\/fr\/catalogue\/"},{"@type":"ListItem","position":3,"name":"Bo\u00eete \u00e0 fruits \u00e0 emporter"}]},{"@type":"WebSite","@id":"https:\/\/oasismade.com\/fr\/#website","url":"https:\/\/oasismade.com\/fr\/","name":"Oasismade","description":"Sustainable Packaging Solution","potentialAction":[{"@type":"SearchAction","target":{"@type":"EntryPoint","urlTemplate":"https:\/\/oasismade.com\/fr\/?s={search_term_string}"},"query-input":{"@type":"PropertyValueSpecification","valueRequired":true,"valueName":"search_term_string"}}],"inLanguage":"fr-CA"}]}},"_links":{"self":[{"href":"https:\/\/oasismade.com\/fr\/wp-json\/wp\/v2\/product\/9282","targetHints":{"allow":["GET"]}}],"collection":[{"href":"https:\/\/oasismade.com\/fr\/wp-json\/wp\/v2\/product"}],"about":[{"href":"https:\/\/oasismade.com\/fr\/wp-json\/wp\/v2\/types\/product"}],"wp:featuredmedia":[{"embeddable":true,"href":"https:\/\/oasismade.com\/fr\/wp-json\/wp\/v2\/media\/8732"}],"wp:attachment":[{"href":"https:\/\/oasismade.com\/fr\/wp-json\/wp\/v2\/media?parent=9282"}],"wp:term":[{"taxonomy":"product_brand","embeddable":true,"href":"https:\/\/oasismade.com\/fr\/wp-json\/wp\/v2\/product_brand?post=9282"},{"taxonomy":"product_cat","embeddable":true,"href":"https:\/\/oasismade.com\/fr\/wp-json\/wp\/v2\/product_cat?post=9282"},{"taxonomy":"product_tag","embeddable":true,"href":"https:\/\/oasismade.com\/fr\/wp-json\/wp\/v2\/product_tag?post=9282"}],"curies":[{"name":"wp","href":"https:\/\/api.w.org\/{rel}","templated":true}]}}