{"id":9280,"date":"2024-08-15T18:57:20","date_gmt":"2024-08-15T18:57:20","guid":{"rendered":"https:\/\/oasismade.com\/product\/stand-up-pouches\/"},"modified":"2026-04-14T19:43:36","modified_gmt":"2026-04-14T19:43:36","slug":"sachets-debout-stand-up-pouches","status":"publish","type":"product","link":"https:\/\/oasismade.com\/fr\/produit\/sachets-debout-stand-up-pouches\/","title":{"rendered":"Sachets debout (stand-up pouches)"},"content":{"rendered":"","protected":false},"excerpt":{"rendered":"<h2>Fonctionnalit\u00e9, durabilit\u00e9 et esth\u00e9tisme<\/h2>\n<p>Nos sachets debout sont plus qu\u2019un simple emballage \u2014 ils repr\u00e9sentent une solution qui rehausse l\u2019attrait de votre produit tout en assurant sa protection. Gr\u00e2ce \u00e0 leurs propri\u00e9t\u00e9s de haute barri\u00e8re, leurs designs personnalisables et leurs fonctionnalit\u00e9s pratiques pour le consommateur, ces sachets sont parfaits pour une grande vari\u00e9t\u00e9 de produits, allant des collations et aliments secs aux liquides et poudres.<\/p>\n","protected":false},"featured_media":8802,"template":"","meta":[],"product_brand":[],"product_cat":[218],"product_tag":[],"class_list":{"0":"post-9280","1":"product","2":"type-product","3":"status-publish","4":"has-post-thumbnail","6":"product_cat-emballage-flexible","8":"first","9":"instock","10":"shipping-taxable","11":"product-type-simple"},"yoast_head":"<!-- This site is optimized with the Yoast SEO plugin v25.5 - https:\/\/yoast.com\/wordpress\/plugins\/seo\/ -->\n<title>Sachets debout (stand-up pouches) - Oasismade<\/title>\n<meta name=\"description\" content=\"Sachets debout imprim\u00e9s sur mesure pour collations, produits secs, liquides et poudres. Offerts en plusieurs formats et styles avec options de marque priv\u00e9e.\" \/>\n<meta name=\"robots\" content=\"index, follow, max-snippet:-1, max-image-preview:large, max-video-preview:-1\" \/>\n<link rel=\"canonical\" href=\"https:\/\/oasismade.com\/fr\/produit\/sachets-debout-stand-up-pouches\/\" \/>\n<meta property=\"og:locale\" content=\"fr_CA\" \/>\n<meta property=\"og:type\" content=\"article\" \/>\n<meta property=\"og:title\" content=\"Sachets debout (stand-up pouches) - Oasismade\" \/>\n<meta property=\"og:description\" content=\"Sachets debout imprim\u00e9s sur mesure pour collations, produits secs, liquides et poudres. Offerts en plusieurs formats et styles avec options de marque priv\u00e9e.\" \/>\n<meta property=\"og:url\" content=\"https:\/\/oasismade.com\/fr\/produit\/sachets-debout-stand-up-pouches\/\" \/>\n<meta property=\"og:site_name\" content=\"Oasismade\" \/>\n<meta property=\"article:publisher\" content=\"https:\/\/www.facebook.com\/OasisMade\/\" \/>\n<meta property=\"article:modified_time\" content=\"2026-04-14T19:43:36+00:00\" \/>\n<meta property=\"og:image\" content=\"https:\/\/oasismade.com\/wp-content\/uploads\/2024\/08\/Stand-Up-Pouches-scaled.jpg\" \/>\n\t<meta property=\"og:image:width\" content=\"2560\" \/>\n\t<meta property=\"og:image:height\" content=\"2560\" \/>\n\t<meta property=\"og:image:type\" content=\"image\/jpeg\" \/>\n<meta name=\"twitter:card\" content=\"summary_large_image\" \/>\n<meta name=\"twitter:label1\" content=\"Est. reading time\" \/>\n\t<meta name=\"twitter:data1\" content=\"1 minute\" \/>\n<script type=\"application\/ld+json\" class=\"yoast-schema-graph\">{\"@context\":\"https:\/\/schema.org\",\"@graph\":[{\"@type\":\"WebPage\",\"@id\":\"https:\/\/oasismade.com\/fr\/produit\/sachets-debout-stand-up-pouches\/\",\"url\":\"https:\/\/oasismade.com\/fr\/produit\/sachets-debout-stand-up-pouches\/\",\"name\":\"Sachets debout (stand-up pouches) - Oasismade\",\"isPartOf\":{\"@id\":\"https:\/\/oasismade.com\/fr\/#website\"},\"primaryImageOfPage\":{\"@id\":\"https:\/\/oasismade.com\/fr\/produit\/sachets-debout-stand-up-pouches\/#primaryimage\"},\"image\":{\"@id\":\"https:\/\/oasismade.com\/fr\/produit\/sachets-debout-stand-up-pouches\/#primaryimage\"},\"thumbnailUrl\":\"https:\/\/oasismade.com\/wp-content\/uploads\/2024\/08\/Stand-Up-Pouches-scaled.jpg\",\"datePublished\":\"2024-08-15T18:57:20+00:00\",\"dateModified\":\"2026-04-14T19:43:36+00:00\",\"description\":\"Sachets debout imprim\u00e9s sur mesure pour collations, produits secs, liquides et poudres. Offerts en plusieurs formats et styles avec options de marque priv\u00e9e.\",\"breadcrumb\":{\"@id\":\"https:\/\/oasismade.com\/fr\/produit\/sachets-debout-stand-up-pouches\/#breadcrumb\"},\"inLanguage\":\"fr-CA\",\"potentialAction\":[{\"@type\":\"ReadAction\",\"target\":[\"https:\/\/oasismade.com\/fr\/produit\/sachets-debout-stand-up-pouches\/\"]}]},{\"@type\":\"ImageObject\",\"inLanguage\":\"fr-CA\",\"@id\":\"https:\/\/oasismade.com\/fr\/produit\/sachets-debout-stand-up-pouches\/#primaryimage\",\"url\":\"https:\/\/oasismade.com\/wp-content\/uploads\/2024\/08\/Stand-Up-Pouches-scaled.jpg\",\"contentUrl\":\"https:\/\/oasismade.com\/wp-content\/uploads\/2024\/08\/Stand-Up-Pouches-scaled.jpg\",\"width\":2560,\"height\":2560,\"caption\":\"Stand-Up-Pouches\"},{\"@type\":\"BreadcrumbList\",\"@id\":\"https:\/\/oasismade.com\/fr\/produit\/sachets-debout-stand-up-pouches\/#breadcrumb\",\"itemListElement\":[{\"@type\":\"ListItem\",\"position\":1,\"name\":\"Accueil\",\"item\":\"https:\/\/oasismade.com\/fr\/\"},{\"@type\":\"ListItem\",\"position\":2,\"name\":\"Boutique\",\"item\":\"https:\/\/oasismade.com\/fr\/catalogue\/\"},{\"@type\":\"ListItem\",\"position\":3,\"name\":\"Sachets debout (stand-up pouches)\"}]},{\"@type\":\"WebSite\",\"@id\":\"https:\/\/oasismade.com\/fr\/#website\",\"url\":\"https:\/\/oasismade.com\/fr\/\",\"name\":\"Oasismade\",\"description\":\"Sustainable Packaging Solution\",\"potentialAction\":[{\"@type\":\"SearchAction\",\"target\":{\"@type\":\"EntryPoint\",\"urlTemplate\":\"https:\/\/oasismade.com\/fr\/?s={search_term_string}\"},\"query-input\":{\"@type\":\"PropertyValueSpecification\",\"valueRequired\":true,\"valueName\":\"search_term_string\"}}],\"inLanguage\":\"fr-CA\"}]}<\/script>\n<!-- \/ Yoast SEO plugin. -->","yoast_head_json":{"title":"Sachets debout (stand-up pouches) - Oasismade","description":"Sachets debout imprim\u00e9s sur mesure pour collations, produits secs, liquides et poudres. Offerts en plusieurs formats et styles avec options de marque priv\u00e9e.","robots":{"index":"index","follow":"follow","max-snippet":"max-snippet:-1","max-image-preview":"max-image-preview:large","max-video-preview":"max-video-preview:-1"},"canonical":"https:\/\/oasismade.com\/fr\/produit\/sachets-debout-stand-up-pouches\/","og_locale":"fr_CA","og_type":"article","og_title":"Sachets debout (stand-up pouches) - Oasismade","og_description":"Sachets debout imprim\u00e9s sur mesure pour collations, produits secs, liquides et poudres. Offerts en plusieurs formats et styles avec options de marque priv\u00e9e.","og_url":"https:\/\/oasismade.com\/fr\/produit\/sachets-debout-stand-up-pouches\/","og_site_name":"Oasismade","article_publisher":"https:\/\/www.facebook.com\/OasisMade\/","article_modified_time":"2026-04-14T19:43:36+00:00","og_image":[{"width":2560,"height":2560,"url":"https:\/\/oasismade.com\/wp-content\/uploads\/2024\/08\/Stand-Up-Pouches-scaled.jpg","type":"image\/jpeg"}],"twitter_card":"summary_large_image","twitter_misc":{"Est. reading time":"1 minute"},"schema":{"@context":"https:\/\/schema.org","@graph":[{"@type":"WebPage","@id":"https:\/\/oasismade.com\/fr\/produit\/sachets-debout-stand-up-pouches\/","url":"https:\/\/oasismade.com\/fr\/produit\/sachets-debout-stand-up-pouches\/","name":"Sachets debout (stand-up pouches) - Oasismade","isPartOf":{"@id":"https:\/\/oasismade.com\/fr\/#website"},"primaryImageOfPage":{"@id":"https:\/\/oasismade.com\/fr\/produit\/sachets-debout-stand-up-pouches\/#primaryimage"},"image":{"@id":"https:\/\/oasismade.com\/fr\/produit\/sachets-debout-stand-up-pouches\/#primaryimage"},"thumbnailUrl":"https:\/\/oasismade.com\/wp-content\/uploads\/2024\/08\/Stand-Up-Pouches-scaled.jpg","datePublished":"2024-08-15T18:57:20+00:00","dateModified":"2026-04-14T19:43:36+00:00","description":"Sachets debout imprim\u00e9s sur mesure pour collations, produits secs, liquides et poudres. Offerts en plusieurs formats et styles avec options de marque priv\u00e9e.","breadcrumb":{"@id":"https:\/\/oasismade.com\/fr\/produit\/sachets-debout-stand-up-pouches\/#breadcrumb"},"inLanguage":"fr-CA","potentialAction":[{"@type":"ReadAction","target":["https:\/\/oasismade.com\/fr\/produit\/sachets-debout-stand-up-pouches\/"]}]},{"@type":"ImageObject","inLanguage":"fr-CA","@id":"https:\/\/oasismade.com\/fr\/produit\/sachets-debout-stand-up-pouches\/#primaryimage","url":"https:\/\/oasismade.com\/wp-content\/uploads\/2024\/08\/Stand-Up-Pouches-scaled.jpg","contentUrl":"https:\/\/oasismade.com\/wp-content\/uploads\/2024\/08\/Stand-Up-Pouches-scaled.jpg","width":2560,"height":2560,"caption":"Stand-Up-Pouches"},{"@type":"BreadcrumbList","@id":"https:\/\/oasismade.com\/fr\/produit\/sachets-debout-stand-up-pouches\/#breadcrumb","itemListElement":[{"@type":"ListItem","position":1,"name":"Accueil","item":"https:\/\/oasismade.com\/fr\/"},{"@type":"ListItem","position":2,"name":"Boutique","item":"https:\/\/oasismade.com\/fr\/catalogue\/"},{"@type":"ListItem","position":3,"name":"Sachets debout (stand-up pouches)"}]},{"@type":"WebSite","@id":"https:\/\/oasismade.com\/fr\/#website","url":"https:\/\/oasismade.com\/fr\/","name":"Oasismade","description":"Sustainable Packaging Solution","potentialAction":[{"@type":"SearchAction","target":{"@type":"EntryPoint","urlTemplate":"https:\/\/oasismade.com\/fr\/?s={search_term_string}"},"query-input":{"@type":"PropertyValueSpecification","valueRequired":true,"valueName":"search_term_string"}}],"inLanguage":"fr-CA"}]}},"_links":{"self":[{"href":"https:\/\/oasismade.com\/fr\/wp-json\/wp\/v2\/product\/9280","targetHints":{"allow":["GET"]}}],"collection":[{"href":"https:\/\/oasismade.com\/fr\/wp-json\/wp\/v2\/product"}],"about":[{"href":"https:\/\/oasismade.com\/fr\/wp-json\/wp\/v2\/types\/product"}],"wp:featuredmedia":[{"embeddable":true,"href":"https:\/\/oasismade.com\/fr\/wp-json\/wp\/v2\/media\/8802"}],"wp:attachment":[{"href":"https:\/\/oasismade.com\/fr\/wp-json\/wp\/v2\/media?parent=9280"}],"wp:term":[{"taxonomy":"product_brand","embeddable":true,"href":"https:\/\/oasismade.com\/fr\/wp-json\/wp\/v2\/product_brand?post=9280"},{"taxonomy":"product_cat","embeddable":true,"href":"https:\/\/oasismade.com\/fr\/wp-json\/wp\/v2\/product_cat?post=9280"},{"taxonomy":"product_tag","embeddable":true,"href":"https:\/\/oasismade.com\/fr\/wp-json\/wp\/v2\/product_tag?post=9280"}],"curies":[{"name":"wp","href":"https:\/\/api.w.org\/{rel}","templated":true}]}}