{"id":9278,"date":"2024-08-15T19:00:34","date_gmt":"2024-08-15T19:00:34","guid":{"rendered":"https:\/\/oasismade.com\/product\/sachets-3ss-bags\/"},"modified":"2026-04-14T19:39:48","modified_gmt":"2026-04-14T19:39:48","slug":"sachets-et-sacs-a-scellage-3-cotes","status":"publish","type":"product","link":"https:\/\/oasismade.com\/fr\/produit\/sachets-et-sacs-a-scellage-3-cotes\/","title":{"rendered":"Sachets et sacs \u00e0 scellage 3 c\u00f4t\u00e9s (3SS)"},"content":{"rendered":"","protected":false},"excerpt":{"rendered":"<h2>Polyvalents et personnalisables<\/h2>\n<p>Nos sachets et sacs \u00e0 scellage 3 c\u00f4t\u00e9s (3SS) de haute qualit\u00e9 sont con\u00e7us pour offrir un emballage s\u00e9curitaire, pratique et \u00e9l\u00e9gant pour une grande vari\u00e9t\u00e9 de produits. Que ce soit pour des articles \u00e0 usage unique, de petites portions ou des produits en vrac, ces sacs offrent une excellente protection et une belle pr\u00e9sentation visuelle.<\/p>\n","protected":false},"featured_media":8804,"template":"","meta":[],"product_brand":[],"product_cat":[218],"product_tag":[],"class_list":{"0":"post-9278","1":"product","2":"type-product","3":"status-publish","4":"has-post-thumbnail","6":"product_cat-emballage-flexible","8":"first","9":"instock","10":"shipping-taxable","11":"product-type-simple"},"yoast_head":"<!-- This site is optimized with the Yoast SEO plugin v25.5 - https:\/\/yoast.com\/wordpress\/plugins\/seo\/ -->\n<title>Sachets et sacs \u00e0 scellage 3 c\u00f4t\u00e9s (3SS) - Oasismade<\/title>\n<meta name=\"description\" content=\"Sachets et sacs 3SS imprim\u00e9s sur mesure pour un emballage polyvalent dans plusieurs industries. Offerts en diff\u00e9rentes tailles et styles. Contactez-nous pour une soumission\" \/>\n<meta name=\"robots\" content=\"index, follow, max-snippet:-1, max-image-preview:large, max-video-preview:-1\" \/>\n<link rel=\"canonical\" href=\"https:\/\/oasismade.com\/fr\/produit\/sachets-et-sacs-a-scellage-3-cotes\/\" \/>\n<meta property=\"og:locale\" content=\"fr_CA\" \/>\n<meta property=\"og:type\" content=\"article\" \/>\n<meta property=\"og:title\" content=\"Sachets et sacs \u00e0 scellage 3 c\u00f4t\u00e9s (3SS) - Oasismade\" \/>\n<meta property=\"og:description\" content=\"Sachets et sacs 3SS imprim\u00e9s sur mesure pour un emballage polyvalent dans plusieurs industries. Offerts en diff\u00e9rentes tailles et styles. Contactez-nous pour une soumission\" \/>\n<meta property=\"og:url\" content=\"https:\/\/oasismade.com\/fr\/produit\/sachets-et-sacs-a-scellage-3-cotes\/\" \/>\n<meta property=\"og:site_name\" content=\"Oasismade\" \/>\n<meta property=\"article:publisher\" content=\"https:\/\/www.facebook.com\/OasisMade\/\" \/>\n<meta property=\"article:modified_time\" content=\"2026-04-14T19:39:48+00:00\" \/>\n<meta property=\"og:image\" content=\"https:\/\/oasismade.com\/wp-content\/uploads\/2024\/08\/Sachet-copy-scaled.jpg\" \/>\n\t<meta property=\"og:image:width\" content=\"2560\" \/>\n\t<meta property=\"og:image:height\" content=\"2560\" \/>\n\t<meta property=\"og:image:type\" content=\"image\/jpeg\" \/>\n<meta name=\"twitter:card\" content=\"summary_large_image\" \/>\n<meta name=\"twitter:label1\" content=\"Est. reading time\" \/>\n\t<meta name=\"twitter:data1\" content=\"1 minute\" \/>\n<script type=\"application\/ld+json\" class=\"yoast-schema-graph\">{\"@context\":\"https:\/\/schema.org\",\"@graph\":[{\"@type\":\"WebPage\",\"@id\":\"https:\/\/oasismade.com\/fr\/produit\/sachets-et-sacs-a-scellage-3-cotes\/\",\"url\":\"https:\/\/oasismade.com\/fr\/produit\/sachets-et-sacs-a-scellage-3-cotes\/\",\"name\":\"Sachets et sacs \u00e0 scellage 3 c\u00f4t\u00e9s (3SS) - Oasismade\",\"isPartOf\":{\"@id\":\"https:\/\/oasismade.com\/fr\/#website\"},\"primaryImageOfPage\":{\"@id\":\"https:\/\/oasismade.com\/fr\/produit\/sachets-et-sacs-a-scellage-3-cotes\/#primaryimage\"},\"image\":{\"@id\":\"https:\/\/oasismade.com\/fr\/produit\/sachets-et-sacs-a-scellage-3-cotes\/#primaryimage\"},\"thumbnailUrl\":\"https:\/\/oasismade.com\/wp-content\/uploads\/2024\/08\/Sachet-copy-scaled.jpg\",\"datePublished\":\"2024-08-15T19:00:34+00:00\",\"dateModified\":\"2026-04-14T19:39:48+00:00\",\"description\":\"Sachets et sacs 3SS imprim\u00e9s sur mesure pour un emballage polyvalent dans plusieurs industries. Offerts en diff\u00e9rentes tailles et styles. Contactez-nous pour une soumission\",\"breadcrumb\":{\"@id\":\"https:\/\/oasismade.com\/fr\/produit\/sachets-et-sacs-a-scellage-3-cotes\/#breadcrumb\"},\"inLanguage\":\"fr-CA\",\"potentialAction\":[{\"@type\":\"ReadAction\",\"target\":[\"https:\/\/oasismade.com\/fr\/produit\/sachets-et-sacs-a-scellage-3-cotes\/\"]}]},{\"@type\":\"ImageObject\",\"inLanguage\":\"fr-CA\",\"@id\":\"https:\/\/oasismade.com\/fr\/produit\/sachets-et-sacs-a-scellage-3-cotes\/#primaryimage\",\"url\":\"https:\/\/oasismade.com\/wp-content\/uploads\/2024\/08\/Sachet-copy-scaled.jpg\",\"contentUrl\":\"https:\/\/oasismade.com\/wp-content\/uploads\/2024\/08\/Sachet-copy-scaled.jpg\",\"width\":2560,\"height\":2560,\"caption\":\"Sachets-&-3SS-Bags\"},{\"@type\":\"BreadcrumbList\",\"@id\":\"https:\/\/oasismade.com\/fr\/produit\/sachets-et-sacs-a-scellage-3-cotes\/#breadcrumb\",\"itemListElement\":[{\"@type\":\"ListItem\",\"position\":1,\"name\":\"Accueil\",\"item\":\"https:\/\/oasismade.com\/fr\/\"},{\"@type\":\"ListItem\",\"position\":2,\"name\":\"Boutique\",\"item\":\"https:\/\/oasismade.com\/fr\/catalogue\/\"},{\"@type\":\"ListItem\",\"position\":3,\"name\":\"Sachets et sacs \u00e0 scellage 3 c\u00f4t\u00e9s (3SS)\"}]},{\"@type\":\"WebSite\",\"@id\":\"https:\/\/oasismade.com\/fr\/#website\",\"url\":\"https:\/\/oasismade.com\/fr\/\",\"name\":\"Oasismade\",\"description\":\"Sustainable Packaging Solution\",\"potentialAction\":[{\"@type\":\"SearchAction\",\"target\":{\"@type\":\"EntryPoint\",\"urlTemplate\":\"https:\/\/oasismade.com\/fr\/?s={search_term_string}\"},\"query-input\":{\"@type\":\"PropertyValueSpecification\",\"valueRequired\":true,\"valueName\":\"search_term_string\"}}],\"inLanguage\":\"fr-CA\"}]}<\/script>\n<!-- \/ Yoast SEO plugin. -->","yoast_head_json":{"title":"Sachets et sacs \u00e0 scellage 3 c\u00f4t\u00e9s (3SS) - Oasismade","description":"Sachets et sacs 3SS imprim\u00e9s sur mesure pour un emballage polyvalent dans plusieurs industries. Offerts en diff\u00e9rentes tailles et styles. Contactez-nous pour une soumission","robots":{"index":"index","follow":"follow","max-snippet":"max-snippet:-1","max-image-preview":"max-image-preview:large","max-video-preview":"max-video-preview:-1"},"canonical":"https:\/\/oasismade.com\/fr\/produit\/sachets-et-sacs-a-scellage-3-cotes\/","og_locale":"fr_CA","og_type":"article","og_title":"Sachets et sacs \u00e0 scellage 3 c\u00f4t\u00e9s (3SS) - Oasismade","og_description":"Sachets et sacs 3SS imprim\u00e9s sur mesure pour un emballage polyvalent dans plusieurs industries. Offerts en diff\u00e9rentes tailles et styles. Contactez-nous pour une soumission","og_url":"https:\/\/oasismade.com\/fr\/produit\/sachets-et-sacs-a-scellage-3-cotes\/","og_site_name":"Oasismade","article_publisher":"https:\/\/www.facebook.com\/OasisMade\/","article_modified_time":"2026-04-14T19:39:48+00:00","og_image":[{"width":2560,"height":2560,"url":"https:\/\/oasismade.com\/wp-content\/uploads\/2024\/08\/Sachet-copy-scaled.jpg","type":"image\/jpeg"}],"twitter_card":"summary_large_image","twitter_misc":{"Est. reading time":"1 minute"},"schema":{"@context":"https:\/\/schema.org","@graph":[{"@type":"WebPage","@id":"https:\/\/oasismade.com\/fr\/produit\/sachets-et-sacs-a-scellage-3-cotes\/","url":"https:\/\/oasismade.com\/fr\/produit\/sachets-et-sacs-a-scellage-3-cotes\/","name":"Sachets et sacs \u00e0 scellage 3 c\u00f4t\u00e9s (3SS) - Oasismade","isPartOf":{"@id":"https:\/\/oasismade.com\/fr\/#website"},"primaryImageOfPage":{"@id":"https:\/\/oasismade.com\/fr\/produit\/sachets-et-sacs-a-scellage-3-cotes\/#primaryimage"},"image":{"@id":"https:\/\/oasismade.com\/fr\/produit\/sachets-et-sacs-a-scellage-3-cotes\/#primaryimage"},"thumbnailUrl":"https:\/\/oasismade.com\/wp-content\/uploads\/2024\/08\/Sachet-copy-scaled.jpg","datePublished":"2024-08-15T19:00:34+00:00","dateModified":"2026-04-14T19:39:48+00:00","description":"Sachets et sacs 3SS imprim\u00e9s sur mesure pour un emballage polyvalent dans plusieurs industries. Offerts en diff\u00e9rentes tailles et styles. Contactez-nous pour une soumission","breadcrumb":{"@id":"https:\/\/oasismade.com\/fr\/produit\/sachets-et-sacs-a-scellage-3-cotes\/#breadcrumb"},"inLanguage":"fr-CA","potentialAction":[{"@type":"ReadAction","target":["https:\/\/oasismade.com\/fr\/produit\/sachets-et-sacs-a-scellage-3-cotes\/"]}]},{"@type":"ImageObject","inLanguage":"fr-CA","@id":"https:\/\/oasismade.com\/fr\/produit\/sachets-et-sacs-a-scellage-3-cotes\/#primaryimage","url":"https:\/\/oasismade.com\/wp-content\/uploads\/2024\/08\/Sachet-copy-scaled.jpg","contentUrl":"https:\/\/oasismade.com\/wp-content\/uploads\/2024\/08\/Sachet-copy-scaled.jpg","width":2560,"height":2560,"caption":"Sachets-&-3SS-Bags"},{"@type":"BreadcrumbList","@id":"https:\/\/oasismade.com\/fr\/produit\/sachets-et-sacs-a-scellage-3-cotes\/#breadcrumb","itemListElement":[{"@type":"ListItem","position":1,"name":"Accueil","item":"https:\/\/oasismade.com\/fr\/"},{"@type":"ListItem","position":2,"name":"Boutique","item":"https:\/\/oasismade.com\/fr\/catalogue\/"},{"@type":"ListItem","position":3,"name":"Sachets et sacs \u00e0 scellage 3 c\u00f4t\u00e9s (3SS)"}]},{"@type":"WebSite","@id":"https:\/\/oasismade.com\/fr\/#website","url":"https:\/\/oasismade.com\/fr\/","name":"Oasismade","description":"Sustainable Packaging Solution","potentialAction":[{"@type":"SearchAction","target":{"@type":"EntryPoint","urlTemplate":"https:\/\/oasismade.com\/fr\/?s={search_term_string}"},"query-input":{"@type":"PropertyValueSpecification","valueRequired":true,"valueName":"search_term_string"}}],"inLanguage":"fr-CA"}]}},"_links":{"self":[{"href":"https:\/\/oasismade.com\/fr\/wp-json\/wp\/v2\/product\/9278","targetHints":{"allow":["GET"]}}],"collection":[{"href":"https:\/\/oasismade.com\/fr\/wp-json\/wp\/v2\/product"}],"about":[{"href":"https:\/\/oasismade.com\/fr\/wp-json\/wp\/v2\/types\/product"}],"wp:featuredmedia":[{"embeddable":true,"href":"https:\/\/oasismade.com\/fr\/wp-json\/wp\/v2\/media\/8804"}],"wp:attachment":[{"href":"https:\/\/oasismade.com\/fr\/wp-json\/wp\/v2\/media?parent=9278"}],"wp:term":[{"taxonomy":"product_brand","embeddable":true,"href":"https:\/\/oasismade.com\/fr\/wp-json\/wp\/v2\/product_brand?post=9278"},{"taxonomy":"product_cat","embeddable":true,"href":"https:\/\/oasismade.com\/fr\/wp-json\/wp\/v2\/product_cat?post=9278"},{"taxonomy":"product_tag","embeddable":true,"href":"https:\/\/oasismade.com\/fr\/wp-json\/wp\/v2\/product_tag?post=9278"}],"curies":[{"name":"wp","href":"https:\/\/api.w.org\/{rel}","templated":true}]}}