{"id":9275,"date":"2024-12-04T16:39:05","date_gmt":"2024-12-04T16:39:05","guid":{"rendered":"https:\/\/oasismade.com\/product\/shelf-stable-food-packaging\/"},"modified":"2026-04-14T19:30:38","modified_gmt":"2026-04-14T19:30:38","slug":"emballage-alimentaire-stable-a-temperature-ambiante","status":"publish","type":"product","link":"https:\/\/oasismade.com\/fr\/produit\/emballage-alimentaire-stable-a-temperature-ambiante\/","title":{"rendered":"Emballage alimentaire stable \u00e0 temp\u00e9rature ambiante"},"content":{"rendered":"","protected":false},"excerpt":{"rendered":"<p data-pm-slice=\"1 1 []\">Voici l\u2019emballage alimentaire stable \u00e0 temp\u00e9rature ambiante \u2014 la solution id\u00e9ale pour servir des croustilles fra\u00eeches et croustillantes. Ce sac \u00e9cologique en papier kraft est dot\u00e9 d\u2019un soufflet et d\u2019une attache m\u00e9tallique refermable, assurant la fra\u00eecheur et le croquant de vos produits. Gr\u00e2ce \u00e0 son papier r\u00e9sistant \u00e0 la graisse, il garantit un emballage propre et s\u00e9curitaire en tablette, en \u00e9picerie. Con\u00e7us pour la durabilit\u00e9, ces sacs r\u00e9pondent aux exigences des environnements commerciaux. Servez facilement des croustilles de tortilla, des chips de pita, du popcorn ou toute autre collation sal\u00e9e. La fen\u00eatre transparente permet aux clients de voir le contenu app\u00e9tissant, tandis que le mat\u00e9riau robuste prot\u00e8ge contre les d\u00e9versements et les fuites.<\/p>\n<p>Offerts en plusieurs formats et styles personnalisables afin de s\u2019adapter \u00e0 une vari\u00e9t\u00e9 de produits alimentaires tout en respectant votre image de marque.<\/p>\n","protected":false},"featured_media":8926,"template":"","meta":[],"product_brand":[],"product_cat":[210,218],"product_tag":[232],"class_list":{"0":"post-9275","1":"product","2":"type-product","3":"status-publish","4":"has-post-thumbnail","6":"product_cat-emballage-et-papier","7":"product_cat-emballage-flexible","8":"product_tag-alternatives-aux-plastiques-a-usage-unique","10":"first","11":"instock","12":"shipping-taxable","13":"product-type-simple"},"yoast_head":"<!-- This site is optimized with the Yoast SEO plugin v25.5 - https:\/\/yoast.com\/wordpress\/plugins\/seo\/ -->\n<title>Emballage alimentaire stable \u00e0 temp\u00e9rature ambiante - Oasismade<\/title>\n<meta name=\"description\" content=\"D\u00e9couvrez notre emballage alimentaire stable \u00e0 temp\u00e9rature ambiante: sans PFAS, r\u00e9sistant \u00e0 la graisse et herm\u00e9tiquement scell\u00e9 pour une fra\u00eecheur maximale. Personnalisable et parfait pour les besoins de votre entreprise!\" \/>\n<meta name=\"robots\" content=\"index, follow, max-snippet:-1, max-image-preview:large, max-video-preview:-1\" \/>\n<link rel=\"canonical\" href=\"https:\/\/oasismade.com\/fr\/produit\/emballage-alimentaire-stable-a-temperature-ambiante\/\" \/>\n<meta property=\"og:locale\" content=\"fr_CA\" \/>\n<meta property=\"og:type\" content=\"article\" \/>\n<meta property=\"og:title\" content=\"Emballage alimentaire stable \u00e0 temp\u00e9rature ambiante - Oasismade\" \/>\n<meta property=\"og:description\" content=\"D\u00e9couvrez notre emballage alimentaire stable \u00e0 temp\u00e9rature ambiante: sans PFAS, r\u00e9sistant \u00e0 la graisse et herm\u00e9tiquement scell\u00e9 pour une fra\u00eecheur maximale. Personnalisable et parfait pour les besoins de votre entreprise!\" \/>\n<meta property=\"og:url\" content=\"https:\/\/oasismade.com\/fr\/produit\/emballage-alimentaire-stable-a-temperature-ambiante\/\" \/>\n<meta property=\"og:site_name\" content=\"Oasismade\" \/>\n<meta property=\"article:publisher\" content=\"https:\/\/www.facebook.com\/OasisMade\/\" \/>\n<meta property=\"article:modified_time\" content=\"2026-04-14T19:30:38+00:00\" \/>\n<meta property=\"og:image\" content=\"https:\/\/oasismade.com\/wp-content\/uploads\/2024\/12\/chip-bag-8-copy-1-scaled.jpg\" \/>\n\t<meta property=\"og:image:width\" content=\"2560\" \/>\n\t<meta property=\"og:image:height\" content=\"2560\" \/>\n\t<meta property=\"og:image:type\" content=\"image\/jpeg\" \/>\n<meta name=\"twitter:card\" content=\"summary_large_image\" \/>\n<meta name=\"twitter:label1\" content=\"Est. reading time\" \/>\n\t<meta name=\"twitter:data1\" content=\"1 minute\" \/>\n<script type=\"application\/ld+json\" class=\"yoast-schema-graph\">{\"@context\":\"https:\/\/schema.org\",\"@graph\":[{\"@type\":\"WebPage\",\"@id\":\"https:\/\/oasismade.com\/fr\/produit\/emballage-alimentaire-stable-a-temperature-ambiante\/\",\"url\":\"https:\/\/oasismade.com\/fr\/produit\/emballage-alimentaire-stable-a-temperature-ambiante\/\",\"name\":\"Emballage alimentaire stable \u00e0 temp\u00e9rature ambiante - Oasismade\",\"isPartOf\":{\"@id\":\"https:\/\/oasismade.com\/fr\/#website\"},\"primaryImageOfPage\":{\"@id\":\"https:\/\/oasismade.com\/fr\/produit\/emballage-alimentaire-stable-a-temperature-ambiante\/#primaryimage\"},\"image\":{\"@id\":\"https:\/\/oasismade.com\/fr\/produit\/emballage-alimentaire-stable-a-temperature-ambiante\/#primaryimage\"},\"thumbnailUrl\":\"https:\/\/oasismade.com\/wp-content\/uploads\/2024\/12\/chip-bag-8-copy-1-scaled.jpg\",\"datePublished\":\"2024-12-04T16:39:05+00:00\",\"dateModified\":\"2026-04-14T19:30:38+00:00\",\"description\":\"D\u00e9couvrez notre emballage alimentaire stable \u00e0 temp\u00e9rature ambiante: sans PFAS, r\u00e9sistant \u00e0 la graisse et herm\u00e9tiquement scell\u00e9 pour une fra\u00eecheur maximale. Personnalisable et parfait pour les besoins de votre entreprise!\",\"breadcrumb\":{\"@id\":\"https:\/\/oasismade.com\/fr\/produit\/emballage-alimentaire-stable-a-temperature-ambiante\/#breadcrumb\"},\"inLanguage\":\"fr-CA\",\"potentialAction\":[{\"@type\":\"ReadAction\",\"target\":[\"https:\/\/oasismade.com\/fr\/produit\/emballage-alimentaire-stable-a-temperature-ambiante\/\"]}]},{\"@type\":\"ImageObject\",\"inLanguage\":\"fr-CA\",\"@id\":\"https:\/\/oasismade.com\/fr\/produit\/emballage-alimentaire-stable-a-temperature-ambiante\/#primaryimage\",\"url\":\"https:\/\/oasismade.com\/wp-content\/uploads\/2024\/12\/chip-bag-8-copy-1-scaled.jpg\",\"contentUrl\":\"https:\/\/oasismade.com\/wp-content\/uploads\/2024\/12\/chip-bag-8-copy-1-scaled.jpg\",\"width\":2560,\"height\":2560,\"caption\":\"Test\"},{\"@type\":\"BreadcrumbList\",\"@id\":\"https:\/\/oasismade.com\/fr\/produit\/emballage-alimentaire-stable-a-temperature-ambiante\/#breadcrumb\",\"itemListElement\":[{\"@type\":\"ListItem\",\"position\":1,\"name\":\"Accueil\",\"item\":\"https:\/\/oasismade.com\/fr\/\"},{\"@type\":\"ListItem\",\"position\":2,\"name\":\"Boutique\",\"item\":\"https:\/\/oasismade.com\/fr\/catalogue\/\"},{\"@type\":\"ListItem\",\"position\":3,\"name\":\"Emballage alimentaire stable \u00e0 temp\u00e9rature ambiante\"}]},{\"@type\":\"WebSite\",\"@id\":\"https:\/\/oasismade.com\/fr\/#website\",\"url\":\"https:\/\/oasismade.com\/fr\/\",\"name\":\"Oasismade\",\"description\":\"Sustainable Packaging Solution\",\"potentialAction\":[{\"@type\":\"SearchAction\",\"target\":{\"@type\":\"EntryPoint\",\"urlTemplate\":\"https:\/\/oasismade.com\/fr\/?s={search_term_string}\"},\"query-input\":{\"@type\":\"PropertyValueSpecification\",\"valueRequired\":true,\"valueName\":\"search_term_string\"}}],\"inLanguage\":\"fr-CA\"}]}<\/script>\n<!-- \/ Yoast SEO plugin. -->","yoast_head_json":{"title":"Emballage alimentaire stable \u00e0 temp\u00e9rature ambiante - Oasismade","description":"D\u00e9couvrez notre emballage alimentaire stable \u00e0 temp\u00e9rature ambiante: sans PFAS, r\u00e9sistant \u00e0 la graisse et herm\u00e9tiquement scell\u00e9 pour une fra\u00eecheur maximale. Personnalisable et parfait pour les besoins de votre entreprise!","robots":{"index":"index","follow":"follow","max-snippet":"max-snippet:-1","max-image-preview":"max-image-preview:large","max-video-preview":"max-video-preview:-1"},"canonical":"https:\/\/oasismade.com\/fr\/produit\/emballage-alimentaire-stable-a-temperature-ambiante\/","og_locale":"fr_CA","og_type":"article","og_title":"Emballage alimentaire stable \u00e0 temp\u00e9rature ambiante - Oasismade","og_description":"D\u00e9couvrez notre emballage alimentaire stable \u00e0 temp\u00e9rature ambiante: sans PFAS, r\u00e9sistant \u00e0 la graisse et herm\u00e9tiquement scell\u00e9 pour une fra\u00eecheur maximale. Personnalisable et parfait pour les besoins de votre entreprise!","og_url":"https:\/\/oasismade.com\/fr\/produit\/emballage-alimentaire-stable-a-temperature-ambiante\/","og_site_name":"Oasismade","article_publisher":"https:\/\/www.facebook.com\/OasisMade\/","article_modified_time":"2026-04-14T19:30:38+00:00","og_image":[{"width":2560,"height":2560,"url":"https:\/\/oasismade.com\/wp-content\/uploads\/2024\/12\/chip-bag-8-copy-1-scaled.jpg","type":"image\/jpeg"}],"twitter_card":"summary_large_image","twitter_misc":{"Est. reading time":"1 minute"},"schema":{"@context":"https:\/\/schema.org","@graph":[{"@type":"WebPage","@id":"https:\/\/oasismade.com\/fr\/produit\/emballage-alimentaire-stable-a-temperature-ambiante\/","url":"https:\/\/oasismade.com\/fr\/produit\/emballage-alimentaire-stable-a-temperature-ambiante\/","name":"Emballage alimentaire stable \u00e0 temp\u00e9rature ambiante - Oasismade","isPartOf":{"@id":"https:\/\/oasismade.com\/fr\/#website"},"primaryImageOfPage":{"@id":"https:\/\/oasismade.com\/fr\/produit\/emballage-alimentaire-stable-a-temperature-ambiante\/#primaryimage"},"image":{"@id":"https:\/\/oasismade.com\/fr\/produit\/emballage-alimentaire-stable-a-temperature-ambiante\/#primaryimage"},"thumbnailUrl":"https:\/\/oasismade.com\/wp-content\/uploads\/2024\/12\/chip-bag-8-copy-1-scaled.jpg","datePublished":"2024-12-04T16:39:05+00:00","dateModified":"2026-04-14T19:30:38+00:00","description":"D\u00e9couvrez notre emballage alimentaire stable \u00e0 temp\u00e9rature ambiante: sans PFAS, r\u00e9sistant \u00e0 la graisse et herm\u00e9tiquement scell\u00e9 pour une fra\u00eecheur maximale. Personnalisable et parfait pour les besoins de votre entreprise!","breadcrumb":{"@id":"https:\/\/oasismade.com\/fr\/produit\/emballage-alimentaire-stable-a-temperature-ambiante\/#breadcrumb"},"inLanguage":"fr-CA","potentialAction":[{"@type":"ReadAction","target":["https:\/\/oasismade.com\/fr\/produit\/emballage-alimentaire-stable-a-temperature-ambiante\/"]}]},{"@type":"ImageObject","inLanguage":"fr-CA","@id":"https:\/\/oasismade.com\/fr\/produit\/emballage-alimentaire-stable-a-temperature-ambiante\/#primaryimage","url":"https:\/\/oasismade.com\/wp-content\/uploads\/2024\/12\/chip-bag-8-copy-1-scaled.jpg","contentUrl":"https:\/\/oasismade.com\/wp-content\/uploads\/2024\/12\/chip-bag-8-copy-1-scaled.jpg","width":2560,"height":2560,"caption":"Test"},{"@type":"BreadcrumbList","@id":"https:\/\/oasismade.com\/fr\/produit\/emballage-alimentaire-stable-a-temperature-ambiante\/#breadcrumb","itemListElement":[{"@type":"ListItem","position":1,"name":"Accueil","item":"https:\/\/oasismade.com\/fr\/"},{"@type":"ListItem","position":2,"name":"Boutique","item":"https:\/\/oasismade.com\/fr\/catalogue\/"},{"@type":"ListItem","position":3,"name":"Emballage alimentaire stable \u00e0 temp\u00e9rature ambiante"}]},{"@type":"WebSite","@id":"https:\/\/oasismade.com\/fr\/#website","url":"https:\/\/oasismade.com\/fr\/","name":"Oasismade","description":"Sustainable Packaging Solution","potentialAction":[{"@type":"SearchAction","target":{"@type":"EntryPoint","urlTemplate":"https:\/\/oasismade.com\/fr\/?s={search_term_string}"},"query-input":{"@type":"PropertyValueSpecification","valueRequired":true,"valueName":"search_term_string"}}],"inLanguage":"fr-CA"}]}},"_links":{"self":[{"href":"https:\/\/oasismade.com\/fr\/wp-json\/wp\/v2\/product\/9275","targetHints":{"allow":["GET"]}}],"collection":[{"href":"https:\/\/oasismade.com\/fr\/wp-json\/wp\/v2\/product"}],"about":[{"href":"https:\/\/oasismade.com\/fr\/wp-json\/wp\/v2\/types\/product"}],"wp:featuredmedia":[{"embeddable":true,"href":"https:\/\/oasismade.com\/fr\/wp-json\/wp\/v2\/media\/8926"}],"wp:attachment":[{"href":"https:\/\/oasismade.com\/fr\/wp-json\/wp\/v2\/media?parent=9275"}],"wp:term":[{"taxonomy":"product_brand","embeddable":true,"href":"https:\/\/oasismade.com\/fr\/wp-json\/wp\/v2\/product_brand?post=9275"},{"taxonomy":"product_cat","embeddable":true,"href":"https:\/\/oasismade.com\/fr\/wp-json\/wp\/v2\/product_cat?post=9275"},{"taxonomy":"product_tag","embeddable":true,"href":"https:\/\/oasismade.com\/fr\/wp-json\/wp\/v2\/product_tag?post=9275"}],"curies":[{"name":"wp","href":"https:\/\/api.w.org\/{rel}","templated":true}]}}