{"id":9272,"date":"2025-07-28T20:10:10","date_gmt":"2025-07-28T20:10:10","guid":{"rendered":"https:\/\/oasismade.com\/product\/sushi-to-go-box\/"},"modified":"2026-04-14T19:24:25","modified_gmt":"2026-04-14T19:24:25","slug":"sushi-to-go-box","status":"publish","type":"product","link":"https:\/\/oasismade.com\/fr\/produit\/sushi-to-go-box\/","title":{"rendered":"Bo\u00eete \u00e0 sushi pour emporter"},"content":{"rendered":"","protected":false},"excerpt":{"rendered":"<p data-start=\"31\" data-end=\"355\">Rehaussez la pr\u00e9sentation de vos plats \u00e0 emporter avec ces bo\u00eetes \u00e0 sushi personnalis\u00e9es haut de gamme \u2014 con\u00e7ues pour la fra\u00eecheur, la fonctionnalit\u00e9 et le style. Parfaites pour les restaurants, les services de livraison, le traiteur et la restauration haut de gamme, ces bo\u00eetes allient design \u00e9pur\u00e9 et mat\u00e9riaux durables.<\/p>\n<p data-start=\"357\" data-end=\"699\">Fabriqu\u00e9es \u00e0 partir de mat\u00e9riaux \u00e9coresponsables de qualit\u00e9 alimentaire, ces bo\u00eetes \u00e0 sushi sont offertes en formats, formes et options de personnalisation vari\u00e9s pour refl\u00e9ter l\u2019identit\u00e9 de votre marque. Que ce soit pour le service sur place ou pour emporter, ces contenants garantissent que vos aliments sont aussi beaux qu\u2019ils sont bons.<\/p>\n","protected":false},"featured_media":9147,"template":"","meta":[],"product_brand":[],"product_cat":[211],"product_tag":[234,232],"class_list":{"0":"post-9272","1":"product","2":"type-product","3":"status-publish","4":"has-post-thumbnail","6":"product_cat-service-alimentaire","7":"product_tag-a-emporter","8":"product_tag-alternatives-aux-plastiques-a-usage-unique","10":"first","11":"instock","12":"shipping-taxable","13":"product-type-simple"},"yoast_head":"<!-- This site is optimized with the Yoast SEO plugin v25.5 - https:\/\/yoast.com\/wordpress\/plugins\/seo\/ -->\n<title>Bo\u00eete \u00e0 sushi pour emporter - Oasismade<\/title>\n<meta name=\"description\" content=\"D\u00e9couvrez des bo\u00eetes \u00e0 sushi pour emporter personnalis\u00e9es et \u00e9coresponsables, con\u00e7ues pour la fra\u00eecheur et la pr\u00e9sentation. Id\u00e9ales pour la restauration \u00e0 emporter, la livraison et l\u2019emballage de sushi en \u00e9picerie.\" \/>\n<meta name=\"robots\" content=\"index, follow, max-snippet:-1, max-image-preview:large, max-video-preview:-1\" \/>\n<link rel=\"canonical\" href=\"https:\/\/oasismade.com\/fr\/produit\/sushi-to-go-box\/\" \/>\n<meta property=\"og:locale\" content=\"fr_CA\" \/>\n<meta property=\"og:type\" content=\"article\" \/>\n<meta property=\"og:title\" content=\"Bo\u00eete \u00e0 sushi pour emporter - Oasismade\" \/>\n<meta property=\"og:description\" content=\"D\u00e9couvrez des bo\u00eetes \u00e0 sushi pour emporter personnalis\u00e9es et \u00e9coresponsables, con\u00e7ues pour la fra\u00eecheur et la pr\u00e9sentation. Id\u00e9ales pour la restauration \u00e0 emporter, la livraison et l\u2019emballage de sushi en \u00e9picerie.\" \/>\n<meta property=\"og:url\" content=\"https:\/\/oasismade.com\/fr\/produit\/sushi-to-go-box\/\" \/>\n<meta property=\"og:site_name\" content=\"Oasismade\" \/>\n<meta property=\"article:publisher\" content=\"https:\/\/www.facebook.com\/OasisMade\/\" \/>\n<meta property=\"article:modified_time\" content=\"2026-04-14T19:24:25+00:00\" \/>\n<meta property=\"og:image\" content=\"https:\/\/oasismade.com\/wp-content\/uploads\/2025\/07\/sushi-box-copy-1.jpg\" \/>\n\t<meta property=\"og:image:width\" content=\"934\" \/>\n\t<meta property=\"og:image:height\" content=\"934\" \/>\n\t<meta property=\"og:image:type\" content=\"image\/jpeg\" \/>\n<meta name=\"twitter:card\" content=\"summary_large_image\" \/>\n<meta name=\"twitter:label1\" content=\"Est. reading time\" \/>\n\t<meta name=\"twitter:data1\" content=\"1 minute\" \/>\n<script type=\"application\/ld+json\" class=\"yoast-schema-graph\">{\"@context\":\"https:\/\/schema.org\",\"@graph\":[{\"@type\":\"WebPage\",\"@id\":\"https:\/\/oasismade.com\/fr\/produit\/sushi-to-go-box\/\",\"url\":\"https:\/\/oasismade.com\/fr\/produit\/sushi-to-go-box\/\",\"name\":\"Bo\u00eete \u00e0 sushi pour emporter - Oasismade\",\"isPartOf\":{\"@id\":\"https:\/\/oasismade.com\/fr\/#website\"},\"primaryImageOfPage\":{\"@id\":\"https:\/\/oasismade.com\/fr\/produit\/sushi-to-go-box\/#primaryimage\"},\"image\":{\"@id\":\"https:\/\/oasismade.com\/fr\/produit\/sushi-to-go-box\/#primaryimage\"},\"thumbnailUrl\":\"https:\/\/oasismade.com\/wp-content\/uploads\/2025\/07\/sushi-box-copy-1.jpg\",\"datePublished\":\"2025-07-28T20:10:10+00:00\",\"dateModified\":\"2026-04-14T19:24:25+00:00\",\"description\":\"D\u00e9couvrez des bo\u00eetes \u00e0 sushi pour emporter personnalis\u00e9es et \u00e9coresponsables, con\u00e7ues pour la fra\u00eecheur et la pr\u00e9sentation. Id\u00e9ales pour la restauration \u00e0 emporter, la livraison et l\u2019emballage de sushi en \u00e9picerie.\",\"breadcrumb\":{\"@id\":\"https:\/\/oasismade.com\/fr\/produit\/sushi-to-go-box\/#breadcrumb\"},\"inLanguage\":\"fr-CA\",\"potentialAction\":[{\"@type\":\"ReadAction\",\"target\":[\"https:\/\/oasismade.com\/fr\/produit\/sushi-to-go-box\/\"]}]},{\"@type\":\"ImageObject\",\"inLanguage\":\"fr-CA\",\"@id\":\"https:\/\/oasismade.com\/fr\/produit\/sushi-to-go-box\/#primaryimage\",\"url\":\"https:\/\/oasismade.com\/wp-content\/uploads\/2025\/07\/sushi-box-copy-1.jpg\",\"contentUrl\":\"https:\/\/oasismade.com\/wp-content\/uploads\/2025\/07\/sushi-box-copy-1.jpg\",\"width\":934,\"height\":934},{\"@type\":\"BreadcrumbList\",\"@id\":\"https:\/\/oasismade.com\/fr\/produit\/sushi-to-go-box\/#breadcrumb\",\"itemListElement\":[{\"@type\":\"ListItem\",\"position\":1,\"name\":\"Accueil\",\"item\":\"https:\/\/oasismade.com\/fr\/\"},{\"@type\":\"ListItem\",\"position\":2,\"name\":\"Boutique\",\"item\":\"https:\/\/oasismade.com\/fr\/catalogue\/\"},{\"@type\":\"ListItem\",\"position\":3,\"name\":\"Bo\u00eete \u00e0 sushi pour emporter\"}]},{\"@type\":\"WebSite\",\"@id\":\"https:\/\/oasismade.com\/fr\/#website\",\"url\":\"https:\/\/oasismade.com\/fr\/\",\"name\":\"Oasismade\",\"description\":\"Sustainable Packaging Solution\",\"potentialAction\":[{\"@type\":\"SearchAction\",\"target\":{\"@type\":\"EntryPoint\",\"urlTemplate\":\"https:\/\/oasismade.com\/fr\/?s={search_term_string}\"},\"query-input\":{\"@type\":\"PropertyValueSpecification\",\"valueRequired\":true,\"valueName\":\"search_term_string\"}}],\"inLanguage\":\"fr-CA\"}]}<\/script>\n<!-- \/ Yoast SEO plugin. -->","yoast_head_json":{"title":"Bo\u00eete \u00e0 sushi pour emporter - Oasismade","description":"D\u00e9couvrez des bo\u00eetes \u00e0 sushi pour emporter personnalis\u00e9es et \u00e9coresponsables, con\u00e7ues pour la fra\u00eecheur et la pr\u00e9sentation. Id\u00e9ales pour la restauration \u00e0 emporter, la livraison et l\u2019emballage de sushi en \u00e9picerie.","robots":{"index":"index","follow":"follow","max-snippet":"max-snippet:-1","max-image-preview":"max-image-preview:large","max-video-preview":"max-video-preview:-1"},"canonical":"https:\/\/oasismade.com\/fr\/produit\/sushi-to-go-box\/","og_locale":"fr_CA","og_type":"article","og_title":"Bo\u00eete \u00e0 sushi pour emporter - Oasismade","og_description":"D\u00e9couvrez des bo\u00eetes \u00e0 sushi pour emporter personnalis\u00e9es et \u00e9coresponsables, con\u00e7ues pour la fra\u00eecheur et la pr\u00e9sentation. Id\u00e9ales pour la restauration \u00e0 emporter, la livraison et l\u2019emballage de sushi en \u00e9picerie.","og_url":"https:\/\/oasismade.com\/fr\/produit\/sushi-to-go-box\/","og_site_name":"Oasismade","article_publisher":"https:\/\/www.facebook.com\/OasisMade\/","article_modified_time":"2026-04-14T19:24:25+00:00","og_image":[{"width":934,"height":934,"url":"https:\/\/oasismade.com\/wp-content\/uploads\/2025\/07\/sushi-box-copy-1.jpg","type":"image\/jpeg"}],"twitter_card":"summary_large_image","twitter_misc":{"Est. reading time":"1 minute"},"schema":{"@context":"https:\/\/schema.org","@graph":[{"@type":"WebPage","@id":"https:\/\/oasismade.com\/fr\/produit\/sushi-to-go-box\/","url":"https:\/\/oasismade.com\/fr\/produit\/sushi-to-go-box\/","name":"Bo\u00eete \u00e0 sushi pour emporter - Oasismade","isPartOf":{"@id":"https:\/\/oasismade.com\/fr\/#website"},"primaryImageOfPage":{"@id":"https:\/\/oasismade.com\/fr\/produit\/sushi-to-go-box\/#primaryimage"},"image":{"@id":"https:\/\/oasismade.com\/fr\/produit\/sushi-to-go-box\/#primaryimage"},"thumbnailUrl":"https:\/\/oasismade.com\/wp-content\/uploads\/2025\/07\/sushi-box-copy-1.jpg","datePublished":"2025-07-28T20:10:10+00:00","dateModified":"2026-04-14T19:24:25+00:00","description":"D\u00e9couvrez des bo\u00eetes \u00e0 sushi pour emporter personnalis\u00e9es et \u00e9coresponsables, con\u00e7ues pour la fra\u00eecheur et la pr\u00e9sentation. Id\u00e9ales pour la restauration \u00e0 emporter, la livraison et l\u2019emballage de sushi en \u00e9picerie.","breadcrumb":{"@id":"https:\/\/oasismade.com\/fr\/produit\/sushi-to-go-box\/#breadcrumb"},"inLanguage":"fr-CA","potentialAction":[{"@type":"ReadAction","target":["https:\/\/oasismade.com\/fr\/produit\/sushi-to-go-box\/"]}]},{"@type":"ImageObject","inLanguage":"fr-CA","@id":"https:\/\/oasismade.com\/fr\/produit\/sushi-to-go-box\/#primaryimage","url":"https:\/\/oasismade.com\/wp-content\/uploads\/2025\/07\/sushi-box-copy-1.jpg","contentUrl":"https:\/\/oasismade.com\/wp-content\/uploads\/2025\/07\/sushi-box-copy-1.jpg","width":934,"height":934},{"@type":"BreadcrumbList","@id":"https:\/\/oasismade.com\/fr\/produit\/sushi-to-go-box\/#breadcrumb","itemListElement":[{"@type":"ListItem","position":1,"name":"Accueil","item":"https:\/\/oasismade.com\/fr\/"},{"@type":"ListItem","position":2,"name":"Boutique","item":"https:\/\/oasismade.com\/fr\/catalogue\/"},{"@type":"ListItem","position":3,"name":"Bo\u00eete \u00e0 sushi pour emporter"}]},{"@type":"WebSite","@id":"https:\/\/oasismade.com\/fr\/#website","url":"https:\/\/oasismade.com\/fr\/","name":"Oasismade","description":"Sustainable Packaging Solution","potentialAction":[{"@type":"SearchAction","target":{"@type":"EntryPoint","urlTemplate":"https:\/\/oasismade.com\/fr\/?s={search_term_string}"},"query-input":{"@type":"PropertyValueSpecification","valueRequired":true,"valueName":"search_term_string"}}],"inLanguage":"fr-CA"}]}},"_links":{"self":[{"href":"https:\/\/oasismade.com\/fr\/wp-json\/wp\/v2\/product\/9272","targetHints":{"allow":["GET"]}}],"collection":[{"href":"https:\/\/oasismade.com\/fr\/wp-json\/wp\/v2\/product"}],"about":[{"href":"https:\/\/oasismade.com\/fr\/wp-json\/wp\/v2\/types\/product"}],"wp:featuredmedia":[{"embeddable":true,"href":"https:\/\/oasismade.com\/fr\/wp-json\/wp\/v2\/media\/9147"}],"wp:attachment":[{"href":"https:\/\/oasismade.com\/fr\/wp-json\/wp\/v2\/media?parent=9272"}],"wp:term":[{"taxonomy":"product_brand","embeddable":true,"href":"https:\/\/oasismade.com\/fr\/wp-json\/wp\/v2\/product_brand?post=9272"},{"taxonomy":"product_cat","embeddable":true,"href":"https:\/\/oasismade.com\/fr\/wp-json\/wp\/v2\/product_cat?post=9272"},{"taxonomy":"product_tag","embeddable":true,"href":"https:\/\/oasismade.com\/fr\/wp-json\/wp\/v2\/product_tag?post=9272"}],"curies":[{"name":"wp","href":"https:\/\/api.w.org\/{rel}","templated":true}]}}