{"id":9269,"date":"2026-04-14T18:22:17","date_gmt":"2026-04-14T18:22:17","guid":{"rendered":"https:\/\/oasismade.com\/product\/manche-sandwich-wrap\/"},"modified":"2026-04-14T19:33:44","modified_gmt":"2026-04-14T19:33:44","slug":"manchon-pour-sandwich","status":"publish","type":"product","link":"https:\/\/oasismade.com\/fr\/produit\/manchon-pour-sandwich\/","title":{"rendered":"Manchon pour sandwich"},"content":{"rendered":"","protected":false},"excerpt":{"rendered":"<p data-start=\"231\" data-end=\"497\">Emballez vos aliments et votre image de marque dans une seule solution \u00e9coresponsable. Ces manchons pour sandwich sont parfaits pour les sandwichs, wraps, shawarmas et plus encore. Fabriqu\u00e9s \u00e0 partir de papier r\u00e9sistant \u00e0 la graisse et \u00e0 l\u2019humidit\u00e9, ils offrent une pr\u00e9sentation propre, pratique et professionnelle. Ajoutez votre logo et m\u00eame une option \u00ab D\u00e9chirer ici \u00bb pour une meilleure fonctionnalit\u00e9 et une exp\u00e9rience client optimis\u00e9e.<\/p>\n","protected":false},"featured_media":9162,"template":"","meta":[],"product_brand":[],"product_cat":[210,211],"product_tag":[234,232],"class_list":{"0":"post-9269","1":"product","2":"type-product","3":"status-publish","4":"has-post-thumbnail","6":"product_cat-emballage-et-papier","7":"product_cat-service-alimentaire","8":"product_tag-a-emporter","9":"product_tag-alternatives-aux-plastiques-a-usage-unique","11":"first","12":"instock","13":"shipping-taxable","14":"product-type-simple"},"yoast_head":"<!-- This site is optimized with the Yoast SEO plugin v25.5 - https:\/\/yoast.com\/wordpress\/plugins\/seo\/ -->\n<title>Manchon pour sandwich - Oasismade<\/title>\n<meta name=\"description\" content=\"Manchons personnalis\u00e9s pour sandwich \u2014 r\u00e9sistants \u00e0 la graisse et \u00e0 l\u2019humidit\u00e9. Parfaits pour les wraps, shawarmas et sandwiches. Offerts en diff\u00e9rentes tailles et styles.\" \/>\n<meta name=\"robots\" content=\"index, follow, max-snippet:-1, max-image-preview:large, max-video-preview:-1\" \/>\n<link rel=\"canonical\" href=\"https:\/\/oasismade.com\/fr\/produit\/manchon-pour-sandwich\/\" \/>\n<meta property=\"og:locale\" content=\"fr_CA\" \/>\n<meta property=\"og:type\" content=\"article\" \/>\n<meta property=\"og:title\" content=\"Manchon pour sandwich - Oasismade\" \/>\n<meta property=\"og:description\" content=\"Manchons personnalis\u00e9s pour sandwich \u2014 r\u00e9sistants \u00e0 la graisse et \u00e0 l\u2019humidit\u00e9. Parfaits pour les wraps, shawarmas et sandwiches. Offerts en diff\u00e9rentes tailles et styles.\" \/>\n<meta property=\"og:url\" content=\"https:\/\/oasismade.com\/fr\/produit\/manchon-pour-sandwich\/\" \/>\n<meta property=\"og:site_name\" content=\"Oasismade\" \/>\n<meta property=\"article:publisher\" content=\"https:\/\/www.facebook.com\/OasisMade\/\" \/>\n<meta property=\"article:modified_time\" content=\"2026-04-14T19:33:44+00:00\" \/>\n<meta property=\"og:image\" content=\"https:\/\/oasismade.com\/wp-content\/uploads\/2025\/07\/Shelbys-wrap-sleeve-5-scaled.jpg\" \/>\n\t<meta property=\"og:image:width\" content=\"2560\" \/>\n\t<meta property=\"og:image:height\" content=\"2560\" \/>\n\t<meta property=\"og:image:type\" content=\"image\/jpeg\" \/>\n<meta name=\"twitter:card\" content=\"summary_large_image\" \/>\n<meta name=\"twitter:label1\" content=\"Est. reading time\" \/>\n\t<meta name=\"twitter:data1\" content=\"1 minute\" \/>\n<script type=\"application\/ld+json\" class=\"yoast-schema-graph\">{\"@context\":\"https:\/\/schema.org\",\"@graph\":[{\"@type\":\"WebPage\",\"@id\":\"https:\/\/oasismade.com\/fr\/produit\/manchon-pour-sandwich\/\",\"url\":\"https:\/\/oasismade.com\/fr\/produit\/manchon-pour-sandwich\/\",\"name\":\"Manchon pour sandwich - Oasismade\",\"isPartOf\":{\"@id\":\"https:\/\/oasismade.com\/fr\/#website\"},\"primaryImageOfPage\":{\"@id\":\"https:\/\/oasismade.com\/fr\/produit\/manchon-pour-sandwich\/#primaryimage\"},\"image\":{\"@id\":\"https:\/\/oasismade.com\/fr\/produit\/manchon-pour-sandwich\/#primaryimage\"},\"thumbnailUrl\":\"https:\/\/oasismade.com\/wp-content\/uploads\/2025\/07\/Shelbys-wrap-sleeve-5-scaled.jpg\",\"datePublished\":\"2026-04-14T18:22:17+00:00\",\"dateModified\":\"2026-04-14T19:33:44+00:00\",\"description\":\"Manchons personnalis\u00e9s pour sandwich \u2014 r\u00e9sistants \u00e0 la graisse et \u00e0 l\u2019humidit\u00e9. Parfaits pour les wraps, shawarmas et sandwiches. Offerts en diff\u00e9rentes tailles et styles.\",\"breadcrumb\":{\"@id\":\"https:\/\/oasismade.com\/fr\/produit\/manchon-pour-sandwich\/#breadcrumb\"},\"inLanguage\":\"fr-CA\",\"potentialAction\":[{\"@type\":\"ReadAction\",\"target\":[\"https:\/\/oasismade.com\/fr\/produit\/manchon-pour-sandwich\/\"]}]},{\"@type\":\"ImageObject\",\"inLanguage\":\"fr-CA\",\"@id\":\"https:\/\/oasismade.com\/fr\/produit\/manchon-pour-sandwich\/#primaryimage\",\"url\":\"https:\/\/oasismade.com\/wp-content\/uploads\/2025\/07\/Shelbys-wrap-sleeve-5-scaled.jpg\",\"contentUrl\":\"https:\/\/oasismade.com\/wp-content\/uploads\/2025\/07\/Shelbys-wrap-sleeve-5-scaled.jpg\",\"width\":2560,\"height\":2560,\"caption\":\"Sandwich-wrap-sleeve\"},{\"@type\":\"BreadcrumbList\",\"@id\":\"https:\/\/oasismade.com\/fr\/produit\/manchon-pour-sandwich\/#breadcrumb\",\"itemListElement\":[{\"@type\":\"ListItem\",\"position\":1,\"name\":\"Accueil\",\"item\":\"https:\/\/oasismade.com\/fr\/\"},{\"@type\":\"ListItem\",\"position\":2,\"name\":\"Boutique\",\"item\":\"https:\/\/oasismade.com\/fr\/catalogue\/\"},{\"@type\":\"ListItem\",\"position\":3,\"name\":\"Manchon pour sandwich\"}]},{\"@type\":\"WebSite\",\"@id\":\"https:\/\/oasismade.com\/fr\/#website\",\"url\":\"https:\/\/oasismade.com\/fr\/\",\"name\":\"Oasismade\",\"description\":\"Sustainable Packaging Solution\",\"potentialAction\":[{\"@type\":\"SearchAction\",\"target\":{\"@type\":\"EntryPoint\",\"urlTemplate\":\"https:\/\/oasismade.com\/fr\/?s={search_term_string}\"},\"query-input\":{\"@type\":\"PropertyValueSpecification\",\"valueRequired\":true,\"valueName\":\"search_term_string\"}}],\"inLanguage\":\"fr-CA\"}]}<\/script>\n<!-- \/ Yoast SEO plugin. -->","yoast_head_json":{"title":"Manchon pour sandwich - Oasismade","description":"Manchons personnalis\u00e9s pour sandwich \u2014 r\u00e9sistants \u00e0 la graisse et \u00e0 l\u2019humidit\u00e9. Parfaits pour les wraps, shawarmas et sandwiches. Offerts en diff\u00e9rentes tailles et styles.","robots":{"index":"index","follow":"follow","max-snippet":"max-snippet:-1","max-image-preview":"max-image-preview:large","max-video-preview":"max-video-preview:-1"},"canonical":"https:\/\/oasismade.com\/fr\/produit\/manchon-pour-sandwich\/","og_locale":"fr_CA","og_type":"article","og_title":"Manchon pour sandwich - Oasismade","og_description":"Manchons personnalis\u00e9s pour sandwich \u2014 r\u00e9sistants \u00e0 la graisse et \u00e0 l\u2019humidit\u00e9. Parfaits pour les wraps, shawarmas et sandwiches. Offerts en diff\u00e9rentes tailles et styles.","og_url":"https:\/\/oasismade.com\/fr\/produit\/manchon-pour-sandwich\/","og_site_name":"Oasismade","article_publisher":"https:\/\/www.facebook.com\/OasisMade\/","article_modified_time":"2026-04-14T19:33:44+00:00","og_image":[{"width":2560,"height":2560,"url":"https:\/\/oasismade.com\/wp-content\/uploads\/2025\/07\/Shelbys-wrap-sleeve-5-scaled.jpg","type":"image\/jpeg"}],"twitter_card":"summary_large_image","twitter_misc":{"Est. reading time":"1 minute"},"schema":{"@context":"https:\/\/schema.org","@graph":[{"@type":"WebPage","@id":"https:\/\/oasismade.com\/fr\/produit\/manchon-pour-sandwich\/","url":"https:\/\/oasismade.com\/fr\/produit\/manchon-pour-sandwich\/","name":"Manchon pour sandwich - Oasismade","isPartOf":{"@id":"https:\/\/oasismade.com\/fr\/#website"},"primaryImageOfPage":{"@id":"https:\/\/oasismade.com\/fr\/produit\/manchon-pour-sandwich\/#primaryimage"},"image":{"@id":"https:\/\/oasismade.com\/fr\/produit\/manchon-pour-sandwich\/#primaryimage"},"thumbnailUrl":"https:\/\/oasismade.com\/wp-content\/uploads\/2025\/07\/Shelbys-wrap-sleeve-5-scaled.jpg","datePublished":"2026-04-14T18:22:17+00:00","dateModified":"2026-04-14T19:33:44+00:00","description":"Manchons personnalis\u00e9s pour sandwich \u2014 r\u00e9sistants \u00e0 la graisse et \u00e0 l\u2019humidit\u00e9. Parfaits pour les wraps, shawarmas et sandwiches. Offerts en diff\u00e9rentes tailles et styles.","breadcrumb":{"@id":"https:\/\/oasismade.com\/fr\/produit\/manchon-pour-sandwich\/#breadcrumb"},"inLanguage":"fr-CA","potentialAction":[{"@type":"ReadAction","target":["https:\/\/oasismade.com\/fr\/produit\/manchon-pour-sandwich\/"]}]},{"@type":"ImageObject","inLanguage":"fr-CA","@id":"https:\/\/oasismade.com\/fr\/produit\/manchon-pour-sandwich\/#primaryimage","url":"https:\/\/oasismade.com\/wp-content\/uploads\/2025\/07\/Shelbys-wrap-sleeve-5-scaled.jpg","contentUrl":"https:\/\/oasismade.com\/wp-content\/uploads\/2025\/07\/Shelbys-wrap-sleeve-5-scaled.jpg","width":2560,"height":2560,"caption":"Sandwich-wrap-sleeve"},{"@type":"BreadcrumbList","@id":"https:\/\/oasismade.com\/fr\/produit\/manchon-pour-sandwich\/#breadcrumb","itemListElement":[{"@type":"ListItem","position":1,"name":"Accueil","item":"https:\/\/oasismade.com\/fr\/"},{"@type":"ListItem","position":2,"name":"Boutique","item":"https:\/\/oasismade.com\/fr\/catalogue\/"},{"@type":"ListItem","position":3,"name":"Manchon pour sandwich"}]},{"@type":"WebSite","@id":"https:\/\/oasismade.com\/fr\/#website","url":"https:\/\/oasismade.com\/fr\/","name":"Oasismade","description":"Sustainable Packaging Solution","potentialAction":[{"@type":"SearchAction","target":{"@type":"EntryPoint","urlTemplate":"https:\/\/oasismade.com\/fr\/?s={search_term_string}"},"query-input":{"@type":"PropertyValueSpecification","valueRequired":true,"valueName":"search_term_string"}}],"inLanguage":"fr-CA"}]}},"_links":{"self":[{"href":"https:\/\/oasismade.com\/fr\/wp-json\/wp\/v2\/product\/9269","targetHints":{"allow":["GET"]}}],"collection":[{"href":"https:\/\/oasismade.com\/fr\/wp-json\/wp\/v2\/product"}],"about":[{"href":"https:\/\/oasismade.com\/fr\/wp-json\/wp\/v2\/types\/product"}],"wp:featuredmedia":[{"embeddable":true,"href":"https:\/\/oasismade.com\/fr\/wp-json\/wp\/v2\/media\/9162"}],"wp:attachment":[{"href":"https:\/\/oasismade.com\/fr\/wp-json\/wp\/v2\/media?parent=9269"}],"wp:term":[{"taxonomy":"product_brand","embeddable":true,"href":"https:\/\/oasismade.com\/fr\/wp-json\/wp\/v2\/product_brand?post=9269"},{"taxonomy":"product_cat","embeddable":true,"href":"https:\/\/oasismade.com\/fr\/wp-json\/wp\/v2\/product_cat?post=9269"},{"taxonomy":"product_tag","embeddable":true,"href":"https:\/\/oasismade.com\/fr\/wp-json\/wp\/v2\/product_tag?post=9269"}],"curies":[{"name":"wp","href":"https:\/\/api.w.org\/{rel}","templated":true}]}}