{"id":9266,"date":"2025-08-06T16:22:40","date_gmt":"2025-08-06T16:22:40","guid":{"rendered":"https:\/\/oasismade.com\/product\/aluminum-bottle\/"},"modified":"2026-04-14T18:15:19","modified_gmt":"2026-04-14T18:15:19","slug":"aluminum-bottle","status":"publish","type":"product","link":"https:\/\/oasismade.com\/fr\/produit\/aluminum-bottle\/","title":{"rendered":"Bouteille en aluminium"},"content":{"rendered":"","protected":false},"excerpt":{"rendered":"<h2>Enti\u00e8rement recyclable, l\u00e9g\u00e8re et durable<\/h2>\n<div class=\"item-description--expanded\">\n<div class=\"item-description--expanded\">\n<p data-start=\"294\" data-end=\"734\">Les bouteilles en aluminium OasisMade offrent une alternative \u00e9l\u00e9gante et durable aux emballages traditionnels. Con\u00e7ues pour pr\u00e9server la qualit\u00e9 de diverses boissons, de l\u2019eau au vin, elles assurent une excellente r\u00e9tention de la temp\u00e9rature tout en offrant un fini haut de gamme. Enti\u00e8rement personnalisables avec le logo et le design de votre marque, elles sont id\u00e9ales pour les entreprises \u00e9coresponsables qui souhaitent se d\u00e9marquer.<\/p>\n<p data-start=\"736\" data-end=\"857\" data-is-last-node=\"\" data-is-only-node=\"\">Vous cherchez un autre style ? Contactez notre \u00e9quipe pour d\u00e9couvrir nos options OEM et en savoir plus sur nos capacit\u00e9s.<\/p>\n<\/div>\n<\/div>\n","protected":false},"featured_media":9155,"template":"","meta":[],"product_brand":[],"product_cat":[106],"product_tag":[232],"class_list":{"0":"post-9266","1":"product","2":"type-product","3":"status-publish","4":"has-post-thumbnail","6":"product_cat-bouteilles-de-transport","7":"product_tag-alternatives-aux-plastiques-a-usage-unique","9":"first","10":"instock","11":"shipping-taxable","12":"product-type-simple"},"yoast_head":"<!-- This site is optimized with the Yoast SEO plugin v25.5 - https:\/\/yoast.com\/wordpress\/plugins\/seo\/ -->\n<title>Bouteille en aluminium - Oasismade<\/title>\n<meta name=\"description\" content=\"Bouteille en aluminium personnalis\u00e9e \u2014 durable, l\u00e9g\u00e8re et enti\u00e8rement recyclable. Une solution d\u2019emballage \u00e9coresponsable, id\u00e9ale pour l\u2019eau, le vin et plus encore. Ajoutez votre logo pour mettre votre marque en valeur.\" \/>\n<meta name=\"robots\" content=\"index, follow, max-snippet:-1, max-image-preview:large, max-video-preview:-1\" \/>\n<link rel=\"canonical\" href=\"https:\/\/oasismade.com\/fr\/produit\/aluminum-bottle\/\" \/>\n<meta property=\"og:locale\" content=\"fr_CA\" \/>\n<meta property=\"og:type\" content=\"article\" \/>\n<meta property=\"og:title\" content=\"Bouteille en aluminium - Oasismade\" \/>\n<meta property=\"og:description\" content=\"Bouteille en aluminium personnalis\u00e9e \u2014 durable, l\u00e9g\u00e8re et enti\u00e8rement recyclable. Une solution d\u2019emballage \u00e9coresponsable, id\u00e9ale pour l\u2019eau, le vin et plus encore. Ajoutez votre logo pour mettre votre marque en valeur.\" \/>\n<meta property=\"og:url\" content=\"https:\/\/oasismade.com\/fr\/produit\/aluminum-bottle\/\" \/>\n<meta property=\"og:site_name\" content=\"Oasismade\" \/>\n<meta property=\"article:publisher\" content=\"https:\/\/www.facebook.com\/OasisMade\/\" \/>\n<meta property=\"article:modified_time\" content=\"2026-04-14T18:15:19+00:00\" \/>\n<meta property=\"og:image\" content=\"https:\/\/oasismade.com\/wp-content\/uploads\/2025\/08\/Aluminum-bottles-6.jpg\" \/>\n\t<meta property=\"og:image:width\" content=\"2160\" \/>\n\t<meta property=\"og:image:height\" content=\"2160\" \/>\n\t<meta property=\"og:image:type\" content=\"image\/jpeg\" \/>\n<meta name=\"twitter:card\" content=\"summary_large_image\" \/>\n<meta name=\"twitter:label1\" content=\"Est. reading time\" \/>\n\t<meta name=\"twitter:data1\" content=\"1 minute\" \/>\n<script type=\"application\/ld+json\" class=\"yoast-schema-graph\">{\"@context\":\"https:\/\/schema.org\",\"@graph\":[{\"@type\":\"WebPage\",\"@id\":\"https:\/\/oasismade.com\/fr\/produit\/aluminum-bottle\/\",\"url\":\"https:\/\/oasismade.com\/fr\/produit\/aluminum-bottle\/\",\"name\":\"Bouteille en aluminium - Oasismade\",\"isPartOf\":{\"@id\":\"https:\/\/oasismade.com\/fr\/#website\"},\"primaryImageOfPage\":{\"@id\":\"https:\/\/oasismade.com\/fr\/produit\/aluminum-bottle\/#primaryimage\"},\"image\":{\"@id\":\"https:\/\/oasismade.com\/fr\/produit\/aluminum-bottle\/#primaryimage\"},\"thumbnailUrl\":\"https:\/\/oasismade.com\/wp-content\/uploads\/2025\/08\/Aluminum-bottles-6.jpg\",\"datePublished\":\"2025-08-06T16:22:40+00:00\",\"dateModified\":\"2026-04-14T18:15:19+00:00\",\"description\":\"Bouteille en aluminium personnalis\u00e9e \u2014 durable, l\u00e9g\u00e8re et enti\u00e8rement recyclable. Une solution d\u2019emballage \u00e9coresponsable, id\u00e9ale pour l\u2019eau, le vin et plus encore. Ajoutez votre logo pour mettre votre marque en valeur.\",\"breadcrumb\":{\"@id\":\"https:\/\/oasismade.com\/fr\/produit\/aluminum-bottle\/#breadcrumb\"},\"inLanguage\":\"fr-CA\",\"potentialAction\":[{\"@type\":\"ReadAction\",\"target\":[\"https:\/\/oasismade.com\/fr\/produit\/aluminum-bottle\/\"]}]},{\"@type\":\"ImageObject\",\"inLanguage\":\"fr-CA\",\"@id\":\"https:\/\/oasismade.com\/fr\/produit\/aluminum-bottle\/#primaryimage\",\"url\":\"https:\/\/oasismade.com\/wp-content\/uploads\/2025\/08\/Aluminum-bottles-6.jpg\",\"contentUrl\":\"https:\/\/oasismade.com\/wp-content\/uploads\/2025\/08\/Aluminum-bottles-6.jpg\",\"width\":2160,\"height\":2160,\"caption\":\"Aluminum-bottles\"},{\"@type\":\"BreadcrumbList\",\"@id\":\"https:\/\/oasismade.com\/fr\/produit\/aluminum-bottle\/#breadcrumb\",\"itemListElement\":[{\"@type\":\"ListItem\",\"position\":1,\"name\":\"Accueil\",\"item\":\"https:\/\/oasismade.com\/fr\/\"},{\"@type\":\"ListItem\",\"position\":2,\"name\":\"Boutique\",\"item\":\"https:\/\/oasismade.com\/fr\/catalogue\/\"},{\"@type\":\"ListItem\",\"position\":3,\"name\":\"Bouteille en aluminium\"}]},{\"@type\":\"WebSite\",\"@id\":\"https:\/\/oasismade.com\/fr\/#website\",\"url\":\"https:\/\/oasismade.com\/fr\/\",\"name\":\"Oasismade\",\"description\":\"Sustainable Packaging Solution\",\"potentialAction\":[{\"@type\":\"SearchAction\",\"target\":{\"@type\":\"EntryPoint\",\"urlTemplate\":\"https:\/\/oasismade.com\/fr\/?s={search_term_string}\"},\"query-input\":{\"@type\":\"PropertyValueSpecification\",\"valueRequired\":true,\"valueName\":\"search_term_string\"}}],\"inLanguage\":\"fr-CA\"}]}<\/script>\n<!-- \/ Yoast SEO plugin. -->","yoast_head_json":{"title":"Bouteille en aluminium - Oasismade","description":"Bouteille en aluminium personnalis\u00e9e \u2014 durable, l\u00e9g\u00e8re et enti\u00e8rement recyclable. Une solution d\u2019emballage \u00e9coresponsable, id\u00e9ale pour l\u2019eau, le vin et plus encore. Ajoutez votre logo pour mettre votre marque en valeur.","robots":{"index":"index","follow":"follow","max-snippet":"max-snippet:-1","max-image-preview":"max-image-preview:large","max-video-preview":"max-video-preview:-1"},"canonical":"https:\/\/oasismade.com\/fr\/produit\/aluminum-bottle\/","og_locale":"fr_CA","og_type":"article","og_title":"Bouteille en aluminium - Oasismade","og_description":"Bouteille en aluminium personnalis\u00e9e \u2014 durable, l\u00e9g\u00e8re et enti\u00e8rement recyclable. Une solution d\u2019emballage \u00e9coresponsable, id\u00e9ale pour l\u2019eau, le vin et plus encore. Ajoutez votre logo pour mettre votre marque en valeur.","og_url":"https:\/\/oasismade.com\/fr\/produit\/aluminum-bottle\/","og_site_name":"Oasismade","article_publisher":"https:\/\/www.facebook.com\/OasisMade\/","article_modified_time":"2026-04-14T18:15:19+00:00","og_image":[{"width":2160,"height":2160,"url":"https:\/\/oasismade.com\/wp-content\/uploads\/2025\/08\/Aluminum-bottles-6.jpg","type":"image\/jpeg"}],"twitter_card":"summary_large_image","twitter_misc":{"Est. reading time":"1 minute"},"schema":{"@context":"https:\/\/schema.org","@graph":[{"@type":"WebPage","@id":"https:\/\/oasismade.com\/fr\/produit\/aluminum-bottle\/","url":"https:\/\/oasismade.com\/fr\/produit\/aluminum-bottle\/","name":"Bouteille en aluminium - Oasismade","isPartOf":{"@id":"https:\/\/oasismade.com\/fr\/#website"},"primaryImageOfPage":{"@id":"https:\/\/oasismade.com\/fr\/produit\/aluminum-bottle\/#primaryimage"},"image":{"@id":"https:\/\/oasismade.com\/fr\/produit\/aluminum-bottle\/#primaryimage"},"thumbnailUrl":"https:\/\/oasismade.com\/wp-content\/uploads\/2025\/08\/Aluminum-bottles-6.jpg","datePublished":"2025-08-06T16:22:40+00:00","dateModified":"2026-04-14T18:15:19+00:00","description":"Bouteille en aluminium personnalis\u00e9e \u2014 durable, l\u00e9g\u00e8re et enti\u00e8rement recyclable. Une solution d\u2019emballage \u00e9coresponsable, id\u00e9ale pour l\u2019eau, le vin et plus encore. Ajoutez votre logo pour mettre votre marque en valeur.","breadcrumb":{"@id":"https:\/\/oasismade.com\/fr\/produit\/aluminum-bottle\/#breadcrumb"},"inLanguage":"fr-CA","potentialAction":[{"@type":"ReadAction","target":["https:\/\/oasismade.com\/fr\/produit\/aluminum-bottle\/"]}]},{"@type":"ImageObject","inLanguage":"fr-CA","@id":"https:\/\/oasismade.com\/fr\/produit\/aluminum-bottle\/#primaryimage","url":"https:\/\/oasismade.com\/wp-content\/uploads\/2025\/08\/Aluminum-bottles-6.jpg","contentUrl":"https:\/\/oasismade.com\/wp-content\/uploads\/2025\/08\/Aluminum-bottles-6.jpg","width":2160,"height":2160,"caption":"Aluminum-bottles"},{"@type":"BreadcrumbList","@id":"https:\/\/oasismade.com\/fr\/produit\/aluminum-bottle\/#breadcrumb","itemListElement":[{"@type":"ListItem","position":1,"name":"Accueil","item":"https:\/\/oasismade.com\/fr\/"},{"@type":"ListItem","position":2,"name":"Boutique","item":"https:\/\/oasismade.com\/fr\/catalogue\/"},{"@type":"ListItem","position":3,"name":"Bouteille en aluminium"}]},{"@type":"WebSite","@id":"https:\/\/oasismade.com\/fr\/#website","url":"https:\/\/oasismade.com\/fr\/","name":"Oasismade","description":"Sustainable Packaging Solution","potentialAction":[{"@type":"SearchAction","target":{"@type":"EntryPoint","urlTemplate":"https:\/\/oasismade.com\/fr\/?s={search_term_string}"},"query-input":{"@type":"PropertyValueSpecification","valueRequired":true,"valueName":"search_term_string"}}],"inLanguage":"fr-CA"}]}},"_links":{"self":[{"href":"https:\/\/oasismade.com\/fr\/wp-json\/wp\/v2\/product\/9266","targetHints":{"allow":["GET"]}}],"collection":[{"href":"https:\/\/oasismade.com\/fr\/wp-json\/wp\/v2\/product"}],"about":[{"href":"https:\/\/oasismade.com\/fr\/wp-json\/wp\/v2\/types\/product"}],"wp:featuredmedia":[{"embeddable":true,"href":"https:\/\/oasismade.com\/fr\/wp-json\/wp\/v2\/media\/9155"}],"wp:attachment":[{"href":"https:\/\/oasismade.com\/fr\/wp-json\/wp\/v2\/media?parent=9266"}],"wp:term":[{"taxonomy":"product_brand","embeddable":true,"href":"https:\/\/oasismade.com\/fr\/wp-json\/wp\/v2\/product_brand?post=9266"},{"taxonomy":"product_cat","embeddable":true,"href":"https:\/\/oasismade.com\/fr\/wp-json\/wp\/v2\/product_cat?post=9266"},{"taxonomy":"product_tag","embeddable":true,"href":"https:\/\/oasismade.com\/fr\/wp-json\/wp\/v2\/product_tag?post=9266"}],"curies":[{"name":"wp","href":"https:\/\/api.w.org\/{rel}","templated":true}]}}