{"id":9262,"date":"2025-10-03T01:49:30","date_gmt":"2025-10-03T01:49:30","guid":{"rendered":"https:\/\/oasismade.com\/product\/handheld-electric-milk-frother-whisk\/"},"modified":"2026-04-14T16:54:28","modified_gmt":"2026-04-14T16:54:28","slug":"mousseur-lait-electrique-portatif-fouet","status":"publish","type":"product","link":"https:\/\/oasismade.com\/fr\/produit\/mousseur-lait-electrique-portatif-fouet\/","title":{"rendered":"Mousseur \u00e0 lait \u00e9lectrique portatif (fouet)"},"content":{"rendered":"","protected":false},"excerpt":{"rendered":"<p>Rehaussez votre image de marque avec notre fouet \u00e9lectrique portatif personnalisable \u2014 un outil polyvalent con\u00e7u non seulement pour faire mousser le caf\u00e9 et les lattes, mais aussi pour m\u00e9langer les suppl\u00e9ments, les shakes prot\u00e9in\u00e9s, le matcha et plus encore. Fabriqu\u00e9 avec des mat\u00e9riaux de qualit\u00e9 sup\u00e9rieure et offert avec des options de marque priv\u00e9e, ce fouet est id\u00e9al pour \u00e9largir votre gamme de produits ou cr\u00e9er un cadeau promotionnel m\u00e9morable.<\/p>\n","protected":false},"featured_media":9178,"template":"","meta":[],"product_brand":[],"product_cat":[106],"product_tag":[],"class_list":{"0":"post-9262","1":"product","2":"type-product","3":"status-publish","4":"has-post-thumbnail","6":"product_cat-bouteilles-de-transport","8":"first","9":"instock","10":"shipping-taxable","11":"product-type-simple"},"yoast_head":"<!-- This site is optimized with the Yoast SEO plugin v25.5 - https:\/\/yoast.com\/wordpress\/plugins\/seo\/ -->\n<title>Mousseur \u00e0 lait \u00e9lectrique portatif (fouet) - Oasismade<\/title>\n<meta name=\"description\" content=\"Fouet \u00e9lectrique portatif personnalis\u00e9 pour le caf\u00e9, le matcha et les suppl\u00e9ments. Pr\u00eat pour la marque priv\u00e9e, avec options de logo et de couleurs pour mettre en valeur votre marque.\" \/>\n<meta name=\"robots\" content=\"index, follow, max-snippet:-1, max-image-preview:large, max-video-preview:-1\" \/>\n<link rel=\"canonical\" href=\"https:\/\/oasismade.com\/fr\/produit\/mousseur-lait-electrique-portatif-fouet\/\" \/>\n<meta property=\"og:locale\" content=\"fr_CA\" \/>\n<meta property=\"og:type\" content=\"article\" \/>\n<meta property=\"og:title\" content=\"Mousseur \u00e0 lait \u00e9lectrique portatif (fouet) - Oasismade\" \/>\n<meta property=\"og:description\" content=\"Fouet \u00e9lectrique portatif personnalis\u00e9 pour le caf\u00e9, le matcha et les suppl\u00e9ments. Pr\u00eat pour la marque priv\u00e9e, avec options de logo et de couleurs pour mettre en valeur votre marque.\" \/>\n<meta property=\"og:url\" content=\"https:\/\/oasismade.com\/fr\/produit\/mousseur-lait-electrique-portatif-fouet\/\" \/>\n<meta property=\"og:site_name\" content=\"Oasismade\" \/>\n<meta property=\"article:publisher\" content=\"https:\/\/www.facebook.com\/OasisMade\/\" \/>\n<meta property=\"article:modified_time\" content=\"2026-04-14T16:54:28+00:00\" \/>\n<meta property=\"og:image\" content=\"https:\/\/oasismade.com\/wp-content\/uploads\/2025\/10\/Metal-Whisk-1.jpg\" \/>\n\t<meta property=\"og:image:width\" content=\"750\" \/>\n\t<meta property=\"og:image:height\" content=\"750\" \/>\n\t<meta property=\"og:image:type\" content=\"image\/jpeg\" \/>\n<meta name=\"twitter:card\" content=\"summary_large_image\" \/>\n<meta name=\"twitter:label1\" content=\"Est. reading time\" \/>\n\t<meta name=\"twitter:data1\" content=\"1 minute\" \/>\n<script type=\"application\/ld+json\" class=\"yoast-schema-graph\">{\"@context\":\"https:\/\/schema.org\",\"@graph\":[{\"@type\":\"WebPage\",\"@id\":\"https:\/\/oasismade.com\/fr\/produit\/mousseur-lait-electrique-portatif-fouet\/\",\"url\":\"https:\/\/oasismade.com\/fr\/produit\/mousseur-lait-electrique-portatif-fouet\/\",\"name\":\"Mousseur \u00e0 lait \u00e9lectrique portatif (fouet) - Oasismade\",\"isPartOf\":{\"@id\":\"https:\/\/oasismade.com\/fr\/#website\"},\"primaryImageOfPage\":{\"@id\":\"https:\/\/oasismade.com\/fr\/produit\/mousseur-lait-electrique-portatif-fouet\/#primaryimage\"},\"image\":{\"@id\":\"https:\/\/oasismade.com\/fr\/produit\/mousseur-lait-electrique-portatif-fouet\/#primaryimage\"},\"thumbnailUrl\":\"https:\/\/oasismade.com\/wp-content\/uploads\/2025\/10\/Metal-Whisk-1.jpg\",\"datePublished\":\"2025-10-03T01:49:30+00:00\",\"dateModified\":\"2026-04-14T16:54:28+00:00\",\"description\":\"Fouet \u00e9lectrique portatif personnalis\u00e9 pour le caf\u00e9, le matcha et les suppl\u00e9ments. Pr\u00eat pour la marque priv\u00e9e, avec options de logo et de couleurs pour mettre en valeur votre marque.\",\"breadcrumb\":{\"@id\":\"https:\/\/oasismade.com\/fr\/produit\/mousseur-lait-electrique-portatif-fouet\/#breadcrumb\"},\"inLanguage\":\"fr-CA\",\"potentialAction\":[{\"@type\":\"ReadAction\",\"target\":[\"https:\/\/oasismade.com\/fr\/produit\/mousseur-lait-electrique-portatif-fouet\/\"]}]},{\"@type\":\"ImageObject\",\"inLanguage\":\"fr-CA\",\"@id\":\"https:\/\/oasismade.com\/fr\/produit\/mousseur-lait-electrique-portatif-fouet\/#primaryimage\",\"url\":\"https:\/\/oasismade.com\/wp-content\/uploads\/2025\/10\/Metal-Whisk-1.jpg\",\"contentUrl\":\"https:\/\/oasismade.com\/wp-content\/uploads\/2025\/10\/Metal-Whisk-1.jpg\",\"width\":750,\"height\":750},{\"@type\":\"BreadcrumbList\",\"@id\":\"https:\/\/oasismade.com\/fr\/produit\/mousseur-lait-electrique-portatif-fouet\/#breadcrumb\",\"itemListElement\":[{\"@type\":\"ListItem\",\"position\":1,\"name\":\"Accueil\",\"item\":\"https:\/\/oasismade.com\/fr\/\"},{\"@type\":\"ListItem\",\"position\":2,\"name\":\"Boutique\",\"item\":\"https:\/\/oasismade.com\/fr\/catalogue\/\"},{\"@type\":\"ListItem\",\"position\":3,\"name\":\"Mousseur \u00e0 lait \u00e9lectrique portatif (fouet)\"}]},{\"@type\":\"WebSite\",\"@id\":\"https:\/\/oasismade.com\/fr\/#website\",\"url\":\"https:\/\/oasismade.com\/fr\/\",\"name\":\"Oasismade\",\"description\":\"Sustainable Packaging Solution\",\"potentialAction\":[{\"@type\":\"SearchAction\",\"target\":{\"@type\":\"EntryPoint\",\"urlTemplate\":\"https:\/\/oasismade.com\/fr\/?s={search_term_string}\"},\"query-input\":{\"@type\":\"PropertyValueSpecification\",\"valueRequired\":true,\"valueName\":\"search_term_string\"}}],\"inLanguage\":\"fr-CA\"}]}<\/script>\n<!-- \/ Yoast SEO plugin. -->","yoast_head_json":{"title":"Mousseur \u00e0 lait \u00e9lectrique portatif (fouet) - Oasismade","description":"Fouet \u00e9lectrique portatif personnalis\u00e9 pour le caf\u00e9, le matcha et les suppl\u00e9ments. Pr\u00eat pour la marque priv\u00e9e, avec options de logo et de couleurs pour mettre en valeur votre marque.","robots":{"index":"index","follow":"follow","max-snippet":"max-snippet:-1","max-image-preview":"max-image-preview:large","max-video-preview":"max-video-preview:-1"},"canonical":"https:\/\/oasismade.com\/fr\/produit\/mousseur-lait-electrique-portatif-fouet\/","og_locale":"fr_CA","og_type":"article","og_title":"Mousseur \u00e0 lait \u00e9lectrique portatif (fouet) - Oasismade","og_description":"Fouet \u00e9lectrique portatif personnalis\u00e9 pour le caf\u00e9, le matcha et les suppl\u00e9ments. Pr\u00eat pour la marque priv\u00e9e, avec options de logo et de couleurs pour mettre en valeur votre marque.","og_url":"https:\/\/oasismade.com\/fr\/produit\/mousseur-lait-electrique-portatif-fouet\/","og_site_name":"Oasismade","article_publisher":"https:\/\/www.facebook.com\/OasisMade\/","article_modified_time":"2026-04-14T16:54:28+00:00","og_image":[{"width":750,"height":750,"url":"https:\/\/oasismade.com\/wp-content\/uploads\/2025\/10\/Metal-Whisk-1.jpg","type":"image\/jpeg"}],"twitter_card":"summary_large_image","twitter_misc":{"Est. reading time":"1 minute"},"schema":{"@context":"https:\/\/schema.org","@graph":[{"@type":"WebPage","@id":"https:\/\/oasismade.com\/fr\/produit\/mousseur-lait-electrique-portatif-fouet\/","url":"https:\/\/oasismade.com\/fr\/produit\/mousseur-lait-electrique-portatif-fouet\/","name":"Mousseur \u00e0 lait \u00e9lectrique portatif (fouet) - Oasismade","isPartOf":{"@id":"https:\/\/oasismade.com\/fr\/#website"},"primaryImageOfPage":{"@id":"https:\/\/oasismade.com\/fr\/produit\/mousseur-lait-electrique-portatif-fouet\/#primaryimage"},"image":{"@id":"https:\/\/oasismade.com\/fr\/produit\/mousseur-lait-electrique-portatif-fouet\/#primaryimage"},"thumbnailUrl":"https:\/\/oasismade.com\/wp-content\/uploads\/2025\/10\/Metal-Whisk-1.jpg","datePublished":"2025-10-03T01:49:30+00:00","dateModified":"2026-04-14T16:54:28+00:00","description":"Fouet \u00e9lectrique portatif personnalis\u00e9 pour le caf\u00e9, le matcha et les suppl\u00e9ments. Pr\u00eat pour la marque priv\u00e9e, avec options de logo et de couleurs pour mettre en valeur votre marque.","breadcrumb":{"@id":"https:\/\/oasismade.com\/fr\/produit\/mousseur-lait-electrique-portatif-fouet\/#breadcrumb"},"inLanguage":"fr-CA","potentialAction":[{"@type":"ReadAction","target":["https:\/\/oasismade.com\/fr\/produit\/mousseur-lait-electrique-portatif-fouet\/"]}]},{"@type":"ImageObject","inLanguage":"fr-CA","@id":"https:\/\/oasismade.com\/fr\/produit\/mousseur-lait-electrique-portatif-fouet\/#primaryimage","url":"https:\/\/oasismade.com\/wp-content\/uploads\/2025\/10\/Metal-Whisk-1.jpg","contentUrl":"https:\/\/oasismade.com\/wp-content\/uploads\/2025\/10\/Metal-Whisk-1.jpg","width":750,"height":750},{"@type":"BreadcrumbList","@id":"https:\/\/oasismade.com\/fr\/produit\/mousseur-lait-electrique-portatif-fouet\/#breadcrumb","itemListElement":[{"@type":"ListItem","position":1,"name":"Accueil","item":"https:\/\/oasismade.com\/fr\/"},{"@type":"ListItem","position":2,"name":"Boutique","item":"https:\/\/oasismade.com\/fr\/catalogue\/"},{"@type":"ListItem","position":3,"name":"Mousseur \u00e0 lait \u00e9lectrique portatif (fouet)"}]},{"@type":"WebSite","@id":"https:\/\/oasismade.com\/fr\/#website","url":"https:\/\/oasismade.com\/fr\/","name":"Oasismade","description":"Sustainable Packaging Solution","potentialAction":[{"@type":"SearchAction","target":{"@type":"EntryPoint","urlTemplate":"https:\/\/oasismade.com\/fr\/?s={search_term_string}"},"query-input":{"@type":"PropertyValueSpecification","valueRequired":true,"valueName":"search_term_string"}}],"inLanguage":"fr-CA"}]}},"_links":{"self":[{"href":"https:\/\/oasismade.com\/fr\/wp-json\/wp\/v2\/product\/9262","targetHints":{"allow":["GET"]}}],"collection":[{"href":"https:\/\/oasismade.com\/fr\/wp-json\/wp\/v2\/product"}],"about":[{"href":"https:\/\/oasismade.com\/fr\/wp-json\/wp\/v2\/types\/product"}],"wp:featuredmedia":[{"embeddable":true,"href":"https:\/\/oasismade.com\/fr\/wp-json\/wp\/v2\/media\/9178"}],"wp:attachment":[{"href":"https:\/\/oasismade.com\/fr\/wp-json\/wp\/v2\/media?parent=9262"}],"wp:term":[{"taxonomy":"product_brand","embeddable":true,"href":"https:\/\/oasismade.com\/fr\/wp-json\/wp\/v2\/product_brand?post=9262"},{"taxonomy":"product_cat","embeddable":true,"href":"https:\/\/oasismade.com\/fr\/wp-json\/wp\/v2\/product_cat?post=9262"},{"taxonomy":"product_tag","embeddable":true,"href":"https:\/\/oasismade.com\/fr\/wp-json\/wp\/v2\/product_tag?post=9262"}],"curies":[{"name":"wp","href":"https:\/\/api.w.org\/{rel}","templated":true}]}}