{"id":9260,"date":"2026-04-14T16:26:06","date_gmt":"2026-04-14T16:26:06","guid":{"rendered":"https:\/\/oasismade.com\/product\/contenant-a-soupe\/"},"modified":"2026-04-14T16:28:58","modified_gmt":"2026-04-14T16:28:58","slug":"contenant-a-soupe","status":"publish","type":"product","link":"https:\/\/oasismade.com\/fr\/produit\/contenant-a-soupe\/","title":{"rendered":"Contenant \u00e0 soupe"},"content":{"rendered":"","protected":false},"excerpt":{"rendered":"<p>Ajoutez un contenant \u00e0 soupe r\u00e9utilisable et haut de gamme \u00e0 votre gamme de produits ou \u00e0 vos campagnes promotionnelles. Con\u00e7u pour \u00eatre durable et personnalisable \u00e0 votre image de marque, ce contenant en acier inoxydable \u00e0 double paroi est id\u00e9al pour les marques alimentaires, les entreprises bien-\u00eatre ou les cadeaux corporatifs. Offert en plusieurs capacit\u00e9s et avec une grande vari\u00e9t\u00e9 d\u2019options d\u2019impression et de rev\u00eatement, c\u2019est un choix parfait pour les produits en marque priv\u00e9e.<\/p>\n","protected":false},"featured_media":9182,"template":"","meta":[],"product_brand":[],"product_cat":[223,106],"product_tag":[],"class_list":{"0":"post-9260","1":"product","2":"type-product","3":"status-publish","4":"has-post-thumbnail","6":"product_cat-stainless-steel-vaisselle","7":"product_cat-bouteilles-de-transport","9":"first","10":"instock","11":"shipping-taxable","12":"product-type-simple"},"yoast_head":"<!-- This site is optimized with the Yoast SEO plugin v25.5 - https:\/\/yoast.com\/wordpress\/plugins\/seo\/ -->\n<title>Contenant \u00e0 soupe - Oasismade<\/title>\n<meta name=\"description\" content=\"Contenants \u00e0 soupe personnalis\u00e9s en acier inoxydable avec isolation \u00e0 double paroi. Enti\u00e8rement personnalisables avec votre logo, vos couleurs et vos finis. Demandez une soumission d\u00e8s aujourd\u2019hui!\" \/>\n<meta name=\"robots\" content=\"index, follow, max-snippet:-1, max-image-preview:large, max-video-preview:-1\" \/>\n<link rel=\"canonical\" href=\"https:\/\/oasismade.com\/fr\/produit\/contenant-a-soupe\/\" \/>\n<meta property=\"og:locale\" content=\"fr_CA\" \/>\n<meta property=\"og:type\" content=\"article\" \/>\n<meta property=\"og:title\" content=\"Contenant \u00e0 soupe - Oasismade\" \/>\n<meta property=\"og:description\" content=\"Contenants \u00e0 soupe personnalis\u00e9s en acier inoxydable avec isolation \u00e0 double paroi. Enti\u00e8rement personnalisables avec votre logo, vos couleurs et vos finis. Demandez une soumission d\u00e8s aujourd\u2019hui!\" \/>\n<meta property=\"og:url\" content=\"https:\/\/oasismade.com\/fr\/produit\/contenant-a-soupe\/\" \/>\n<meta property=\"og:site_name\" content=\"Oasismade\" \/>\n<meta property=\"article:publisher\" content=\"https:\/\/www.facebook.com\/OasisMade\/\" \/>\n<meta property=\"article:modified_time\" content=\"2026-04-14T16:28:58+00:00\" \/>\n<meta property=\"og:image\" content=\"https:\/\/oasismade.com\/wp-content\/uploads\/2025\/10\/Soup-Container-1.png\" \/>\n\t<meta property=\"og:image:width\" content=\"966\" \/>\n\t<meta property=\"og:image:height\" content=\"966\" \/>\n\t<meta property=\"og:image:type\" content=\"image\/png\" \/>\n<meta name=\"twitter:card\" content=\"summary_large_image\" \/>\n<meta name=\"twitter:label1\" content=\"Est. reading time\" \/>\n\t<meta name=\"twitter:data1\" content=\"1 minute\" \/>\n<script type=\"application\/ld+json\" class=\"yoast-schema-graph\">{\"@context\":\"https:\/\/schema.org\",\"@graph\":[{\"@type\":\"WebPage\",\"@id\":\"https:\/\/oasismade.com\/fr\/produit\/contenant-a-soupe\/\",\"url\":\"https:\/\/oasismade.com\/fr\/produit\/contenant-a-soupe\/\",\"name\":\"Contenant \u00e0 soupe - Oasismade\",\"isPartOf\":{\"@id\":\"https:\/\/oasismade.com\/fr\/#website\"},\"primaryImageOfPage\":{\"@id\":\"https:\/\/oasismade.com\/fr\/produit\/contenant-a-soupe\/#primaryimage\"},\"image\":{\"@id\":\"https:\/\/oasismade.com\/fr\/produit\/contenant-a-soupe\/#primaryimage\"},\"thumbnailUrl\":\"https:\/\/oasismade.com\/wp-content\/uploads\/2025\/10\/Soup-Container-1.png\",\"datePublished\":\"2026-04-14T16:26:06+00:00\",\"dateModified\":\"2026-04-14T16:28:58+00:00\",\"description\":\"Contenants \u00e0 soupe personnalis\u00e9s en acier inoxydable avec isolation \u00e0 double paroi. Enti\u00e8rement personnalisables avec votre logo, vos couleurs et vos finis. Demandez une soumission d\u00e8s aujourd\u2019hui!\",\"breadcrumb\":{\"@id\":\"https:\/\/oasismade.com\/fr\/produit\/contenant-a-soupe\/#breadcrumb\"},\"inLanguage\":\"fr-CA\",\"potentialAction\":[{\"@type\":\"ReadAction\",\"target\":[\"https:\/\/oasismade.com\/fr\/produit\/contenant-a-soupe\/\"]}]},{\"@type\":\"ImageObject\",\"inLanguage\":\"fr-CA\",\"@id\":\"https:\/\/oasismade.com\/fr\/produit\/contenant-a-soupe\/#primaryimage\",\"url\":\"https:\/\/oasismade.com\/wp-content\/uploads\/2025\/10\/Soup-Container-1.png\",\"contentUrl\":\"https:\/\/oasismade.com\/wp-content\/uploads\/2025\/10\/Soup-Container-1.png\",\"width\":966,\"height\":966},{\"@type\":\"BreadcrumbList\",\"@id\":\"https:\/\/oasismade.com\/fr\/produit\/contenant-a-soupe\/#breadcrumb\",\"itemListElement\":[{\"@type\":\"ListItem\",\"position\":1,\"name\":\"Accueil\",\"item\":\"https:\/\/oasismade.com\/fr\/\"},{\"@type\":\"ListItem\",\"position\":2,\"name\":\"Boutique\",\"item\":\"https:\/\/oasismade.com\/fr\/catalogue\/\"},{\"@type\":\"ListItem\",\"position\":3,\"name\":\"Contenant \u00e0 soupe\"}]},{\"@type\":\"WebSite\",\"@id\":\"https:\/\/oasismade.com\/fr\/#website\",\"url\":\"https:\/\/oasismade.com\/fr\/\",\"name\":\"Oasismade\",\"description\":\"Sustainable Packaging Solution\",\"potentialAction\":[{\"@type\":\"SearchAction\",\"target\":{\"@type\":\"EntryPoint\",\"urlTemplate\":\"https:\/\/oasismade.com\/fr\/?s={search_term_string}\"},\"query-input\":{\"@type\":\"PropertyValueSpecification\",\"valueRequired\":true,\"valueName\":\"search_term_string\"}}],\"inLanguage\":\"fr-CA\"}]}<\/script>\n<!-- \/ Yoast SEO plugin. -->","yoast_head_json":{"title":"Contenant \u00e0 soupe - Oasismade","description":"Contenants \u00e0 soupe personnalis\u00e9s en acier inoxydable avec isolation \u00e0 double paroi. Enti\u00e8rement personnalisables avec votre logo, vos couleurs et vos finis. Demandez une soumission d\u00e8s aujourd\u2019hui!","robots":{"index":"index","follow":"follow","max-snippet":"max-snippet:-1","max-image-preview":"max-image-preview:large","max-video-preview":"max-video-preview:-1"},"canonical":"https:\/\/oasismade.com\/fr\/produit\/contenant-a-soupe\/","og_locale":"fr_CA","og_type":"article","og_title":"Contenant \u00e0 soupe - Oasismade","og_description":"Contenants \u00e0 soupe personnalis\u00e9s en acier inoxydable avec isolation \u00e0 double paroi. Enti\u00e8rement personnalisables avec votre logo, vos couleurs et vos finis. Demandez une soumission d\u00e8s aujourd\u2019hui!","og_url":"https:\/\/oasismade.com\/fr\/produit\/contenant-a-soupe\/","og_site_name":"Oasismade","article_publisher":"https:\/\/www.facebook.com\/OasisMade\/","article_modified_time":"2026-04-14T16:28:58+00:00","og_image":[{"width":966,"height":966,"url":"https:\/\/oasismade.com\/wp-content\/uploads\/2025\/10\/Soup-Container-1.png","type":"image\/png"}],"twitter_card":"summary_large_image","twitter_misc":{"Est. reading time":"1 minute"},"schema":{"@context":"https:\/\/schema.org","@graph":[{"@type":"WebPage","@id":"https:\/\/oasismade.com\/fr\/produit\/contenant-a-soupe\/","url":"https:\/\/oasismade.com\/fr\/produit\/contenant-a-soupe\/","name":"Contenant \u00e0 soupe - Oasismade","isPartOf":{"@id":"https:\/\/oasismade.com\/fr\/#website"},"primaryImageOfPage":{"@id":"https:\/\/oasismade.com\/fr\/produit\/contenant-a-soupe\/#primaryimage"},"image":{"@id":"https:\/\/oasismade.com\/fr\/produit\/contenant-a-soupe\/#primaryimage"},"thumbnailUrl":"https:\/\/oasismade.com\/wp-content\/uploads\/2025\/10\/Soup-Container-1.png","datePublished":"2026-04-14T16:26:06+00:00","dateModified":"2026-04-14T16:28:58+00:00","description":"Contenants \u00e0 soupe personnalis\u00e9s en acier inoxydable avec isolation \u00e0 double paroi. Enti\u00e8rement personnalisables avec votre logo, vos couleurs et vos finis. Demandez une soumission d\u00e8s aujourd\u2019hui!","breadcrumb":{"@id":"https:\/\/oasismade.com\/fr\/produit\/contenant-a-soupe\/#breadcrumb"},"inLanguage":"fr-CA","potentialAction":[{"@type":"ReadAction","target":["https:\/\/oasismade.com\/fr\/produit\/contenant-a-soupe\/"]}]},{"@type":"ImageObject","inLanguage":"fr-CA","@id":"https:\/\/oasismade.com\/fr\/produit\/contenant-a-soupe\/#primaryimage","url":"https:\/\/oasismade.com\/wp-content\/uploads\/2025\/10\/Soup-Container-1.png","contentUrl":"https:\/\/oasismade.com\/wp-content\/uploads\/2025\/10\/Soup-Container-1.png","width":966,"height":966},{"@type":"BreadcrumbList","@id":"https:\/\/oasismade.com\/fr\/produit\/contenant-a-soupe\/#breadcrumb","itemListElement":[{"@type":"ListItem","position":1,"name":"Accueil","item":"https:\/\/oasismade.com\/fr\/"},{"@type":"ListItem","position":2,"name":"Boutique","item":"https:\/\/oasismade.com\/fr\/catalogue\/"},{"@type":"ListItem","position":3,"name":"Contenant \u00e0 soupe"}]},{"@type":"WebSite","@id":"https:\/\/oasismade.com\/fr\/#website","url":"https:\/\/oasismade.com\/fr\/","name":"Oasismade","description":"Sustainable Packaging Solution","potentialAction":[{"@type":"SearchAction","target":{"@type":"EntryPoint","urlTemplate":"https:\/\/oasismade.com\/fr\/?s={search_term_string}"},"query-input":{"@type":"PropertyValueSpecification","valueRequired":true,"valueName":"search_term_string"}}],"inLanguage":"fr-CA"}]}},"_links":{"self":[{"href":"https:\/\/oasismade.com\/fr\/wp-json\/wp\/v2\/product\/9260","targetHints":{"allow":["GET"]}}],"collection":[{"href":"https:\/\/oasismade.com\/fr\/wp-json\/wp\/v2\/product"}],"about":[{"href":"https:\/\/oasismade.com\/fr\/wp-json\/wp\/v2\/types\/product"}],"wp:featuredmedia":[{"embeddable":true,"href":"https:\/\/oasismade.com\/fr\/wp-json\/wp\/v2\/media\/9182"}],"wp:attachment":[{"href":"https:\/\/oasismade.com\/fr\/wp-json\/wp\/v2\/media?parent=9260"}],"wp:term":[{"taxonomy":"product_brand","embeddable":true,"href":"https:\/\/oasismade.com\/fr\/wp-json\/wp\/v2\/product_brand?post=9260"},{"taxonomy":"product_cat","embeddable":true,"href":"https:\/\/oasismade.com\/fr\/wp-json\/wp\/v2\/product_cat?post=9260"},{"taxonomy":"product_tag","embeddable":true,"href":"https:\/\/oasismade.com\/fr\/wp-json\/wp\/v2\/product_tag?post=9260"}],"curies":[{"name":"wp","href":"https:\/\/api.w.org\/{rel}","templated":true}]}}