{"id":9258,"date":"2025-11-19T21:36:38","date_gmt":"2025-11-19T21:36:38","guid":{"rendered":"https:\/\/oasismade.com\/product\/seafood-meat-packaging-boxes\/"},"modified":"2026-04-14T16:12:13","modified_gmt":"2026-04-14T16:12:13","slug":"boites-alveolees-en-pp-pour-fruits-de-mer-et-viande","status":"publish","type":"product","link":"https:\/\/oasismade.com\/fr\/produit\/boites-alveolees-en-pp-pour-fruits-de-mer-et-viande\/","title":{"rendered":"Bo\u00eetes alv\u00e9ol\u00e9es en PP pour fruits de mer et viande"},"content":{"rendered":"","protected":false},"excerpt":{"rendered":"<p>Ces bo\u00eetes alv\u00e9ol\u00e9es en PP sont fabriqu\u00e9es en polypropyl\u00e8ne durable et imperm\u00e9able, offrant une r\u00e9sistance aux produits chimiques et aux moisissures l\u00e0 o\u00f9 le carton \u00e9choue. L\u00e9g\u00e8res mais robustes, elles permettent une utilisation r\u00e9p\u00e9t\u00e9e et des syst\u00e8mes de retour, r\u00e9duisant ainsi les d\u00e9chets et les co\u00fbts \u00e0 long terme. Enti\u00e8rement recyclables et personnalisables en taille, couleur, forme et image de marque, elles constituent une solution id\u00e9ale pour les secteurs alimentaire, industriel et de d\u00e9tail souhaitant am\u00e9liorer leur durabilit\u00e9.<\/p>\n","protected":false},"featured_media":9207,"template":"","meta":[],"product_brand":[],"product_cat":[210],"product_tag":[],"class_list":{"0":"post-9258","1":"product","2":"type-product","3":"status-publish","4":"has-post-thumbnail","6":"product_cat-emballage-et-papier","8":"first","9":"instock","10":"shipping-taxable","11":"product-type-simple"},"yoast_head":"<!-- This site is optimized with the Yoast SEO plugin v25.5 - https:\/\/yoast.com\/wordpress\/plugins\/seo\/ -->\n<title>Bo\u00eetes alv\u00e9ol\u00e9es en PP pour fruits de mer et viande - Oasismade<\/title>\n<meta name=\"description\" content=\"Bo\u00eetes d\u2019emballage durables et r\u00e9utilisables pour fruits de mer et viande, fabriqu\u00e9es en PP. Imperm\u00e9ables, l\u00e9g\u00e8res et personnalisables pour les marques alimentaires engag\u00e9es envers la durabilit\u00e9.\" \/>\n<meta name=\"robots\" content=\"index, follow, max-snippet:-1, max-image-preview:large, max-video-preview:-1\" \/>\n<link rel=\"canonical\" href=\"https:\/\/oasismade.com\/fr\/produit\/boites-alveolees-en-pp-pour-fruits-de-mer-et-viande\/\" \/>\n<meta property=\"og:locale\" content=\"fr_CA\" \/>\n<meta property=\"og:type\" content=\"article\" \/>\n<meta property=\"og:title\" content=\"Bo\u00eetes alv\u00e9ol\u00e9es en PP pour fruits de mer et viande - Oasismade\" \/>\n<meta property=\"og:description\" content=\"Bo\u00eetes d\u2019emballage durables et r\u00e9utilisables pour fruits de mer et viande, fabriqu\u00e9es en PP. Imperm\u00e9ables, l\u00e9g\u00e8res et personnalisables pour les marques alimentaires engag\u00e9es envers la durabilit\u00e9.\" \/>\n<meta property=\"og:url\" content=\"https:\/\/oasismade.com\/fr\/produit\/boites-alveolees-en-pp-pour-fruits-de-mer-et-viande\/\" \/>\n<meta property=\"og:site_name\" content=\"Oasismade\" \/>\n<meta property=\"article:publisher\" content=\"https:\/\/www.facebook.com\/OasisMade\/\" \/>\n<meta property=\"article:modified_time\" content=\"2026-04-14T16:12:13+00:00\" \/>\n<meta property=\"og:image\" content=\"https:\/\/oasismade.com\/wp-content\/uploads\/2025\/11\/Fish-Box-Polypropylene-Corrugated-Plastic-Packaging-copy.jpg\" \/>\n\t<meta property=\"og:image:width\" content=\"1290\" \/>\n\t<meta property=\"og:image:height\" content=\"1290\" \/>\n\t<meta property=\"og:image:type\" content=\"image\/jpeg\" \/>\n<meta name=\"twitter:card\" content=\"summary_large_image\" \/>\n<meta name=\"twitter:label1\" content=\"Est. reading time\" \/>\n\t<meta name=\"twitter:data1\" content=\"1 minute\" \/>\n<script type=\"application\/ld+json\" class=\"yoast-schema-graph\">{\"@context\":\"https:\/\/schema.org\",\"@graph\":[{\"@type\":\"WebPage\",\"@id\":\"https:\/\/oasismade.com\/fr\/produit\/boites-alveolees-en-pp-pour-fruits-de-mer-et-viande\/\",\"url\":\"https:\/\/oasismade.com\/fr\/produit\/boites-alveolees-en-pp-pour-fruits-de-mer-et-viande\/\",\"name\":\"Bo\u00eetes alv\u00e9ol\u00e9es en PP pour fruits de mer et viande - Oasismade\",\"isPartOf\":{\"@id\":\"https:\/\/oasismade.com\/fr\/#website\"},\"primaryImageOfPage\":{\"@id\":\"https:\/\/oasismade.com\/fr\/produit\/boites-alveolees-en-pp-pour-fruits-de-mer-et-viande\/#primaryimage\"},\"image\":{\"@id\":\"https:\/\/oasismade.com\/fr\/produit\/boites-alveolees-en-pp-pour-fruits-de-mer-et-viande\/#primaryimage\"},\"thumbnailUrl\":\"https:\/\/oasismade.com\/wp-content\/uploads\/2025\/11\/Fish-Box-Polypropylene-Corrugated-Plastic-Packaging-copy.jpg\",\"datePublished\":\"2025-11-19T21:36:38+00:00\",\"dateModified\":\"2026-04-14T16:12:13+00:00\",\"description\":\"Bo\u00eetes d\u2019emballage durables et r\u00e9utilisables pour fruits de mer et viande, fabriqu\u00e9es en PP. Imperm\u00e9ables, l\u00e9g\u00e8res et personnalisables pour les marques alimentaires engag\u00e9es envers la durabilit\u00e9.\",\"breadcrumb\":{\"@id\":\"https:\/\/oasismade.com\/fr\/produit\/boites-alveolees-en-pp-pour-fruits-de-mer-et-viande\/#breadcrumb\"},\"inLanguage\":\"fr-CA\",\"potentialAction\":[{\"@type\":\"ReadAction\",\"target\":[\"https:\/\/oasismade.com\/fr\/produit\/boites-alveolees-en-pp-pour-fruits-de-mer-et-viande\/\"]}]},{\"@type\":\"ImageObject\",\"inLanguage\":\"fr-CA\",\"@id\":\"https:\/\/oasismade.com\/fr\/produit\/boites-alveolees-en-pp-pour-fruits-de-mer-et-viande\/#primaryimage\",\"url\":\"https:\/\/oasismade.com\/wp-content\/uploads\/2025\/11\/Fish-Box-Polypropylene-Corrugated-Plastic-Packaging-copy.jpg\",\"contentUrl\":\"https:\/\/oasismade.com\/wp-content\/uploads\/2025\/11\/Fish-Box-Polypropylene-Corrugated-Plastic-Packaging-copy.jpg\",\"width\":1290,\"height\":1290,\"caption\":\"Screenshot\"},{\"@type\":\"BreadcrumbList\",\"@id\":\"https:\/\/oasismade.com\/fr\/produit\/boites-alveolees-en-pp-pour-fruits-de-mer-et-viande\/#breadcrumb\",\"itemListElement\":[{\"@type\":\"ListItem\",\"position\":1,\"name\":\"Accueil\",\"item\":\"https:\/\/oasismade.com\/fr\/\"},{\"@type\":\"ListItem\",\"position\":2,\"name\":\"Boutique\",\"item\":\"https:\/\/oasismade.com\/fr\/catalogue\/\"},{\"@type\":\"ListItem\",\"position\":3,\"name\":\"Bo\u00eetes alv\u00e9ol\u00e9es en PP pour fruits de mer et viande\"}]},{\"@type\":\"WebSite\",\"@id\":\"https:\/\/oasismade.com\/fr\/#website\",\"url\":\"https:\/\/oasismade.com\/fr\/\",\"name\":\"Oasismade\",\"description\":\"Sustainable Packaging Solution\",\"potentialAction\":[{\"@type\":\"SearchAction\",\"target\":{\"@type\":\"EntryPoint\",\"urlTemplate\":\"https:\/\/oasismade.com\/fr\/?s={search_term_string}\"},\"query-input\":{\"@type\":\"PropertyValueSpecification\",\"valueRequired\":true,\"valueName\":\"search_term_string\"}}],\"inLanguage\":\"fr-CA\"}]}<\/script>\n<!-- \/ Yoast SEO plugin. -->","yoast_head_json":{"title":"Bo\u00eetes alv\u00e9ol\u00e9es en PP pour fruits de mer et viande - Oasismade","description":"Bo\u00eetes d\u2019emballage durables et r\u00e9utilisables pour fruits de mer et viande, fabriqu\u00e9es en PP. Imperm\u00e9ables, l\u00e9g\u00e8res et personnalisables pour les marques alimentaires engag\u00e9es envers la durabilit\u00e9.","robots":{"index":"index","follow":"follow","max-snippet":"max-snippet:-1","max-image-preview":"max-image-preview:large","max-video-preview":"max-video-preview:-1"},"canonical":"https:\/\/oasismade.com\/fr\/produit\/boites-alveolees-en-pp-pour-fruits-de-mer-et-viande\/","og_locale":"fr_CA","og_type":"article","og_title":"Bo\u00eetes alv\u00e9ol\u00e9es en PP pour fruits de mer et viande - Oasismade","og_description":"Bo\u00eetes d\u2019emballage durables et r\u00e9utilisables pour fruits de mer et viande, fabriqu\u00e9es en PP. Imperm\u00e9ables, l\u00e9g\u00e8res et personnalisables pour les marques alimentaires engag\u00e9es envers la durabilit\u00e9.","og_url":"https:\/\/oasismade.com\/fr\/produit\/boites-alveolees-en-pp-pour-fruits-de-mer-et-viande\/","og_site_name":"Oasismade","article_publisher":"https:\/\/www.facebook.com\/OasisMade\/","article_modified_time":"2026-04-14T16:12:13+00:00","og_image":[{"width":1290,"height":1290,"url":"https:\/\/oasismade.com\/wp-content\/uploads\/2025\/11\/Fish-Box-Polypropylene-Corrugated-Plastic-Packaging-copy.jpg","type":"image\/jpeg"}],"twitter_card":"summary_large_image","twitter_misc":{"Est. reading time":"1 minute"},"schema":{"@context":"https:\/\/schema.org","@graph":[{"@type":"WebPage","@id":"https:\/\/oasismade.com\/fr\/produit\/boites-alveolees-en-pp-pour-fruits-de-mer-et-viande\/","url":"https:\/\/oasismade.com\/fr\/produit\/boites-alveolees-en-pp-pour-fruits-de-mer-et-viande\/","name":"Bo\u00eetes alv\u00e9ol\u00e9es en PP pour fruits de mer et viande - Oasismade","isPartOf":{"@id":"https:\/\/oasismade.com\/fr\/#website"},"primaryImageOfPage":{"@id":"https:\/\/oasismade.com\/fr\/produit\/boites-alveolees-en-pp-pour-fruits-de-mer-et-viande\/#primaryimage"},"image":{"@id":"https:\/\/oasismade.com\/fr\/produit\/boites-alveolees-en-pp-pour-fruits-de-mer-et-viande\/#primaryimage"},"thumbnailUrl":"https:\/\/oasismade.com\/wp-content\/uploads\/2025\/11\/Fish-Box-Polypropylene-Corrugated-Plastic-Packaging-copy.jpg","datePublished":"2025-11-19T21:36:38+00:00","dateModified":"2026-04-14T16:12:13+00:00","description":"Bo\u00eetes d\u2019emballage durables et r\u00e9utilisables pour fruits de mer et viande, fabriqu\u00e9es en PP. Imperm\u00e9ables, l\u00e9g\u00e8res et personnalisables pour les marques alimentaires engag\u00e9es envers la durabilit\u00e9.","breadcrumb":{"@id":"https:\/\/oasismade.com\/fr\/produit\/boites-alveolees-en-pp-pour-fruits-de-mer-et-viande\/#breadcrumb"},"inLanguage":"fr-CA","potentialAction":[{"@type":"ReadAction","target":["https:\/\/oasismade.com\/fr\/produit\/boites-alveolees-en-pp-pour-fruits-de-mer-et-viande\/"]}]},{"@type":"ImageObject","inLanguage":"fr-CA","@id":"https:\/\/oasismade.com\/fr\/produit\/boites-alveolees-en-pp-pour-fruits-de-mer-et-viande\/#primaryimage","url":"https:\/\/oasismade.com\/wp-content\/uploads\/2025\/11\/Fish-Box-Polypropylene-Corrugated-Plastic-Packaging-copy.jpg","contentUrl":"https:\/\/oasismade.com\/wp-content\/uploads\/2025\/11\/Fish-Box-Polypropylene-Corrugated-Plastic-Packaging-copy.jpg","width":1290,"height":1290,"caption":"Screenshot"},{"@type":"BreadcrumbList","@id":"https:\/\/oasismade.com\/fr\/produit\/boites-alveolees-en-pp-pour-fruits-de-mer-et-viande\/#breadcrumb","itemListElement":[{"@type":"ListItem","position":1,"name":"Accueil","item":"https:\/\/oasismade.com\/fr\/"},{"@type":"ListItem","position":2,"name":"Boutique","item":"https:\/\/oasismade.com\/fr\/catalogue\/"},{"@type":"ListItem","position":3,"name":"Bo\u00eetes alv\u00e9ol\u00e9es en PP pour fruits de mer et viande"}]},{"@type":"WebSite","@id":"https:\/\/oasismade.com\/fr\/#website","url":"https:\/\/oasismade.com\/fr\/","name":"Oasismade","description":"Sustainable Packaging Solution","potentialAction":[{"@type":"SearchAction","target":{"@type":"EntryPoint","urlTemplate":"https:\/\/oasismade.com\/fr\/?s={search_term_string}"},"query-input":{"@type":"PropertyValueSpecification","valueRequired":true,"valueName":"search_term_string"}}],"inLanguage":"fr-CA"}]}},"_links":{"self":[{"href":"https:\/\/oasismade.com\/fr\/wp-json\/wp\/v2\/product\/9258","targetHints":{"allow":["GET"]}}],"collection":[{"href":"https:\/\/oasismade.com\/fr\/wp-json\/wp\/v2\/product"}],"about":[{"href":"https:\/\/oasismade.com\/fr\/wp-json\/wp\/v2\/types\/product"}],"wp:featuredmedia":[{"embeddable":true,"href":"https:\/\/oasismade.com\/fr\/wp-json\/wp\/v2\/media\/9207"}],"wp:attachment":[{"href":"https:\/\/oasismade.com\/fr\/wp-json\/wp\/v2\/media?parent=9258"}],"wp:term":[{"taxonomy":"product_brand","embeddable":true,"href":"https:\/\/oasismade.com\/fr\/wp-json\/wp\/v2\/product_brand?post=9258"},{"taxonomy":"product_cat","embeddable":true,"href":"https:\/\/oasismade.com\/fr\/wp-json\/wp\/v2\/product_cat?post=9258"},{"taxonomy":"product_tag","embeddable":true,"href":"https:\/\/oasismade.com\/fr\/wp-json\/wp\/v2\/product_tag?post=9258"}],"curies":[{"name":"wp","href":"https:\/\/api.w.org\/{rel}","templated":true}]}}