{"id":9252,"date":"2026-01-07T18:02:58","date_gmt":"2026-01-07T18:02:58","guid":{"rendered":"https:\/\/oasismade.com\/?post_type=product&#038;p=9252"},"modified":"2026-04-14T15:42:49","modified_gmt":"2026-04-14T15:42:49","slug":"bouteille-en-tritan-couvercle-en-pp","status":"publish","type":"product","link":"https:\/\/oasismade.com\/fr\/produit\/bouteille-en-tritan-couvercle-en-pp\/","title":{"rendered":"Bouteille en Tritan + couvercle en PP"},"content":{"rendered":"","protected":false},"excerpt":{"rendered":"<h2>Pourquoi on aime la bouteille en Tritan avec couvercle en PP<\/h2>\n<p>Les bouteilles en Tritan OasisMade sont con\u00e7ues pour un usage quotidien \u2014 parfaites pour les m\u00e9langes de suppl\u00e9ments, les boissons fitness, l\u2019hydratation et les modes de vie actifs. Elles sont transparentes, durables, l\u00e9g\u00e8res et r\u00e9sistantes aux odeurs et aux taches, ce qui en fait un compagnon id\u00e9al pour la routine de vos clients.<\/p>\n","protected":false},"featured_media":9255,"template":"","meta":[],"product_brand":[],"product_cat":[224,106],"product_tag":[],"class_list":{"0":"post-9252","1":"product","2":"type-product","3":"status-publish","4":"has-post-thumbnail","6":"product_cat-tritan-vaisselle","7":"product_cat-bouteilles-de-transport","9":"first","10":"instock","11":"shipping-taxable","12":"product-type-simple"},"yoast_head":"<!-- This site is optimized with the Yoast SEO plugin v25.5 - https:\/\/yoast.com\/wordpress\/plugins\/seo\/ -->\n<title>Bouteille en Tritan + couvercle en PP - Oasismade<\/title>\n<meta name=\"description\" content=\"Bouteille en Tritan personnalis\u00e9e avec couvercle en PP \u2014 durable, transparente et id\u00e9ale pour les m\u00e9langes de suppl\u00e9ments, le fitness et un usage quotidien. Personnalisez-la avec votre logo. Demandez une soumission!\" \/>\n<meta name=\"robots\" content=\"index, follow, max-snippet:-1, max-image-preview:large, max-video-preview:-1\" \/>\n<link rel=\"canonical\" href=\"https:\/\/oasismade.com\/fr\/produit\/bouteille-en-tritan-couvercle-en-pp\/\" \/>\n<meta property=\"og:locale\" content=\"fr_CA\" \/>\n<meta property=\"og:type\" content=\"article\" \/>\n<meta property=\"og:title\" content=\"Bouteille en Tritan + couvercle en PP - Oasismade\" \/>\n<meta property=\"og:description\" content=\"Bouteille en Tritan personnalis\u00e9e avec couvercle en PP \u2014 durable, transparente et id\u00e9ale pour les m\u00e9langes de suppl\u00e9ments, le fitness et un usage quotidien. Personnalisez-la avec votre logo. Demandez une soumission!\" \/>\n<meta property=\"og:url\" content=\"https:\/\/oasismade.com\/fr\/produit\/bouteille-en-tritan-couvercle-en-pp\/\" \/>\n<meta property=\"og:site_name\" content=\"Oasismade\" \/>\n<meta property=\"article:publisher\" content=\"https:\/\/www.facebook.com\/OasisMade\/\" \/>\n<meta property=\"article:modified_time\" content=\"2026-04-14T15:42:49+00:00\" \/>\n<meta property=\"og:image\" content=\"https:\/\/oasismade.com\/wp-content\/uploads\/2026\/01\/Tritan-Bottle-w-pp-lid-copy.jpg\" \/>\n\t<meta property=\"og:image:width\" content=\"1980\" \/>\n\t<meta property=\"og:image:height\" content=\"1980\" \/>\n\t<meta property=\"og:image:type\" content=\"image\/jpeg\" \/>\n<meta name=\"twitter:card\" content=\"summary_large_image\" \/>\n<meta name=\"twitter:label1\" content=\"Est. reading time\" \/>\n\t<meta name=\"twitter:data1\" content=\"1 minute\" \/>\n<script type=\"application\/ld+json\" class=\"yoast-schema-graph\">{\"@context\":\"https:\/\/schema.org\",\"@graph\":[{\"@type\":\"WebPage\",\"@id\":\"https:\/\/oasismade.com\/fr\/produit\/bouteille-en-tritan-couvercle-en-pp\/\",\"url\":\"https:\/\/oasismade.com\/fr\/produit\/bouteille-en-tritan-couvercle-en-pp\/\",\"name\":\"Bouteille en Tritan + couvercle en PP - Oasismade\",\"isPartOf\":{\"@id\":\"https:\/\/oasismade.com\/fr\/#website\"},\"primaryImageOfPage\":{\"@id\":\"https:\/\/oasismade.com\/fr\/produit\/bouteille-en-tritan-couvercle-en-pp\/#primaryimage\"},\"image\":{\"@id\":\"https:\/\/oasismade.com\/fr\/produit\/bouteille-en-tritan-couvercle-en-pp\/#primaryimage\"},\"thumbnailUrl\":\"https:\/\/oasismade.com\/wp-content\/uploads\/2026\/01\/Tritan-Bottle-w-pp-lid-copy.jpg\",\"datePublished\":\"2026-01-07T18:02:58+00:00\",\"dateModified\":\"2026-04-14T15:42:49+00:00\",\"description\":\"Bouteille en Tritan personnalis\u00e9e avec couvercle en PP \u2014 durable, transparente et id\u00e9ale pour les m\u00e9langes de suppl\u00e9ments, le fitness et un usage quotidien. Personnalisez-la avec votre logo. Demandez une soumission!\",\"breadcrumb\":{\"@id\":\"https:\/\/oasismade.com\/fr\/produit\/bouteille-en-tritan-couvercle-en-pp\/#breadcrumb\"},\"inLanguage\":\"fr-CA\",\"potentialAction\":[{\"@type\":\"ReadAction\",\"target\":[\"https:\/\/oasismade.com\/fr\/produit\/bouteille-en-tritan-couvercle-en-pp\/\"]}]},{\"@type\":\"ImageObject\",\"inLanguage\":\"fr-CA\",\"@id\":\"https:\/\/oasismade.com\/fr\/produit\/bouteille-en-tritan-couvercle-en-pp\/#primaryimage\",\"url\":\"https:\/\/oasismade.com\/wp-content\/uploads\/2026\/01\/Tritan-Bottle-w-pp-lid-copy.jpg\",\"contentUrl\":\"https:\/\/oasismade.com\/wp-content\/uploads\/2026\/01\/Tritan-Bottle-w-pp-lid-copy.jpg\",\"width\":1980,\"height\":1980},{\"@type\":\"BreadcrumbList\",\"@id\":\"https:\/\/oasismade.com\/fr\/produit\/bouteille-en-tritan-couvercle-en-pp\/#breadcrumb\",\"itemListElement\":[{\"@type\":\"ListItem\",\"position\":1,\"name\":\"Accueil\",\"item\":\"https:\/\/oasismade.com\/fr\/\"},{\"@type\":\"ListItem\",\"position\":2,\"name\":\"Boutique\",\"item\":\"https:\/\/oasismade.com\/fr\/catalogue\/\"},{\"@type\":\"ListItem\",\"position\":3,\"name\":\"Bouteille en Tritan + couvercle en PP\"}]},{\"@type\":\"WebSite\",\"@id\":\"https:\/\/oasismade.com\/fr\/#website\",\"url\":\"https:\/\/oasismade.com\/fr\/\",\"name\":\"Oasismade\",\"description\":\"Sustainable Packaging Solution\",\"potentialAction\":[{\"@type\":\"SearchAction\",\"target\":{\"@type\":\"EntryPoint\",\"urlTemplate\":\"https:\/\/oasismade.com\/fr\/?s={search_term_string}\"},\"query-input\":{\"@type\":\"PropertyValueSpecification\",\"valueRequired\":true,\"valueName\":\"search_term_string\"}}],\"inLanguage\":\"fr-CA\"}]}<\/script>\n<!-- \/ Yoast SEO plugin. -->","yoast_head_json":{"title":"Bouteille en Tritan + couvercle en PP - Oasismade","description":"Bouteille en Tritan personnalis\u00e9e avec couvercle en PP \u2014 durable, transparente et id\u00e9ale pour les m\u00e9langes de suppl\u00e9ments, le fitness et un usage quotidien. Personnalisez-la avec votre logo. Demandez une soumission!","robots":{"index":"index","follow":"follow","max-snippet":"max-snippet:-1","max-image-preview":"max-image-preview:large","max-video-preview":"max-video-preview:-1"},"canonical":"https:\/\/oasismade.com\/fr\/produit\/bouteille-en-tritan-couvercle-en-pp\/","og_locale":"fr_CA","og_type":"article","og_title":"Bouteille en Tritan + couvercle en PP - Oasismade","og_description":"Bouteille en Tritan personnalis\u00e9e avec couvercle en PP \u2014 durable, transparente et id\u00e9ale pour les m\u00e9langes de suppl\u00e9ments, le fitness et un usage quotidien. Personnalisez-la avec votre logo. Demandez une soumission!","og_url":"https:\/\/oasismade.com\/fr\/produit\/bouteille-en-tritan-couvercle-en-pp\/","og_site_name":"Oasismade","article_publisher":"https:\/\/www.facebook.com\/OasisMade\/","article_modified_time":"2026-04-14T15:42:49+00:00","og_image":[{"width":1980,"height":1980,"url":"https:\/\/oasismade.com\/wp-content\/uploads\/2026\/01\/Tritan-Bottle-w-pp-lid-copy.jpg","type":"image\/jpeg"}],"twitter_card":"summary_large_image","twitter_misc":{"Est. reading time":"1 minute"},"schema":{"@context":"https:\/\/schema.org","@graph":[{"@type":"WebPage","@id":"https:\/\/oasismade.com\/fr\/produit\/bouteille-en-tritan-couvercle-en-pp\/","url":"https:\/\/oasismade.com\/fr\/produit\/bouteille-en-tritan-couvercle-en-pp\/","name":"Bouteille en Tritan + couvercle en PP - Oasismade","isPartOf":{"@id":"https:\/\/oasismade.com\/fr\/#website"},"primaryImageOfPage":{"@id":"https:\/\/oasismade.com\/fr\/produit\/bouteille-en-tritan-couvercle-en-pp\/#primaryimage"},"image":{"@id":"https:\/\/oasismade.com\/fr\/produit\/bouteille-en-tritan-couvercle-en-pp\/#primaryimage"},"thumbnailUrl":"https:\/\/oasismade.com\/wp-content\/uploads\/2026\/01\/Tritan-Bottle-w-pp-lid-copy.jpg","datePublished":"2026-01-07T18:02:58+00:00","dateModified":"2026-04-14T15:42:49+00:00","description":"Bouteille en Tritan personnalis\u00e9e avec couvercle en PP \u2014 durable, transparente et id\u00e9ale pour les m\u00e9langes de suppl\u00e9ments, le fitness et un usage quotidien. Personnalisez-la avec votre logo. Demandez une soumission!","breadcrumb":{"@id":"https:\/\/oasismade.com\/fr\/produit\/bouteille-en-tritan-couvercle-en-pp\/#breadcrumb"},"inLanguage":"fr-CA","potentialAction":[{"@type":"ReadAction","target":["https:\/\/oasismade.com\/fr\/produit\/bouteille-en-tritan-couvercle-en-pp\/"]}]},{"@type":"ImageObject","inLanguage":"fr-CA","@id":"https:\/\/oasismade.com\/fr\/produit\/bouteille-en-tritan-couvercle-en-pp\/#primaryimage","url":"https:\/\/oasismade.com\/wp-content\/uploads\/2026\/01\/Tritan-Bottle-w-pp-lid-copy.jpg","contentUrl":"https:\/\/oasismade.com\/wp-content\/uploads\/2026\/01\/Tritan-Bottle-w-pp-lid-copy.jpg","width":1980,"height":1980},{"@type":"BreadcrumbList","@id":"https:\/\/oasismade.com\/fr\/produit\/bouteille-en-tritan-couvercle-en-pp\/#breadcrumb","itemListElement":[{"@type":"ListItem","position":1,"name":"Accueil","item":"https:\/\/oasismade.com\/fr\/"},{"@type":"ListItem","position":2,"name":"Boutique","item":"https:\/\/oasismade.com\/fr\/catalogue\/"},{"@type":"ListItem","position":3,"name":"Bouteille en Tritan + couvercle en PP"}]},{"@type":"WebSite","@id":"https:\/\/oasismade.com\/fr\/#website","url":"https:\/\/oasismade.com\/fr\/","name":"Oasismade","description":"Sustainable Packaging Solution","potentialAction":[{"@type":"SearchAction","target":{"@type":"EntryPoint","urlTemplate":"https:\/\/oasismade.com\/fr\/?s={search_term_string}"},"query-input":{"@type":"PropertyValueSpecification","valueRequired":true,"valueName":"search_term_string"}}],"inLanguage":"fr-CA"}]}},"_links":{"self":[{"href":"https:\/\/oasismade.com\/fr\/wp-json\/wp\/v2\/product\/9252","targetHints":{"allow":["GET"]}}],"collection":[{"href":"https:\/\/oasismade.com\/fr\/wp-json\/wp\/v2\/product"}],"about":[{"href":"https:\/\/oasismade.com\/fr\/wp-json\/wp\/v2\/types\/product"}],"wp:featuredmedia":[{"embeddable":true,"href":"https:\/\/oasismade.com\/fr\/wp-json\/wp\/v2\/media\/9255"}],"wp:attachment":[{"href":"https:\/\/oasismade.com\/fr\/wp-json\/wp\/v2\/media?parent=9252"}],"wp:term":[{"taxonomy":"product_brand","embeddable":true,"href":"https:\/\/oasismade.com\/fr\/wp-json\/wp\/v2\/product_brand?post=9252"},{"taxonomy":"product_cat","embeddable":true,"href":"https:\/\/oasismade.com\/fr\/wp-json\/wp\/v2\/product_cat?post=9252"},{"taxonomy":"product_tag","embeddable":true,"href":"https:\/\/oasismade.com\/fr\/wp-json\/wp\/v2\/product_tag?post=9252"}],"curies":[{"name":"wp","href":"https:\/\/api.w.org\/{rel}","templated":true}]}}