{"id":9190,"date":"2025-10-06T18:39:21","date_gmt":"2025-10-06T18:39:21","guid":{"rendered":"https:\/\/oasismade.com\/?post_type=product&#038;p=9190"},"modified":"2026-04-14T16:04:08","modified_gmt":"2026-04-14T16:04:08","slug":"bouteille-shaker-en-acier-inoxydable","status":"publish","type":"product","link":"https:\/\/oasismade.com\/fr\/produit\/bouteille-shaker-en-acier-inoxydable\/","title":{"rendered":"Bouteille shaker en acier inoxydable"},"content":{"rendered":"","protected":false},"excerpt":{"rendered":"<h2>Pourquoi on aime cette bouteille shaker en acier inoxydable<\/h2>\n<p data-start=\"102\" data-end=\"576\">Con\u00e7ue pour les marques qui recherchent un produit \u00e0 la fois haut de gamme et fonctionnel, notre bouteille shaker en acier inoxydable est le support id\u00e9al pour votre image de marque. Parfaite pour les suppl\u00e9ments, vitamines, studios de fitness et programmes bien-\u00eatre, elle combine durabilit\u00e9, performance et un design \u00e9pur\u00e9 pr\u00eat pour la vente \u2014 ce qui la rend id\u00e9ale autant pour la revente que pour les campagnes promotionnelles ou les cadeaux exclusifs pour vos clients.<\/p>\n","protected":false},"featured_media":9245,"template":"","meta":[],"product_brand":[],"product_cat":[223,106],"product_tag":[],"class_list":{"0":"post-9190","1":"product","2":"type-product","3":"status-publish","4":"has-post-thumbnail","6":"product_cat-stainless-steel-vaisselle","7":"product_cat-bouteilles-de-transport","9":"first","10":"instock","11":"shipping-taxable","12":"product-type-simple"},"yoast_head":"<!-- This site is optimized with the Yoast SEO plugin v25.5 - https:\/\/yoast.com\/wordpress\/plugins\/seo\/ -->\n<title>Bouteille shaker en acier inoxydable - Oasismade<\/title>\n<meta name=\"description\" content=\"Bouteille shaker durable en acier inoxydable, con\u00e7ue pour le marquage personnalis\u00e9. Options OEM et marque priv\u00e9e disponibles pour la vente au d\u00e9tail, les cadeaux corporatifs et les articles promotionnels haut de gamme.\" \/>\n<meta name=\"robots\" content=\"index, follow, max-snippet:-1, max-image-preview:large, max-video-preview:-1\" \/>\n<link rel=\"canonical\" href=\"https:\/\/oasismade.com\/fr\/produit\/bouteille-shaker-en-acier-inoxydable\/\" \/>\n<meta property=\"og:locale\" content=\"fr_CA\" \/>\n<meta property=\"og:type\" content=\"article\" \/>\n<meta property=\"og:title\" content=\"Bouteille shaker en acier inoxydable - Oasismade\" \/>\n<meta property=\"og:description\" content=\"Bouteille shaker durable en acier inoxydable, con\u00e7ue pour le marquage personnalis\u00e9. Options OEM et marque priv\u00e9e disponibles pour la vente au d\u00e9tail, les cadeaux corporatifs et les articles promotionnels haut de gamme.\" \/>\n<meta property=\"og:url\" content=\"https:\/\/oasismade.com\/fr\/produit\/bouteille-shaker-en-acier-inoxydable\/\" \/>\n<meta property=\"og:site_name\" content=\"Oasismade\" \/>\n<meta property=\"article:publisher\" content=\"https:\/\/www.facebook.com\/OasisMade\/\" \/>\n<meta property=\"article:modified_time\" content=\"2026-04-14T16:04:08+00:00\" \/>\n<meta property=\"og:image\" content=\"https:\/\/oasismade.com\/wp-content\/uploads\/2025\/10\/Stainless-Steel-Shaker-Bottle-1.jpg\" \/>\n\t<meta property=\"og:image:width\" content=\"800\" \/>\n\t<meta property=\"og:image:height\" content=\"800\" \/>\n\t<meta property=\"og:image:type\" content=\"image\/jpeg\" \/>\n<meta name=\"twitter:card\" content=\"summary_large_image\" \/>\n<meta name=\"twitter:label1\" content=\"Est. reading time\" \/>\n\t<meta name=\"twitter:data1\" content=\"1 minute\" \/>\n<script type=\"application\/ld+json\" class=\"yoast-schema-graph\">{\"@context\":\"https:\/\/schema.org\",\"@graph\":[{\"@type\":\"WebPage\",\"@id\":\"https:\/\/oasismade.com\/fr\/produit\/bouteille-shaker-en-acier-inoxydable\/\",\"url\":\"https:\/\/oasismade.com\/fr\/produit\/bouteille-shaker-en-acier-inoxydable\/\",\"name\":\"Bouteille shaker en acier inoxydable - Oasismade\",\"isPartOf\":{\"@id\":\"https:\/\/oasismade.com\/fr\/#website\"},\"primaryImageOfPage\":{\"@id\":\"https:\/\/oasismade.com\/fr\/produit\/bouteille-shaker-en-acier-inoxydable\/#primaryimage\"},\"image\":{\"@id\":\"https:\/\/oasismade.com\/fr\/produit\/bouteille-shaker-en-acier-inoxydable\/#primaryimage\"},\"thumbnailUrl\":\"https:\/\/oasismade.com\/wp-content\/uploads\/2025\/10\/Stainless-Steel-Shaker-Bottle-1.jpg\",\"datePublished\":\"2025-10-06T18:39:21+00:00\",\"dateModified\":\"2026-04-14T16:04:08+00:00\",\"description\":\"Bouteille shaker durable en acier inoxydable, con\u00e7ue pour le marquage personnalis\u00e9. Options OEM et marque priv\u00e9e disponibles pour la vente au d\u00e9tail, les cadeaux corporatifs et les articles promotionnels haut de gamme.\",\"breadcrumb\":{\"@id\":\"https:\/\/oasismade.com\/fr\/produit\/bouteille-shaker-en-acier-inoxydable\/#breadcrumb\"},\"inLanguage\":\"fr-CA\",\"potentialAction\":[{\"@type\":\"ReadAction\",\"target\":[\"https:\/\/oasismade.com\/fr\/produit\/bouteille-shaker-en-acier-inoxydable\/\"]}]},{\"@type\":\"ImageObject\",\"inLanguage\":\"fr-CA\",\"@id\":\"https:\/\/oasismade.com\/fr\/produit\/bouteille-shaker-en-acier-inoxydable\/#primaryimage\",\"url\":\"https:\/\/oasismade.com\/wp-content\/uploads\/2025\/10\/Stainless-Steel-Shaker-Bottle-1.jpg\",\"contentUrl\":\"https:\/\/oasismade.com\/wp-content\/uploads\/2025\/10\/Stainless-Steel-Shaker-Bottle-1.jpg\",\"width\":800,\"height\":800},{\"@type\":\"BreadcrumbList\",\"@id\":\"https:\/\/oasismade.com\/fr\/produit\/bouteille-shaker-en-acier-inoxydable\/#breadcrumb\",\"itemListElement\":[{\"@type\":\"ListItem\",\"position\":1,\"name\":\"Accueil\",\"item\":\"https:\/\/oasismade.com\/fr\/\"},{\"@type\":\"ListItem\",\"position\":2,\"name\":\"Boutique\",\"item\":\"https:\/\/oasismade.com\/fr\/catalogue\/\"},{\"@type\":\"ListItem\",\"position\":3,\"name\":\"Bouteille shaker en acier inoxydable\"}]},{\"@type\":\"WebSite\",\"@id\":\"https:\/\/oasismade.com\/fr\/#website\",\"url\":\"https:\/\/oasismade.com\/fr\/\",\"name\":\"Oasismade\",\"description\":\"Sustainable Packaging Solution\",\"potentialAction\":[{\"@type\":\"SearchAction\",\"target\":{\"@type\":\"EntryPoint\",\"urlTemplate\":\"https:\/\/oasismade.com\/fr\/?s={search_term_string}\"},\"query-input\":{\"@type\":\"PropertyValueSpecification\",\"valueRequired\":true,\"valueName\":\"search_term_string\"}}],\"inLanguage\":\"fr-CA\"}]}<\/script>\n<!-- \/ Yoast SEO plugin. -->","yoast_head_json":{"title":"Bouteille shaker en acier inoxydable - Oasismade","description":"Bouteille shaker durable en acier inoxydable, con\u00e7ue pour le marquage personnalis\u00e9. Options OEM et marque priv\u00e9e disponibles pour la vente au d\u00e9tail, les cadeaux corporatifs et les articles promotionnels haut de gamme.","robots":{"index":"index","follow":"follow","max-snippet":"max-snippet:-1","max-image-preview":"max-image-preview:large","max-video-preview":"max-video-preview:-1"},"canonical":"https:\/\/oasismade.com\/fr\/produit\/bouteille-shaker-en-acier-inoxydable\/","og_locale":"fr_CA","og_type":"article","og_title":"Bouteille shaker en acier inoxydable - Oasismade","og_description":"Bouteille shaker durable en acier inoxydable, con\u00e7ue pour le marquage personnalis\u00e9. Options OEM et marque priv\u00e9e disponibles pour la vente au d\u00e9tail, les cadeaux corporatifs et les articles promotionnels haut de gamme.","og_url":"https:\/\/oasismade.com\/fr\/produit\/bouteille-shaker-en-acier-inoxydable\/","og_site_name":"Oasismade","article_publisher":"https:\/\/www.facebook.com\/OasisMade\/","article_modified_time":"2026-04-14T16:04:08+00:00","og_image":[{"width":800,"height":800,"url":"https:\/\/oasismade.com\/wp-content\/uploads\/2025\/10\/Stainless-Steel-Shaker-Bottle-1.jpg","type":"image\/jpeg"}],"twitter_card":"summary_large_image","twitter_misc":{"Est. reading time":"1 minute"},"schema":{"@context":"https:\/\/schema.org","@graph":[{"@type":"WebPage","@id":"https:\/\/oasismade.com\/fr\/produit\/bouteille-shaker-en-acier-inoxydable\/","url":"https:\/\/oasismade.com\/fr\/produit\/bouteille-shaker-en-acier-inoxydable\/","name":"Bouteille shaker en acier inoxydable - Oasismade","isPartOf":{"@id":"https:\/\/oasismade.com\/fr\/#website"},"primaryImageOfPage":{"@id":"https:\/\/oasismade.com\/fr\/produit\/bouteille-shaker-en-acier-inoxydable\/#primaryimage"},"image":{"@id":"https:\/\/oasismade.com\/fr\/produit\/bouteille-shaker-en-acier-inoxydable\/#primaryimage"},"thumbnailUrl":"https:\/\/oasismade.com\/wp-content\/uploads\/2025\/10\/Stainless-Steel-Shaker-Bottle-1.jpg","datePublished":"2025-10-06T18:39:21+00:00","dateModified":"2026-04-14T16:04:08+00:00","description":"Bouteille shaker durable en acier inoxydable, con\u00e7ue pour le marquage personnalis\u00e9. Options OEM et marque priv\u00e9e disponibles pour la vente au d\u00e9tail, les cadeaux corporatifs et les articles promotionnels haut de gamme.","breadcrumb":{"@id":"https:\/\/oasismade.com\/fr\/produit\/bouteille-shaker-en-acier-inoxydable\/#breadcrumb"},"inLanguage":"fr-CA","potentialAction":[{"@type":"ReadAction","target":["https:\/\/oasismade.com\/fr\/produit\/bouteille-shaker-en-acier-inoxydable\/"]}]},{"@type":"ImageObject","inLanguage":"fr-CA","@id":"https:\/\/oasismade.com\/fr\/produit\/bouteille-shaker-en-acier-inoxydable\/#primaryimage","url":"https:\/\/oasismade.com\/wp-content\/uploads\/2025\/10\/Stainless-Steel-Shaker-Bottle-1.jpg","contentUrl":"https:\/\/oasismade.com\/wp-content\/uploads\/2025\/10\/Stainless-Steel-Shaker-Bottle-1.jpg","width":800,"height":800},{"@type":"BreadcrumbList","@id":"https:\/\/oasismade.com\/fr\/produit\/bouteille-shaker-en-acier-inoxydable\/#breadcrumb","itemListElement":[{"@type":"ListItem","position":1,"name":"Accueil","item":"https:\/\/oasismade.com\/fr\/"},{"@type":"ListItem","position":2,"name":"Boutique","item":"https:\/\/oasismade.com\/fr\/catalogue\/"},{"@type":"ListItem","position":3,"name":"Bouteille shaker en acier inoxydable"}]},{"@type":"WebSite","@id":"https:\/\/oasismade.com\/fr\/#website","url":"https:\/\/oasismade.com\/fr\/","name":"Oasismade","description":"Sustainable Packaging Solution","potentialAction":[{"@type":"SearchAction","target":{"@type":"EntryPoint","urlTemplate":"https:\/\/oasismade.com\/fr\/?s={search_term_string}"},"query-input":{"@type":"PropertyValueSpecification","valueRequired":true,"valueName":"search_term_string"}}],"inLanguage":"fr-CA"}]}},"_links":{"self":[{"href":"https:\/\/oasismade.com\/fr\/wp-json\/wp\/v2\/product\/9190","targetHints":{"allow":["GET"]}}],"collection":[{"href":"https:\/\/oasismade.com\/fr\/wp-json\/wp\/v2\/product"}],"about":[{"href":"https:\/\/oasismade.com\/fr\/wp-json\/wp\/v2\/types\/product"}],"wp:featuredmedia":[{"embeddable":true,"href":"https:\/\/oasismade.com\/fr\/wp-json\/wp\/v2\/media\/9245"}],"wp:attachment":[{"href":"https:\/\/oasismade.com\/fr\/wp-json\/wp\/v2\/media?parent=9190"}],"wp:term":[{"taxonomy":"product_brand","embeddable":true,"href":"https:\/\/oasismade.com\/fr\/wp-json\/wp\/v2\/product_brand?post=9190"},{"taxonomy":"product_cat","embeddable":true,"href":"https:\/\/oasismade.com\/fr\/wp-json\/wp\/v2\/product_cat?post=9190"},{"taxonomy":"product_tag","embeddable":true,"href":"https:\/\/oasismade.com\/fr\/wp-json\/wp\/v2\/product_tag?post=9190"}],"curies":[{"name":"wp","href":"https:\/\/api.w.org\/{rel}","templated":true}]}}