{"id":8381,"date":"2022-03-28T16:03:29","date_gmt":"2022-08-19T20:12:38","guid":{"rendered":"https:\/\/oasismade.com\/?post_type=product&#038;p=8381"},"modified":"2022-08-19T20:12:39","modified_gmt":"2022-08-19T20:12:39","slug":"emballage-de-concentre","status":"publish","type":"product","link":"https:\/\/oasismade.com\/fr\/produit\/emballage-de-concentre\/","title":{"rendered":"Emballage de concentr\u00e9"},"content":{"rendered":"<p><strong>PERSONNALISATION<\/strong><\/p>\n<p>Nous offrons des formes et des formats personnalis\u00e9es, afin qu&rsquo;ils puissent rencontrer vos besoins. Nous pouvons \u00e9galement concevoir votre produit avec un emballage personnalis\u00e9 joliment emball\u00e9 et pr\u00eat pour les rayons des magasins. Notre personnel de soutien aux ventes s\u2019occupe de la logistique et des d\u00e9lais de production. Ils sont l\u00e0 vous aider \u00e0 g\u00e9rer le processus de personnalisation et les d\u00e9lais, pour que vous n&rsquo;ayez pas \u00e0 le faire!<\/p>\n<p><strong>L\u2019ENSEMBLE COMPLET<\/strong><\/p>\n<p>Contactez l&rsquo;un de nos repr\u00e9sentants OasisMade et cr\u00e9ez l&#8217;emballage parfait aux points de vente pour cet emballage de concentr\u00e9. Les options de personnalisation que nous proposons vous permettent de cr\u00e9er l&rsquo;article de vos r\u00eaves. Concevez la solution d&#8217;emballage adapt\u00e9e \u00e0 votre produit, joliment emball\u00e9 et pr\u00eat pour les rayons des magasins. Laissez notre \u00e9quipe vous sugg\u00e9rer des solutions pour l`emballage, l&rsquo;exp\u00e9rience de vente au d\u00e9tail et l&rsquo;image de marque.<\/p>\n<p><strong>Demandez un devis d\u00e8s aujourd&rsquo;hui et apprenez-en plus sur la fa\u00e7on de personnaliser cet item et d\u2019en faire une super solution \u00e9cologique pour votre entreprise<\/strong><\/p>\n","protected":false},"excerpt":{"rendered":"<p>Les emballages de concentr\u00e9 de cannabis poss\u00e8dent des caract\u00e9ristiques sp\u00e9cifiques qui les rendent id\u00e9aux pour le stockage de produits tels que les huiles, les cires ou autres extraits qui ont tendance \u00e0 coller aux produits d\u2019entreposage conventionnels. Nous vous offrons notre soutien du d\u00e9but \u00e0 la fin de votre concept de marque et lui donnant vie et en r\u00e9pondant \u00e0 tous ses besoins et toutes ses fonctionnalit\u00e9s.<\/p>\n<h2>Cet emballage de concentr\u00e9 comprend\u00a0:<\/h2>\n<ul>\n<li>Permet que le contenu soit bien scell\u00e9.<\/li>\n<li>Garde les produits pr\u00e9-roul\u00e9s.<\/li>\n<li>Options personnalis\u00e9es disponibles.<\/li>\n<\/ul>\n","protected":false},"featured_media":8096,"template":"","meta":[],"product_brand":[],"product_cat":[212],"product_tag":[],"class_list":{"0":"post-8381","1":"product","2":"type-product","3":"status-publish","4":"has-post-thumbnail","6":"product_cat-emballage-pour-le-cannabis","8":"first","9":"instock","10":"shipping-taxable","11":"product-type-simple"},"yoast_head":"<!-- This site is optimized with the Yoast SEO plugin v25.5 - https:\/\/yoast.com\/wordpress\/plugins\/seo\/ -->\n<title>Emballage de concentr\u00e9 - Oasismade<\/title>\n<meta name=\"robots\" content=\"index, follow, max-snippet:-1, max-image-preview:large, max-video-preview:-1\" \/>\n<link rel=\"canonical\" href=\"https:\/\/oasismade.com\/fr\/produit\/emballage-de-concentre\/\" \/>\n<meta property=\"og:locale\" content=\"fr_CA\" \/>\n<meta property=\"og:type\" content=\"article\" \/>\n<meta property=\"og:title\" content=\"Emballage de concentr\u00e9 - Oasismade\" \/>\n<meta property=\"og:description\" content=\"Les emballages de concentr\u00e9 de cannabis poss\u00e8dent des caract\u00e9ristiques sp\u00e9cifiques qui les rendent id\u00e9aux pour le stockage de produits tels que les huiles, les cires ou autres extraits qui ont tendance \u00e0 coller aux produits d\u2019entreposage conventionnels. Nous vous offrons notre soutien du d\u00e9but \u00e0 la fin de votre concept de marque et lui donnant vie et en r\u00e9pondant \u00e0 tous ses besoins et toutes ses fonctionnalit\u00e9s. Cet emballage de concentr\u00e9 comprend\u00a0:   Permet que le contenu soit bien scell\u00e9.  Garde les produits pr\u00e9-roul\u00e9s.  Options personnalis\u00e9es disponibles.\" \/>\n<meta property=\"og:url\" content=\"https:\/\/oasismade.com\/fr\/produit\/emballage-de-concentre\/\" \/>\n<meta property=\"og:site_name\" content=\"Oasismade\" \/>\n<meta property=\"article:publisher\" content=\"https:\/\/www.facebook.com\/OasisMade\/\" \/>\n<meta property=\"article:modified_time\" content=\"2022-08-19T20:12:39+00:00\" \/>\n<meta property=\"og:image\" content=\"https:\/\/oasismade.com\/wp-content\/uploads\/2022\/03\/Photo-website-1.png\" \/>\n\t<meta property=\"og:image:width\" content=\"1080\" \/>\n\t<meta property=\"og:image:height\" content=\"1080\" \/>\n\t<meta property=\"og:image:type\" content=\"image\/png\" \/>\n<meta name=\"twitter:card\" content=\"summary_large_image\" \/>\n<meta name=\"twitter:label1\" content=\"Est. reading time\" \/>\n\t<meta name=\"twitter:data1\" content=\"1 minute\" \/>\n<script type=\"application\/ld+json\" class=\"yoast-schema-graph\">{\"@context\":\"https:\/\/schema.org\",\"@graph\":[{\"@type\":\"WebPage\",\"@id\":\"https:\/\/oasismade.com\/fr\/produit\/emballage-de-concentre\/\",\"url\":\"https:\/\/oasismade.com\/fr\/produit\/emballage-de-concentre\/\",\"name\":\"Emballage de concentr\u00e9 - Oasismade\",\"isPartOf\":{\"@id\":\"https:\/\/oasismade.com\/fr\/#website\"},\"primaryImageOfPage\":{\"@id\":\"https:\/\/oasismade.com\/fr\/produit\/emballage-de-concentre\/#primaryimage\"},\"image\":{\"@id\":\"https:\/\/oasismade.com\/fr\/produit\/emballage-de-concentre\/#primaryimage\"},\"thumbnailUrl\":\"https:\/\/oasismade.com\/wp-content\/uploads\/2022\/03\/Photo-website-1.png\",\"datePublished\":\"2022-08-19T20:12:38+00:00\",\"dateModified\":\"2022-08-19T20:12:39+00:00\",\"breadcrumb\":{\"@id\":\"https:\/\/oasismade.com\/fr\/produit\/emballage-de-concentre\/#breadcrumb\"},\"inLanguage\":\"fr-CA\",\"potentialAction\":[{\"@type\":\"ReadAction\",\"target\":[\"https:\/\/oasismade.com\/fr\/produit\/emballage-de-concentre\/\"]}]},{\"@type\":\"ImageObject\",\"inLanguage\":\"fr-CA\",\"@id\":\"https:\/\/oasismade.com\/fr\/produit\/emballage-de-concentre\/#primaryimage\",\"url\":\"https:\/\/oasismade.com\/wp-content\/uploads\/2022\/03\/Photo-website-1.png\",\"contentUrl\":\"https:\/\/oasismade.com\/wp-content\/uploads\/2022\/03\/Photo-website-1.png\",\"width\":1080,\"height\":1080,\"caption\":\"Concentrate-Packaging\"},{\"@type\":\"BreadcrumbList\",\"@id\":\"https:\/\/oasismade.com\/fr\/produit\/emballage-de-concentre\/#breadcrumb\",\"itemListElement\":[{\"@type\":\"ListItem\",\"position\":1,\"name\":\"Accueil\",\"item\":\"https:\/\/oasismade.com\/fr\/\"},{\"@type\":\"ListItem\",\"position\":2,\"name\":\"Boutique\",\"item\":\"https:\/\/oasismade.com\/fr\/catalogue\/\"},{\"@type\":\"ListItem\",\"position\":3,\"name\":\"Emballage de concentr\u00e9\"}]},{\"@type\":\"WebSite\",\"@id\":\"https:\/\/oasismade.com\/fr\/#website\",\"url\":\"https:\/\/oasismade.com\/fr\/\",\"name\":\"Oasismade\",\"description\":\"Sustainable Packaging Solution\",\"potentialAction\":[{\"@type\":\"SearchAction\",\"target\":{\"@type\":\"EntryPoint\",\"urlTemplate\":\"https:\/\/oasismade.com\/fr\/?s={search_term_string}\"},\"query-input\":{\"@type\":\"PropertyValueSpecification\",\"valueRequired\":true,\"valueName\":\"search_term_string\"}}],\"inLanguage\":\"fr-CA\"}]}<\/script>\n<!-- \/ Yoast SEO plugin. -->","yoast_head_json":{"title":"Emballage de concentr\u00e9 - Oasismade","robots":{"index":"index","follow":"follow","max-snippet":"max-snippet:-1","max-image-preview":"max-image-preview:large","max-video-preview":"max-video-preview:-1"},"canonical":"https:\/\/oasismade.com\/fr\/produit\/emballage-de-concentre\/","og_locale":"fr_CA","og_type":"article","og_title":"Emballage de concentr\u00e9 - Oasismade","og_description":"Les emballages de concentr\u00e9 de cannabis poss\u00e8dent des caract\u00e9ristiques sp\u00e9cifiques qui les rendent id\u00e9aux pour le stockage de produits tels que les huiles, les cires ou autres extraits qui ont tendance \u00e0 coller aux produits d\u2019entreposage conventionnels. Nous vous offrons notre soutien du d\u00e9but \u00e0 la fin de votre concept de marque et lui donnant vie et en r\u00e9pondant \u00e0 tous ses besoins et toutes ses fonctionnalit\u00e9s. Cet emballage de concentr\u00e9 comprend\u00a0:   Permet que le contenu soit bien scell\u00e9.  Garde les produits pr\u00e9-roul\u00e9s.  Options personnalis\u00e9es disponibles.","og_url":"https:\/\/oasismade.com\/fr\/produit\/emballage-de-concentre\/","og_site_name":"Oasismade","article_publisher":"https:\/\/www.facebook.com\/OasisMade\/","article_modified_time":"2022-08-19T20:12:39+00:00","og_image":[{"width":1080,"height":1080,"url":"https:\/\/oasismade.com\/wp-content\/uploads\/2022\/03\/Photo-website-1.png","type":"image\/png"}],"twitter_card":"summary_large_image","twitter_misc":{"Est. reading time":"1 minute"},"schema":{"@context":"https:\/\/schema.org","@graph":[{"@type":"WebPage","@id":"https:\/\/oasismade.com\/fr\/produit\/emballage-de-concentre\/","url":"https:\/\/oasismade.com\/fr\/produit\/emballage-de-concentre\/","name":"Emballage de concentr\u00e9 - Oasismade","isPartOf":{"@id":"https:\/\/oasismade.com\/fr\/#website"},"primaryImageOfPage":{"@id":"https:\/\/oasismade.com\/fr\/produit\/emballage-de-concentre\/#primaryimage"},"image":{"@id":"https:\/\/oasismade.com\/fr\/produit\/emballage-de-concentre\/#primaryimage"},"thumbnailUrl":"https:\/\/oasismade.com\/wp-content\/uploads\/2022\/03\/Photo-website-1.png","datePublished":"2022-08-19T20:12:38+00:00","dateModified":"2022-08-19T20:12:39+00:00","breadcrumb":{"@id":"https:\/\/oasismade.com\/fr\/produit\/emballage-de-concentre\/#breadcrumb"},"inLanguage":"fr-CA","potentialAction":[{"@type":"ReadAction","target":["https:\/\/oasismade.com\/fr\/produit\/emballage-de-concentre\/"]}]},{"@type":"ImageObject","inLanguage":"fr-CA","@id":"https:\/\/oasismade.com\/fr\/produit\/emballage-de-concentre\/#primaryimage","url":"https:\/\/oasismade.com\/wp-content\/uploads\/2022\/03\/Photo-website-1.png","contentUrl":"https:\/\/oasismade.com\/wp-content\/uploads\/2022\/03\/Photo-website-1.png","width":1080,"height":1080,"caption":"Concentrate-Packaging"},{"@type":"BreadcrumbList","@id":"https:\/\/oasismade.com\/fr\/produit\/emballage-de-concentre\/#breadcrumb","itemListElement":[{"@type":"ListItem","position":1,"name":"Accueil","item":"https:\/\/oasismade.com\/fr\/"},{"@type":"ListItem","position":2,"name":"Boutique","item":"https:\/\/oasismade.com\/fr\/catalogue\/"},{"@type":"ListItem","position":3,"name":"Emballage de concentr\u00e9"}]},{"@type":"WebSite","@id":"https:\/\/oasismade.com\/fr\/#website","url":"https:\/\/oasismade.com\/fr\/","name":"Oasismade","description":"Sustainable Packaging Solution","potentialAction":[{"@type":"SearchAction","target":{"@type":"EntryPoint","urlTemplate":"https:\/\/oasismade.com\/fr\/?s={search_term_string}"},"query-input":{"@type":"PropertyValueSpecification","valueRequired":true,"valueName":"search_term_string"}}],"inLanguage":"fr-CA"}]}},"_links":{"self":[{"href":"https:\/\/oasismade.com\/fr\/wp-json\/wp\/v2\/product\/8381","targetHints":{"allow":["GET"]}}],"collection":[{"href":"https:\/\/oasismade.com\/fr\/wp-json\/wp\/v2\/product"}],"about":[{"href":"https:\/\/oasismade.com\/fr\/wp-json\/wp\/v2\/types\/product"}],"wp:featuredmedia":[{"embeddable":true,"href":"https:\/\/oasismade.com\/fr\/wp-json\/wp\/v2\/media\/8096"}],"wp:attachment":[{"href":"https:\/\/oasismade.com\/fr\/wp-json\/wp\/v2\/media?parent=8381"}],"wp:term":[{"taxonomy":"product_brand","embeddable":true,"href":"https:\/\/oasismade.com\/fr\/wp-json\/wp\/v2\/product_brand?post=8381"},{"taxonomy":"product_cat","embeddable":true,"href":"https:\/\/oasismade.com\/fr\/wp-json\/wp\/v2\/product_cat?post=8381"},{"taxonomy":"product_tag","embeddable":true,"href":"https:\/\/oasismade.com\/fr\/wp-json\/wp\/v2\/product_tag?post=8381"}],"curies":[{"name":"wp","href":"https:\/\/api.w.org\/{rel}","templated":true}]}}