{"id":8380,"date":"2022-04-28T14:56:39","date_gmt":"2022-08-19T19:53:42","guid":{"rendered":"https:\/\/oasismade.com\/?post_type=product&#038;p=8380"},"modified":"2022-08-19T19:53:43","modified_gmt":"2022-08-19T19:53:43","slug":"bocaux-en-verre","status":"publish","type":"product","link":"https:\/\/oasismade.com\/fr\/produit\/bocaux-en-verre\/","title":{"rendered":"Bocaux en verre"},"content":{"rendered":"<p><strong>PERSONNALISATION<\/strong><\/p>\n<p>Nous offrons des formes et des formats personnalis\u00e9es, afin qu&rsquo;ils puissent rencontrer vos besoins. Nous pouvons \u00e9galement concevoir votre produit avec un emballage personnalis\u00e9 joliment emball\u00e9 et pr\u00eat pour les rayons des magasins. Notre personnel de soutien aux ventes s\u2019occupe de la logistique et des d\u00e9lais de production. Ils sont l\u00e0 vous aider \u00e0 g\u00e9rer le processus de personnalisation et les d\u00e9lais, pour que vous n&rsquo;ayez pas \u00e0 le faire!<\/p>\n<p><strong>L\u2019ENSEMBLE COMPLET<\/strong><\/p>\n<p>Contactez l&rsquo;un de nos repr\u00e9sentants OasisMade et cr\u00e9ez l&#8217;emballage parfait aux points de vente pour ce bocal en verre. Les options de personnalisation que nous proposons vous permettent de cr\u00e9er l&rsquo;article de vos r\u00eaves. Concevez la solution d&#8217;emballage adapt\u00e9e \u00e0 votre produit, joliment emball\u00e9 et pr\u00eat pour les rayons des magasins. Laissez notre \u00e9quipe vous sugg\u00e9rer des solutions pour l`emballage, l&rsquo;exp\u00e9rience de vente au d\u00e9tail et l&rsquo;image de marque.<\/p>\n<p><strong>Demandez un devis d\u00e8s aujourd&rsquo;hui et apprenez-en plus sur la fa\u00e7on de personnaliser cet item et d\u2019en faire une super solution \u00e9cologique pour votre entreprise.<\/strong><\/p>\n","protected":false},"excerpt":{"rendered":"<h2>Pourquoi aimons-nous ces bocaux en verre:<\/h2>\n<p>Les bocaux en verre ont une large ouverture et d\u2019\u00e9paisses parois. Simples, \u00e9l\u00e9gants, ils sont attirants avec une \u00e9tiquette ou une impression s\u00e9rigraphique. Conservez votre cannabis dans des bocaux en verre herm\u00e9tiques pour garantir la stabilit\u00e9 thermique, la r\u00e9sistance \u00e0 la corrosion chimique et sa long\u00e9vit\u00e9.<\/p>\n<p>Ce bocal en verre transparent est id\u00e9al pour la pr\u00e9sentation de votre produit. Nous pouvons personnaliser toute solution d&#8217;emballage pour r\u00e9pondre \u00e0 vos besoins.<\/p>\n<h2>Ces bocaux en verre comprennent:<\/h2>\n<ul>\n<li>Aide \u00e0 pr\u00e9server la fraicheur du produit.<\/li>\n<li>Utilis\u00e9 pour emballer la fleur de cannabis.<\/li>\n<li>Options personnalis\u00e9es disponibles<\/li>\n<\/ul>\n","protected":false},"featured_media":8195,"template":"","meta":[],"product_brand":[],"product_cat":[212],"product_tag":[],"class_list":{"0":"post-8380","1":"product","2":"type-product","3":"status-publish","4":"has-post-thumbnail","6":"product_cat-emballage-pour-le-cannabis","8":"first","9":"instock","10":"shipping-taxable","11":"product-type-simple"},"yoast_head":"<!-- This site is optimized with the Yoast SEO plugin v25.5 - https:\/\/yoast.com\/wordpress\/plugins\/seo\/ -->\n<title>Bocaux en verre - Oasismade<\/title>\n<meta name=\"robots\" content=\"index, follow, max-snippet:-1, max-image-preview:large, max-video-preview:-1\" \/>\n<link rel=\"canonical\" href=\"https:\/\/oasismade.com\/fr\/produit\/bocaux-en-verre\/\" \/>\n<meta property=\"og:locale\" content=\"fr_CA\" \/>\n<meta property=\"og:type\" content=\"article\" \/>\n<meta property=\"og:title\" content=\"Bocaux en verre - Oasismade\" \/>\n<meta property=\"og:description\" content=\"Pourquoi aimons-nous ces bocaux en verre: Les bocaux en verre ont une large ouverture et d\u2019\u00e9paisses parois. Simples, \u00e9l\u00e9gants, ils sont attirants avec une \u00e9tiquette ou une impression s\u00e9rigraphique. Conservez votre cannabis dans des bocaux en verre herm\u00e9tiques pour garantir la stabilit\u00e9 thermique, la r\u00e9sistance \u00e0 la corrosion chimique et sa long\u00e9vit\u00e9.  Ce bocal en verre transparent est id\u00e9al pour la pr\u00e9sentation de votre produit. Nous pouvons personnaliser toute solution d&#039;emballage pour r\u00e9pondre \u00e0 vos besoins. Ces bocaux en verre comprennent:   Aide \u00e0 pr\u00e9server la fraicheur du produit.  Utilis\u00e9 pour emballer la fleur de cannabis.  Options personnalis\u00e9es disponibles\" \/>\n<meta property=\"og:url\" content=\"https:\/\/oasismade.com\/fr\/produit\/bocaux-en-verre\/\" \/>\n<meta property=\"og:site_name\" content=\"Oasismade\" \/>\n<meta property=\"article:publisher\" content=\"https:\/\/www.facebook.com\/OasisMade\/\" \/>\n<meta property=\"article:modified_time\" content=\"2022-08-19T19:53:43+00:00\" \/>\n<meta property=\"og:image\" content=\"https:\/\/oasismade.com\/wp-content\/uploads\/2022\/04\/Glass-Jar-copy.jpg\" \/>\n\t<meta property=\"og:image:width\" content=\"793\" \/>\n\t<meta property=\"og:image:height\" content=\"794\" \/>\n\t<meta property=\"og:image:type\" content=\"image\/jpeg\" \/>\n<meta name=\"twitter:card\" content=\"summary_large_image\" \/>\n<meta name=\"twitter:label1\" content=\"Est. reading time\" \/>\n\t<meta name=\"twitter:data1\" content=\"1 minute\" \/>\n<script type=\"application\/ld+json\" class=\"yoast-schema-graph\">{\"@context\":\"https:\/\/schema.org\",\"@graph\":[{\"@type\":\"WebPage\",\"@id\":\"https:\/\/oasismade.com\/fr\/produit\/bocaux-en-verre\/\",\"url\":\"https:\/\/oasismade.com\/fr\/produit\/bocaux-en-verre\/\",\"name\":\"Bocaux en verre - Oasismade\",\"isPartOf\":{\"@id\":\"https:\/\/oasismade.com\/fr\/#website\"},\"primaryImageOfPage\":{\"@id\":\"https:\/\/oasismade.com\/fr\/produit\/bocaux-en-verre\/#primaryimage\"},\"image\":{\"@id\":\"https:\/\/oasismade.com\/fr\/produit\/bocaux-en-verre\/#primaryimage\"},\"thumbnailUrl\":\"https:\/\/oasismade.com\/wp-content\/uploads\/2022\/04\/Glass-Jar-copy.jpg\",\"datePublished\":\"2022-08-19T19:53:42+00:00\",\"dateModified\":\"2022-08-19T19:53:43+00:00\",\"breadcrumb\":{\"@id\":\"https:\/\/oasismade.com\/fr\/produit\/bocaux-en-verre\/#breadcrumb\"},\"inLanguage\":\"fr-CA\",\"potentialAction\":[{\"@type\":\"ReadAction\",\"target\":[\"https:\/\/oasismade.com\/fr\/produit\/bocaux-en-verre\/\"]}]},{\"@type\":\"ImageObject\",\"inLanguage\":\"fr-CA\",\"@id\":\"https:\/\/oasismade.com\/fr\/produit\/bocaux-en-verre\/#primaryimage\",\"url\":\"https:\/\/oasismade.com\/wp-content\/uploads\/2022\/04\/Glass-Jar-copy.jpg\",\"contentUrl\":\"https:\/\/oasismade.com\/wp-content\/uploads\/2022\/04\/Glass-Jar-copy.jpg\",\"width\":793,\"height\":794,\"caption\":\"Glass Jar\"},{\"@type\":\"BreadcrumbList\",\"@id\":\"https:\/\/oasismade.com\/fr\/produit\/bocaux-en-verre\/#breadcrumb\",\"itemListElement\":[{\"@type\":\"ListItem\",\"position\":1,\"name\":\"Accueil\",\"item\":\"https:\/\/oasismade.com\/fr\/\"},{\"@type\":\"ListItem\",\"position\":2,\"name\":\"Boutique\",\"item\":\"https:\/\/oasismade.com\/fr\/catalogue\/\"},{\"@type\":\"ListItem\",\"position\":3,\"name\":\"Bocaux en verre\"}]},{\"@type\":\"WebSite\",\"@id\":\"https:\/\/oasismade.com\/fr\/#website\",\"url\":\"https:\/\/oasismade.com\/fr\/\",\"name\":\"Oasismade\",\"description\":\"Sustainable Packaging Solution\",\"potentialAction\":[{\"@type\":\"SearchAction\",\"target\":{\"@type\":\"EntryPoint\",\"urlTemplate\":\"https:\/\/oasismade.com\/fr\/?s={search_term_string}\"},\"query-input\":{\"@type\":\"PropertyValueSpecification\",\"valueRequired\":true,\"valueName\":\"search_term_string\"}}],\"inLanguage\":\"fr-CA\"}]}<\/script>\n<!-- \/ Yoast SEO plugin. -->","yoast_head_json":{"title":"Bocaux en verre - Oasismade","robots":{"index":"index","follow":"follow","max-snippet":"max-snippet:-1","max-image-preview":"max-image-preview:large","max-video-preview":"max-video-preview:-1"},"canonical":"https:\/\/oasismade.com\/fr\/produit\/bocaux-en-verre\/","og_locale":"fr_CA","og_type":"article","og_title":"Bocaux en verre - Oasismade","og_description":"Pourquoi aimons-nous ces bocaux en verre: Les bocaux en verre ont une large ouverture et d\u2019\u00e9paisses parois. Simples, \u00e9l\u00e9gants, ils sont attirants avec une \u00e9tiquette ou une impression s\u00e9rigraphique. Conservez votre cannabis dans des bocaux en verre herm\u00e9tiques pour garantir la stabilit\u00e9 thermique, la r\u00e9sistance \u00e0 la corrosion chimique et sa long\u00e9vit\u00e9.  Ce bocal en verre transparent est id\u00e9al pour la pr\u00e9sentation de votre produit. Nous pouvons personnaliser toute solution d'emballage pour r\u00e9pondre \u00e0 vos besoins. Ces bocaux en verre comprennent:   Aide \u00e0 pr\u00e9server la fraicheur du produit.  Utilis\u00e9 pour emballer la fleur de cannabis.  Options personnalis\u00e9es disponibles","og_url":"https:\/\/oasismade.com\/fr\/produit\/bocaux-en-verre\/","og_site_name":"Oasismade","article_publisher":"https:\/\/www.facebook.com\/OasisMade\/","article_modified_time":"2022-08-19T19:53:43+00:00","og_image":[{"width":793,"height":794,"url":"https:\/\/oasismade.com\/wp-content\/uploads\/2022\/04\/Glass-Jar-copy.jpg","type":"image\/jpeg"}],"twitter_card":"summary_large_image","twitter_misc":{"Est. reading time":"1 minute"},"schema":{"@context":"https:\/\/schema.org","@graph":[{"@type":"WebPage","@id":"https:\/\/oasismade.com\/fr\/produit\/bocaux-en-verre\/","url":"https:\/\/oasismade.com\/fr\/produit\/bocaux-en-verre\/","name":"Bocaux en verre - Oasismade","isPartOf":{"@id":"https:\/\/oasismade.com\/fr\/#website"},"primaryImageOfPage":{"@id":"https:\/\/oasismade.com\/fr\/produit\/bocaux-en-verre\/#primaryimage"},"image":{"@id":"https:\/\/oasismade.com\/fr\/produit\/bocaux-en-verre\/#primaryimage"},"thumbnailUrl":"https:\/\/oasismade.com\/wp-content\/uploads\/2022\/04\/Glass-Jar-copy.jpg","datePublished":"2022-08-19T19:53:42+00:00","dateModified":"2022-08-19T19:53:43+00:00","breadcrumb":{"@id":"https:\/\/oasismade.com\/fr\/produit\/bocaux-en-verre\/#breadcrumb"},"inLanguage":"fr-CA","potentialAction":[{"@type":"ReadAction","target":["https:\/\/oasismade.com\/fr\/produit\/bocaux-en-verre\/"]}]},{"@type":"ImageObject","inLanguage":"fr-CA","@id":"https:\/\/oasismade.com\/fr\/produit\/bocaux-en-verre\/#primaryimage","url":"https:\/\/oasismade.com\/wp-content\/uploads\/2022\/04\/Glass-Jar-copy.jpg","contentUrl":"https:\/\/oasismade.com\/wp-content\/uploads\/2022\/04\/Glass-Jar-copy.jpg","width":793,"height":794,"caption":"Glass Jar"},{"@type":"BreadcrumbList","@id":"https:\/\/oasismade.com\/fr\/produit\/bocaux-en-verre\/#breadcrumb","itemListElement":[{"@type":"ListItem","position":1,"name":"Accueil","item":"https:\/\/oasismade.com\/fr\/"},{"@type":"ListItem","position":2,"name":"Boutique","item":"https:\/\/oasismade.com\/fr\/catalogue\/"},{"@type":"ListItem","position":3,"name":"Bocaux en verre"}]},{"@type":"WebSite","@id":"https:\/\/oasismade.com\/fr\/#website","url":"https:\/\/oasismade.com\/fr\/","name":"Oasismade","description":"Sustainable Packaging Solution","potentialAction":[{"@type":"SearchAction","target":{"@type":"EntryPoint","urlTemplate":"https:\/\/oasismade.com\/fr\/?s={search_term_string}"},"query-input":{"@type":"PropertyValueSpecification","valueRequired":true,"valueName":"search_term_string"}}],"inLanguage":"fr-CA"}]}},"_links":{"self":[{"href":"https:\/\/oasismade.com\/fr\/wp-json\/wp\/v2\/product\/8380","targetHints":{"allow":["GET"]}}],"collection":[{"href":"https:\/\/oasismade.com\/fr\/wp-json\/wp\/v2\/product"}],"about":[{"href":"https:\/\/oasismade.com\/fr\/wp-json\/wp\/v2\/types\/product"}],"wp:featuredmedia":[{"embeddable":true,"href":"https:\/\/oasismade.com\/fr\/wp-json\/wp\/v2\/media\/8195"}],"wp:attachment":[{"href":"https:\/\/oasismade.com\/fr\/wp-json\/wp\/v2\/media?parent=8380"}],"wp:term":[{"taxonomy":"product_brand","embeddable":true,"href":"https:\/\/oasismade.com\/fr\/wp-json\/wp\/v2\/product_brand?post=8380"},{"taxonomy":"product_cat","embeddable":true,"href":"https:\/\/oasismade.com\/fr\/wp-json\/wp\/v2\/product_cat?post=8380"},{"taxonomy":"product_tag","embeddable":true,"href":"https:\/\/oasismade.com\/fr\/wp-json\/wp\/v2\/product_tag?post=8380"}],"curies":[{"name":"wp","href":"https:\/\/api.w.org\/{rel}","templated":true}]}}