{"id":8379,"date":"2022-04-28T20:00:23","date_gmt":"2022-08-19T19:05:08","guid":{"rendered":"https:\/\/oasismade.com\/?post_type=product&#038;p=8379"},"modified":"2022-08-19T19:06:34","modified_gmt":"2022-08-19T19:06:34","slug":"veste-avec-capuche","status":"publish","type":"product","link":"https:\/\/oasismade.com\/fr\/produit\/veste-avec-capuche\/","title":{"rendered":"Veste avec capuche"},"content":{"rendered":"<p><strong>PERSONNALISATION<\/strong><\/p>\n<p>Nous formons une \u00e9quipe de soutien aux ventes exp\u00e9riment\u00e9e pr\u00eate \u00e0 vous aider dans le processus de personnalisation et les d\u00e9lais, afin que vous n&rsquo;ayez pas \u00e0 le faire !<\/p>\n<p><strong>L\u2019ENSEMBLE COMPLET<\/strong><\/p>\n<p>Contactez l&rsquo;un de nos repr\u00e9sentants OasisMade et cr\u00e9ez l&#8217;emballage parfait aux points de vente pour cette veste \u00e0 capuche. Les options de personnalisation que nous proposons vous permettent de cr\u00e9er l&rsquo;article de vos r\u00eaves. Concevez la solution d&#8217;emballage adapt\u00e9e \u00e0 votre produit, joliment emball\u00e9 et pr\u00eat pour les rayons des magasins. Laissez notre \u00e9quipe vous sugg\u00e9rer des solutions pour l`emballage, l&rsquo;exp\u00e9rience de vente au d\u00e9tail et l&rsquo;image de marque.<\/p>\n<p><strong>Demandez un devis d\u00e8s aujourd&rsquo;hui et apprenez-en plus sur la fa\u00e7on de personnaliser cet item et d\u2019en faire une super solution \u00e9cologique pour votre entreprise!<\/strong><\/p>\n","protected":false},"excerpt":{"rendered":"<h2>Pourquoi aimons-nous les vestes avec capuche:<\/h2>\n<p>Nos vestes avec capuche Premium sont le produit promotionnel id\u00e9al pour votre prochain \u00e9v\u00e9nement corporatif ou votre prochain salon professionnel. Ces vestes avec capuche gardent bien au chaud, sont douillets, \u00e9paisses, amples et con\u00e7us pour durer. Elles sont dot\u00e9es d&rsquo;une poche spacieuse de type Kangourou pratique et styl\u00e9e. Elles garderont toujours bien au chaud vos mains.<\/p>\n<h2>Les vestes avec capuche comprennent:<\/h2>\n<ul>\n<li>Poignets et taille renforc\u00e9s.<\/li>\n<li>Ext\u00e9rieur en coton peign\u00e9, int\u00e9rieur en coton.<\/li>\n<li>Option coton \u00e9quitable.<\/li>\n<li>Poche spacieuse de type kangourou.<\/li>\n<li>Id\u00e9al pour les uniformes, mais aussi pour les \u00e9v\u00e9nements promotionnels.<\/li>\n<li>Options personnalis\u00e9es disponibles.<\/li>\n<\/ul>\n","protected":false},"featured_media":8198,"template":"","meta":[],"product_brand":[],"product_cat":[217],"product_tag":[],"class_list":{"0":"post-8379","1":"product","2":"type-product","3":"status-publish","4":"has-post-thumbnail","6":"product_cat-uniformes-et-tabliers","8":"first","9":"instock","10":"shipping-taxable","11":"product-type-simple"},"yoast_head":"<!-- This site is optimized with the Yoast SEO plugin v25.5 - https:\/\/yoast.com\/wordpress\/plugins\/seo\/ -->\n<title>Veste avec capuche - Oasismade<\/title>\n<meta name=\"robots\" content=\"index, follow, max-snippet:-1, max-image-preview:large, max-video-preview:-1\" \/>\n<link rel=\"canonical\" href=\"https:\/\/oasismade.com\/fr\/produit\/veste-avec-capuche\/\" \/>\n<meta property=\"og:locale\" content=\"fr_CA\" \/>\n<meta property=\"og:type\" content=\"article\" \/>\n<meta property=\"og:title\" content=\"Veste avec capuche - Oasismade\" \/>\n<meta property=\"og:description\" content=\"Pourquoi aimons-nous les vestes avec capuche: Nos vestes avec capuche Premium sont le produit promotionnel id\u00e9al pour votre prochain \u00e9v\u00e9nement corporatif ou votre prochain salon professionnel. Ces vestes avec capuche gardent bien au chaud, sont douillets, \u00e9paisses, amples et con\u00e7us pour durer. Elles sont dot\u00e9es d&#039;une poche spacieuse de type Kangourou pratique et styl\u00e9e. Elles garderont toujours bien au chaud vos mains. Les vestes avec capuche comprennent:   Poignets et taille renforc\u00e9s.  Ext\u00e9rieur en coton peign\u00e9, int\u00e9rieur en coton.  Option coton \u00e9quitable.  Poche spacieuse de type kangourou.  Id\u00e9al pour les uniformes, mais aussi pour les \u00e9v\u00e9nements promotionnels.  Options personnalis\u00e9es disponibles.\" \/>\n<meta property=\"og:url\" content=\"https:\/\/oasismade.com\/fr\/produit\/veste-avec-capuche\/\" \/>\n<meta property=\"og:site_name\" content=\"Oasismade\" \/>\n<meta property=\"article:publisher\" content=\"https:\/\/www.facebook.com\/OasisMade\/\" \/>\n<meta property=\"article:modified_time\" content=\"2022-08-19T19:06:34+00:00\" \/>\n<meta property=\"og:image\" content=\"https:\/\/oasismade.com\/wp-content\/uploads\/2022\/04\/Hoodie-copy.jpg\" \/>\n\t<meta property=\"og:image:width\" content=\"852\" \/>\n\t<meta property=\"og:image:height\" content=\"852\" \/>\n\t<meta property=\"og:image:type\" content=\"image\/jpeg\" \/>\n<meta name=\"twitter:card\" content=\"summary_large_image\" \/>\n<meta name=\"twitter:label1\" content=\"Est. reading time\" \/>\n\t<meta name=\"twitter:data1\" content=\"1 minute\" \/>\n<script type=\"application\/ld+json\" class=\"yoast-schema-graph\">{\"@context\":\"https:\/\/schema.org\",\"@graph\":[{\"@type\":\"WebPage\",\"@id\":\"https:\/\/oasismade.com\/fr\/produit\/veste-avec-capuche\/\",\"url\":\"https:\/\/oasismade.com\/fr\/produit\/veste-avec-capuche\/\",\"name\":\"Veste avec capuche - Oasismade\",\"isPartOf\":{\"@id\":\"https:\/\/oasismade.com\/fr\/#website\"},\"primaryImageOfPage\":{\"@id\":\"https:\/\/oasismade.com\/fr\/produit\/veste-avec-capuche\/#primaryimage\"},\"image\":{\"@id\":\"https:\/\/oasismade.com\/fr\/produit\/veste-avec-capuche\/#primaryimage\"},\"thumbnailUrl\":\"https:\/\/oasismade.com\/wp-content\/uploads\/2022\/04\/Hoodie-copy.jpg\",\"datePublished\":\"2022-08-19T19:05:08+00:00\",\"dateModified\":\"2022-08-19T19:06:34+00:00\",\"breadcrumb\":{\"@id\":\"https:\/\/oasismade.com\/fr\/produit\/veste-avec-capuche\/#breadcrumb\"},\"inLanguage\":\"fr-CA\",\"potentialAction\":[{\"@type\":\"ReadAction\",\"target\":[\"https:\/\/oasismade.com\/fr\/produit\/veste-avec-capuche\/\"]}]},{\"@type\":\"ImageObject\",\"inLanguage\":\"fr-CA\",\"@id\":\"https:\/\/oasismade.com\/fr\/produit\/veste-avec-capuche\/#primaryimage\",\"url\":\"https:\/\/oasismade.com\/wp-content\/uploads\/2022\/04\/Hoodie-copy.jpg\",\"contentUrl\":\"https:\/\/oasismade.com\/wp-content\/uploads\/2022\/04\/Hoodie-copy.jpg\",\"width\":852,\"height\":852,\"caption\":\"Hoodie\"},{\"@type\":\"BreadcrumbList\",\"@id\":\"https:\/\/oasismade.com\/fr\/produit\/veste-avec-capuche\/#breadcrumb\",\"itemListElement\":[{\"@type\":\"ListItem\",\"position\":1,\"name\":\"Accueil\",\"item\":\"https:\/\/oasismade.com\/fr\/\"},{\"@type\":\"ListItem\",\"position\":2,\"name\":\"Boutique\",\"item\":\"https:\/\/oasismade.com\/fr\/catalogue\/\"},{\"@type\":\"ListItem\",\"position\":3,\"name\":\"Veste avec capuche\"}]},{\"@type\":\"WebSite\",\"@id\":\"https:\/\/oasismade.com\/fr\/#website\",\"url\":\"https:\/\/oasismade.com\/fr\/\",\"name\":\"Oasismade\",\"description\":\"Sustainable Packaging Solution\",\"potentialAction\":[{\"@type\":\"SearchAction\",\"target\":{\"@type\":\"EntryPoint\",\"urlTemplate\":\"https:\/\/oasismade.com\/fr\/?s={search_term_string}\"},\"query-input\":{\"@type\":\"PropertyValueSpecification\",\"valueRequired\":true,\"valueName\":\"search_term_string\"}}],\"inLanguage\":\"fr-CA\"}]}<\/script>\n<!-- \/ Yoast SEO plugin. -->","yoast_head_json":{"title":"Veste avec capuche - Oasismade","robots":{"index":"index","follow":"follow","max-snippet":"max-snippet:-1","max-image-preview":"max-image-preview:large","max-video-preview":"max-video-preview:-1"},"canonical":"https:\/\/oasismade.com\/fr\/produit\/veste-avec-capuche\/","og_locale":"fr_CA","og_type":"article","og_title":"Veste avec capuche - Oasismade","og_description":"Pourquoi aimons-nous les vestes avec capuche: Nos vestes avec capuche Premium sont le produit promotionnel id\u00e9al pour votre prochain \u00e9v\u00e9nement corporatif ou votre prochain salon professionnel. Ces vestes avec capuche gardent bien au chaud, sont douillets, \u00e9paisses, amples et con\u00e7us pour durer. Elles sont dot\u00e9es d'une poche spacieuse de type Kangourou pratique et styl\u00e9e. Elles garderont toujours bien au chaud vos mains. Les vestes avec capuche comprennent:   Poignets et taille renforc\u00e9s.  Ext\u00e9rieur en coton peign\u00e9, int\u00e9rieur en coton.  Option coton \u00e9quitable.  Poche spacieuse de type kangourou.  Id\u00e9al pour les uniformes, mais aussi pour les \u00e9v\u00e9nements promotionnels.  Options personnalis\u00e9es disponibles.","og_url":"https:\/\/oasismade.com\/fr\/produit\/veste-avec-capuche\/","og_site_name":"Oasismade","article_publisher":"https:\/\/www.facebook.com\/OasisMade\/","article_modified_time":"2022-08-19T19:06:34+00:00","og_image":[{"width":852,"height":852,"url":"https:\/\/oasismade.com\/wp-content\/uploads\/2022\/04\/Hoodie-copy.jpg","type":"image\/jpeg"}],"twitter_card":"summary_large_image","twitter_misc":{"Est. reading time":"1 minute"},"schema":{"@context":"https:\/\/schema.org","@graph":[{"@type":"WebPage","@id":"https:\/\/oasismade.com\/fr\/produit\/veste-avec-capuche\/","url":"https:\/\/oasismade.com\/fr\/produit\/veste-avec-capuche\/","name":"Veste avec capuche - Oasismade","isPartOf":{"@id":"https:\/\/oasismade.com\/fr\/#website"},"primaryImageOfPage":{"@id":"https:\/\/oasismade.com\/fr\/produit\/veste-avec-capuche\/#primaryimage"},"image":{"@id":"https:\/\/oasismade.com\/fr\/produit\/veste-avec-capuche\/#primaryimage"},"thumbnailUrl":"https:\/\/oasismade.com\/wp-content\/uploads\/2022\/04\/Hoodie-copy.jpg","datePublished":"2022-08-19T19:05:08+00:00","dateModified":"2022-08-19T19:06:34+00:00","breadcrumb":{"@id":"https:\/\/oasismade.com\/fr\/produit\/veste-avec-capuche\/#breadcrumb"},"inLanguage":"fr-CA","potentialAction":[{"@type":"ReadAction","target":["https:\/\/oasismade.com\/fr\/produit\/veste-avec-capuche\/"]}]},{"@type":"ImageObject","inLanguage":"fr-CA","@id":"https:\/\/oasismade.com\/fr\/produit\/veste-avec-capuche\/#primaryimage","url":"https:\/\/oasismade.com\/wp-content\/uploads\/2022\/04\/Hoodie-copy.jpg","contentUrl":"https:\/\/oasismade.com\/wp-content\/uploads\/2022\/04\/Hoodie-copy.jpg","width":852,"height":852,"caption":"Hoodie"},{"@type":"BreadcrumbList","@id":"https:\/\/oasismade.com\/fr\/produit\/veste-avec-capuche\/#breadcrumb","itemListElement":[{"@type":"ListItem","position":1,"name":"Accueil","item":"https:\/\/oasismade.com\/fr\/"},{"@type":"ListItem","position":2,"name":"Boutique","item":"https:\/\/oasismade.com\/fr\/catalogue\/"},{"@type":"ListItem","position":3,"name":"Veste avec capuche"}]},{"@type":"WebSite","@id":"https:\/\/oasismade.com\/fr\/#website","url":"https:\/\/oasismade.com\/fr\/","name":"Oasismade","description":"Sustainable Packaging Solution","potentialAction":[{"@type":"SearchAction","target":{"@type":"EntryPoint","urlTemplate":"https:\/\/oasismade.com\/fr\/?s={search_term_string}"},"query-input":{"@type":"PropertyValueSpecification","valueRequired":true,"valueName":"search_term_string"}}],"inLanguage":"fr-CA"}]}},"_links":{"self":[{"href":"https:\/\/oasismade.com\/fr\/wp-json\/wp\/v2\/product\/8379","targetHints":{"allow":["GET"]}}],"collection":[{"href":"https:\/\/oasismade.com\/fr\/wp-json\/wp\/v2\/product"}],"about":[{"href":"https:\/\/oasismade.com\/fr\/wp-json\/wp\/v2\/types\/product"}],"wp:featuredmedia":[{"embeddable":true,"href":"https:\/\/oasismade.com\/fr\/wp-json\/wp\/v2\/media\/8198"}],"wp:attachment":[{"href":"https:\/\/oasismade.com\/fr\/wp-json\/wp\/v2\/media?parent=8379"}],"wp:term":[{"taxonomy":"product_brand","embeddable":true,"href":"https:\/\/oasismade.com\/fr\/wp-json\/wp\/v2\/product_brand?post=8379"},{"taxonomy":"product_cat","embeddable":true,"href":"https:\/\/oasismade.com\/fr\/wp-json\/wp\/v2\/product_cat?post=8379"},{"taxonomy":"product_tag","embeddable":true,"href":"https:\/\/oasismade.com\/fr\/wp-json\/wp\/v2\/product_tag?post=8379"}],"curies":[{"name":"wp","href":"https:\/\/api.w.org\/{rel}","templated":true}]}}