{"id":8340,"date":"2022-03-21T19:23:51","date_gmt":"2022-03-21T19:23:51","guid":{"rendered":"https:\/\/oasismade.com\/?post_type=product&#038;p=8340"},"modified":"2022-07-15T20:15:38","modified_gmt":"2022-07-15T20:15:38","slug":"sac-a-papier-kraft-brun","status":"publish","type":"product","link":"https:\/\/oasismade.com\/fr\/produit\/sac-a-papier-kraft-brun\/","title":{"rendered":"Sac \u00e0 papier kraft brun"},"content":{"rendered":"<h3>Personnalisation<\/h3>\n<p>Personnalisez ces sacs en papier kraft en choisissant la grandeur, la couleur, le graphisme ou le logo de votre choix pour une exp\u00e9rience de marque exemplaire. Les options de mat\u00e9riaux incluent :<\/p>\n<ul>\n<li>Papier kraft 100% recycl\u00e9<\/li>\n<li>Papier certifi\u00e9 FSC<\/li>\n<li>Papier kraft blanc 100% recycl\u00e9<\/li>\n<\/ul>\n<p>Imaginez ces sacs comme une toile blanche \u00e0 peindre et laisser votre \u00e9quipe marketing exprimer leur cr\u00e9ativit\u00e9. Faites-nous parvenir les sp\u00e9cifications de votre marque et regardez ce petit sac brun se transformer en une incarnation physique de votre marque.<\/p>\n<p><strong>L\u2019ensemble complet<\/strong><\/p>\n<p>Contactez l&rsquo;un de nos repr\u00e9sentants OasisMade pour cr\u00e9er un sac r\u00e9pondant parfaitement aux besoins de votre marque ou pour obtenir des recommandations sur la meilleure fa\u00e7on d&rsquo;am\u00e9liorer l` exp\u00e9rience client-produit aux points de vente.<\/p>\n<p><strong>Demandez un devis d\u00e8s aujourd&rsquo;hui et apprenez-en plus sur la fa\u00e7on de personnaliser ce sac en papier kraft et d\u2019en faire une super solution \u00e9cologique pour votre entreprise.<\/strong><\/p>\n","protected":false},"excerpt":{"rendered":"<h2>Pourquoi choisir un sac \u00e0 papier kraft brun?<\/h2>\n<p>Les sacs en papier kraft \u00e0 poign\u00e9es torsad\u00e9es ou plates constituent une excellente option pour de nombreux d\u00e9taillants qui cherchent une alternative aux traditionnels sacs en plastique \u00e0 usage unique. Ces sacs sont populaires aupr\u00e8s des restaurants, d\u00e9taillants de v\u00eatements, \u00e9piceries, et aussi pour emballage cadeau.<\/p>\n<h2>Ces sacs comprennent\u00a0:<\/h2>\n<ul>\n<li>Un fond carr\u00e9 pratique pour emballer<\/li>\n<li>Choix entre poign\u00e9es en papier torsad\u00e9es ou plates pour faciliter transport des articles<\/li>\n<li>Options de design illimit\u00e9es<\/li>\n<li>Exp\u00e9rience d&rsquo;achat sup\u00e9rieure<\/li>\n<li>100% recyclable, compostable et biod\u00e9gradable.<\/li>\n<\/ul>\n","protected":false},"featured_media":8269,"template":"","meta":[],"product_brand":[],"product_cat":[210],"product_tag":[234,232,233],"class_list":{"0":"post-8340","1":"product","2":"type-product","3":"status-publish","4":"has-post-thumbnail","6":"product_cat-emballage-et-papier","7":"product_tag-a-emporter","8":"product_tag-alternatives-aux-plastiques-a-usage-unique","9":"product_tag-stock-fr","11":"first","12":"instock","13":"shipping-taxable","14":"product-type-simple"},"yoast_head":"<!-- This site is optimized with the Yoast SEO plugin v25.5 - https:\/\/yoast.com\/wordpress\/plugins\/seo\/ -->\n<title>Sac \u00e0 papier kraft brun - Oasismade<\/title>\n<meta name=\"robots\" content=\"index, follow, max-snippet:-1, max-image-preview:large, max-video-preview:-1\" \/>\n<link rel=\"canonical\" href=\"https:\/\/oasismade.com\/fr\/produit\/sac-a-papier-kraft-brun\/\" \/>\n<meta property=\"og:locale\" content=\"fr_CA\" \/>\n<meta property=\"og:type\" content=\"article\" \/>\n<meta property=\"og:title\" content=\"Sac \u00e0 papier kraft brun - Oasismade\" \/>\n<meta property=\"og:description\" content=\"Pourquoi choisir un sac \u00e0 papier kraft brun? Les sacs en papier kraft \u00e0 poign\u00e9es torsad\u00e9es ou plates constituent une excellente option pour de nombreux d\u00e9taillants qui cherchent une alternative aux traditionnels sacs en plastique \u00e0 usage unique. Ces sacs sont populaires aupr\u00e8s des restaurants, d\u00e9taillants de v\u00eatements, \u00e9piceries, et aussi pour emballage cadeau. Ces sacs comprennent\u00a0:   Un fond carr\u00e9 pratique pour emballer  Choix entre poign\u00e9es en papier torsad\u00e9es ou plates pour faciliter transport des articles  Options de design illimit\u00e9es  Exp\u00e9rience d&#039;achat sup\u00e9rieure  100% recyclable, compostable et biod\u00e9gradable.\" \/>\n<meta property=\"og:url\" content=\"https:\/\/oasismade.com\/fr\/produit\/sac-a-papier-kraft-brun\/\" \/>\n<meta property=\"og:site_name\" content=\"Oasismade\" \/>\n<meta property=\"article:publisher\" content=\"https:\/\/www.facebook.com\/OasisMade\/\" \/>\n<meta property=\"article:modified_time\" content=\"2022-07-15T20:15:38+00:00\" \/>\n<meta property=\"og:image\" content=\"https:\/\/oasismade.com\/wp-content\/uploads\/2022\/03\/brown-paper-bag-sq-copy-1-scaled.jpg\" \/>\n\t<meta property=\"og:image:width\" content=\"2560\" \/>\n\t<meta property=\"og:image:height\" content=\"2560\" \/>\n\t<meta property=\"og:image:type\" content=\"image\/jpeg\" \/>\n<meta name=\"twitter:card\" content=\"summary_large_image\" \/>\n<meta name=\"twitter:label1\" content=\"Est. reading time\" \/>\n\t<meta name=\"twitter:data1\" content=\"1 minute\" \/>\n<script type=\"application\/ld+json\" class=\"yoast-schema-graph\">{\"@context\":\"https:\/\/schema.org\",\"@graph\":[{\"@type\":\"WebPage\",\"@id\":\"https:\/\/oasismade.com\/fr\/produit\/sac-a-papier-kraft-brun\/\",\"url\":\"https:\/\/oasismade.com\/fr\/produit\/sac-a-papier-kraft-brun\/\",\"name\":\"Sac \u00e0 papier kraft brun - Oasismade\",\"isPartOf\":{\"@id\":\"https:\/\/oasismade.com\/fr\/#website\"},\"primaryImageOfPage\":{\"@id\":\"https:\/\/oasismade.com\/fr\/produit\/sac-a-papier-kraft-brun\/#primaryimage\"},\"image\":{\"@id\":\"https:\/\/oasismade.com\/fr\/produit\/sac-a-papier-kraft-brun\/#primaryimage\"},\"thumbnailUrl\":\"https:\/\/oasismade.com\/wp-content\/uploads\/2022\/03\/brown-paper-bag-sq-copy-1-scaled.jpg\",\"datePublished\":\"2022-03-21T19:23:51+00:00\",\"dateModified\":\"2022-07-15T20:15:38+00:00\",\"breadcrumb\":{\"@id\":\"https:\/\/oasismade.com\/fr\/produit\/sac-a-papier-kraft-brun\/#breadcrumb\"},\"inLanguage\":\"fr-CA\",\"potentialAction\":[{\"@type\":\"ReadAction\",\"target\":[\"https:\/\/oasismade.com\/fr\/produit\/sac-a-papier-kraft-brun\/\"]}]},{\"@type\":\"ImageObject\",\"inLanguage\":\"fr-CA\",\"@id\":\"https:\/\/oasismade.com\/fr\/produit\/sac-a-papier-kraft-brun\/#primaryimage\",\"url\":\"https:\/\/oasismade.com\/wp-content\/uploads\/2022\/03\/brown-paper-bag-sq-copy-1-scaled.jpg\",\"contentUrl\":\"https:\/\/oasismade.com\/wp-content\/uploads\/2022\/03\/brown-paper-bag-sq-copy-1-scaled.jpg\",\"width\":2560,\"height\":2560,\"caption\":\"Brown-Paper-Shopping-Bag\"},{\"@type\":\"BreadcrumbList\",\"@id\":\"https:\/\/oasismade.com\/fr\/produit\/sac-a-papier-kraft-brun\/#breadcrumb\",\"itemListElement\":[{\"@type\":\"ListItem\",\"position\":1,\"name\":\"Accueil\",\"item\":\"https:\/\/oasismade.com\/fr\/\"},{\"@type\":\"ListItem\",\"position\":2,\"name\":\"Boutique\",\"item\":\"https:\/\/oasismade.com\/fr\/catalogue\/\"},{\"@type\":\"ListItem\",\"position\":3,\"name\":\"Sac \u00e0 papier kraft brun\"}]},{\"@type\":\"WebSite\",\"@id\":\"https:\/\/oasismade.com\/fr\/#website\",\"url\":\"https:\/\/oasismade.com\/fr\/\",\"name\":\"Oasismade\",\"description\":\"Sustainable Packaging Solution\",\"potentialAction\":[{\"@type\":\"SearchAction\",\"target\":{\"@type\":\"EntryPoint\",\"urlTemplate\":\"https:\/\/oasismade.com\/fr\/?s={search_term_string}\"},\"query-input\":{\"@type\":\"PropertyValueSpecification\",\"valueRequired\":true,\"valueName\":\"search_term_string\"}}],\"inLanguage\":\"fr-CA\"}]}<\/script>\n<!-- \/ Yoast SEO plugin. -->","yoast_head_json":{"title":"Sac \u00e0 papier kraft brun - Oasismade","robots":{"index":"index","follow":"follow","max-snippet":"max-snippet:-1","max-image-preview":"max-image-preview:large","max-video-preview":"max-video-preview:-1"},"canonical":"https:\/\/oasismade.com\/fr\/produit\/sac-a-papier-kraft-brun\/","og_locale":"fr_CA","og_type":"article","og_title":"Sac \u00e0 papier kraft brun - Oasismade","og_description":"Pourquoi choisir un sac \u00e0 papier kraft brun? Les sacs en papier kraft \u00e0 poign\u00e9es torsad\u00e9es ou plates constituent une excellente option pour de nombreux d\u00e9taillants qui cherchent une alternative aux traditionnels sacs en plastique \u00e0 usage unique. Ces sacs sont populaires aupr\u00e8s des restaurants, d\u00e9taillants de v\u00eatements, \u00e9piceries, et aussi pour emballage cadeau. Ces sacs comprennent\u00a0:   Un fond carr\u00e9 pratique pour emballer  Choix entre poign\u00e9es en papier torsad\u00e9es ou plates pour faciliter transport des articles  Options de design illimit\u00e9es  Exp\u00e9rience d'achat sup\u00e9rieure  100% recyclable, compostable et biod\u00e9gradable.","og_url":"https:\/\/oasismade.com\/fr\/produit\/sac-a-papier-kraft-brun\/","og_site_name":"Oasismade","article_publisher":"https:\/\/www.facebook.com\/OasisMade\/","article_modified_time":"2022-07-15T20:15:38+00:00","og_image":[{"width":2560,"height":2560,"url":"https:\/\/oasismade.com\/wp-content\/uploads\/2022\/03\/brown-paper-bag-sq-copy-1-scaled.jpg","type":"image\/jpeg"}],"twitter_card":"summary_large_image","twitter_misc":{"Est. reading time":"1 minute"},"schema":{"@context":"https:\/\/schema.org","@graph":[{"@type":"WebPage","@id":"https:\/\/oasismade.com\/fr\/produit\/sac-a-papier-kraft-brun\/","url":"https:\/\/oasismade.com\/fr\/produit\/sac-a-papier-kraft-brun\/","name":"Sac \u00e0 papier kraft brun - Oasismade","isPartOf":{"@id":"https:\/\/oasismade.com\/fr\/#website"},"primaryImageOfPage":{"@id":"https:\/\/oasismade.com\/fr\/produit\/sac-a-papier-kraft-brun\/#primaryimage"},"image":{"@id":"https:\/\/oasismade.com\/fr\/produit\/sac-a-papier-kraft-brun\/#primaryimage"},"thumbnailUrl":"https:\/\/oasismade.com\/wp-content\/uploads\/2022\/03\/brown-paper-bag-sq-copy-1-scaled.jpg","datePublished":"2022-03-21T19:23:51+00:00","dateModified":"2022-07-15T20:15:38+00:00","breadcrumb":{"@id":"https:\/\/oasismade.com\/fr\/produit\/sac-a-papier-kraft-brun\/#breadcrumb"},"inLanguage":"fr-CA","potentialAction":[{"@type":"ReadAction","target":["https:\/\/oasismade.com\/fr\/produit\/sac-a-papier-kraft-brun\/"]}]},{"@type":"ImageObject","inLanguage":"fr-CA","@id":"https:\/\/oasismade.com\/fr\/produit\/sac-a-papier-kraft-brun\/#primaryimage","url":"https:\/\/oasismade.com\/wp-content\/uploads\/2022\/03\/brown-paper-bag-sq-copy-1-scaled.jpg","contentUrl":"https:\/\/oasismade.com\/wp-content\/uploads\/2022\/03\/brown-paper-bag-sq-copy-1-scaled.jpg","width":2560,"height":2560,"caption":"Brown-Paper-Shopping-Bag"},{"@type":"BreadcrumbList","@id":"https:\/\/oasismade.com\/fr\/produit\/sac-a-papier-kraft-brun\/#breadcrumb","itemListElement":[{"@type":"ListItem","position":1,"name":"Accueil","item":"https:\/\/oasismade.com\/fr\/"},{"@type":"ListItem","position":2,"name":"Boutique","item":"https:\/\/oasismade.com\/fr\/catalogue\/"},{"@type":"ListItem","position":3,"name":"Sac \u00e0 papier kraft brun"}]},{"@type":"WebSite","@id":"https:\/\/oasismade.com\/fr\/#website","url":"https:\/\/oasismade.com\/fr\/","name":"Oasismade","description":"Sustainable Packaging Solution","potentialAction":[{"@type":"SearchAction","target":{"@type":"EntryPoint","urlTemplate":"https:\/\/oasismade.com\/fr\/?s={search_term_string}"},"query-input":{"@type":"PropertyValueSpecification","valueRequired":true,"valueName":"search_term_string"}}],"inLanguage":"fr-CA"}]}},"_links":{"self":[{"href":"https:\/\/oasismade.com\/fr\/wp-json\/wp\/v2\/product\/8340","targetHints":{"allow":["GET"]}}],"collection":[{"href":"https:\/\/oasismade.com\/fr\/wp-json\/wp\/v2\/product"}],"about":[{"href":"https:\/\/oasismade.com\/fr\/wp-json\/wp\/v2\/types\/product"}],"wp:featuredmedia":[{"embeddable":true,"href":"https:\/\/oasismade.com\/fr\/wp-json\/wp\/v2\/media\/8269"}],"wp:attachment":[{"href":"https:\/\/oasismade.com\/fr\/wp-json\/wp\/v2\/media?parent=8340"}],"wp:term":[{"taxonomy":"product_brand","embeddable":true,"href":"https:\/\/oasismade.com\/fr\/wp-json\/wp\/v2\/product_brand?post=8340"},{"taxonomy":"product_cat","embeddable":true,"href":"https:\/\/oasismade.com\/fr\/wp-json\/wp\/v2\/product_cat?post=8340"},{"taxonomy":"product_tag","embeddable":true,"href":"https:\/\/oasismade.com\/fr\/wp-json\/wp\/v2\/product_tag?post=8340"}],"curies":[{"name":"wp","href":"https:\/\/api.w.org\/{rel}","templated":true}]}}