{"id":8339,"date":"2022-03-14T17:40:57","date_gmt":"2022-07-15T19:16:28","guid":{"rendered":"https:\/\/oasismade.com\/?post_type=product&#038;p=8339"},"modified":"2022-07-15T19:16:28","modified_gmt":"2022-07-15T19:16:28","slug":"sac-a-dos-coton-a-cordons","status":"publish","type":"product","link":"https:\/\/oasismade.com\/fr\/produit\/sac-a-dos-coton-a-cordons\/","title":{"rendered":"Sac \u00e0 dos coton \u00e0 cordons"},"content":{"rendered":"<h3>Personnalisation<\/h3>\n<p>Personnaliser ce sac \u00e0 dos avec votre choix de grandeur, couleur, graphique ou logo pour une exp\u00e9rience rehauss\u00e9e de votre marque.<\/p>\n<p>Consid\u00e9rez ce sac comme une toile \u00e0 peindre et laisser votre \u00e9quipe marketing exprimer leur cr\u00e9ativit\u00e9. Faites-nous parvenir les sp\u00e9cifications de votre marque et regardez cet article devenir r\u00e9alit\u00e9.<\/p>\n<p><strong>L\u2019ensemble complet<\/strong><\/p>\n<p>Contactez l&rsquo;un de nos repr\u00e9sentants OasisMade pour cr\u00e9er un produit r\u00e9pondant parfaitement aux besoins de votre marque ou pour obtenir des recommandations sur la meilleure fa\u00e7on d&rsquo;am\u00e9liorer l` exp\u00e9rience client-produit aux points de vente.<\/p>\n<p><strong>Demandez un devis d\u00e8s aujourd&rsquo;hui et apprenez-en plus sur la fa\u00e7on de personnaliser cette tasse en silicone r\u00e9tractable et d\u2019en faire une super solution \u00e9cologique pour votre entreprise.<\/strong><\/p>\n","protected":false},"excerpt":{"rendered":"<h2>Pourquoi aimons-nous ce sac \u00e0 dos coton \u00e0 cordons ?<\/h2>\n<p>Ce design simple offre un sac \u00e0 dos de bonne taille qui peut \u00eatre facilement \u00eatre pli\u00e9 et rang\u00e9 dans un sac ou une poche. Ce sac peut \u00eatre utilis\u00e9 pour la randonn\u00e9e, le v\u00e9lo, la course \u00e0 pied, ou tout simplement pour les d\u00e9placements quotidiens ! Sans oublier que les \u00e9tudiants trouvent que ces sacs \u00e0 dos en coton \u00e0 cordon sont parfaits pour transporter des v\u00eatements ou des chaussures suppl\u00e9mentaires. Vos clients vont adorer ces sacs \u00e0 dos \u00e0 cordon personnalis\u00e9s car ils sont l\u00e9gers et simples \u00e0 utiliser.<\/p>\n<p>En outre, ce sac est dot\u00e9 d&rsquo;une pochette spacieuse qui peut \u00eatre ferm\u00e9e \u00e0 l&rsquo;aide de doubles cordons en coton naturel, que vous pouvez porter comme des bretelles de sac \u00e0 dos. Ces sacs constituent un cadeau r\u00e9utilisable id\u00e9al pour les salons professionnels, les expositions, les journ\u00e9es portes ouvertes, les s\u00e9minaires et autres \u00e9v\u00e9nements publics. Ces sacs \u00e0 cordon en coton sont bien faits, \u00e9cologiques et r\u00e9utilisables. Personnalisez ce sac pour le distribuer lors d&rsquo;\u00e9v\u00e9nements d&rsquo;entreprise ou pour l&rsquo;offrir aux \u00e9tudiants. Quelle que soit la fa\u00e7on dont vous choisissez de personnaliser ce sac, nous pouvons vous aider \u00e0 donner vie \u00e0 votre concept de marque!<\/p>\n<h2>Ces sacs \u00e0 dos coton \u00e0 cordons comprennent:<\/h2>\n<ul>\n<li>Coton 100% naturel<\/li>\n<li>Poign\u00e9es en coton torsad\u00e9es<\/li>\n<li>Fermeture \u00e0 cordon<\/li>\n<li>Options de personnalisation illimit\u00e9es<\/li>\n<li>Produit disponible en inventaire<\/li>\n<\/ul>\n","protected":false},"featured_media":8025,"template":"","meta":[],"product_brand":[],"product_cat":[216,190],"product_tag":[],"class_list":{"0":"post-8339","1":"product","2":"type-product","3":"status-publish","4":"has-post-thumbnail","6":"product_cat-coton-sacs-reutilisables","7":"product_cat-sacs-reutilisables","9":"first","10":"instock","11":"shipping-taxable","12":"product-type-simple"},"yoast_head":"<!-- This site is optimized with the Yoast SEO plugin v25.5 - https:\/\/yoast.com\/wordpress\/plugins\/seo\/ -->\n<title>Sac \u00e0 dos coton \u00e0 cordons - Oasismade<\/title>\n<meta name=\"robots\" content=\"index, follow, max-snippet:-1, max-image-preview:large, max-video-preview:-1\" \/>\n<link rel=\"canonical\" href=\"https:\/\/oasismade.com\/fr\/produit\/sac-a-dos-coton-a-cordons\/\" \/>\n<meta property=\"og:locale\" content=\"fr_CA\" \/>\n<meta property=\"og:type\" content=\"article\" \/>\n<meta property=\"og:title\" content=\"Sac \u00e0 dos coton \u00e0 cordons - Oasismade\" \/>\n<meta property=\"og:description\" content=\"Pourquoi aimons-nous ce sac \u00e0 dos coton \u00e0 cordons ? Ce design simple offre un sac \u00e0 dos de bonne taille qui peut \u00eatre facilement \u00eatre pli\u00e9 et rang\u00e9 dans un sac ou une poche. Ce sac peut \u00eatre utilis\u00e9 pour la randonn\u00e9e, le v\u00e9lo, la course \u00e0 pied, ou tout simplement pour les d\u00e9placements quotidiens ! Sans oublier que les \u00e9tudiants trouvent que ces sacs \u00e0 dos en coton \u00e0 cordon sont parfaits pour transporter des v\u00eatements ou des chaussures suppl\u00e9mentaires. Vos clients vont adorer ces sacs \u00e0 dos \u00e0 cordon personnalis\u00e9s car ils sont l\u00e9gers et simples \u00e0 utiliser.  En outre, ce sac est dot\u00e9 d&#039;une pochette spacieuse qui peut \u00eatre ferm\u00e9e \u00e0 l&#039;aide de doubles cordons en coton naturel, que vous pouvez porter comme des bretelles de sac \u00e0 dos. Ces sacs constituent un cadeau r\u00e9utilisable id\u00e9al pour les salons professionnels, les expositions, les journ\u00e9es portes ouvertes, les s\u00e9minaires et autres \u00e9v\u00e9nements publics. Ces sacs \u00e0 cordon en coton sont bien faits, \u00e9cologiques et r\u00e9utilisables. Personnalisez ce sac pour le distribuer lors d&#039;\u00e9v\u00e9nements d&#039;entreprise ou pour l&#039;offrir aux \u00e9tudiants. Quelle que soit la fa\u00e7on dont vous choisissez de personnaliser ce sac, nous pouvons vous aider \u00e0 donner vie \u00e0 votre concept de marque! Ces sacs \u00e0 dos coton \u00e0 cordons comprennent:   Coton 100% naturel  Poign\u00e9es en coton torsad\u00e9es  Fermeture \u00e0 cordon  Options de personnalisation illimit\u00e9es  Produit disponible en inventaire\" \/>\n<meta property=\"og:url\" content=\"https:\/\/oasismade.com\/fr\/produit\/sac-a-dos-coton-a-cordons\/\" \/>\n<meta property=\"og:site_name\" content=\"Oasismade\" \/>\n<meta property=\"article:publisher\" content=\"https:\/\/www.facebook.com\/OasisMade\/\" \/>\n<meta property=\"og:image\" content=\"https:\/\/oasismade.com\/wp-content\/uploads\/2022\/03\/DB-Backpack-1-1.jpg\" \/>\n\t<meta property=\"og:image:width\" content=\"1140\" \/>\n\t<meta property=\"og:image:height\" content=\"1140\" \/>\n\t<meta property=\"og:image:type\" content=\"image\/jpeg\" \/>\n<meta name=\"twitter:card\" content=\"summary_large_image\" \/>\n<meta name=\"twitter:label1\" content=\"Est. reading time\" \/>\n\t<meta name=\"twitter:data1\" content=\"1 minute\" \/>\n<script type=\"application\/ld+json\" class=\"yoast-schema-graph\">{\"@context\":\"https:\/\/schema.org\",\"@graph\":[{\"@type\":\"WebPage\",\"@id\":\"https:\/\/oasismade.com\/fr\/produit\/sac-a-dos-coton-a-cordons\/\",\"url\":\"https:\/\/oasismade.com\/fr\/produit\/sac-a-dos-coton-a-cordons\/\",\"name\":\"Sac \u00e0 dos coton \u00e0 cordons - Oasismade\",\"isPartOf\":{\"@id\":\"https:\/\/oasismade.com\/fr\/#website\"},\"primaryImageOfPage\":{\"@id\":\"https:\/\/oasismade.com\/fr\/produit\/sac-a-dos-coton-a-cordons\/#primaryimage\"},\"image\":{\"@id\":\"https:\/\/oasismade.com\/fr\/produit\/sac-a-dos-coton-a-cordons\/#primaryimage\"},\"thumbnailUrl\":\"https:\/\/oasismade.com\/wp-content\/uploads\/2022\/03\/DB-Backpack-1-1.jpg\",\"datePublished\":\"2022-07-15T19:16:28+00:00\",\"breadcrumb\":{\"@id\":\"https:\/\/oasismade.com\/fr\/produit\/sac-a-dos-coton-a-cordons\/#breadcrumb\"},\"inLanguage\":\"fr-CA\",\"potentialAction\":[{\"@type\":\"ReadAction\",\"target\":[\"https:\/\/oasismade.com\/fr\/produit\/sac-a-dos-coton-a-cordons\/\"]}]},{\"@type\":\"ImageObject\",\"inLanguage\":\"fr-CA\",\"@id\":\"https:\/\/oasismade.com\/fr\/produit\/sac-a-dos-coton-a-cordons\/#primaryimage\",\"url\":\"https:\/\/oasismade.com\/wp-content\/uploads\/2022\/03\/DB-Backpack-1-1.jpg\",\"contentUrl\":\"https:\/\/oasismade.com\/wp-content\/uploads\/2022\/03\/DB-Backpack-1-1.jpg\",\"width\":1140,\"height\":1140,\"caption\":\"Cotton-Drawstring-Backpacks\"},{\"@type\":\"BreadcrumbList\",\"@id\":\"https:\/\/oasismade.com\/fr\/produit\/sac-a-dos-coton-a-cordons\/#breadcrumb\",\"itemListElement\":[{\"@type\":\"ListItem\",\"position\":1,\"name\":\"Accueil\",\"item\":\"https:\/\/oasismade.com\/fr\/\"},{\"@type\":\"ListItem\",\"position\":2,\"name\":\"Boutique\",\"item\":\"https:\/\/oasismade.com\/fr\/catalogue\/\"},{\"@type\":\"ListItem\",\"position\":3,\"name\":\"Sac \u00e0 dos coton \u00e0 cordons\"}]},{\"@type\":\"WebSite\",\"@id\":\"https:\/\/oasismade.com\/fr\/#website\",\"url\":\"https:\/\/oasismade.com\/fr\/\",\"name\":\"Oasismade\",\"description\":\"Sustainable Packaging Solution\",\"potentialAction\":[{\"@type\":\"SearchAction\",\"target\":{\"@type\":\"EntryPoint\",\"urlTemplate\":\"https:\/\/oasismade.com\/fr\/?s={search_term_string}\"},\"query-input\":{\"@type\":\"PropertyValueSpecification\",\"valueRequired\":true,\"valueName\":\"search_term_string\"}}],\"inLanguage\":\"fr-CA\"}]}<\/script>\n<!-- \/ Yoast SEO plugin. -->","yoast_head_json":{"title":"Sac \u00e0 dos coton \u00e0 cordons - Oasismade","robots":{"index":"index","follow":"follow","max-snippet":"max-snippet:-1","max-image-preview":"max-image-preview:large","max-video-preview":"max-video-preview:-1"},"canonical":"https:\/\/oasismade.com\/fr\/produit\/sac-a-dos-coton-a-cordons\/","og_locale":"fr_CA","og_type":"article","og_title":"Sac \u00e0 dos coton \u00e0 cordons - Oasismade","og_description":"Pourquoi aimons-nous ce sac \u00e0 dos coton \u00e0 cordons ? Ce design simple offre un sac \u00e0 dos de bonne taille qui peut \u00eatre facilement \u00eatre pli\u00e9 et rang\u00e9 dans un sac ou une poche. Ce sac peut \u00eatre utilis\u00e9 pour la randonn\u00e9e, le v\u00e9lo, la course \u00e0 pied, ou tout simplement pour les d\u00e9placements quotidiens ! Sans oublier que les \u00e9tudiants trouvent que ces sacs \u00e0 dos en coton \u00e0 cordon sont parfaits pour transporter des v\u00eatements ou des chaussures suppl\u00e9mentaires. Vos clients vont adorer ces sacs \u00e0 dos \u00e0 cordon personnalis\u00e9s car ils sont l\u00e9gers et simples \u00e0 utiliser.  En outre, ce sac est dot\u00e9 d'une pochette spacieuse qui peut \u00eatre ferm\u00e9e \u00e0 l'aide de doubles cordons en coton naturel, que vous pouvez porter comme des bretelles de sac \u00e0 dos. Ces sacs constituent un cadeau r\u00e9utilisable id\u00e9al pour les salons professionnels, les expositions, les journ\u00e9es portes ouvertes, les s\u00e9minaires et autres \u00e9v\u00e9nements publics. Ces sacs \u00e0 cordon en coton sont bien faits, \u00e9cologiques et r\u00e9utilisables. Personnalisez ce sac pour le distribuer lors d'\u00e9v\u00e9nements d'entreprise ou pour l'offrir aux \u00e9tudiants. Quelle que soit la fa\u00e7on dont vous choisissez de personnaliser ce sac, nous pouvons vous aider \u00e0 donner vie \u00e0 votre concept de marque! Ces sacs \u00e0 dos coton \u00e0 cordons comprennent:   Coton 100% naturel  Poign\u00e9es en coton torsad\u00e9es  Fermeture \u00e0 cordon  Options de personnalisation illimit\u00e9es  Produit disponible en inventaire","og_url":"https:\/\/oasismade.com\/fr\/produit\/sac-a-dos-coton-a-cordons\/","og_site_name":"Oasismade","article_publisher":"https:\/\/www.facebook.com\/OasisMade\/","og_image":[{"width":1140,"height":1140,"url":"https:\/\/oasismade.com\/wp-content\/uploads\/2022\/03\/DB-Backpack-1-1.jpg","type":"image\/jpeg"}],"twitter_card":"summary_large_image","twitter_misc":{"Est. reading time":"1 minute"},"schema":{"@context":"https:\/\/schema.org","@graph":[{"@type":"WebPage","@id":"https:\/\/oasismade.com\/fr\/produit\/sac-a-dos-coton-a-cordons\/","url":"https:\/\/oasismade.com\/fr\/produit\/sac-a-dos-coton-a-cordons\/","name":"Sac \u00e0 dos coton \u00e0 cordons - Oasismade","isPartOf":{"@id":"https:\/\/oasismade.com\/fr\/#website"},"primaryImageOfPage":{"@id":"https:\/\/oasismade.com\/fr\/produit\/sac-a-dos-coton-a-cordons\/#primaryimage"},"image":{"@id":"https:\/\/oasismade.com\/fr\/produit\/sac-a-dos-coton-a-cordons\/#primaryimage"},"thumbnailUrl":"https:\/\/oasismade.com\/wp-content\/uploads\/2022\/03\/DB-Backpack-1-1.jpg","datePublished":"2022-07-15T19:16:28+00:00","breadcrumb":{"@id":"https:\/\/oasismade.com\/fr\/produit\/sac-a-dos-coton-a-cordons\/#breadcrumb"},"inLanguage":"fr-CA","potentialAction":[{"@type":"ReadAction","target":["https:\/\/oasismade.com\/fr\/produit\/sac-a-dos-coton-a-cordons\/"]}]},{"@type":"ImageObject","inLanguage":"fr-CA","@id":"https:\/\/oasismade.com\/fr\/produit\/sac-a-dos-coton-a-cordons\/#primaryimage","url":"https:\/\/oasismade.com\/wp-content\/uploads\/2022\/03\/DB-Backpack-1-1.jpg","contentUrl":"https:\/\/oasismade.com\/wp-content\/uploads\/2022\/03\/DB-Backpack-1-1.jpg","width":1140,"height":1140,"caption":"Cotton-Drawstring-Backpacks"},{"@type":"BreadcrumbList","@id":"https:\/\/oasismade.com\/fr\/produit\/sac-a-dos-coton-a-cordons\/#breadcrumb","itemListElement":[{"@type":"ListItem","position":1,"name":"Accueil","item":"https:\/\/oasismade.com\/fr\/"},{"@type":"ListItem","position":2,"name":"Boutique","item":"https:\/\/oasismade.com\/fr\/catalogue\/"},{"@type":"ListItem","position":3,"name":"Sac \u00e0 dos coton \u00e0 cordons"}]},{"@type":"WebSite","@id":"https:\/\/oasismade.com\/fr\/#website","url":"https:\/\/oasismade.com\/fr\/","name":"Oasismade","description":"Sustainable Packaging Solution","potentialAction":[{"@type":"SearchAction","target":{"@type":"EntryPoint","urlTemplate":"https:\/\/oasismade.com\/fr\/?s={search_term_string}"},"query-input":{"@type":"PropertyValueSpecification","valueRequired":true,"valueName":"search_term_string"}}],"inLanguage":"fr-CA"}]}},"_links":{"self":[{"href":"https:\/\/oasismade.com\/fr\/wp-json\/wp\/v2\/product\/8339","targetHints":{"allow":["GET"]}}],"collection":[{"href":"https:\/\/oasismade.com\/fr\/wp-json\/wp\/v2\/product"}],"about":[{"href":"https:\/\/oasismade.com\/fr\/wp-json\/wp\/v2\/types\/product"}],"wp:featuredmedia":[{"embeddable":true,"href":"https:\/\/oasismade.com\/fr\/wp-json\/wp\/v2\/media\/8025"}],"wp:attachment":[{"href":"https:\/\/oasismade.com\/fr\/wp-json\/wp\/v2\/media?parent=8339"}],"wp:term":[{"taxonomy":"product_brand","embeddable":true,"href":"https:\/\/oasismade.com\/fr\/wp-json\/wp\/v2\/product_brand?post=8339"},{"taxonomy":"product_cat","embeddable":true,"href":"https:\/\/oasismade.com\/fr\/wp-json\/wp\/v2\/product_cat?post=8339"},{"taxonomy":"product_tag","embeddable":true,"href":"https:\/\/oasismade.com\/fr\/wp-json\/wp\/v2\/product_tag?post=8339"}],"curies":[{"name":"wp","href":"https:\/\/api.w.org\/{rel}","templated":true}]}}