{"id":8337,"date":"2022-04-28T13:48:11","date_gmt":"2022-07-15T18:28:37","guid":{"rendered":"https:\/\/oasismade.com\/?post_type=product&#038;p=8337"},"modified":"2022-07-15T18:28:37","modified_gmt":"2022-07-15T18:28:37","slug":"tasse-en-silicone-retractable","status":"publish","type":"product","link":"https:\/\/oasismade.com\/fr\/produit\/tasse-en-silicone-retractable\/","title":{"rendered":"Tasse en silicone r\u00e9tractable"},"content":{"rendered":"<p><strong>Personnalisation compl\u00e8te<\/strong><\/p>\n<p>Concevez cette tasse en silicone r\u00e9tractable avec votre choix de grandeur, couleur, graphique ou logo pour une exp\u00e9rience rehauss\u00e9e de votre marque. Consid\u00e9rez cette tasse comme une toile \u00e0 peindre et laisser votre \u00e9quipe marketing exprimer leur cr\u00e9ativit\u00e9. Faites-nous parvenir les sp\u00e9cifications de votre marque et regardez cet article devenir r\u00e9alit\u00e9.<\/p>\n<p><strong>L\u2019ensemble complet<\/strong><\/p>\n<p>Contactez l&rsquo;un de nos repr\u00e9sentants OasisMade et cr\u00e9ez l\u2019exp\u00e9rience d\u2019emballage client parfaite pour cette tasse. Les options que nous proposons pour la personnalisation des produits vous permettent de cr\u00e9er l&rsquo;article de vos r\u00eaves.<\/p>\n<p><strong>Demandez un devis d\u00e8s aujourd&rsquo;hui et apprenez-en plus sur la fa\u00e7on de personnaliser cette tasse en silicone r\u00e9tractable et d\u2019en faire une super solution \u00e9cologique pour votre entreprise.<\/strong><\/p>\n","protected":false},"excerpt":{"rendered":"<h2>Pourquoi aimons-nous cette tasse en silicone r\u00e9tractable<\/h2>\n<p>Cette tasse en silicone r\u00e9tractable est portable, \u00e9tanche, pliable et r\u00e9utilisable. C&rsquo;est la tasse \u00e0 caf\u00e9 id\u00e9ale. Cette tasse en silicone r\u00e9tractable vous accompagne partout o\u00f9 vous allez combinant un format et un mat\u00e9riau qui conviennent \u00e0 tous vos projets. Ce gobelet est unique de par son format \u00a0compact, il est assez grand pour contenir votre tasse de caf\u00e9 du matin et se glisse facilement dans votre poche lors de vos d\u00e9placements. C&rsquo;est une alternative pratique aux tasses de voyage encombrantes et aussi plus respectueuse de l&rsquo;environnement que les gobelets jetables. En fait, elle convient \u00e0 toutes les situations.<\/p>\n<p>Elle se r\u00e9tracte pour un nettoyage facile, va au lave-vaisselle et au micro-ondes. Fabriqu\u00e9 \u00e0 partir de mat\u00e9riaux sans danger pour la sant\u00e9 et recyclables. Sans BPA, phtalates, plomb ou colle. Ce n&rsquo;est pas seulement une tasse en silicone alimentaire mais aussi un bouchon. Livr\u00e9 avec un manchon thermique qui se plie pour former une tasse assurant ainsi sa stabilit\u00e9. Personnalisez cet article de haut en bas et compl\u00e9tez-le avec un article joliment emball\u00e9, pr\u00eat pour les rayons du magasin.<\/p>\n<h2>Cette tasse en silicone r\u00e9tractable comprend\u00a0:<\/h2>\n<ul>\n<li>Convient aux micro-ondes et au lave-vaisselle<\/li>\n<li>Sans BPA<\/li>\n<li>Manchon chauffant pratique<\/li>\n<li>Se replie en un disque \u00e9tanche facilement portable<\/li>\n<\/ul>\n","protected":false},"featured_media":8226,"template":"","meta":[],"product_brand":[],"product_cat":[106],"product_tag":[],"class_list":{"0":"post-8337","1":"product","2":"type-product","3":"status-publish","4":"has-post-thumbnail","6":"product_cat-bouteilles-de-transport","8":"first","9":"instock","10":"shipping-taxable","11":"product-type-simple"},"yoast_head":"<!-- This site is optimized with the Yoast SEO plugin v25.5 - https:\/\/yoast.com\/wordpress\/plugins\/seo\/ -->\n<title>Tasse en silicone r\u00e9tractable - Oasismade<\/title>\n<meta name=\"robots\" content=\"index, follow, max-snippet:-1, max-image-preview:large, max-video-preview:-1\" \/>\n<link rel=\"canonical\" href=\"https:\/\/oasismade.com\/fr\/produit\/tasse-en-silicone-retractable\/\" \/>\n<meta property=\"og:locale\" content=\"fr_CA\" \/>\n<meta property=\"og:type\" content=\"article\" \/>\n<meta property=\"og:title\" content=\"Tasse en silicone r\u00e9tractable - Oasismade\" \/>\n<meta property=\"og:description\" content=\"Pourquoi aimons-nous cette tasse en silicone r\u00e9tractable Cette tasse en silicone r\u00e9tractable est portable, \u00e9tanche, pliable et r\u00e9utilisable. C&#039;est la tasse \u00e0 caf\u00e9 id\u00e9ale. Cette tasse en silicone r\u00e9tractable vous accompagne partout o\u00f9 vous allez combinant un format et un mat\u00e9riau qui conviennent \u00e0 tous vos projets. Ce gobelet est unique de par son format \u00a0compact, il est assez grand pour contenir votre tasse de caf\u00e9 du matin et se glisse facilement dans votre poche lors de vos d\u00e9placements. C&#039;est une alternative pratique aux tasses de voyage encombrantes et aussi plus respectueuse de l&#039;environnement que les gobelets jetables. En fait, elle convient \u00e0 toutes les situations.  Elle se r\u00e9tracte pour un nettoyage facile, va au lave-vaisselle et au micro-ondes. Fabriqu\u00e9 \u00e0 partir de mat\u00e9riaux sans danger pour la sant\u00e9 et recyclables. Sans BPA, phtalates, plomb ou colle. Ce n&#039;est pas seulement une tasse en silicone alimentaire mais aussi un bouchon. Livr\u00e9 avec un manchon thermique qui se plie pour former une tasse assurant ainsi sa stabilit\u00e9. Personnalisez cet article de haut en bas et compl\u00e9tez-le avec un article joliment emball\u00e9, pr\u00eat pour les rayons du magasin. Cette tasse en silicone r\u00e9tractable comprend\u00a0:   Convient aux micro-ondes et au lave-vaisselle  Sans BPA  Manchon chauffant pratique  Se replie en un disque \u00e9tanche facilement portable\" \/>\n<meta property=\"og:url\" content=\"https:\/\/oasismade.com\/fr\/produit\/tasse-en-silicone-retractable\/\" \/>\n<meta property=\"og:site_name\" content=\"Oasismade\" \/>\n<meta property=\"article:publisher\" content=\"https:\/\/www.facebook.com\/OasisMade\/\" \/>\n<meta property=\"og:image\" content=\"https:\/\/oasismade.com\/wp-content\/uploads\/2022\/04\/collapsible-coffee-cup-2-copy-2.jpg\" \/>\n\t<meta property=\"og:image:width\" content=\"1000\" \/>\n\t<meta property=\"og:image:height\" content=\"1000\" \/>\n\t<meta property=\"og:image:type\" content=\"image\/jpeg\" \/>\n<meta name=\"twitter:card\" content=\"summary_large_image\" \/>\n<meta name=\"twitter:label1\" content=\"Est. reading time\" \/>\n\t<meta name=\"twitter:data1\" content=\"1 minute\" \/>\n<script type=\"application\/ld+json\" class=\"yoast-schema-graph\">{\"@context\":\"https:\/\/schema.org\",\"@graph\":[{\"@type\":\"WebPage\",\"@id\":\"https:\/\/oasismade.com\/fr\/produit\/tasse-en-silicone-retractable\/\",\"url\":\"https:\/\/oasismade.com\/fr\/produit\/tasse-en-silicone-retractable\/\",\"name\":\"Tasse en silicone r\u00e9tractable - Oasismade\",\"isPartOf\":{\"@id\":\"https:\/\/oasismade.com\/fr\/#website\"},\"primaryImageOfPage\":{\"@id\":\"https:\/\/oasismade.com\/fr\/produit\/tasse-en-silicone-retractable\/#primaryimage\"},\"image\":{\"@id\":\"https:\/\/oasismade.com\/fr\/produit\/tasse-en-silicone-retractable\/#primaryimage\"},\"thumbnailUrl\":\"https:\/\/oasismade.com\/wp-content\/uploads\/2022\/04\/collapsible-coffee-cup-2-copy-2.jpg\",\"datePublished\":\"2022-07-15T18:28:37+00:00\",\"breadcrumb\":{\"@id\":\"https:\/\/oasismade.com\/fr\/produit\/tasse-en-silicone-retractable\/#breadcrumb\"},\"inLanguage\":\"fr-CA\",\"potentialAction\":[{\"@type\":\"ReadAction\",\"target\":[\"https:\/\/oasismade.com\/fr\/produit\/tasse-en-silicone-retractable\/\"]}]},{\"@type\":\"ImageObject\",\"inLanguage\":\"fr-CA\",\"@id\":\"https:\/\/oasismade.com\/fr\/produit\/tasse-en-silicone-retractable\/#primaryimage\",\"url\":\"https:\/\/oasismade.com\/wp-content\/uploads\/2022\/04\/collapsible-coffee-cup-2-copy-2.jpg\",\"contentUrl\":\"https:\/\/oasismade.com\/wp-content\/uploads\/2022\/04\/collapsible-coffee-cup-2-copy-2.jpg\",\"width\":1000,\"height\":1000,\"caption\":\"Collapsible-Silicone-Cup\"},{\"@type\":\"BreadcrumbList\",\"@id\":\"https:\/\/oasismade.com\/fr\/produit\/tasse-en-silicone-retractable\/#breadcrumb\",\"itemListElement\":[{\"@type\":\"ListItem\",\"position\":1,\"name\":\"Accueil\",\"item\":\"https:\/\/oasismade.com\/fr\/\"},{\"@type\":\"ListItem\",\"position\":2,\"name\":\"Boutique\",\"item\":\"https:\/\/oasismade.com\/fr\/catalogue\/\"},{\"@type\":\"ListItem\",\"position\":3,\"name\":\"Tasse en silicone r\u00e9tractable\"}]},{\"@type\":\"WebSite\",\"@id\":\"https:\/\/oasismade.com\/fr\/#website\",\"url\":\"https:\/\/oasismade.com\/fr\/\",\"name\":\"Oasismade\",\"description\":\"Sustainable Packaging Solution\",\"potentialAction\":[{\"@type\":\"SearchAction\",\"target\":{\"@type\":\"EntryPoint\",\"urlTemplate\":\"https:\/\/oasismade.com\/fr\/?s={search_term_string}\"},\"query-input\":{\"@type\":\"PropertyValueSpecification\",\"valueRequired\":true,\"valueName\":\"search_term_string\"}}],\"inLanguage\":\"fr-CA\"}]}<\/script>\n<!-- \/ Yoast SEO plugin. -->","yoast_head_json":{"title":"Tasse en silicone r\u00e9tractable - Oasismade","robots":{"index":"index","follow":"follow","max-snippet":"max-snippet:-1","max-image-preview":"max-image-preview:large","max-video-preview":"max-video-preview:-1"},"canonical":"https:\/\/oasismade.com\/fr\/produit\/tasse-en-silicone-retractable\/","og_locale":"fr_CA","og_type":"article","og_title":"Tasse en silicone r\u00e9tractable - Oasismade","og_description":"Pourquoi aimons-nous cette tasse en silicone r\u00e9tractable Cette tasse en silicone r\u00e9tractable est portable, \u00e9tanche, pliable et r\u00e9utilisable. C'est la tasse \u00e0 caf\u00e9 id\u00e9ale. Cette tasse en silicone r\u00e9tractable vous accompagne partout o\u00f9 vous allez combinant un format et un mat\u00e9riau qui conviennent \u00e0 tous vos projets. Ce gobelet est unique de par son format \u00a0compact, il est assez grand pour contenir votre tasse de caf\u00e9 du matin et se glisse facilement dans votre poche lors de vos d\u00e9placements. C'est une alternative pratique aux tasses de voyage encombrantes et aussi plus respectueuse de l'environnement que les gobelets jetables. En fait, elle convient \u00e0 toutes les situations.  Elle se r\u00e9tracte pour un nettoyage facile, va au lave-vaisselle et au micro-ondes. Fabriqu\u00e9 \u00e0 partir de mat\u00e9riaux sans danger pour la sant\u00e9 et recyclables. Sans BPA, phtalates, plomb ou colle. Ce n'est pas seulement une tasse en silicone alimentaire mais aussi un bouchon. Livr\u00e9 avec un manchon thermique qui se plie pour former une tasse assurant ainsi sa stabilit\u00e9. Personnalisez cet article de haut en bas et compl\u00e9tez-le avec un article joliment emball\u00e9, pr\u00eat pour les rayons du magasin. Cette tasse en silicone r\u00e9tractable comprend\u00a0:   Convient aux micro-ondes et au lave-vaisselle  Sans BPA  Manchon chauffant pratique  Se replie en un disque \u00e9tanche facilement portable","og_url":"https:\/\/oasismade.com\/fr\/produit\/tasse-en-silicone-retractable\/","og_site_name":"Oasismade","article_publisher":"https:\/\/www.facebook.com\/OasisMade\/","og_image":[{"width":1000,"height":1000,"url":"https:\/\/oasismade.com\/wp-content\/uploads\/2022\/04\/collapsible-coffee-cup-2-copy-2.jpg","type":"image\/jpeg"}],"twitter_card":"summary_large_image","twitter_misc":{"Est. reading time":"1 minute"},"schema":{"@context":"https:\/\/schema.org","@graph":[{"@type":"WebPage","@id":"https:\/\/oasismade.com\/fr\/produit\/tasse-en-silicone-retractable\/","url":"https:\/\/oasismade.com\/fr\/produit\/tasse-en-silicone-retractable\/","name":"Tasse en silicone r\u00e9tractable - Oasismade","isPartOf":{"@id":"https:\/\/oasismade.com\/fr\/#website"},"primaryImageOfPage":{"@id":"https:\/\/oasismade.com\/fr\/produit\/tasse-en-silicone-retractable\/#primaryimage"},"image":{"@id":"https:\/\/oasismade.com\/fr\/produit\/tasse-en-silicone-retractable\/#primaryimage"},"thumbnailUrl":"https:\/\/oasismade.com\/wp-content\/uploads\/2022\/04\/collapsible-coffee-cup-2-copy-2.jpg","datePublished":"2022-07-15T18:28:37+00:00","breadcrumb":{"@id":"https:\/\/oasismade.com\/fr\/produit\/tasse-en-silicone-retractable\/#breadcrumb"},"inLanguage":"fr-CA","potentialAction":[{"@type":"ReadAction","target":["https:\/\/oasismade.com\/fr\/produit\/tasse-en-silicone-retractable\/"]}]},{"@type":"ImageObject","inLanguage":"fr-CA","@id":"https:\/\/oasismade.com\/fr\/produit\/tasse-en-silicone-retractable\/#primaryimage","url":"https:\/\/oasismade.com\/wp-content\/uploads\/2022\/04\/collapsible-coffee-cup-2-copy-2.jpg","contentUrl":"https:\/\/oasismade.com\/wp-content\/uploads\/2022\/04\/collapsible-coffee-cup-2-copy-2.jpg","width":1000,"height":1000,"caption":"Collapsible-Silicone-Cup"},{"@type":"BreadcrumbList","@id":"https:\/\/oasismade.com\/fr\/produit\/tasse-en-silicone-retractable\/#breadcrumb","itemListElement":[{"@type":"ListItem","position":1,"name":"Accueil","item":"https:\/\/oasismade.com\/fr\/"},{"@type":"ListItem","position":2,"name":"Boutique","item":"https:\/\/oasismade.com\/fr\/catalogue\/"},{"@type":"ListItem","position":3,"name":"Tasse en silicone r\u00e9tractable"}]},{"@type":"WebSite","@id":"https:\/\/oasismade.com\/fr\/#website","url":"https:\/\/oasismade.com\/fr\/","name":"Oasismade","description":"Sustainable Packaging Solution","potentialAction":[{"@type":"SearchAction","target":{"@type":"EntryPoint","urlTemplate":"https:\/\/oasismade.com\/fr\/?s={search_term_string}"},"query-input":{"@type":"PropertyValueSpecification","valueRequired":true,"valueName":"search_term_string"}}],"inLanguage":"fr-CA"}]}},"_links":{"self":[{"href":"https:\/\/oasismade.com\/fr\/wp-json\/wp\/v2\/product\/8337","targetHints":{"allow":["GET"]}}],"collection":[{"href":"https:\/\/oasismade.com\/fr\/wp-json\/wp\/v2\/product"}],"about":[{"href":"https:\/\/oasismade.com\/fr\/wp-json\/wp\/v2\/types\/product"}],"wp:featuredmedia":[{"embeddable":true,"href":"https:\/\/oasismade.com\/fr\/wp-json\/wp\/v2\/media\/8226"}],"wp:attachment":[{"href":"https:\/\/oasismade.com\/fr\/wp-json\/wp\/v2\/media?parent=8337"}],"wp:term":[{"taxonomy":"product_brand","embeddable":true,"href":"https:\/\/oasismade.com\/fr\/wp-json\/wp\/v2\/product_brand?post=8337"},{"taxonomy":"product_cat","embeddable":true,"href":"https:\/\/oasismade.com\/fr\/wp-json\/wp\/v2\/product_cat?post=8337"},{"taxonomy":"product_tag","embeddable":true,"href":"https:\/\/oasismade.com\/fr\/wp-json\/wp\/v2\/product_tag?post=8337"}],"curies":[{"name":"wp","href":"https:\/\/api.w.org\/{rel}","templated":true}]}}