{"id":8336,"date":"2021-11-08T12:36:35","date_gmt":"2022-07-15T18:00:47","guid":{"rendered":"https:\/\/oasismade.com\/?post_type=product&#038;p=8336"},"modified":"2022-07-15T18:00:48","modified_gmt":"2022-07-15T18:00:48","slug":"carafe-thermique","status":"publish","type":"product","link":"https:\/\/oasismade.com\/fr\/produit\/carafe-thermique\/","title":{"rendered":"Carafe Thermique"},"content":{"rendered":"<p><strong>Personnalisation compl\u00e8te<\/strong><\/p>\n<p>Concevez cette carafe thermique avec votre choix de grandeur, couleur, graphique ou logo pour une exp\u00e9rience rehauss\u00e9e de votre marque. Consid\u00e9rez cette carafe thermique comme une toile \u00e0 peindre et laisser votre \u00e9quipe marketing exprimer leur cr\u00e9ativit\u00e9. Faites-nous parvenir les sp\u00e9cifications de votre marque et regardez cet article devenir r\u00e9alit\u00e9.<\/p>\n<p><strong>L\u2019ensemble complet<\/strong><\/p>\n<p>Contactez l&rsquo;un de nos repr\u00e9sentants OasisMade et cr\u00e9ez l\u2019exp\u00e9rience d\u2019emballage client parfaite pour cette carafe thermique. Les options que nous proposons pour la personnalisation des produits vous permettent de cr\u00e9er l&rsquo;article de vos r\u00eaves.<\/p>\n<p><strong>Demandez un devis d\u00e8s aujourd&rsquo;hui et apprenez-en plus sur la fa\u00e7on de personnaliser cette carafe thermique et d\u2019en faire une super solution \u00e9cologique pour votre entreprise.<\/strong><\/p>\n","protected":false},"excerpt":{"rendered":"<h2>Pourquoi aimons-nous cette carafe thermique<\/h2>\n<p>Cette carafe thermique est id\u00e9ale pour pr\u00e9parer une tasse de th\u00e9 parfaite. L&rsquo;isolation sous vide est essentielle, de sorte que les boissons restent chaudes\/froides jusqu&rsquo;\u00e0 8 heures. Con\u00e7ue avec un infuseur \u00e0 th\u00e9 amovible \u00e0 fines mailles pour personnaliser l\u2019infusion de votre th\u00e9. La carafe thermique est compos\u00e9e de bois et de m\u00e9tal, ce qui en fait l&rsquo;article parfait pour toute occasion. Mettez vos feuilles de th\u00e9 pr\u00e9f\u00e9r\u00e9es et laissez le temps faire sa magie ! Concevez cet article comme vous le souhaitez et personnalisez-le selon votre inspiration. Agencez cet item avec un bel emballage pr\u00eat \u00e0 \u00eatre pr\u00e9sent\u00e9 sur les \u00e9tag\u00e8res en magasin.<\/p>\n<h2>Cette carafe thermique comprend:<\/h2>\n<ul>\n<li>Poign\u00e9e en bois confortable pour prise en main facile et confortable<\/li>\n<li>Infuseur d\u00e9tachable permettant de personnaliser l\u2019infusion de votre th\u00e9<\/li>\n<li>Cylindre en acier inoxydable \u00e0 double paroi<\/li>\n<li>Options de personnalisation disponibles<\/li>\n<\/ul>\n","protected":false},"featured_media":7554,"template":"","meta":[],"product_brand":[],"product_cat":[106],"product_tag":[],"class_list":{"0":"post-8336","1":"product","2":"type-product","3":"status-publish","4":"has-post-thumbnail","6":"product_cat-bouteilles-de-transport","8":"first","9":"instock","10":"shipping-taxable","11":"product-type-simple"},"yoast_head":"<!-- This site is optimized with the Yoast SEO plugin v25.5 - https:\/\/yoast.com\/wordpress\/plugins\/seo\/ -->\n<title>Carafe Thermique - Oasismade<\/title>\n<meta name=\"robots\" content=\"index, follow, max-snippet:-1, max-image-preview:large, max-video-preview:-1\" \/>\n<link rel=\"canonical\" href=\"https:\/\/oasismade.com\/fr\/produit\/carafe-thermique\/\" \/>\n<meta property=\"og:locale\" content=\"fr_CA\" \/>\n<meta property=\"og:type\" content=\"article\" \/>\n<meta property=\"og:title\" content=\"Carafe Thermique - Oasismade\" \/>\n<meta property=\"og:description\" content=\"Pourquoi aimons-nous cette carafe thermique Cette carafe thermique est id\u00e9ale pour pr\u00e9parer une tasse de th\u00e9 parfaite. L&#039;isolation sous vide est essentielle, de sorte que les boissons restent chaudes\/froides jusqu&#039;\u00e0 8 heures. Con\u00e7ue avec un infuseur \u00e0 th\u00e9 amovible \u00e0 fines mailles pour personnaliser l\u2019infusion de votre th\u00e9. La carafe thermique est compos\u00e9e de bois et de m\u00e9tal, ce qui en fait l&#039;article parfait pour toute occasion. Mettez vos feuilles de th\u00e9 pr\u00e9f\u00e9r\u00e9es et laissez le temps faire sa magie ! Concevez cet article comme vous le souhaitez et personnalisez-le selon votre inspiration. Agencez cet item avec un bel emballage pr\u00eat \u00e0 \u00eatre pr\u00e9sent\u00e9 sur les \u00e9tag\u00e8res en magasin. Cette carafe thermique comprend:   Poign\u00e9e en bois confortable pour prise en main facile et confortable  Infuseur d\u00e9tachable permettant de personnaliser l\u2019infusion de votre th\u00e9  Cylindre en acier inoxydable \u00e0 double paroi  Options de personnalisation disponibles\" \/>\n<meta property=\"og:url\" content=\"https:\/\/oasismade.com\/fr\/produit\/carafe-thermique\/\" \/>\n<meta property=\"og:site_name\" content=\"Oasismade\" \/>\n<meta property=\"article:publisher\" content=\"https:\/\/www.facebook.com\/OasisMade\/\" \/>\n<meta property=\"article:modified_time\" content=\"2022-07-15T18:00:48+00:00\" \/>\n<meta property=\"og:image\" content=\"https:\/\/oasismade.com\/wp-content\/uploads\/2021\/08\/oasis-made-sustainable-reusable-bags-packaging-oasismade-thermal-carafe-1-.jpg\" \/>\n\t<meta property=\"og:image:width\" content=\"1250\" \/>\n\t<meta property=\"og:image:height\" content=\"1250\" \/>\n\t<meta property=\"og:image:type\" content=\"image\/jpeg\" \/>\n<meta name=\"twitter:card\" content=\"summary_large_image\" \/>\n<meta name=\"twitter:label1\" content=\"Est. reading time\" \/>\n\t<meta name=\"twitter:data1\" content=\"1 minute\" \/>\n<script type=\"application\/ld+json\" class=\"yoast-schema-graph\">{\"@context\":\"https:\/\/schema.org\",\"@graph\":[{\"@type\":\"WebPage\",\"@id\":\"https:\/\/oasismade.com\/fr\/produit\/carafe-thermique\/\",\"url\":\"https:\/\/oasismade.com\/fr\/produit\/carafe-thermique\/\",\"name\":\"Carafe Thermique - Oasismade\",\"isPartOf\":{\"@id\":\"https:\/\/oasismade.com\/fr\/#website\"},\"primaryImageOfPage\":{\"@id\":\"https:\/\/oasismade.com\/fr\/produit\/carafe-thermique\/#primaryimage\"},\"image\":{\"@id\":\"https:\/\/oasismade.com\/fr\/produit\/carafe-thermique\/#primaryimage\"},\"thumbnailUrl\":\"https:\/\/oasismade.com\/wp-content\/uploads\/2021\/08\/oasis-made-sustainable-reusable-bags-packaging-oasismade-thermal-carafe-1-.jpg\",\"datePublished\":\"2022-07-15T18:00:47+00:00\",\"dateModified\":\"2022-07-15T18:00:48+00:00\",\"breadcrumb\":{\"@id\":\"https:\/\/oasismade.com\/fr\/produit\/carafe-thermique\/#breadcrumb\"},\"inLanguage\":\"fr-CA\",\"potentialAction\":[{\"@type\":\"ReadAction\",\"target\":[\"https:\/\/oasismade.com\/fr\/produit\/carafe-thermique\/\"]}]},{\"@type\":\"ImageObject\",\"inLanguage\":\"fr-CA\",\"@id\":\"https:\/\/oasismade.com\/fr\/produit\/carafe-thermique\/#primaryimage\",\"url\":\"https:\/\/oasismade.com\/wp-content\/uploads\/2021\/08\/oasis-made-sustainable-reusable-bags-packaging-oasismade-thermal-carafe-1-.jpg\",\"contentUrl\":\"https:\/\/oasismade.com\/wp-content\/uploads\/2021\/08\/oasis-made-sustainable-reusable-bags-packaging-oasismade-thermal-carafe-1-.jpg\",\"width\":1250,\"height\":1250,\"caption\":\"Thermal-Carafe\"},{\"@type\":\"BreadcrumbList\",\"@id\":\"https:\/\/oasismade.com\/fr\/produit\/carafe-thermique\/#breadcrumb\",\"itemListElement\":[{\"@type\":\"ListItem\",\"position\":1,\"name\":\"Accueil\",\"item\":\"https:\/\/oasismade.com\/fr\/\"},{\"@type\":\"ListItem\",\"position\":2,\"name\":\"Boutique\",\"item\":\"https:\/\/oasismade.com\/fr\/catalogue\/\"},{\"@type\":\"ListItem\",\"position\":3,\"name\":\"Carafe Thermique\"}]},{\"@type\":\"WebSite\",\"@id\":\"https:\/\/oasismade.com\/fr\/#website\",\"url\":\"https:\/\/oasismade.com\/fr\/\",\"name\":\"Oasismade\",\"description\":\"Sustainable Packaging Solution\",\"potentialAction\":[{\"@type\":\"SearchAction\",\"target\":{\"@type\":\"EntryPoint\",\"urlTemplate\":\"https:\/\/oasismade.com\/fr\/?s={search_term_string}\"},\"query-input\":{\"@type\":\"PropertyValueSpecification\",\"valueRequired\":true,\"valueName\":\"search_term_string\"}}],\"inLanguage\":\"fr-CA\"}]}<\/script>\n<!-- \/ Yoast SEO plugin. -->","yoast_head_json":{"title":"Carafe Thermique - Oasismade","robots":{"index":"index","follow":"follow","max-snippet":"max-snippet:-1","max-image-preview":"max-image-preview:large","max-video-preview":"max-video-preview:-1"},"canonical":"https:\/\/oasismade.com\/fr\/produit\/carafe-thermique\/","og_locale":"fr_CA","og_type":"article","og_title":"Carafe Thermique - Oasismade","og_description":"Pourquoi aimons-nous cette carafe thermique Cette carafe thermique est id\u00e9ale pour pr\u00e9parer une tasse de th\u00e9 parfaite. L'isolation sous vide est essentielle, de sorte que les boissons restent chaudes\/froides jusqu'\u00e0 8 heures. Con\u00e7ue avec un infuseur \u00e0 th\u00e9 amovible \u00e0 fines mailles pour personnaliser l\u2019infusion de votre th\u00e9. La carafe thermique est compos\u00e9e de bois et de m\u00e9tal, ce qui en fait l'article parfait pour toute occasion. Mettez vos feuilles de th\u00e9 pr\u00e9f\u00e9r\u00e9es et laissez le temps faire sa magie ! Concevez cet article comme vous le souhaitez et personnalisez-le selon votre inspiration. Agencez cet item avec un bel emballage pr\u00eat \u00e0 \u00eatre pr\u00e9sent\u00e9 sur les \u00e9tag\u00e8res en magasin. Cette carafe thermique comprend:   Poign\u00e9e en bois confortable pour prise en main facile et confortable  Infuseur d\u00e9tachable permettant de personnaliser l\u2019infusion de votre th\u00e9  Cylindre en acier inoxydable \u00e0 double paroi  Options de personnalisation disponibles","og_url":"https:\/\/oasismade.com\/fr\/produit\/carafe-thermique\/","og_site_name":"Oasismade","article_publisher":"https:\/\/www.facebook.com\/OasisMade\/","article_modified_time":"2022-07-15T18:00:48+00:00","og_image":[{"width":1250,"height":1250,"url":"https:\/\/oasismade.com\/wp-content\/uploads\/2021\/08\/oasis-made-sustainable-reusable-bags-packaging-oasismade-thermal-carafe-1-.jpg","type":"image\/jpeg"}],"twitter_card":"summary_large_image","twitter_misc":{"Est. reading time":"1 minute"},"schema":{"@context":"https:\/\/schema.org","@graph":[{"@type":"WebPage","@id":"https:\/\/oasismade.com\/fr\/produit\/carafe-thermique\/","url":"https:\/\/oasismade.com\/fr\/produit\/carafe-thermique\/","name":"Carafe Thermique - Oasismade","isPartOf":{"@id":"https:\/\/oasismade.com\/fr\/#website"},"primaryImageOfPage":{"@id":"https:\/\/oasismade.com\/fr\/produit\/carafe-thermique\/#primaryimage"},"image":{"@id":"https:\/\/oasismade.com\/fr\/produit\/carafe-thermique\/#primaryimage"},"thumbnailUrl":"https:\/\/oasismade.com\/wp-content\/uploads\/2021\/08\/oasis-made-sustainable-reusable-bags-packaging-oasismade-thermal-carafe-1-.jpg","datePublished":"2022-07-15T18:00:47+00:00","dateModified":"2022-07-15T18:00:48+00:00","breadcrumb":{"@id":"https:\/\/oasismade.com\/fr\/produit\/carafe-thermique\/#breadcrumb"},"inLanguage":"fr-CA","potentialAction":[{"@type":"ReadAction","target":["https:\/\/oasismade.com\/fr\/produit\/carafe-thermique\/"]}]},{"@type":"ImageObject","inLanguage":"fr-CA","@id":"https:\/\/oasismade.com\/fr\/produit\/carafe-thermique\/#primaryimage","url":"https:\/\/oasismade.com\/wp-content\/uploads\/2021\/08\/oasis-made-sustainable-reusable-bags-packaging-oasismade-thermal-carafe-1-.jpg","contentUrl":"https:\/\/oasismade.com\/wp-content\/uploads\/2021\/08\/oasis-made-sustainable-reusable-bags-packaging-oasismade-thermal-carafe-1-.jpg","width":1250,"height":1250,"caption":"Thermal-Carafe"},{"@type":"BreadcrumbList","@id":"https:\/\/oasismade.com\/fr\/produit\/carafe-thermique\/#breadcrumb","itemListElement":[{"@type":"ListItem","position":1,"name":"Accueil","item":"https:\/\/oasismade.com\/fr\/"},{"@type":"ListItem","position":2,"name":"Boutique","item":"https:\/\/oasismade.com\/fr\/catalogue\/"},{"@type":"ListItem","position":3,"name":"Carafe Thermique"}]},{"@type":"WebSite","@id":"https:\/\/oasismade.com\/fr\/#website","url":"https:\/\/oasismade.com\/fr\/","name":"Oasismade","description":"Sustainable Packaging Solution","potentialAction":[{"@type":"SearchAction","target":{"@type":"EntryPoint","urlTemplate":"https:\/\/oasismade.com\/fr\/?s={search_term_string}"},"query-input":{"@type":"PropertyValueSpecification","valueRequired":true,"valueName":"search_term_string"}}],"inLanguage":"fr-CA"}]}},"_links":{"self":[{"href":"https:\/\/oasismade.com\/fr\/wp-json\/wp\/v2\/product\/8336","targetHints":{"allow":["GET"]}}],"collection":[{"href":"https:\/\/oasismade.com\/fr\/wp-json\/wp\/v2\/product"}],"about":[{"href":"https:\/\/oasismade.com\/fr\/wp-json\/wp\/v2\/types\/product"}],"wp:featuredmedia":[{"embeddable":true,"href":"https:\/\/oasismade.com\/fr\/wp-json\/wp\/v2\/media\/7554"}],"wp:attachment":[{"href":"https:\/\/oasismade.com\/fr\/wp-json\/wp\/v2\/media?parent=8336"}],"wp:term":[{"taxonomy":"product_brand","embeddable":true,"href":"https:\/\/oasismade.com\/fr\/wp-json\/wp\/v2\/product_brand?post=8336"},{"taxonomy":"product_cat","embeddable":true,"href":"https:\/\/oasismade.com\/fr\/wp-json\/wp\/v2\/product_cat?post=8336"},{"taxonomy":"product_tag","embeddable":true,"href":"https:\/\/oasismade.com\/fr\/wp-json\/wp\/v2\/product_tag?post=8336"}],"curies":[{"name":"wp","href":"https:\/\/api.w.org\/{rel}","templated":true}]}}