{"id":8331,"date":"2022-03-15T13:27:00","date_gmt":"2022-07-06T20:30:39","guid":{"rendered":"https:\/\/oasismade.com\/?post_type=product&#038;p=8331"},"modified":"2022-07-06T20:30:40","modified_gmt":"2022-07-06T20:30:40","slug":"tasse-de-camping-goodbrew","status":"publish","type":"product","link":"https:\/\/oasismade.com\/fr\/produit\/tasse-de-camping-goodbrew\/","title":{"rendered":"Tasse de camping GoodBrew"},"content":{"rendered":"<p><strong>Personnalisation compl\u00e8te<\/strong><\/p>\n<p>Concevez la tasse de camping GoodBrew avec votre choix de grandeur, couleur, graphique ou logo pour une exp\u00e9rience rehauss\u00e9e de votre marque.<\/p>\n<p>Consid\u00e9rez la tasse de camping GoodBrew comme une toile \u00e0 peindre et laisser votre \u00e9quipe marketing exprimer leur cr\u00e9ativit\u00e9. Faites-nous parvenir les sp\u00e9cifications de votre marque et regardez cet article devenir r\u00e9alit\u00e9.<\/p>\n<p><strong>L\u2019Ensemble complet<\/strong><\/p>\n<p>Contactez l&rsquo;un de nos repr\u00e9sentants OasisMade et cr\u00e9ez l\u2019exp\u00e9rience d\u2019emballage client parfaite pour cette tasse de camping. Les options que nous proposons pour la personnalisation des produits vous permettent de cr\u00e9er l&rsquo;article de vos r\u00eaves. Concevez la solution d&#8217;emballage adapt\u00e9e \u00e0 votre produit, parfaitement emball\u00e9 et pr\u00eat pour la vente en magasin.<\/p>\n<p>Demandez un devis d\u00e8s aujourd&rsquo;hui et apprenez-en plus sur la fa\u00e7on de personnaliser cette tasse de camping et d\u2019en faire une super solution \u00e9cologique pour votre entreprise.<\/p>\n","protected":false},"excerpt":{"rendered":"<h2>Voici \u2026la Tasse de camping GoodBrew<\/h2>\n<p>Contrairement aux tasses de camping traditionnelles, ce cylindre \u00e0 double paroi en acier inoxydable scell\u00e9 sous vide prot\u00e8ge les mains du contenu chaud ou froid tout en conservant le contenu bien isol\u00e9. La tasse de camping GoodBrew est munie d`un couvercle r\u00e9sistant aux chocs pour aider \u00e0 retenir le contenu et prot\u00e9ger contre les d\u00e9versements. Le large bec lib\u00e8re votre boisson pour qu&rsquo;elle soit facilement accessible tout en permettant au contenu de refroidir plus rapidement. Une large poign\u00e9e a \u00e9t\u00e9 con\u00e7ue pour assurer la stabilit\u00e9 et le confort de la prise en main. Concevez la tasse GoodBrew Camp Cup comme vous le souhaitez en la personnalisant \u00e0 votre guise et jumelez-le \u00e0 un bel emballage pr\u00eat pour la vente en magasin.<\/p>\n<h2>Cette tasse de camping GoodBrew comprend:<\/h2>\n<ul>\n<li>Large poign\u00e9e pour prise en main facile et confortable<\/li>\n<li>Couvercle r\u00e9sistant aux chocs<\/li>\n<li>Cylindre en acier inoxydable \u00e0 double paroi<\/li>\n<li>Options de personnalisation disponibles<\/li>\n<\/ul>\n","protected":false},"featured_media":8047,"template":"","meta":[],"product_brand":[],"product_cat":[223,106],"product_tag":[],"class_list":{"0":"post-8331","1":"product","2":"type-product","3":"status-publish","4":"has-post-thumbnail","6":"product_cat-stainless-steel-vaisselle","7":"product_cat-bouteilles-de-transport","9":"first","10":"instock","11":"shipping-taxable","12":"product-type-simple"},"yoast_head":"<!-- This site is optimized with the Yoast SEO plugin v25.5 - https:\/\/yoast.com\/wordpress\/plugins\/seo\/ -->\n<title>Tasse de camping GoodBrew - Oasismade<\/title>\n<meta name=\"robots\" content=\"index, follow, max-snippet:-1, max-image-preview:large, max-video-preview:-1\" \/>\n<link rel=\"canonical\" href=\"https:\/\/oasismade.com\/fr\/produit\/tasse-de-camping-goodbrew\/\" \/>\n<meta property=\"og:locale\" content=\"fr_CA\" \/>\n<meta property=\"og:type\" content=\"article\" \/>\n<meta property=\"og:title\" content=\"Tasse de camping GoodBrew - Oasismade\" \/>\n<meta property=\"og:description\" content=\"Voici \u2026la Tasse de camping GoodBrew Contrairement aux tasses de camping traditionnelles, ce cylindre \u00e0 double paroi en acier inoxydable scell\u00e9 sous vide prot\u00e8ge les mains du contenu chaud ou froid tout en conservant le contenu bien isol\u00e9. La tasse de camping GoodBrew est munie d`un couvercle r\u00e9sistant aux chocs pour aider \u00e0 retenir le contenu et prot\u00e9ger contre les d\u00e9versements. Le large bec lib\u00e8re votre boisson pour qu&#039;elle soit facilement accessible tout en permettant au contenu de refroidir plus rapidement. Une large poign\u00e9e a \u00e9t\u00e9 con\u00e7ue pour assurer la stabilit\u00e9 et le confort de la prise en main. Concevez la tasse GoodBrew Camp Cup comme vous le souhaitez en la personnalisant \u00e0 votre guise et jumelez-le \u00e0 un bel emballage pr\u00eat pour la vente en magasin. Cette tasse de camping GoodBrew comprend:   Large poign\u00e9e pour prise en main facile et confortable  Couvercle r\u00e9sistant aux chocs  Cylindre en acier inoxydable \u00e0 double paroi  Options de personnalisation disponibles\" \/>\n<meta property=\"og:url\" content=\"https:\/\/oasismade.com\/fr\/produit\/tasse-de-camping-goodbrew\/\" \/>\n<meta property=\"og:site_name\" content=\"Oasismade\" \/>\n<meta property=\"article:publisher\" content=\"https:\/\/www.facebook.com\/OasisMade\/\" \/>\n<meta property=\"article:modified_time\" content=\"2022-07-06T20:30:40+00:00\" \/>\n<meta property=\"og:image\" content=\"https:\/\/oasismade.com\/wp-content\/uploads\/2022\/03\/GB_Camp-Cup-copy.png\" \/>\n\t<meta property=\"og:image:width\" content=\"1080\" \/>\n\t<meta property=\"og:image:height\" content=\"1080\" \/>\n\t<meta property=\"og:image:type\" content=\"image\/png\" \/>\n<meta name=\"twitter:card\" content=\"summary_large_image\" \/>\n<meta name=\"twitter:label1\" content=\"Est. reading time\" \/>\n\t<meta name=\"twitter:data1\" content=\"1 minute\" \/>\n<script type=\"application\/ld+json\" class=\"yoast-schema-graph\">{\"@context\":\"https:\/\/schema.org\",\"@graph\":[{\"@type\":\"WebPage\",\"@id\":\"https:\/\/oasismade.com\/fr\/produit\/tasse-de-camping-goodbrew\/\",\"url\":\"https:\/\/oasismade.com\/fr\/produit\/tasse-de-camping-goodbrew\/\",\"name\":\"Tasse de camping GoodBrew - Oasismade\",\"isPartOf\":{\"@id\":\"https:\/\/oasismade.com\/fr\/#website\"},\"primaryImageOfPage\":{\"@id\":\"https:\/\/oasismade.com\/fr\/produit\/tasse-de-camping-goodbrew\/#primaryimage\"},\"image\":{\"@id\":\"https:\/\/oasismade.com\/fr\/produit\/tasse-de-camping-goodbrew\/#primaryimage\"},\"thumbnailUrl\":\"https:\/\/oasismade.com\/wp-content\/uploads\/2022\/03\/GB_Camp-Cup-copy.png\",\"datePublished\":\"2022-07-06T20:30:39+00:00\",\"dateModified\":\"2022-07-06T20:30:40+00:00\",\"breadcrumb\":{\"@id\":\"https:\/\/oasismade.com\/fr\/produit\/tasse-de-camping-goodbrew\/#breadcrumb\"},\"inLanguage\":\"fr-CA\",\"potentialAction\":[{\"@type\":\"ReadAction\",\"target\":[\"https:\/\/oasismade.com\/fr\/produit\/tasse-de-camping-goodbrew\/\"]}]},{\"@type\":\"ImageObject\",\"inLanguage\":\"fr-CA\",\"@id\":\"https:\/\/oasismade.com\/fr\/produit\/tasse-de-camping-goodbrew\/#primaryimage\",\"url\":\"https:\/\/oasismade.com\/wp-content\/uploads\/2022\/03\/GB_Camp-Cup-copy.png\",\"contentUrl\":\"https:\/\/oasismade.com\/wp-content\/uploads\/2022\/03\/GB_Camp-Cup-copy.png\",\"width\":1080,\"height\":1080,\"caption\":\"GoodBrew-Camp-Cup\"},{\"@type\":\"BreadcrumbList\",\"@id\":\"https:\/\/oasismade.com\/fr\/produit\/tasse-de-camping-goodbrew\/#breadcrumb\",\"itemListElement\":[{\"@type\":\"ListItem\",\"position\":1,\"name\":\"Accueil\",\"item\":\"https:\/\/oasismade.com\/fr\/\"},{\"@type\":\"ListItem\",\"position\":2,\"name\":\"Boutique\",\"item\":\"https:\/\/oasismade.com\/fr\/catalogue\/\"},{\"@type\":\"ListItem\",\"position\":3,\"name\":\"Tasse de camping GoodBrew\"}]},{\"@type\":\"WebSite\",\"@id\":\"https:\/\/oasismade.com\/fr\/#website\",\"url\":\"https:\/\/oasismade.com\/fr\/\",\"name\":\"Oasismade\",\"description\":\"Sustainable Packaging Solution\",\"potentialAction\":[{\"@type\":\"SearchAction\",\"target\":{\"@type\":\"EntryPoint\",\"urlTemplate\":\"https:\/\/oasismade.com\/fr\/?s={search_term_string}\"},\"query-input\":{\"@type\":\"PropertyValueSpecification\",\"valueRequired\":true,\"valueName\":\"search_term_string\"}}],\"inLanguage\":\"fr-CA\"}]}<\/script>\n<!-- \/ Yoast SEO plugin. -->","yoast_head_json":{"title":"Tasse de camping GoodBrew - Oasismade","robots":{"index":"index","follow":"follow","max-snippet":"max-snippet:-1","max-image-preview":"max-image-preview:large","max-video-preview":"max-video-preview:-1"},"canonical":"https:\/\/oasismade.com\/fr\/produit\/tasse-de-camping-goodbrew\/","og_locale":"fr_CA","og_type":"article","og_title":"Tasse de camping GoodBrew - Oasismade","og_description":"Voici \u2026la Tasse de camping GoodBrew Contrairement aux tasses de camping traditionnelles, ce cylindre \u00e0 double paroi en acier inoxydable scell\u00e9 sous vide prot\u00e8ge les mains du contenu chaud ou froid tout en conservant le contenu bien isol\u00e9. La tasse de camping GoodBrew est munie d`un couvercle r\u00e9sistant aux chocs pour aider \u00e0 retenir le contenu et prot\u00e9ger contre les d\u00e9versements. Le large bec lib\u00e8re votre boisson pour qu'elle soit facilement accessible tout en permettant au contenu de refroidir plus rapidement. Une large poign\u00e9e a \u00e9t\u00e9 con\u00e7ue pour assurer la stabilit\u00e9 et le confort de la prise en main. Concevez la tasse GoodBrew Camp Cup comme vous le souhaitez en la personnalisant \u00e0 votre guise et jumelez-le \u00e0 un bel emballage pr\u00eat pour la vente en magasin. Cette tasse de camping GoodBrew comprend:   Large poign\u00e9e pour prise en main facile et confortable  Couvercle r\u00e9sistant aux chocs  Cylindre en acier inoxydable \u00e0 double paroi  Options de personnalisation disponibles","og_url":"https:\/\/oasismade.com\/fr\/produit\/tasse-de-camping-goodbrew\/","og_site_name":"Oasismade","article_publisher":"https:\/\/www.facebook.com\/OasisMade\/","article_modified_time":"2022-07-06T20:30:40+00:00","og_image":[{"width":1080,"height":1080,"url":"https:\/\/oasismade.com\/wp-content\/uploads\/2022\/03\/GB_Camp-Cup-copy.png","type":"image\/png"}],"twitter_card":"summary_large_image","twitter_misc":{"Est. reading time":"1 minute"},"schema":{"@context":"https:\/\/schema.org","@graph":[{"@type":"WebPage","@id":"https:\/\/oasismade.com\/fr\/produit\/tasse-de-camping-goodbrew\/","url":"https:\/\/oasismade.com\/fr\/produit\/tasse-de-camping-goodbrew\/","name":"Tasse de camping GoodBrew - Oasismade","isPartOf":{"@id":"https:\/\/oasismade.com\/fr\/#website"},"primaryImageOfPage":{"@id":"https:\/\/oasismade.com\/fr\/produit\/tasse-de-camping-goodbrew\/#primaryimage"},"image":{"@id":"https:\/\/oasismade.com\/fr\/produit\/tasse-de-camping-goodbrew\/#primaryimage"},"thumbnailUrl":"https:\/\/oasismade.com\/wp-content\/uploads\/2022\/03\/GB_Camp-Cup-copy.png","datePublished":"2022-07-06T20:30:39+00:00","dateModified":"2022-07-06T20:30:40+00:00","breadcrumb":{"@id":"https:\/\/oasismade.com\/fr\/produit\/tasse-de-camping-goodbrew\/#breadcrumb"},"inLanguage":"fr-CA","potentialAction":[{"@type":"ReadAction","target":["https:\/\/oasismade.com\/fr\/produit\/tasse-de-camping-goodbrew\/"]}]},{"@type":"ImageObject","inLanguage":"fr-CA","@id":"https:\/\/oasismade.com\/fr\/produit\/tasse-de-camping-goodbrew\/#primaryimage","url":"https:\/\/oasismade.com\/wp-content\/uploads\/2022\/03\/GB_Camp-Cup-copy.png","contentUrl":"https:\/\/oasismade.com\/wp-content\/uploads\/2022\/03\/GB_Camp-Cup-copy.png","width":1080,"height":1080,"caption":"GoodBrew-Camp-Cup"},{"@type":"BreadcrumbList","@id":"https:\/\/oasismade.com\/fr\/produit\/tasse-de-camping-goodbrew\/#breadcrumb","itemListElement":[{"@type":"ListItem","position":1,"name":"Accueil","item":"https:\/\/oasismade.com\/fr\/"},{"@type":"ListItem","position":2,"name":"Boutique","item":"https:\/\/oasismade.com\/fr\/catalogue\/"},{"@type":"ListItem","position":3,"name":"Tasse de camping GoodBrew"}]},{"@type":"WebSite","@id":"https:\/\/oasismade.com\/fr\/#website","url":"https:\/\/oasismade.com\/fr\/","name":"Oasismade","description":"Sustainable Packaging Solution","potentialAction":[{"@type":"SearchAction","target":{"@type":"EntryPoint","urlTemplate":"https:\/\/oasismade.com\/fr\/?s={search_term_string}"},"query-input":{"@type":"PropertyValueSpecification","valueRequired":true,"valueName":"search_term_string"}}],"inLanguage":"fr-CA"}]}},"_links":{"self":[{"href":"https:\/\/oasismade.com\/fr\/wp-json\/wp\/v2\/product\/8331","targetHints":{"allow":["GET"]}}],"collection":[{"href":"https:\/\/oasismade.com\/fr\/wp-json\/wp\/v2\/product"}],"about":[{"href":"https:\/\/oasismade.com\/fr\/wp-json\/wp\/v2\/types\/product"}],"wp:featuredmedia":[{"embeddable":true,"href":"https:\/\/oasismade.com\/fr\/wp-json\/wp\/v2\/media\/8047"}],"wp:attachment":[{"href":"https:\/\/oasismade.com\/fr\/wp-json\/wp\/v2\/media?parent=8331"}],"wp:term":[{"taxonomy":"product_brand","embeddable":true,"href":"https:\/\/oasismade.com\/fr\/wp-json\/wp\/v2\/product_brand?post=8331"},{"taxonomy":"product_cat","embeddable":true,"href":"https:\/\/oasismade.com\/fr\/wp-json\/wp\/v2\/product_cat?post=8331"},{"taxonomy":"product_tag","embeddable":true,"href":"https:\/\/oasismade.com\/fr\/wp-json\/wp\/v2\/product_tag?post=8331"}],"curies":[{"name":"wp","href":"https:\/\/api.w.org\/{rel}","templated":true}]}}