{"id":8330,"date":"2022-03-15T13:26:48","date_gmt":"2022-07-06T20:23:14","guid":{"rendered":"https:\/\/oasismade.com\/?post_type=product&#038;p=8330"},"modified":"2022-07-06T20:23:15","modified_gmt":"2022-07-06T20:23:15","slug":"gobelet-goodbrew","status":"publish","type":"product","link":"https:\/\/oasismade.com\/fr\/produit\/gobelet-goodbrew\/","title":{"rendered":"Gobelet GoodBrew"},"content":{"rendered":"<p><strong>Personnalisation compl\u00e8te<\/strong><\/p>\n<p>Concevez le gobelet GoodBrew avec votre choix de grandeur, couleur, graphique ou logo pour une exp\u00e9rience rehauss\u00e9e de votre marque. Consid\u00e9rez le gobelet GoodBrew comme une toile \u00e0 peindre et laisser votre \u00e9quipe marketing exprimer leur cr\u00e9ativit\u00e9. Faites-nous parvenir les sp\u00e9cifications de votre marque et regardez cet article devenir r\u00e9alit\u00e9.<\/p>\n<p><strong>L`Ensemble complet<\/strong><\/p>\n<p>Contactez l&rsquo;un de nos repr\u00e9sentants OasisMade et cr\u00e9ez l\u2019exp\u00e9rience d\u2019emballage client parfaite pour ce gobelet. Les options que nous proposons pour la personnalisation des produits vous permettent de cr\u00e9er l&rsquo;article de vos r\u00eaves. Concevez la solution d&#8217;emballage adapt\u00e9e \u00e0 votre produit, parfaitement emball\u00e9 et pr\u00eat pour la vente en magasin.<\/p>\n<p>Demandez un devis d\u00e8s aujourd&rsquo;hui et apprenez-en plus sur la fa\u00e7on de personnaliser ces presses \u00e0 caf\u00e9 de voyage et d\u2019en faire une super solution \u00e9cologique pour votre entreprise<strong>.<\/strong><\/p>\n","protected":false},"excerpt":{"rendered":"<h2>Voici \u2026 le Gobelet GoodBrew<\/h2>\n<p>Le gobelet GoodBrew est con\u00e7u avec un cylindre en acier inoxydable \u00e0 double paroi qui prot\u00e8ge les mains du contenu chaud ou froid tout en gardant le contenu bien isol\u00e9. Ce gobelet de 20 onces est muni d\u2019un couvercle r\u00e9sistant aux chocs pour aider \u00e0 retenir le contenu et prot\u00e9ger contre les d\u00e9versements. Le large bec du gobelet GoodBrew lib\u00e8re votre boisson et permet au liquide de refroidir plus rapidement. Cet \u00e9l\u00e9gant design a \u00e9t\u00e9 con\u00e7u pour assurer une stabilit\u00e9 et un confort accru en main.<\/p>\n<p>Concevez le gobelet GoodBrew comme vous le souhaitez et personnalisez-le selon votre inspiration.<\/p>\n<p>Agencez cet item avec un bel emballage pr\u00eat \u00e0 \u00eatre pr\u00e9sent\u00e9 sur les \u00e9tag\u00e8res en magasin.<\/p>\n","protected":false},"featured_media":8045,"template":"","meta":[],"product_brand":[],"product_cat":[185,179],"product_tag":[],"class_list":{"0":"post-8330","1":"product","2":"type-product","3":"status-publish","4":"has-post-thumbnail","6":"product_cat-stainless-steel-tabletop-and-drinkware","7":"product_cat-tabletop-and-drinkware","9":"first","10":"instock","11":"shipping-taxable","12":"product-type-simple"},"yoast_head":"<!-- This site is optimized with the Yoast SEO plugin v25.5 - https:\/\/yoast.com\/wordpress\/plugins\/seo\/ -->\n<title>Gobelet GoodBrew - Oasismade<\/title>\n<meta name=\"robots\" content=\"index, follow, max-snippet:-1, max-image-preview:large, max-video-preview:-1\" \/>\n<link rel=\"canonical\" href=\"https:\/\/oasismade.com\/fr\/produit\/gobelet-goodbrew\/\" \/>\n<meta property=\"og:locale\" content=\"fr_CA\" \/>\n<meta property=\"og:type\" content=\"article\" \/>\n<meta property=\"og:title\" content=\"Gobelet GoodBrew - Oasismade\" \/>\n<meta property=\"og:description\" content=\"Voici \u2026 le Gobelet GoodBrew Le gobelet GoodBrew est con\u00e7u avec un cylindre en acier inoxydable \u00e0 double paroi qui prot\u00e8ge les mains du contenu chaud ou froid tout en gardant le contenu bien isol\u00e9. Ce gobelet de 20 onces est muni d\u2019un couvercle r\u00e9sistant aux chocs pour aider \u00e0 retenir le contenu et prot\u00e9ger contre les d\u00e9versements. Le large bec du gobelet GoodBrew lib\u00e8re votre boisson et permet au liquide de refroidir plus rapidement. Cet \u00e9l\u00e9gant design a \u00e9t\u00e9 con\u00e7u pour assurer une stabilit\u00e9 et un confort accru en main.  Concevez le gobelet GoodBrew comme vous le souhaitez et personnalisez-le selon votre inspiration.  Agencez cet item avec un bel emballage pr\u00eat \u00e0 \u00eatre pr\u00e9sent\u00e9 sur les \u00e9tag\u00e8res en magasin.\" \/>\n<meta property=\"og:url\" content=\"https:\/\/oasismade.com\/fr\/produit\/gobelet-goodbrew\/\" \/>\n<meta property=\"og:site_name\" content=\"Oasismade\" \/>\n<meta property=\"article:publisher\" content=\"https:\/\/www.facebook.com\/OasisMade\/\" \/>\n<meta property=\"article:modified_time\" content=\"2022-07-06T20:23:15+00:00\" \/>\n<meta property=\"og:image\" content=\"https:\/\/oasismade.com\/wp-content\/uploads\/2022\/03\/GB_Tumbler-copy.png\" \/>\n\t<meta property=\"og:image:width\" content=\"1080\" \/>\n\t<meta property=\"og:image:height\" content=\"1080\" \/>\n\t<meta property=\"og:image:type\" content=\"image\/png\" \/>\n<meta name=\"twitter:card\" content=\"summary_large_image\" \/>\n<meta name=\"twitter:label1\" content=\"Est. reading time\" \/>\n\t<meta name=\"twitter:data1\" content=\"1 minute\" \/>\n<script type=\"application\/ld+json\" class=\"yoast-schema-graph\">{\"@context\":\"https:\/\/schema.org\",\"@graph\":[{\"@type\":\"WebPage\",\"@id\":\"https:\/\/oasismade.com\/fr\/produit\/gobelet-goodbrew\/\",\"url\":\"https:\/\/oasismade.com\/fr\/produit\/gobelet-goodbrew\/\",\"name\":\"Gobelet GoodBrew - Oasismade\",\"isPartOf\":{\"@id\":\"https:\/\/oasismade.com\/fr\/#website\"},\"primaryImageOfPage\":{\"@id\":\"https:\/\/oasismade.com\/fr\/produit\/gobelet-goodbrew\/#primaryimage\"},\"image\":{\"@id\":\"https:\/\/oasismade.com\/fr\/produit\/gobelet-goodbrew\/#primaryimage\"},\"thumbnailUrl\":\"https:\/\/oasismade.com\/wp-content\/uploads\/2022\/03\/GB_Tumbler-copy.png\",\"datePublished\":\"2022-07-06T20:23:14+00:00\",\"dateModified\":\"2022-07-06T20:23:15+00:00\",\"breadcrumb\":{\"@id\":\"https:\/\/oasismade.com\/fr\/produit\/gobelet-goodbrew\/#breadcrumb\"},\"inLanguage\":\"fr-CA\",\"potentialAction\":[{\"@type\":\"ReadAction\",\"target\":[\"https:\/\/oasismade.com\/fr\/produit\/gobelet-goodbrew\/\"]}]},{\"@type\":\"ImageObject\",\"inLanguage\":\"fr-CA\",\"@id\":\"https:\/\/oasismade.com\/fr\/produit\/gobelet-goodbrew\/#primaryimage\",\"url\":\"https:\/\/oasismade.com\/wp-content\/uploads\/2022\/03\/GB_Tumbler-copy.png\",\"contentUrl\":\"https:\/\/oasismade.com\/wp-content\/uploads\/2022\/03\/GB_Tumbler-copy.png\",\"width\":1080,\"height\":1080,\"caption\":\"GoodBrew-Tumbler\"},{\"@type\":\"BreadcrumbList\",\"@id\":\"https:\/\/oasismade.com\/fr\/produit\/gobelet-goodbrew\/#breadcrumb\",\"itemListElement\":[{\"@type\":\"ListItem\",\"position\":1,\"name\":\"Accueil\",\"item\":\"https:\/\/oasismade.com\/fr\/\"},{\"@type\":\"ListItem\",\"position\":2,\"name\":\"Boutique\",\"item\":\"https:\/\/oasismade.com\/fr\/catalogue\/\"},{\"@type\":\"ListItem\",\"position\":3,\"name\":\"Gobelet GoodBrew\"}]},{\"@type\":\"WebSite\",\"@id\":\"https:\/\/oasismade.com\/fr\/#website\",\"url\":\"https:\/\/oasismade.com\/fr\/\",\"name\":\"Oasismade\",\"description\":\"Sustainable Packaging Solution\",\"potentialAction\":[{\"@type\":\"SearchAction\",\"target\":{\"@type\":\"EntryPoint\",\"urlTemplate\":\"https:\/\/oasismade.com\/fr\/?s={search_term_string}\"},\"query-input\":{\"@type\":\"PropertyValueSpecification\",\"valueRequired\":true,\"valueName\":\"search_term_string\"}}],\"inLanguage\":\"fr-CA\"}]}<\/script>\n<!-- \/ Yoast SEO plugin. -->","yoast_head_json":{"title":"Gobelet GoodBrew - Oasismade","robots":{"index":"index","follow":"follow","max-snippet":"max-snippet:-1","max-image-preview":"max-image-preview:large","max-video-preview":"max-video-preview:-1"},"canonical":"https:\/\/oasismade.com\/fr\/produit\/gobelet-goodbrew\/","og_locale":"fr_CA","og_type":"article","og_title":"Gobelet GoodBrew - Oasismade","og_description":"Voici \u2026 le Gobelet GoodBrew Le gobelet GoodBrew est con\u00e7u avec un cylindre en acier inoxydable \u00e0 double paroi qui prot\u00e8ge les mains du contenu chaud ou froid tout en gardant le contenu bien isol\u00e9. Ce gobelet de 20 onces est muni d\u2019un couvercle r\u00e9sistant aux chocs pour aider \u00e0 retenir le contenu et prot\u00e9ger contre les d\u00e9versements. Le large bec du gobelet GoodBrew lib\u00e8re votre boisson et permet au liquide de refroidir plus rapidement. Cet \u00e9l\u00e9gant design a \u00e9t\u00e9 con\u00e7u pour assurer une stabilit\u00e9 et un confort accru en main.  Concevez le gobelet GoodBrew comme vous le souhaitez et personnalisez-le selon votre inspiration.  Agencez cet item avec un bel emballage pr\u00eat \u00e0 \u00eatre pr\u00e9sent\u00e9 sur les \u00e9tag\u00e8res en magasin.","og_url":"https:\/\/oasismade.com\/fr\/produit\/gobelet-goodbrew\/","og_site_name":"Oasismade","article_publisher":"https:\/\/www.facebook.com\/OasisMade\/","article_modified_time":"2022-07-06T20:23:15+00:00","og_image":[{"width":1080,"height":1080,"url":"https:\/\/oasismade.com\/wp-content\/uploads\/2022\/03\/GB_Tumbler-copy.png","type":"image\/png"}],"twitter_card":"summary_large_image","twitter_misc":{"Est. reading time":"1 minute"},"schema":{"@context":"https:\/\/schema.org","@graph":[{"@type":"WebPage","@id":"https:\/\/oasismade.com\/fr\/produit\/gobelet-goodbrew\/","url":"https:\/\/oasismade.com\/fr\/produit\/gobelet-goodbrew\/","name":"Gobelet GoodBrew - Oasismade","isPartOf":{"@id":"https:\/\/oasismade.com\/fr\/#website"},"primaryImageOfPage":{"@id":"https:\/\/oasismade.com\/fr\/produit\/gobelet-goodbrew\/#primaryimage"},"image":{"@id":"https:\/\/oasismade.com\/fr\/produit\/gobelet-goodbrew\/#primaryimage"},"thumbnailUrl":"https:\/\/oasismade.com\/wp-content\/uploads\/2022\/03\/GB_Tumbler-copy.png","datePublished":"2022-07-06T20:23:14+00:00","dateModified":"2022-07-06T20:23:15+00:00","breadcrumb":{"@id":"https:\/\/oasismade.com\/fr\/produit\/gobelet-goodbrew\/#breadcrumb"},"inLanguage":"fr-CA","potentialAction":[{"@type":"ReadAction","target":["https:\/\/oasismade.com\/fr\/produit\/gobelet-goodbrew\/"]}]},{"@type":"ImageObject","inLanguage":"fr-CA","@id":"https:\/\/oasismade.com\/fr\/produit\/gobelet-goodbrew\/#primaryimage","url":"https:\/\/oasismade.com\/wp-content\/uploads\/2022\/03\/GB_Tumbler-copy.png","contentUrl":"https:\/\/oasismade.com\/wp-content\/uploads\/2022\/03\/GB_Tumbler-copy.png","width":1080,"height":1080,"caption":"GoodBrew-Tumbler"},{"@type":"BreadcrumbList","@id":"https:\/\/oasismade.com\/fr\/produit\/gobelet-goodbrew\/#breadcrumb","itemListElement":[{"@type":"ListItem","position":1,"name":"Accueil","item":"https:\/\/oasismade.com\/fr\/"},{"@type":"ListItem","position":2,"name":"Boutique","item":"https:\/\/oasismade.com\/fr\/catalogue\/"},{"@type":"ListItem","position":3,"name":"Gobelet GoodBrew"}]},{"@type":"WebSite","@id":"https:\/\/oasismade.com\/fr\/#website","url":"https:\/\/oasismade.com\/fr\/","name":"Oasismade","description":"Sustainable Packaging Solution","potentialAction":[{"@type":"SearchAction","target":{"@type":"EntryPoint","urlTemplate":"https:\/\/oasismade.com\/fr\/?s={search_term_string}"},"query-input":{"@type":"PropertyValueSpecification","valueRequired":true,"valueName":"search_term_string"}}],"inLanguage":"fr-CA"}]}},"_links":{"self":[{"href":"https:\/\/oasismade.com\/fr\/wp-json\/wp\/v2\/product\/8330","targetHints":{"allow":["GET"]}}],"collection":[{"href":"https:\/\/oasismade.com\/fr\/wp-json\/wp\/v2\/product"}],"about":[{"href":"https:\/\/oasismade.com\/fr\/wp-json\/wp\/v2\/types\/product"}],"wp:featuredmedia":[{"embeddable":true,"href":"https:\/\/oasismade.com\/fr\/wp-json\/wp\/v2\/media\/8045"}],"wp:attachment":[{"href":"https:\/\/oasismade.com\/fr\/wp-json\/wp\/v2\/media?parent=8330"}],"wp:term":[{"taxonomy":"product_brand","embeddable":true,"href":"https:\/\/oasismade.com\/fr\/wp-json\/wp\/v2\/product_brand?post=8330"},{"taxonomy":"product_cat","embeddable":true,"href":"https:\/\/oasismade.com\/fr\/wp-json\/wp\/v2\/product_cat?post=8330"},{"taxonomy":"product_tag","embeddable":true,"href":"https:\/\/oasismade.com\/fr\/wp-json\/wp\/v2\/product_tag?post=8330"}],"curies":[{"name":"wp","href":"https:\/\/api.w.org\/{rel}","templated":true}]}}