{"id":8328,"date":"2022-03-14T15:07:45","date_gmt":"2022-07-06T20:05:10","guid":{"rendered":"https:\/\/oasismade.com\/?post_type=product&#038;p=8328"},"modified":"2022-07-06T20:54:58","modified_gmt":"2022-07-06T20:54:58","slug":"the-goodbrew-travel-coffee-press-lock-top","status":"publish","type":"product","link":"https:\/\/oasismade.com\/fr\/produit\/the-goodbrew-travel-coffee-press-lock-top\/","title":{"rendered":"La presse \u00e0 caf\u00e9 de voyage GoodBrew avec couvercle verrouillable"},"content":{"rendered":"<p><strong>Personnalisation compl\u00e8te<\/strong><\/p>\n<p>Concevez la presse \u00e0 caf\u00e9 de voyage avec couvercle verrouillable GoodBrew avec votre choix de grandeur, couleur, graphique ou logo pour une exp\u00e9rience rehauss\u00e9e de votre marque<\/p>\n<p>Consid\u00e9rez la presse \u00e0 caf\u00e9 de voyage comme une toile \u00e0 peindre et laisser votre \u00e9quipe marketing exprimer leur cr\u00e9ativit\u00e9. Faites-nous parvenir les sp\u00e9cifications de votre marque et regardez cet article devenir r\u00e9alit\u00e9.<\/p>\n<p><strong>L`Ensemble complet<\/strong><\/p>\n<p>Contactez l&rsquo;un de nos repr\u00e9sentants OasisMade et cr\u00e9ez l\u2019exp\u00e9rience d\u2019emballage client parfaite pour cette presse \u00e0 caf\u00e9 de voyage. Les options que nous proposons pour la personnalisation des produits vous permettent de cr\u00e9er l&rsquo;article de vos r\u00eaves. Concevez la solution d&#8217;emballage adapt\u00e9e \u00e0 votre produit, parfaitement emball\u00e9 et pr\u00eat pour la vente en magasin.<\/p>\n<p>Demandez un devis d\u00e8s aujourd&rsquo;hui et apprenez-en plus sur la fa\u00e7on de personnaliser ces presses \u00e0 caf\u00e9 de voyage et d\u2019en faire une super solution \u00e9cologique pour votre entreprise.<\/p>\n","protected":false},"excerpt":{"rendered":"<p>La presse \u00e0 caf\u00e9 de voyage avec couvercle verrouillable GoodBrew est con\u00e7ue avec un cylindre en acier inoxydable \u00e0 double paroi qui prot\u00e8ge les mains du contenu chaud ou froid tout en gardant le contenu bien isol\u00e9. Cette presse \u00e0 caf\u00e9 de voyage de 15 onces inclut un filtre \u00e0 micro-mailles et un couvercle verrouillable qui retient le contenu et prot\u00e8ge contre les d\u00e9versements. Le large bec verseur permet un versement en douceur tout en conservant la temp\u00e9rature de votre boisson jusqu&rsquo;\u00e0 8 heures. Le design \u00e9l\u00e9gant a \u00e9t\u00e9 con\u00e7u pour un porte-gobelet standard et assure une stabilit\u00e9 et un confort accru en main. Agencez cet item avec un bel emballage pr\u00eat \u00e0 \u00eatre pr\u00e9sent\u00e9 sur les \u00e9tag\u00e8res en magasin.<\/p>\n<h2>La presse \u00e0 caf\u00e9 de voyage avec couvercle verrouillable GoodBrew comprend:<\/h2>\n<ul>\n<li>Presse \u00e0 caf\u00e9 et tasse de voyage tout en un<\/li>\n<li>Large verseur permet un versement en douceur<\/li>\n<li>Garde le contenu chaud\/froid jusqu&rsquo;\u00e0 8 heures<\/li>\n<li>Taille standard du porte-gobelet<\/li>\n<li>Verrouillage du couvercle pour sceller le contenu en toute s\u00e9curit\u00e9<\/li>\n<li>Cylindre en acier inoxydable \u00e0 double paroi<\/li>\n<li>Options de personnalisation disponibles<\/li>\n<\/ul>\n","protected":false},"featured_media":8007,"template":"","meta":[],"product_brand":[],"product_cat":[223,106],"product_tag":[],"class_list":{"0":"post-8328","1":"product","2":"type-product","3":"status-publish","4":"has-post-thumbnail","6":"product_cat-stainless-steel-vaisselle","7":"product_cat-bouteilles-de-transport","9":"first","10":"instock","11":"shipping-taxable","12":"product-type-simple"},"yoast_head":"<!-- This site is optimized with the Yoast SEO plugin v25.5 - https:\/\/yoast.com\/wordpress\/plugins\/seo\/ -->\n<title>La presse \u00e0 caf\u00e9 de voyage GoodBrew avec couvercle verrouillable - Oasismade<\/title>\n<meta name=\"robots\" content=\"index, follow, max-snippet:-1, max-image-preview:large, max-video-preview:-1\" \/>\n<link rel=\"canonical\" href=\"https:\/\/oasismade.com\/fr\/produit\/the-goodbrew-travel-coffee-press-lock-top\/\" \/>\n<meta property=\"og:locale\" content=\"fr_CA\" \/>\n<meta property=\"og:type\" content=\"article\" \/>\n<meta property=\"og:title\" content=\"La presse \u00e0 caf\u00e9 de voyage GoodBrew avec couvercle verrouillable - Oasismade\" \/>\n<meta property=\"og:description\" content=\"La presse \u00e0 caf\u00e9 de voyage avec couvercle verrouillable GoodBrew est con\u00e7ue avec un cylindre en acier inoxydable \u00e0 double paroi qui prot\u00e8ge les mains du contenu chaud ou froid tout en gardant le contenu bien isol\u00e9. Cette presse \u00e0 caf\u00e9 de voyage de 15 onces inclut un filtre \u00e0 micro-mailles et un couvercle verrouillable qui retient le contenu et prot\u00e8ge contre les d\u00e9versements. Le large bec verseur permet un versement en douceur tout en conservant la temp\u00e9rature de votre boisson jusqu&#039;\u00e0 8 heures. Le design \u00e9l\u00e9gant a \u00e9t\u00e9 con\u00e7u pour un porte-gobelet standard et assure une stabilit\u00e9 et un confort accru en main. Agencez cet item avec un bel emballage pr\u00eat \u00e0 \u00eatre pr\u00e9sent\u00e9 sur les \u00e9tag\u00e8res en magasin. La presse \u00e0 caf\u00e9 de voyage avec couvercle verrouillable GoodBrew comprend:   Presse \u00e0 caf\u00e9 et tasse de voyage tout en un  Large verseur permet un versement en douceur  Garde le contenu chaud\/froid jusqu&#039;\u00e0 8 heures  Taille standard du porte-gobelet  Verrouillage du couvercle pour sceller le contenu en toute s\u00e9curit\u00e9  Cylindre en acier inoxydable \u00e0 double paroi  Options de personnalisation disponibles\" \/>\n<meta property=\"og:url\" content=\"https:\/\/oasismade.com\/fr\/produit\/the-goodbrew-travel-coffee-press-lock-top\/\" \/>\n<meta property=\"og:site_name\" content=\"Oasismade\" \/>\n<meta property=\"article:publisher\" content=\"https:\/\/www.facebook.com\/OasisMade\/\" \/>\n<meta property=\"article:modified_time\" content=\"2022-07-06T20:54:58+00:00\" \/>\n<meta property=\"og:image\" content=\"https:\/\/oasismade.com\/wp-content\/uploads\/2022\/03\/GB_LockTop-1.jpg\" \/>\n\t<meta property=\"og:image:width\" content=\"946\" \/>\n\t<meta property=\"og:image:height\" content=\"947\" \/>\n\t<meta property=\"og:image:type\" content=\"image\/jpeg\" \/>\n<meta name=\"twitter:card\" content=\"summary_large_image\" \/>\n<meta name=\"twitter:label1\" content=\"Est. reading time\" \/>\n\t<meta name=\"twitter:data1\" content=\"1 minute\" \/>\n<script type=\"application\/ld+json\" class=\"yoast-schema-graph\">{\"@context\":\"https:\/\/schema.org\",\"@graph\":[{\"@type\":\"WebPage\",\"@id\":\"https:\/\/oasismade.com\/fr\/produit\/the-goodbrew-travel-coffee-press-lock-top\/\",\"url\":\"https:\/\/oasismade.com\/fr\/produit\/the-goodbrew-travel-coffee-press-lock-top\/\",\"name\":\"La presse \u00e0 caf\u00e9 de voyage GoodBrew avec couvercle verrouillable - Oasismade\",\"isPartOf\":{\"@id\":\"https:\/\/oasismade.com\/fr\/#website\"},\"primaryImageOfPage\":{\"@id\":\"https:\/\/oasismade.com\/fr\/produit\/the-goodbrew-travel-coffee-press-lock-top\/#primaryimage\"},\"image\":{\"@id\":\"https:\/\/oasismade.com\/fr\/produit\/the-goodbrew-travel-coffee-press-lock-top\/#primaryimage\"},\"thumbnailUrl\":\"https:\/\/oasismade.com\/wp-content\/uploads\/2022\/03\/GB_LockTop-1.jpg\",\"datePublished\":\"2022-07-06T20:05:10+00:00\",\"dateModified\":\"2022-07-06T20:54:58+00:00\",\"breadcrumb\":{\"@id\":\"https:\/\/oasismade.com\/fr\/produit\/the-goodbrew-travel-coffee-press-lock-top\/#breadcrumb\"},\"inLanguage\":\"fr-CA\",\"potentialAction\":[{\"@type\":\"ReadAction\",\"target\":[\"https:\/\/oasismade.com\/fr\/produit\/the-goodbrew-travel-coffee-press-lock-top\/\"]}]},{\"@type\":\"ImageObject\",\"inLanguage\":\"fr-CA\",\"@id\":\"https:\/\/oasismade.com\/fr\/produit\/the-goodbrew-travel-coffee-press-lock-top\/#primaryimage\",\"url\":\"https:\/\/oasismade.com\/wp-content\/uploads\/2022\/03\/GB_LockTop-1.jpg\",\"contentUrl\":\"https:\/\/oasismade.com\/wp-content\/uploads\/2022\/03\/GB_LockTop-1.jpg\",\"width\":946,\"height\":947,\"caption\":\"GoodBrew-LockTop\"},{\"@type\":\"BreadcrumbList\",\"@id\":\"https:\/\/oasismade.com\/fr\/produit\/the-goodbrew-travel-coffee-press-lock-top\/#breadcrumb\",\"itemListElement\":[{\"@type\":\"ListItem\",\"position\":1,\"name\":\"Accueil\",\"item\":\"https:\/\/oasismade.com\/fr\/\"},{\"@type\":\"ListItem\",\"position\":2,\"name\":\"Boutique\",\"item\":\"https:\/\/oasismade.com\/fr\/catalogue\/\"},{\"@type\":\"ListItem\",\"position\":3,\"name\":\"La presse \u00e0 caf\u00e9 de voyage GoodBrew avec couvercle verrouillable\"}]},{\"@type\":\"WebSite\",\"@id\":\"https:\/\/oasismade.com\/fr\/#website\",\"url\":\"https:\/\/oasismade.com\/fr\/\",\"name\":\"Oasismade\",\"description\":\"Sustainable Packaging Solution\",\"potentialAction\":[{\"@type\":\"SearchAction\",\"target\":{\"@type\":\"EntryPoint\",\"urlTemplate\":\"https:\/\/oasismade.com\/fr\/?s={search_term_string}\"},\"query-input\":{\"@type\":\"PropertyValueSpecification\",\"valueRequired\":true,\"valueName\":\"search_term_string\"}}],\"inLanguage\":\"fr-CA\"}]}<\/script>\n<!-- \/ Yoast SEO plugin. -->","yoast_head_json":{"title":"La presse \u00e0 caf\u00e9 de voyage GoodBrew avec couvercle verrouillable - Oasismade","robots":{"index":"index","follow":"follow","max-snippet":"max-snippet:-1","max-image-preview":"max-image-preview:large","max-video-preview":"max-video-preview:-1"},"canonical":"https:\/\/oasismade.com\/fr\/produit\/the-goodbrew-travel-coffee-press-lock-top\/","og_locale":"fr_CA","og_type":"article","og_title":"La presse \u00e0 caf\u00e9 de voyage GoodBrew avec couvercle verrouillable - Oasismade","og_description":"La presse \u00e0 caf\u00e9 de voyage avec couvercle verrouillable GoodBrew est con\u00e7ue avec un cylindre en acier inoxydable \u00e0 double paroi qui prot\u00e8ge les mains du contenu chaud ou froid tout en gardant le contenu bien isol\u00e9. Cette presse \u00e0 caf\u00e9 de voyage de 15 onces inclut un filtre \u00e0 micro-mailles et un couvercle verrouillable qui retient le contenu et prot\u00e8ge contre les d\u00e9versements. Le large bec verseur permet un versement en douceur tout en conservant la temp\u00e9rature de votre boisson jusqu'\u00e0 8 heures. Le design \u00e9l\u00e9gant a \u00e9t\u00e9 con\u00e7u pour un porte-gobelet standard et assure une stabilit\u00e9 et un confort accru en main. Agencez cet item avec un bel emballage pr\u00eat \u00e0 \u00eatre pr\u00e9sent\u00e9 sur les \u00e9tag\u00e8res en magasin. La presse \u00e0 caf\u00e9 de voyage avec couvercle verrouillable GoodBrew comprend:   Presse \u00e0 caf\u00e9 et tasse de voyage tout en un  Large verseur permet un versement en douceur  Garde le contenu chaud\/froid jusqu'\u00e0 8 heures  Taille standard du porte-gobelet  Verrouillage du couvercle pour sceller le contenu en toute s\u00e9curit\u00e9  Cylindre en acier inoxydable \u00e0 double paroi  Options de personnalisation disponibles","og_url":"https:\/\/oasismade.com\/fr\/produit\/the-goodbrew-travel-coffee-press-lock-top\/","og_site_name":"Oasismade","article_publisher":"https:\/\/www.facebook.com\/OasisMade\/","article_modified_time":"2022-07-06T20:54:58+00:00","og_image":[{"width":946,"height":947,"url":"https:\/\/oasismade.com\/wp-content\/uploads\/2022\/03\/GB_LockTop-1.jpg","type":"image\/jpeg"}],"twitter_card":"summary_large_image","twitter_misc":{"Est. reading time":"1 minute"},"schema":{"@context":"https:\/\/schema.org","@graph":[{"@type":"WebPage","@id":"https:\/\/oasismade.com\/fr\/produit\/the-goodbrew-travel-coffee-press-lock-top\/","url":"https:\/\/oasismade.com\/fr\/produit\/the-goodbrew-travel-coffee-press-lock-top\/","name":"La presse \u00e0 caf\u00e9 de voyage GoodBrew avec couvercle verrouillable - Oasismade","isPartOf":{"@id":"https:\/\/oasismade.com\/fr\/#website"},"primaryImageOfPage":{"@id":"https:\/\/oasismade.com\/fr\/produit\/the-goodbrew-travel-coffee-press-lock-top\/#primaryimage"},"image":{"@id":"https:\/\/oasismade.com\/fr\/produit\/the-goodbrew-travel-coffee-press-lock-top\/#primaryimage"},"thumbnailUrl":"https:\/\/oasismade.com\/wp-content\/uploads\/2022\/03\/GB_LockTop-1.jpg","datePublished":"2022-07-06T20:05:10+00:00","dateModified":"2022-07-06T20:54:58+00:00","breadcrumb":{"@id":"https:\/\/oasismade.com\/fr\/produit\/the-goodbrew-travel-coffee-press-lock-top\/#breadcrumb"},"inLanguage":"fr-CA","potentialAction":[{"@type":"ReadAction","target":["https:\/\/oasismade.com\/fr\/produit\/the-goodbrew-travel-coffee-press-lock-top\/"]}]},{"@type":"ImageObject","inLanguage":"fr-CA","@id":"https:\/\/oasismade.com\/fr\/produit\/the-goodbrew-travel-coffee-press-lock-top\/#primaryimage","url":"https:\/\/oasismade.com\/wp-content\/uploads\/2022\/03\/GB_LockTop-1.jpg","contentUrl":"https:\/\/oasismade.com\/wp-content\/uploads\/2022\/03\/GB_LockTop-1.jpg","width":946,"height":947,"caption":"GoodBrew-LockTop"},{"@type":"BreadcrumbList","@id":"https:\/\/oasismade.com\/fr\/produit\/the-goodbrew-travel-coffee-press-lock-top\/#breadcrumb","itemListElement":[{"@type":"ListItem","position":1,"name":"Accueil","item":"https:\/\/oasismade.com\/fr\/"},{"@type":"ListItem","position":2,"name":"Boutique","item":"https:\/\/oasismade.com\/fr\/catalogue\/"},{"@type":"ListItem","position":3,"name":"La presse \u00e0 caf\u00e9 de voyage GoodBrew avec couvercle verrouillable"}]},{"@type":"WebSite","@id":"https:\/\/oasismade.com\/fr\/#website","url":"https:\/\/oasismade.com\/fr\/","name":"Oasismade","description":"Sustainable Packaging Solution","potentialAction":[{"@type":"SearchAction","target":{"@type":"EntryPoint","urlTemplate":"https:\/\/oasismade.com\/fr\/?s={search_term_string}"},"query-input":{"@type":"PropertyValueSpecification","valueRequired":true,"valueName":"search_term_string"}}],"inLanguage":"fr-CA"}]}},"_links":{"self":[{"href":"https:\/\/oasismade.com\/fr\/wp-json\/wp\/v2\/product\/8328","targetHints":{"allow":["GET"]}}],"collection":[{"href":"https:\/\/oasismade.com\/fr\/wp-json\/wp\/v2\/product"}],"about":[{"href":"https:\/\/oasismade.com\/fr\/wp-json\/wp\/v2\/types\/product"}],"wp:featuredmedia":[{"embeddable":true,"href":"https:\/\/oasismade.com\/fr\/wp-json\/wp\/v2\/media\/8007"}],"wp:attachment":[{"href":"https:\/\/oasismade.com\/fr\/wp-json\/wp\/v2\/media?parent=8328"}],"wp:term":[{"taxonomy":"product_brand","embeddable":true,"href":"https:\/\/oasismade.com\/fr\/wp-json\/wp\/v2\/product_brand?post=8328"},{"taxonomy":"product_cat","embeddable":true,"href":"https:\/\/oasismade.com\/fr\/wp-json\/wp\/v2\/product_cat?post=8328"},{"taxonomy":"product_tag","embeddable":true,"href":"https:\/\/oasismade.com\/fr\/wp-json\/wp\/v2\/product_tag?post=8328"}],"curies":[{"name":"wp","href":"https:\/\/api.w.org\/{rel}","templated":true}]}}