{"id":8325,"date":"2021-11-08T13:41:44","date_gmt":"2022-07-06T19:47:59","guid":{"rendered":"https:\/\/oasismade.com\/?post_type=product&#038;p=8325"},"modified":"2022-07-06T19:47:59","modified_gmt":"2022-07-06T19:47:59","slug":"paille-en-metal-reutilisables","status":"publish","type":"product","link":"https:\/\/oasismade.com\/fr\/produit\/paille-en-metal-reutilisables\/","title":{"rendered":"Paille en m\u00e9tal r\u00e9utilisables"},"content":{"rendered":"<p><strong>Personnalisez ces pailles<\/strong><\/p>\n<p>Personnalisez ces pailles et cr\u00e9ez un ensemble! Rendez-le encore plus pratique pour \u00eatre respectueux de l\u2019environnement et ajoutez une pochette et un nettoyant pour paille. Optimisez votre exp\u00e9rience client avec votre choix de taille, de couleur et de conception d\u2019illustrations ou de logo.\u00a0 Personnalisez cet article pour qu\u2019il soit une incarnation physique de votre marque.<\/p>\n<p><strong>L\u2019Ensemble complet<\/strong><\/p>\n<p>Contactez l&rsquo;un de nos repr\u00e9sentants OasisMade et cr\u00e9ez l\u2019exp\u00e9rience d\u2019emballage client parfaite pour ces pailles m\u00e9tal. Les options que nous proposons pour la personnalisation des produits vous permettent de cr\u00e9er l&rsquo;article de vos r\u00eaves. Concevez la solution d&#8217;emballage adapt\u00e9e \u00e0 votre produit, parfaitement emball\u00e9 et pr\u00eat pour la vente en magasin.<\/p>\n<p>Demandez un devis d\u00e8s aujourd&rsquo;hui et apprenez-en plus sur la fa\u00e7on de personnaliser ces sacs en vrac et d\u2019en faire une super solution \u00e9cologique pour votre entreprise<\/p>\n","protected":false},"excerpt":{"rendered":"<h2>Pourquoi aimons-nous les pailles en m\u00e9tal r\u00e9utilisables ?<\/h2>\n<p>Des produits chimiques toxiques et des \u00e9manations sont lib\u00e9r\u00e9s chaque fois que des plastiques sont fabriqu\u00e9s. Bon nombre de ces sous-produits nocifs finissent par polluer la terre, l\u2019air et l\u2019eau. Par une mise au rebut inad\u00e9quate, une paille en plastique peut se retrouver dans un lac ou un oc\u00e9an, causant des effets d\u00e9vastateurs sur les \u00e9cosyst\u00e8mes et la vie marine. Cependant, les pailles en m\u00e9tal r\u00e9utilisables peuvent directement aider \u00e0 att\u00e9nuer ces horribles effets. La pollution r\u00e9sultant de la fabrication de plastique peut \u00eatre r\u00e9duite car le besoin de plastique est \u00e9galement r\u00e9duit.<\/p>\n<p>Ces pailles m\u00e9talliques r\u00e9utilisables sont l\u2019alternative parfaite aux plastiques \u00e0 usage unique. La bonne nouvelle est qu\u2019une paille en acier inoxydable est faite pour \u00eatre utilis\u00e9e \u00e0 maintes reprises. Elles sont non seulement r\u00e9sistantes \u00e0 la rouille, mais aussi aux \u00e9gratignures. De plus, ces pailles m\u00e9talliques r\u00e9utilisables ne d\u00e9gagent aucune odeur de m\u00e9tal et n\u2019ont pas d\u2019arri\u00e8re-go\u00fbt d\u2019acier inoxydable.<\/p>\n<h2>Ces pailles en m\u00e9tal r\u00e9utilisables sont:<\/h2>\n<ul>\n<li>Sans arri\u00e8re-go\u00fbt et sans l\u2019odeur d`acier inoxydable<\/li>\n<li>Facile \u00e0 nettoyer<\/li>\n<li>Alternative s\u00fbre et durable au plastique \u00e0 usage unique<\/li>\n<li>Option r\u00e9utilisable et \u00e9cologique<\/li>\n<li>Portable<\/li>\n<li>Option ensemble comprenant brosse \u00e0 laver<\/li>\n<li>Options personnalis\u00e9es disponibles<\/li>\n<\/ul>\n","protected":false},"featured_media":7549,"template":"","meta":[],"product_brand":[],"product_cat":[106],"product_tag":[],"class_list":{"0":"post-8325","1":"product","2":"type-product","3":"status-publish","4":"has-post-thumbnail","6":"product_cat-bouteilles-de-transport","8":"first","9":"instock","10":"shipping-taxable","11":"product-type-simple"},"yoast_head":"<!-- This site is optimized with the Yoast SEO plugin v25.5 - https:\/\/yoast.com\/wordpress\/plugins\/seo\/ -->\n<title>Paille en m\u00e9tal r\u00e9utilisables - Oasismade<\/title>\n<meta name=\"robots\" content=\"index, follow, max-snippet:-1, max-image-preview:large, max-video-preview:-1\" \/>\n<link rel=\"canonical\" href=\"https:\/\/oasismade.com\/fr\/produit\/paille-en-metal-reutilisables\/\" \/>\n<meta property=\"og:locale\" content=\"fr_CA\" \/>\n<meta property=\"og:type\" content=\"article\" \/>\n<meta property=\"og:title\" content=\"Paille en m\u00e9tal r\u00e9utilisables - Oasismade\" \/>\n<meta property=\"og:description\" content=\"Pourquoi aimons-nous les pailles en m\u00e9tal r\u00e9utilisables ? Des produits chimiques toxiques et des \u00e9manations sont lib\u00e9r\u00e9s chaque fois que des plastiques sont fabriqu\u00e9s. Bon nombre de ces sous-produits nocifs finissent par polluer la terre, l\u2019air et l\u2019eau. Par une mise au rebut inad\u00e9quate, une paille en plastique peut se retrouver dans un lac ou un oc\u00e9an, causant des effets d\u00e9vastateurs sur les \u00e9cosyst\u00e8mes et la vie marine. Cependant, les pailles en m\u00e9tal r\u00e9utilisables peuvent directement aider \u00e0 att\u00e9nuer ces horribles effets. La pollution r\u00e9sultant de la fabrication de plastique peut \u00eatre r\u00e9duite car le besoin de plastique est \u00e9galement r\u00e9duit.  Ces pailles m\u00e9talliques r\u00e9utilisables sont l\u2019alternative parfaite aux plastiques \u00e0 usage unique. La bonne nouvelle est qu\u2019une paille en acier inoxydable est faite pour \u00eatre utilis\u00e9e \u00e0 maintes reprises. Elles sont non seulement r\u00e9sistantes \u00e0 la rouille, mais aussi aux \u00e9gratignures. De plus, ces pailles m\u00e9talliques r\u00e9utilisables ne d\u00e9gagent aucune odeur de m\u00e9tal et n\u2019ont pas d\u2019arri\u00e8re-go\u00fbt d\u2019acier inoxydable. Ces pailles en m\u00e9tal r\u00e9utilisables sont:   Sans arri\u00e8re-go\u00fbt et sans l\u2019odeur d`acier inoxydable  Facile \u00e0 nettoyer  Alternative s\u00fbre et durable au plastique \u00e0 usage unique  Option r\u00e9utilisable et \u00e9cologique  Portable  Option ensemble comprenant brosse \u00e0 laver  Options personnalis\u00e9es disponibles\" \/>\n<meta property=\"og:url\" content=\"https:\/\/oasismade.com\/fr\/produit\/paille-en-metal-reutilisables\/\" \/>\n<meta property=\"og:site_name\" content=\"Oasismade\" \/>\n<meta property=\"article:publisher\" content=\"https:\/\/www.facebook.com\/OasisMade\/\" \/>\n<meta property=\"og:image\" content=\"https:\/\/oasismade.com\/wp-content\/uploads\/2021\/08\/oasis-made-sustainable-reusable-bags-packaging-oasismade-reusable-metal-straws-1.jpg\" \/>\n\t<meta property=\"og:image:width\" content=\"1250\" \/>\n\t<meta property=\"og:image:height\" content=\"1250\" \/>\n\t<meta property=\"og:image:type\" content=\"image\/jpeg\" \/>\n<meta name=\"twitter:card\" content=\"summary_large_image\" \/>\n<meta name=\"twitter:label1\" content=\"Est. reading time\" \/>\n\t<meta name=\"twitter:data1\" content=\"1 minute\" \/>\n<script type=\"application\/ld+json\" class=\"yoast-schema-graph\">{\"@context\":\"https:\/\/schema.org\",\"@graph\":[{\"@type\":\"WebPage\",\"@id\":\"https:\/\/oasismade.com\/fr\/produit\/paille-en-metal-reutilisables\/\",\"url\":\"https:\/\/oasismade.com\/fr\/produit\/paille-en-metal-reutilisables\/\",\"name\":\"Paille en m\u00e9tal r\u00e9utilisables - Oasismade\",\"isPartOf\":{\"@id\":\"https:\/\/oasismade.com\/fr\/#website\"},\"primaryImageOfPage\":{\"@id\":\"https:\/\/oasismade.com\/fr\/produit\/paille-en-metal-reutilisables\/#primaryimage\"},\"image\":{\"@id\":\"https:\/\/oasismade.com\/fr\/produit\/paille-en-metal-reutilisables\/#primaryimage\"},\"thumbnailUrl\":\"https:\/\/oasismade.com\/wp-content\/uploads\/2021\/08\/oasis-made-sustainable-reusable-bags-packaging-oasismade-reusable-metal-straws-1.jpg\",\"datePublished\":\"2022-07-06T19:47:59+00:00\",\"breadcrumb\":{\"@id\":\"https:\/\/oasismade.com\/fr\/produit\/paille-en-metal-reutilisables\/#breadcrumb\"},\"inLanguage\":\"fr-CA\",\"potentialAction\":[{\"@type\":\"ReadAction\",\"target\":[\"https:\/\/oasismade.com\/fr\/produit\/paille-en-metal-reutilisables\/\"]}]},{\"@type\":\"ImageObject\",\"inLanguage\":\"fr-CA\",\"@id\":\"https:\/\/oasismade.com\/fr\/produit\/paille-en-metal-reutilisables\/#primaryimage\",\"url\":\"https:\/\/oasismade.com\/wp-content\/uploads\/2021\/08\/oasis-made-sustainable-reusable-bags-packaging-oasismade-reusable-metal-straws-1.jpg\",\"contentUrl\":\"https:\/\/oasismade.com\/wp-content\/uploads\/2021\/08\/oasis-made-sustainable-reusable-bags-packaging-oasismade-reusable-metal-straws-1.jpg\",\"width\":1250,\"height\":1250,\"caption\":\"Reusable-Metal-Straws\"},{\"@type\":\"BreadcrumbList\",\"@id\":\"https:\/\/oasismade.com\/fr\/produit\/paille-en-metal-reutilisables\/#breadcrumb\",\"itemListElement\":[{\"@type\":\"ListItem\",\"position\":1,\"name\":\"Accueil\",\"item\":\"https:\/\/oasismade.com\/fr\/\"},{\"@type\":\"ListItem\",\"position\":2,\"name\":\"Boutique\",\"item\":\"https:\/\/oasismade.com\/fr\/catalogue\/\"},{\"@type\":\"ListItem\",\"position\":3,\"name\":\"Paille en m\u00e9tal r\u00e9utilisables\"}]},{\"@type\":\"WebSite\",\"@id\":\"https:\/\/oasismade.com\/fr\/#website\",\"url\":\"https:\/\/oasismade.com\/fr\/\",\"name\":\"Oasismade\",\"description\":\"Sustainable Packaging Solution\",\"potentialAction\":[{\"@type\":\"SearchAction\",\"target\":{\"@type\":\"EntryPoint\",\"urlTemplate\":\"https:\/\/oasismade.com\/fr\/?s={search_term_string}\"},\"query-input\":{\"@type\":\"PropertyValueSpecification\",\"valueRequired\":true,\"valueName\":\"search_term_string\"}}],\"inLanguage\":\"fr-CA\"}]}<\/script>\n<!-- \/ Yoast SEO plugin. -->","yoast_head_json":{"title":"Paille en m\u00e9tal r\u00e9utilisables - Oasismade","robots":{"index":"index","follow":"follow","max-snippet":"max-snippet:-1","max-image-preview":"max-image-preview:large","max-video-preview":"max-video-preview:-1"},"canonical":"https:\/\/oasismade.com\/fr\/produit\/paille-en-metal-reutilisables\/","og_locale":"fr_CA","og_type":"article","og_title":"Paille en m\u00e9tal r\u00e9utilisables - Oasismade","og_description":"Pourquoi aimons-nous les pailles en m\u00e9tal r\u00e9utilisables ? Des produits chimiques toxiques et des \u00e9manations sont lib\u00e9r\u00e9s chaque fois que des plastiques sont fabriqu\u00e9s. Bon nombre de ces sous-produits nocifs finissent par polluer la terre, l\u2019air et l\u2019eau. Par une mise au rebut inad\u00e9quate, une paille en plastique peut se retrouver dans un lac ou un oc\u00e9an, causant des effets d\u00e9vastateurs sur les \u00e9cosyst\u00e8mes et la vie marine. Cependant, les pailles en m\u00e9tal r\u00e9utilisables peuvent directement aider \u00e0 att\u00e9nuer ces horribles effets. La pollution r\u00e9sultant de la fabrication de plastique peut \u00eatre r\u00e9duite car le besoin de plastique est \u00e9galement r\u00e9duit.  Ces pailles m\u00e9talliques r\u00e9utilisables sont l\u2019alternative parfaite aux plastiques \u00e0 usage unique. La bonne nouvelle est qu\u2019une paille en acier inoxydable est faite pour \u00eatre utilis\u00e9e \u00e0 maintes reprises. Elles sont non seulement r\u00e9sistantes \u00e0 la rouille, mais aussi aux \u00e9gratignures. De plus, ces pailles m\u00e9talliques r\u00e9utilisables ne d\u00e9gagent aucune odeur de m\u00e9tal et n\u2019ont pas d\u2019arri\u00e8re-go\u00fbt d\u2019acier inoxydable. Ces pailles en m\u00e9tal r\u00e9utilisables sont:   Sans arri\u00e8re-go\u00fbt et sans l\u2019odeur d`acier inoxydable  Facile \u00e0 nettoyer  Alternative s\u00fbre et durable au plastique \u00e0 usage unique  Option r\u00e9utilisable et \u00e9cologique  Portable  Option ensemble comprenant brosse \u00e0 laver  Options personnalis\u00e9es disponibles","og_url":"https:\/\/oasismade.com\/fr\/produit\/paille-en-metal-reutilisables\/","og_site_name":"Oasismade","article_publisher":"https:\/\/www.facebook.com\/OasisMade\/","og_image":[{"width":1250,"height":1250,"url":"https:\/\/oasismade.com\/wp-content\/uploads\/2021\/08\/oasis-made-sustainable-reusable-bags-packaging-oasismade-reusable-metal-straws-1.jpg","type":"image\/jpeg"}],"twitter_card":"summary_large_image","twitter_misc":{"Est. reading time":"1 minute"},"schema":{"@context":"https:\/\/schema.org","@graph":[{"@type":"WebPage","@id":"https:\/\/oasismade.com\/fr\/produit\/paille-en-metal-reutilisables\/","url":"https:\/\/oasismade.com\/fr\/produit\/paille-en-metal-reutilisables\/","name":"Paille en m\u00e9tal r\u00e9utilisables - Oasismade","isPartOf":{"@id":"https:\/\/oasismade.com\/fr\/#website"},"primaryImageOfPage":{"@id":"https:\/\/oasismade.com\/fr\/produit\/paille-en-metal-reutilisables\/#primaryimage"},"image":{"@id":"https:\/\/oasismade.com\/fr\/produit\/paille-en-metal-reutilisables\/#primaryimage"},"thumbnailUrl":"https:\/\/oasismade.com\/wp-content\/uploads\/2021\/08\/oasis-made-sustainable-reusable-bags-packaging-oasismade-reusable-metal-straws-1.jpg","datePublished":"2022-07-06T19:47:59+00:00","breadcrumb":{"@id":"https:\/\/oasismade.com\/fr\/produit\/paille-en-metal-reutilisables\/#breadcrumb"},"inLanguage":"fr-CA","potentialAction":[{"@type":"ReadAction","target":["https:\/\/oasismade.com\/fr\/produit\/paille-en-metal-reutilisables\/"]}]},{"@type":"ImageObject","inLanguage":"fr-CA","@id":"https:\/\/oasismade.com\/fr\/produit\/paille-en-metal-reutilisables\/#primaryimage","url":"https:\/\/oasismade.com\/wp-content\/uploads\/2021\/08\/oasis-made-sustainable-reusable-bags-packaging-oasismade-reusable-metal-straws-1.jpg","contentUrl":"https:\/\/oasismade.com\/wp-content\/uploads\/2021\/08\/oasis-made-sustainable-reusable-bags-packaging-oasismade-reusable-metal-straws-1.jpg","width":1250,"height":1250,"caption":"Reusable-Metal-Straws"},{"@type":"BreadcrumbList","@id":"https:\/\/oasismade.com\/fr\/produit\/paille-en-metal-reutilisables\/#breadcrumb","itemListElement":[{"@type":"ListItem","position":1,"name":"Accueil","item":"https:\/\/oasismade.com\/fr\/"},{"@type":"ListItem","position":2,"name":"Boutique","item":"https:\/\/oasismade.com\/fr\/catalogue\/"},{"@type":"ListItem","position":3,"name":"Paille en m\u00e9tal r\u00e9utilisables"}]},{"@type":"WebSite","@id":"https:\/\/oasismade.com\/fr\/#website","url":"https:\/\/oasismade.com\/fr\/","name":"Oasismade","description":"Sustainable Packaging Solution","potentialAction":[{"@type":"SearchAction","target":{"@type":"EntryPoint","urlTemplate":"https:\/\/oasismade.com\/fr\/?s={search_term_string}"},"query-input":{"@type":"PropertyValueSpecification","valueRequired":true,"valueName":"search_term_string"}}],"inLanguage":"fr-CA"}]}},"_links":{"self":[{"href":"https:\/\/oasismade.com\/fr\/wp-json\/wp\/v2\/product\/8325","targetHints":{"allow":["GET"]}}],"collection":[{"href":"https:\/\/oasismade.com\/fr\/wp-json\/wp\/v2\/product"}],"about":[{"href":"https:\/\/oasismade.com\/fr\/wp-json\/wp\/v2\/types\/product"}],"wp:featuredmedia":[{"embeddable":true,"href":"https:\/\/oasismade.com\/fr\/wp-json\/wp\/v2\/media\/7549"}],"wp:attachment":[{"href":"https:\/\/oasismade.com\/fr\/wp-json\/wp\/v2\/media?parent=8325"}],"wp:term":[{"taxonomy":"product_brand","embeddable":true,"href":"https:\/\/oasismade.com\/fr\/wp-json\/wp\/v2\/product_brand?post=8325"},{"taxonomy":"product_cat","embeddable":true,"href":"https:\/\/oasismade.com\/fr\/wp-json\/wp\/v2\/product_cat?post=8325"},{"taxonomy":"product_tag","embeddable":true,"href":"https:\/\/oasismade.com\/fr\/wp-json\/wp\/v2\/product_tag?post=8325"}],"curies":[{"name":"wp","href":"https:\/\/api.w.org\/{rel}","templated":true}]}}