{"id":8323,"date":"2022-04-28T20:51:45","date_gmt":"2022-07-06T18:59:11","guid":{"rendered":"https:\/\/oasismade.com\/?post_type=product&#038;p=8323"},"modified":"2022-07-15T18:39:11","modified_gmt":"2022-07-15T18:39:11","slug":"sacs-en-vrac-reutilisables","status":"publish","type":"product","link":"https:\/\/oasismade.com\/fr\/produit\/sacs-en-vrac-reutilisables\/","title":{"rendered":"Sacs en vrac r\u00e9utilisables"},"content":{"rendered":"<p><strong>Personnalisation<\/strong><\/p>\n<p>Personnalisez ces sacs en vrac en coton et am\u00e9liorez votre exp\u00e9rience client avec votre choix de grandeur, couleur, graphique ou logo. Concevez cet article pour qu&rsquo;il soit une incarnation physique de votre marque.<\/p>\n<p><strong>L\u2019ensemble complet<\/strong><\/p>\n<p>Contactez l&rsquo;un de nos repr\u00e9sentants OasisMade et cr\u00e9ez l\u2019exp\u00e9rience d\u2019emballage client parfaite en magasin pour ces sac coton en vrac.<\/p>\n<p>Les options que nous proposons pour la personnalisation des produits vous permettent de cr\u00e9er l&rsquo;article de vos r\u00eaves. Concevez la solution d&#8217;emballage adapt\u00e9e \u00e0 votre produit, parfaitement emball\u00e9 et pr\u00eat pour les rayons des magasins.<\/p>\n<p><strong>Demandez un devis d\u00e8s aujourd&rsquo;hui et apprenez-en plus sur la fa\u00e7on de personnaliser ces sacs en vrac et d\u2019en faire une super solution \u00e9cologique pour votre entreprise.<\/strong><\/p>\n","protected":false},"excerpt":{"rendered":"<p>Les sacs standard en plastique sont g\u00e9n\u00e9ralement jet\u00e9s apr\u00e8s un seul usage. En optant pour des sacs r\u00e9utilisables, vous contribueriez \u00e0 r\u00e9duire la consommation globale de sacs en plastique \u00e0 usage unique. Les sacs en vrac r\u00e9utilisables sont \u00e9galement plus pratiques, car vous pouvez \u00e9galement les utiliser pour d\u2019autres choses.<\/p>\n<p>Ces sacs sont suffisamment durables pour que vous puissiez les utiliser pendant de nombreuses ann\u00e9es. Ils peuvent contenir plus de poids qu\u2019un sac en plastique ordinaire ou un sac en papier, et vous donner une meilleure poigne. Ces sacs en vrac sont appel\u00e9s r\u00e9utilisables car ils peuvent \u00eatre lav\u00e9s, nettoy\u00e9s, s\u00e9ch\u00e9s, puis \u00eatre utilis\u00e9s \u00e0 nouveau!<\/p>\n<p>Si vous recherchez des options pour vivre un style de vie z\u00e9ro d\u00e9chet et que vous avez d\u00e9cid\u00e9 de faire consciemment un effort pour r\u00e9duire le plastique jetable, nos sacs en vrac r\u00e9utilisables sont une option \u00e9cologique \u00e0 coup s\u00fbr. Ces sacs sont une solution de stockage pratique pour les achats en vrac tels que le riz, haricots secs, noix, caf\u00e9, p\u00e2tes et c\u00e9r\u00e9ales.<\/p>\n<p>Apportez ces sacs l\u00e9gers avec vous pour vos achats en vrac &#8211; ils sont l\u00e9gers \u00e0 transporter et transvidez-les facilement \u00e0 la maison dans vos bocaux en verre.<\/p>\n<ul>\n<li>Option r\u00e9utilisable lors d\u2019achat d&rsquo;articles en vrac non emball\u00e9s<\/li>\n<li>Options personnalis\u00e9es disponibles<\/li>\n<\/ul>\n","protected":false},"featured_media":8204,"template":"","meta":[],"product_brand":[],"product_cat":[216,190],"product_tag":[],"class_list":{"0":"post-8323","1":"product","2":"type-product","3":"status-publish","4":"has-post-thumbnail","6":"product_cat-coton-sacs-reutilisables","7":"product_cat-sacs-reutilisables","9":"first","10":"instock","11":"shipping-taxable","12":"product-type-simple"},"yoast_head":"<!-- This site is optimized with the Yoast SEO plugin v25.5 - https:\/\/yoast.com\/wordpress\/plugins\/seo\/ -->\n<title>Sacs en vrac r\u00e9utilisables - Oasismade<\/title>\n<meta name=\"robots\" content=\"index, follow, max-snippet:-1, max-image-preview:large, max-video-preview:-1\" \/>\n<link rel=\"canonical\" href=\"https:\/\/oasismade.com\/fr\/produit\/sacs-en-vrac-reutilisables\/\" \/>\n<meta property=\"og:locale\" content=\"fr_CA\" \/>\n<meta property=\"og:type\" content=\"article\" \/>\n<meta property=\"og:title\" content=\"Sacs en vrac r\u00e9utilisables - Oasismade\" \/>\n<meta property=\"og:description\" content=\"Les sacs standard en plastique sont g\u00e9n\u00e9ralement jet\u00e9s apr\u00e8s un seul usage. En optant pour des sacs r\u00e9utilisables, vous contribueriez \u00e0 r\u00e9duire la consommation globale de sacs en plastique \u00e0 usage unique. Les sacs en vrac r\u00e9utilisables sont \u00e9galement plus pratiques, car vous pouvez \u00e9galement les utiliser pour d\u2019autres choses.  Ces sacs sont suffisamment durables pour que vous puissiez les utiliser pendant de nombreuses ann\u00e9es. Ils peuvent contenir plus de poids qu\u2019un sac en plastique ordinaire ou un sac en papier, et vous donner une meilleure poigne. Ces sacs en vrac sont appel\u00e9s r\u00e9utilisables car ils peuvent \u00eatre lav\u00e9s, nettoy\u00e9s, s\u00e9ch\u00e9s, puis \u00eatre utilis\u00e9s \u00e0 nouveau!  Si vous recherchez des options pour vivre un style de vie z\u00e9ro d\u00e9chet et que vous avez d\u00e9cid\u00e9 de faire consciemment un effort pour r\u00e9duire le plastique jetable, nos sacs en vrac r\u00e9utilisables sont une option \u00e9cologique \u00e0 coup s\u00fbr. Ces sacs sont une solution de stockage pratique pour les achats en vrac tels que le riz, haricots secs, noix, caf\u00e9, p\u00e2tes et c\u00e9r\u00e9ales.  Apportez ces sacs l\u00e9gers avec vous pour vos achats en vrac - ils sont l\u00e9gers \u00e0 transporter et transvidez-les facilement \u00e0 la maison dans vos bocaux en verre.   Option r\u00e9utilisable lors d\u2019achat d&#039;articles en vrac non emball\u00e9s  Options personnalis\u00e9es disponibles\" \/>\n<meta property=\"og:url\" content=\"https:\/\/oasismade.com\/fr\/produit\/sacs-en-vrac-reutilisables\/\" \/>\n<meta property=\"og:site_name\" content=\"Oasismade\" \/>\n<meta property=\"article:publisher\" content=\"https:\/\/www.facebook.com\/OasisMade\/\" \/>\n<meta property=\"article:modified_time\" content=\"2022-07-15T18:39:11+00:00\" \/>\n<meta property=\"og:image\" content=\"https:\/\/oasismade.com\/wp-content\/uploads\/2022\/04\/Reusable-Bulk-Bag.jpeg\" \/>\n\t<meta property=\"og:image:width\" content=\"850\" \/>\n\t<meta property=\"og:image:height\" content=\"850\" \/>\n\t<meta property=\"og:image:type\" content=\"image\/jpeg\" \/>\n<meta name=\"twitter:card\" content=\"summary_large_image\" \/>\n<meta name=\"twitter:label1\" content=\"Est. reading time\" \/>\n\t<meta name=\"twitter:data1\" content=\"1 minute\" \/>\n<script type=\"application\/ld+json\" class=\"yoast-schema-graph\">{\"@context\":\"https:\/\/schema.org\",\"@graph\":[{\"@type\":\"WebPage\",\"@id\":\"https:\/\/oasismade.com\/fr\/produit\/sacs-en-vrac-reutilisables\/\",\"url\":\"https:\/\/oasismade.com\/fr\/produit\/sacs-en-vrac-reutilisables\/\",\"name\":\"Sacs en vrac r\u00e9utilisables - Oasismade\",\"isPartOf\":{\"@id\":\"https:\/\/oasismade.com\/fr\/#website\"},\"primaryImageOfPage\":{\"@id\":\"https:\/\/oasismade.com\/fr\/produit\/sacs-en-vrac-reutilisables\/#primaryimage\"},\"image\":{\"@id\":\"https:\/\/oasismade.com\/fr\/produit\/sacs-en-vrac-reutilisables\/#primaryimage\"},\"thumbnailUrl\":\"https:\/\/oasismade.com\/wp-content\/uploads\/2022\/04\/Reusable-Bulk-Bag.jpeg\",\"datePublished\":\"2022-07-06T18:59:11+00:00\",\"dateModified\":\"2022-07-15T18:39:11+00:00\",\"breadcrumb\":{\"@id\":\"https:\/\/oasismade.com\/fr\/produit\/sacs-en-vrac-reutilisables\/#breadcrumb\"},\"inLanguage\":\"fr-CA\",\"potentialAction\":[{\"@type\":\"ReadAction\",\"target\":[\"https:\/\/oasismade.com\/fr\/produit\/sacs-en-vrac-reutilisables\/\"]}]},{\"@type\":\"ImageObject\",\"inLanguage\":\"fr-CA\",\"@id\":\"https:\/\/oasismade.com\/fr\/produit\/sacs-en-vrac-reutilisables\/#primaryimage\",\"url\":\"https:\/\/oasismade.com\/wp-content\/uploads\/2022\/04\/Reusable-Bulk-Bag.jpeg\",\"contentUrl\":\"https:\/\/oasismade.com\/wp-content\/uploads\/2022\/04\/Reusable-Bulk-Bag.jpeg\",\"width\":850,\"height\":850,\"caption\":\"reusable-bulk-bag\"},{\"@type\":\"BreadcrumbList\",\"@id\":\"https:\/\/oasismade.com\/fr\/produit\/sacs-en-vrac-reutilisables\/#breadcrumb\",\"itemListElement\":[{\"@type\":\"ListItem\",\"position\":1,\"name\":\"Accueil\",\"item\":\"https:\/\/oasismade.com\/fr\/\"},{\"@type\":\"ListItem\",\"position\":2,\"name\":\"Boutique\",\"item\":\"https:\/\/oasismade.com\/fr\/catalogue\/\"},{\"@type\":\"ListItem\",\"position\":3,\"name\":\"Sacs en vrac r\u00e9utilisables\"}]},{\"@type\":\"WebSite\",\"@id\":\"https:\/\/oasismade.com\/fr\/#website\",\"url\":\"https:\/\/oasismade.com\/fr\/\",\"name\":\"Oasismade\",\"description\":\"Sustainable Packaging Solution\",\"potentialAction\":[{\"@type\":\"SearchAction\",\"target\":{\"@type\":\"EntryPoint\",\"urlTemplate\":\"https:\/\/oasismade.com\/fr\/?s={search_term_string}\"},\"query-input\":{\"@type\":\"PropertyValueSpecification\",\"valueRequired\":true,\"valueName\":\"search_term_string\"}}],\"inLanguage\":\"fr-CA\"}]}<\/script>\n<!-- \/ Yoast SEO plugin. -->","yoast_head_json":{"title":"Sacs en vrac r\u00e9utilisables - Oasismade","robots":{"index":"index","follow":"follow","max-snippet":"max-snippet:-1","max-image-preview":"max-image-preview:large","max-video-preview":"max-video-preview:-1"},"canonical":"https:\/\/oasismade.com\/fr\/produit\/sacs-en-vrac-reutilisables\/","og_locale":"fr_CA","og_type":"article","og_title":"Sacs en vrac r\u00e9utilisables - Oasismade","og_description":"Les sacs standard en plastique sont g\u00e9n\u00e9ralement jet\u00e9s apr\u00e8s un seul usage. En optant pour des sacs r\u00e9utilisables, vous contribueriez \u00e0 r\u00e9duire la consommation globale de sacs en plastique \u00e0 usage unique. Les sacs en vrac r\u00e9utilisables sont \u00e9galement plus pratiques, car vous pouvez \u00e9galement les utiliser pour d\u2019autres choses.  Ces sacs sont suffisamment durables pour que vous puissiez les utiliser pendant de nombreuses ann\u00e9es. Ils peuvent contenir plus de poids qu\u2019un sac en plastique ordinaire ou un sac en papier, et vous donner une meilleure poigne. Ces sacs en vrac sont appel\u00e9s r\u00e9utilisables car ils peuvent \u00eatre lav\u00e9s, nettoy\u00e9s, s\u00e9ch\u00e9s, puis \u00eatre utilis\u00e9s \u00e0 nouveau!  Si vous recherchez des options pour vivre un style de vie z\u00e9ro d\u00e9chet et que vous avez d\u00e9cid\u00e9 de faire consciemment un effort pour r\u00e9duire le plastique jetable, nos sacs en vrac r\u00e9utilisables sont une option \u00e9cologique \u00e0 coup s\u00fbr. Ces sacs sont une solution de stockage pratique pour les achats en vrac tels que le riz, haricots secs, noix, caf\u00e9, p\u00e2tes et c\u00e9r\u00e9ales.  Apportez ces sacs l\u00e9gers avec vous pour vos achats en vrac - ils sont l\u00e9gers \u00e0 transporter et transvidez-les facilement \u00e0 la maison dans vos bocaux en verre.   Option r\u00e9utilisable lors d\u2019achat d'articles en vrac non emball\u00e9s  Options personnalis\u00e9es disponibles","og_url":"https:\/\/oasismade.com\/fr\/produit\/sacs-en-vrac-reutilisables\/","og_site_name":"Oasismade","article_publisher":"https:\/\/www.facebook.com\/OasisMade\/","article_modified_time":"2022-07-15T18:39:11+00:00","og_image":[{"width":850,"height":850,"url":"https:\/\/oasismade.com\/wp-content\/uploads\/2022\/04\/Reusable-Bulk-Bag.jpeg","type":"image\/jpeg"}],"twitter_card":"summary_large_image","twitter_misc":{"Est. reading time":"1 minute"},"schema":{"@context":"https:\/\/schema.org","@graph":[{"@type":"WebPage","@id":"https:\/\/oasismade.com\/fr\/produit\/sacs-en-vrac-reutilisables\/","url":"https:\/\/oasismade.com\/fr\/produit\/sacs-en-vrac-reutilisables\/","name":"Sacs en vrac r\u00e9utilisables - Oasismade","isPartOf":{"@id":"https:\/\/oasismade.com\/fr\/#website"},"primaryImageOfPage":{"@id":"https:\/\/oasismade.com\/fr\/produit\/sacs-en-vrac-reutilisables\/#primaryimage"},"image":{"@id":"https:\/\/oasismade.com\/fr\/produit\/sacs-en-vrac-reutilisables\/#primaryimage"},"thumbnailUrl":"https:\/\/oasismade.com\/wp-content\/uploads\/2022\/04\/Reusable-Bulk-Bag.jpeg","datePublished":"2022-07-06T18:59:11+00:00","dateModified":"2022-07-15T18:39:11+00:00","breadcrumb":{"@id":"https:\/\/oasismade.com\/fr\/produit\/sacs-en-vrac-reutilisables\/#breadcrumb"},"inLanguage":"fr-CA","potentialAction":[{"@type":"ReadAction","target":["https:\/\/oasismade.com\/fr\/produit\/sacs-en-vrac-reutilisables\/"]}]},{"@type":"ImageObject","inLanguage":"fr-CA","@id":"https:\/\/oasismade.com\/fr\/produit\/sacs-en-vrac-reutilisables\/#primaryimage","url":"https:\/\/oasismade.com\/wp-content\/uploads\/2022\/04\/Reusable-Bulk-Bag.jpeg","contentUrl":"https:\/\/oasismade.com\/wp-content\/uploads\/2022\/04\/Reusable-Bulk-Bag.jpeg","width":850,"height":850,"caption":"reusable-bulk-bag"},{"@type":"BreadcrumbList","@id":"https:\/\/oasismade.com\/fr\/produit\/sacs-en-vrac-reutilisables\/#breadcrumb","itemListElement":[{"@type":"ListItem","position":1,"name":"Accueil","item":"https:\/\/oasismade.com\/fr\/"},{"@type":"ListItem","position":2,"name":"Boutique","item":"https:\/\/oasismade.com\/fr\/catalogue\/"},{"@type":"ListItem","position":3,"name":"Sacs en vrac r\u00e9utilisables"}]},{"@type":"WebSite","@id":"https:\/\/oasismade.com\/fr\/#website","url":"https:\/\/oasismade.com\/fr\/","name":"Oasismade","description":"Sustainable Packaging Solution","potentialAction":[{"@type":"SearchAction","target":{"@type":"EntryPoint","urlTemplate":"https:\/\/oasismade.com\/fr\/?s={search_term_string}"},"query-input":{"@type":"PropertyValueSpecification","valueRequired":true,"valueName":"search_term_string"}}],"inLanguage":"fr-CA"}]}},"_links":{"self":[{"href":"https:\/\/oasismade.com\/fr\/wp-json\/wp\/v2\/product\/8323","targetHints":{"allow":["GET"]}}],"collection":[{"href":"https:\/\/oasismade.com\/fr\/wp-json\/wp\/v2\/product"}],"about":[{"href":"https:\/\/oasismade.com\/fr\/wp-json\/wp\/v2\/types\/product"}],"wp:featuredmedia":[{"embeddable":true,"href":"https:\/\/oasismade.com\/fr\/wp-json\/wp\/v2\/media\/8204"}],"wp:attachment":[{"href":"https:\/\/oasismade.com\/fr\/wp-json\/wp\/v2\/media?parent=8323"}],"wp:term":[{"taxonomy":"product_brand","embeddable":true,"href":"https:\/\/oasismade.com\/fr\/wp-json\/wp\/v2\/product_brand?post=8323"},{"taxonomy":"product_cat","embeddable":true,"href":"https:\/\/oasismade.com\/fr\/wp-json\/wp\/v2\/product_cat?post=8323"},{"taxonomy":"product_tag","embeddable":true,"href":"https:\/\/oasismade.com\/fr\/wp-json\/wp\/v2\/product_tag?post=8323"}],"curies":[{"name":"wp","href":"https:\/\/api.w.org\/{rel}","templated":true}]}}