{"id":8262,"date":"2021-11-08T13:29:05","date_gmt":"2022-06-23T19:29:37","guid":{"rendered":"https:\/\/oasismade.com\/?post_type=product&#038;p=8262"},"modified":"2022-06-23T19:29:38","modified_gmt":"2022-06-23T19:29:38","slug":"infuseur-bouilloire-en-verre","status":"publish","type":"product","link":"https:\/\/oasismade.com\/fr\/produit\/infuseur-bouilloire-en-verre\/","title":{"rendered":"Infuseur Bouilloire en verre"},"content":{"rendered":"<h3>Personnalisation compl\u00e8te<\/h3>\n<p>Personnalisez cet infuseur bouilloire en verre en choisissant la grandeur, couleur, le graphique ou logo pour rehausser votre image de marque. Consid\u00e9rez cet infuseur comme une toile \u00e0 peindre et laisser votre \u00e9quipe marketing exprimer leur cr\u00e9ativit\u00e9. Faites-nous parvenir les sp\u00e9cifications de votre marque et regardez cet article se transformer en une incarnation physique de votre marque.<\/p>\n<p><strong>L\u2019ensemble complet<\/strong><\/p>\n<p>Contactez l&rsquo;un de nos repr\u00e9sentants OasisMade pour cr\u00e9er un produit parfait pour les besoins de votre marque ou pour obtenir des recommandations sur la meilleure fa\u00e7on d&rsquo;am\u00e9liorer votre exp\u00e9rience d&#8217;emballage au point de vente.<\/p>\n<p>Demandez un devis d\u00e8s aujourd&rsquo;hui et apprenez-en plus sur la fa\u00e7on de personnaliser cet infuseur bouilloire en verre et d\u2019en faire une super solution \u00e9cologique pour votre entreprise<strong>.<\/strong><\/p>\n","protected":false},"excerpt":{"rendered":"<h2>Pourquoi aimons-nous l\u2019infuseur bouilloire en verre ?<\/h2>\n<p>Rendez vos pauses th\u00e9 plus agr\u00e9ables avec cet infuseur bouilloire en verre r\u00e9sistant \u00e0 la chaleur. Con\u00e7u pour s&rsquo;adapter parfaitement au rituel quotidien du th\u00e9 de n&rsquo;importe qui, placez simplement vos feuilles de th\u00e9 pr\u00e9f\u00e9r\u00e9es dans l&rsquo;infuseur, ajoutez de l&rsquo;eau bouillante, puis attendez que l\u2019intensit\u00e9 souhait\u00e9e soit atteinte. Pour les amateurs de th\u00e9 du monde entier, cette \u00e9l\u00e9gante th\u00e9i\u00e8re peut servir jusqu&rsquo;\u00e0 4 \u00e0 5 tasses, avec un bec anti-goutte et une poign\u00e9e ergonomique vous offrant une prise en main s\u00fbre et solide. Cette bouilloire est fabriqu\u00e9e avec un verre durable, r\u00e9sistant \u00e0 la chaleur et munie d\u2019une large poign\u00e9e et d`un infuseur en micro-maille.<\/p>\n<h2>Cette bouilloire comprend:<\/h2>\n<ul>\n<li>Capacit\u00e9 volum\u00e9trique standard<\/li>\n<li>Infuseur en micro-maille<\/li>\n<li>Large poign\u00e9e pour utilisation facile<\/li>\n<li>Bec allong\u00e9 pour versement en douceur<\/li>\n<li>Options personnalis\u00e9es<\/li>\n<\/ul>\n","protected":false},"featured_media":7546,"template":"","meta":[],"product_brand":[],"product_cat":[106],"product_tag":[],"class_list":{"0":"post-8262","1":"product","2":"type-product","3":"status-publish","4":"has-post-thumbnail","6":"product_cat-bouteilles-de-transport","8":"first","9":"instock","10":"shipping-taxable","11":"product-type-simple"},"yoast_head":"<!-- This site is optimized with the Yoast SEO plugin v25.5 - https:\/\/yoast.com\/wordpress\/plugins\/seo\/ -->\n<title>Infuseur Bouilloire en verre - Oasismade<\/title>\n<meta name=\"robots\" content=\"index, follow, max-snippet:-1, max-image-preview:large, max-video-preview:-1\" \/>\n<link rel=\"canonical\" href=\"https:\/\/oasismade.com\/fr\/produit\/infuseur-bouilloire-en-verre\/\" \/>\n<meta property=\"og:locale\" content=\"fr_CA\" \/>\n<meta property=\"og:type\" content=\"article\" \/>\n<meta property=\"og:title\" content=\"Infuseur Bouilloire en verre - Oasismade\" \/>\n<meta property=\"og:description\" content=\"Pourquoi aimons-nous l\u2019infuseur bouilloire en verre ? Rendez vos pauses th\u00e9 plus agr\u00e9ables avec cet infuseur bouilloire en verre r\u00e9sistant \u00e0 la chaleur. Con\u00e7u pour s&#039;adapter parfaitement au rituel quotidien du th\u00e9 de n&#039;importe qui, placez simplement vos feuilles de th\u00e9 pr\u00e9f\u00e9r\u00e9es dans l&#039;infuseur, ajoutez de l&#039;eau bouillante, puis attendez que l\u2019intensit\u00e9 souhait\u00e9e soit atteinte. Pour les amateurs de th\u00e9 du monde entier, cette \u00e9l\u00e9gante th\u00e9i\u00e8re peut servir jusqu&#039;\u00e0 4 \u00e0 5 tasses, avec un bec anti-goutte et une poign\u00e9e ergonomique vous offrant une prise en main s\u00fbre et solide. Cette bouilloire est fabriqu\u00e9e avec un verre durable, r\u00e9sistant \u00e0 la chaleur et munie d\u2019une large poign\u00e9e et d`un infuseur en micro-maille. Cette bouilloire comprend:   Capacit\u00e9 volum\u00e9trique standard  Infuseur en micro-maille  Large poign\u00e9e pour utilisation facile  Bec allong\u00e9 pour versement en douceur  Options personnalis\u00e9es\" \/>\n<meta property=\"og:url\" content=\"https:\/\/oasismade.com\/fr\/produit\/infuseur-bouilloire-en-verre\/\" \/>\n<meta property=\"og:site_name\" content=\"Oasismade\" \/>\n<meta property=\"article:publisher\" content=\"https:\/\/www.facebook.com\/OasisMade\/\" \/>\n<meta property=\"article:modified_time\" content=\"2022-06-23T19:29:38+00:00\" \/>\n<meta property=\"og:image\" content=\"https:\/\/oasismade.com\/wp-content\/uploads\/2021\/08\/oasis-made-sustainable-reusable-bags-packaging-oasismade-glass-kettle-infuser.jpg\" \/>\n\t<meta property=\"og:image:width\" content=\"1250\" \/>\n\t<meta property=\"og:image:height\" content=\"1250\" \/>\n\t<meta property=\"og:image:type\" content=\"image\/jpeg\" \/>\n<meta name=\"twitter:card\" content=\"summary_large_image\" \/>\n<meta name=\"twitter:label1\" content=\"Est. reading time\" \/>\n\t<meta name=\"twitter:data1\" content=\"1 minute\" \/>\n<script type=\"application\/ld+json\" class=\"yoast-schema-graph\">{\"@context\":\"https:\/\/schema.org\",\"@graph\":[{\"@type\":\"WebPage\",\"@id\":\"https:\/\/oasismade.com\/fr\/produit\/infuseur-bouilloire-en-verre\/\",\"url\":\"https:\/\/oasismade.com\/fr\/produit\/infuseur-bouilloire-en-verre\/\",\"name\":\"Infuseur Bouilloire en verre - Oasismade\",\"isPartOf\":{\"@id\":\"https:\/\/oasismade.com\/fr\/#website\"},\"primaryImageOfPage\":{\"@id\":\"https:\/\/oasismade.com\/fr\/produit\/infuseur-bouilloire-en-verre\/#primaryimage\"},\"image\":{\"@id\":\"https:\/\/oasismade.com\/fr\/produit\/infuseur-bouilloire-en-verre\/#primaryimage\"},\"thumbnailUrl\":\"https:\/\/oasismade.com\/wp-content\/uploads\/2021\/08\/oasis-made-sustainable-reusable-bags-packaging-oasismade-glass-kettle-infuser.jpg\",\"datePublished\":\"2022-06-23T19:29:37+00:00\",\"dateModified\":\"2022-06-23T19:29:38+00:00\",\"breadcrumb\":{\"@id\":\"https:\/\/oasismade.com\/fr\/produit\/infuseur-bouilloire-en-verre\/#breadcrumb\"},\"inLanguage\":\"fr-CA\",\"potentialAction\":[{\"@type\":\"ReadAction\",\"target\":[\"https:\/\/oasismade.com\/fr\/produit\/infuseur-bouilloire-en-verre\/\"]}]},{\"@type\":\"ImageObject\",\"inLanguage\":\"fr-CA\",\"@id\":\"https:\/\/oasismade.com\/fr\/produit\/infuseur-bouilloire-en-verre\/#primaryimage\",\"url\":\"https:\/\/oasismade.com\/wp-content\/uploads\/2021\/08\/oasis-made-sustainable-reusable-bags-packaging-oasismade-glass-kettle-infuser.jpg\",\"contentUrl\":\"https:\/\/oasismade.com\/wp-content\/uploads\/2021\/08\/oasis-made-sustainable-reusable-bags-packaging-oasismade-glass-kettle-infuser.jpg\",\"width\":1250,\"height\":1250,\"caption\":\"Glass-Kettle-Infuser\"},{\"@type\":\"BreadcrumbList\",\"@id\":\"https:\/\/oasismade.com\/fr\/produit\/infuseur-bouilloire-en-verre\/#breadcrumb\",\"itemListElement\":[{\"@type\":\"ListItem\",\"position\":1,\"name\":\"Accueil\",\"item\":\"https:\/\/oasismade.com\/fr\/\"},{\"@type\":\"ListItem\",\"position\":2,\"name\":\"Boutique\",\"item\":\"https:\/\/oasismade.com\/fr\/catalogue\/\"},{\"@type\":\"ListItem\",\"position\":3,\"name\":\"Infuseur Bouilloire en verre\"}]},{\"@type\":\"WebSite\",\"@id\":\"https:\/\/oasismade.com\/fr\/#website\",\"url\":\"https:\/\/oasismade.com\/fr\/\",\"name\":\"Oasismade\",\"description\":\"Sustainable Packaging Solution\",\"potentialAction\":[{\"@type\":\"SearchAction\",\"target\":{\"@type\":\"EntryPoint\",\"urlTemplate\":\"https:\/\/oasismade.com\/fr\/?s={search_term_string}\"},\"query-input\":{\"@type\":\"PropertyValueSpecification\",\"valueRequired\":true,\"valueName\":\"search_term_string\"}}],\"inLanguage\":\"fr-CA\"}]}<\/script>\n<!-- \/ Yoast SEO plugin. -->","yoast_head_json":{"title":"Infuseur Bouilloire en verre - Oasismade","robots":{"index":"index","follow":"follow","max-snippet":"max-snippet:-1","max-image-preview":"max-image-preview:large","max-video-preview":"max-video-preview:-1"},"canonical":"https:\/\/oasismade.com\/fr\/produit\/infuseur-bouilloire-en-verre\/","og_locale":"fr_CA","og_type":"article","og_title":"Infuseur Bouilloire en verre - Oasismade","og_description":"Pourquoi aimons-nous l\u2019infuseur bouilloire en verre ? Rendez vos pauses th\u00e9 plus agr\u00e9ables avec cet infuseur bouilloire en verre r\u00e9sistant \u00e0 la chaleur. Con\u00e7u pour s'adapter parfaitement au rituel quotidien du th\u00e9 de n'importe qui, placez simplement vos feuilles de th\u00e9 pr\u00e9f\u00e9r\u00e9es dans l'infuseur, ajoutez de l'eau bouillante, puis attendez que l\u2019intensit\u00e9 souhait\u00e9e soit atteinte. Pour les amateurs de th\u00e9 du monde entier, cette \u00e9l\u00e9gante th\u00e9i\u00e8re peut servir jusqu'\u00e0 4 \u00e0 5 tasses, avec un bec anti-goutte et une poign\u00e9e ergonomique vous offrant une prise en main s\u00fbre et solide. Cette bouilloire est fabriqu\u00e9e avec un verre durable, r\u00e9sistant \u00e0 la chaleur et munie d\u2019une large poign\u00e9e et d`un infuseur en micro-maille. Cette bouilloire comprend:   Capacit\u00e9 volum\u00e9trique standard  Infuseur en micro-maille  Large poign\u00e9e pour utilisation facile  Bec allong\u00e9 pour versement en douceur  Options personnalis\u00e9es","og_url":"https:\/\/oasismade.com\/fr\/produit\/infuseur-bouilloire-en-verre\/","og_site_name":"Oasismade","article_publisher":"https:\/\/www.facebook.com\/OasisMade\/","article_modified_time":"2022-06-23T19:29:38+00:00","og_image":[{"width":1250,"height":1250,"url":"https:\/\/oasismade.com\/wp-content\/uploads\/2021\/08\/oasis-made-sustainable-reusable-bags-packaging-oasismade-glass-kettle-infuser.jpg","type":"image\/jpeg"}],"twitter_card":"summary_large_image","twitter_misc":{"Est. reading time":"1 minute"},"schema":{"@context":"https:\/\/schema.org","@graph":[{"@type":"WebPage","@id":"https:\/\/oasismade.com\/fr\/produit\/infuseur-bouilloire-en-verre\/","url":"https:\/\/oasismade.com\/fr\/produit\/infuseur-bouilloire-en-verre\/","name":"Infuseur Bouilloire en verre - Oasismade","isPartOf":{"@id":"https:\/\/oasismade.com\/fr\/#website"},"primaryImageOfPage":{"@id":"https:\/\/oasismade.com\/fr\/produit\/infuseur-bouilloire-en-verre\/#primaryimage"},"image":{"@id":"https:\/\/oasismade.com\/fr\/produit\/infuseur-bouilloire-en-verre\/#primaryimage"},"thumbnailUrl":"https:\/\/oasismade.com\/wp-content\/uploads\/2021\/08\/oasis-made-sustainable-reusable-bags-packaging-oasismade-glass-kettle-infuser.jpg","datePublished":"2022-06-23T19:29:37+00:00","dateModified":"2022-06-23T19:29:38+00:00","breadcrumb":{"@id":"https:\/\/oasismade.com\/fr\/produit\/infuseur-bouilloire-en-verre\/#breadcrumb"},"inLanguage":"fr-CA","potentialAction":[{"@type":"ReadAction","target":["https:\/\/oasismade.com\/fr\/produit\/infuseur-bouilloire-en-verre\/"]}]},{"@type":"ImageObject","inLanguage":"fr-CA","@id":"https:\/\/oasismade.com\/fr\/produit\/infuseur-bouilloire-en-verre\/#primaryimage","url":"https:\/\/oasismade.com\/wp-content\/uploads\/2021\/08\/oasis-made-sustainable-reusable-bags-packaging-oasismade-glass-kettle-infuser.jpg","contentUrl":"https:\/\/oasismade.com\/wp-content\/uploads\/2021\/08\/oasis-made-sustainable-reusable-bags-packaging-oasismade-glass-kettle-infuser.jpg","width":1250,"height":1250,"caption":"Glass-Kettle-Infuser"},{"@type":"BreadcrumbList","@id":"https:\/\/oasismade.com\/fr\/produit\/infuseur-bouilloire-en-verre\/#breadcrumb","itemListElement":[{"@type":"ListItem","position":1,"name":"Accueil","item":"https:\/\/oasismade.com\/fr\/"},{"@type":"ListItem","position":2,"name":"Boutique","item":"https:\/\/oasismade.com\/fr\/catalogue\/"},{"@type":"ListItem","position":3,"name":"Infuseur Bouilloire en verre"}]},{"@type":"WebSite","@id":"https:\/\/oasismade.com\/fr\/#website","url":"https:\/\/oasismade.com\/fr\/","name":"Oasismade","description":"Sustainable Packaging Solution","potentialAction":[{"@type":"SearchAction","target":{"@type":"EntryPoint","urlTemplate":"https:\/\/oasismade.com\/fr\/?s={search_term_string}"},"query-input":{"@type":"PropertyValueSpecification","valueRequired":true,"valueName":"search_term_string"}}],"inLanguage":"fr-CA"}]}},"_links":{"self":[{"href":"https:\/\/oasismade.com\/fr\/wp-json\/wp\/v2\/product\/8262","targetHints":{"allow":["GET"]}}],"collection":[{"href":"https:\/\/oasismade.com\/fr\/wp-json\/wp\/v2\/product"}],"about":[{"href":"https:\/\/oasismade.com\/fr\/wp-json\/wp\/v2\/types\/product"}],"wp:featuredmedia":[{"embeddable":true,"href":"https:\/\/oasismade.com\/fr\/wp-json\/wp\/v2\/media\/7546"}],"wp:attachment":[{"href":"https:\/\/oasismade.com\/fr\/wp-json\/wp\/v2\/media?parent=8262"}],"wp:term":[{"taxonomy":"product_brand","embeddable":true,"href":"https:\/\/oasismade.com\/fr\/wp-json\/wp\/v2\/product_brand?post=8262"},{"taxonomy":"product_cat","embeddable":true,"href":"https:\/\/oasismade.com\/fr\/wp-json\/wp\/v2\/product_cat?post=8262"},{"taxonomy":"product_tag","embeddable":true,"href":"https:\/\/oasismade.com\/fr\/wp-json\/wp\/v2\/product_tag?post=8262"}],"curies":[{"name":"wp","href":"https:\/\/api.w.org\/{rel}","templated":true}]}}