{"id":8259,"date":"2022-03-14T14:47:46","date_gmt":"2022-06-23T15:49:50","guid":{"rendered":"https:\/\/oasismade.com\/?post_type=product&#038;p=8259"},"modified":"2022-06-23T15:49:51","modified_gmt":"2022-06-23T15:49:51","slug":"presse-a-cafe-de-voyage-avec-couvercle-rabattable-goodbrew","status":"publish","type":"product","link":"https:\/\/oasismade.com\/fr\/produit\/presse-a-cafe-de-voyage-avec-couvercle-rabattable-goodbrew\/","title":{"rendered":"Presse \u00e0 caf\u00e9 de voyage avec couvercle rabattable GoodBrew"},"content":{"rendered":"<h3>Personnalisation compl\u00e8te<\/h3>\n<p>Personnalisez cette presse \u00e0 caf\u00e9 de voyage avec couvercle rabattable GoodBrew en choisissant la grandeur, couleur, le graphique ou logo pour rehausser votre image de marque. Consid\u00e9rez cette presse \u00e0 caf\u00e9 de voyage avec couvercle rabattable GoodBrew comme une toile \u00e0 peindre et laisser votre \u00e9quipe marketing exprimer leur cr\u00e9ativit\u00e9. Faites-nous parvenir votre choix de couleur, logo et le design de votre marque et regardez votre produit devenir r\u00e9alit\u00e9 !<\/p>\n<p><strong>L\u2019ensemble complet<\/strong><\/p>\n<p>Contactez l&rsquo;un de nos repr\u00e9sentants OasisMade et cr\u00e9ez l\u2019exp\u00e9rience d\u2019emballage client parfaite en magasin pour cette presse \u00e0 caf\u00e9 de voyage. Les options que nous proposons pour la personnalisation des produits vous permettent de cr\u00e9er l&rsquo;article de vos r\u00eaves. Concevez la solution d&#8217;emballage adapt\u00e9e \u00e0 votre produit parfaitement emball\u00e9 et pr\u00eat pour les rayons des magasins.<\/p>\n<p>Demandez un devis d\u00e8s aujourd&rsquo;hui et apprenez-en plus sur la fa\u00e7on de personnaliser cette presse \u00e0 caf\u00e9 de voyage et d\u2019en faire une super solution \u00e9cologique pour votre entreprise.<\/p>\n","protected":false},"excerpt":{"rendered":"<p>La presse \u00e0 caf\u00e9 de voyage avec couvercle rabattable GoodBrew est con\u00e7ue avec un cylindre en acier inoxydable \u00e0 double paroi qui prot\u00e8ge les mains du contenu chaud ou froid tout en gardant le contenu bien isol\u00e9. Cette presse \u00e0 caf\u00e9 de voyage de 15 onces inclut un filtre \u00e0 micro-mailles et un couvercle rabattable qui retient le contenu et prot\u00e8ge contre les d\u00e9versements. Le large bec verseur permet un versement en douceur tout en conservant la temp\u00e9rature de votre boisson jusqu&rsquo;\u00e0 8 heures. Le design \u00e9l\u00e9gant a \u00e9t\u00e9 con\u00e7u pour un porte-gobelet standard et assure une stabilit\u00e9 et un confort accru en main.<\/p>\n<p>Agencez cet item avec un bel emballage pr\u00eat \u00e0 \u00eatre pr\u00e9sent\u00e9 sur les \u00e9tag\u00e8res en magasin.<\/p>\n<h3><strong>Caract\u00e9ristiques Presse \u00e0 caf\u00e9 de voyage avec<\/strong> <strong>couvercle rabattable GoodBrew:<br \/>\n<\/strong><\/h3>\n<ul>\n<li>Presse \u00e0 caf\u00e9 et tasse de voyage tout en un<\/li>\n<li>Presse \u00e0 caf\u00e9 avec filtre micro-maille<\/li>\n<li>Large bec verseur pour versement en douceur<\/li>\n<li>Garde le contenu chaud\/froid jusqu&rsquo;\u00e0 8 heures<\/li>\n<li>Taille standard du porte-gobelet<\/li>\n<li>Couvercle rabattable pour sceller le contenu en toute s\u00e9curit\u00e9<\/li>\n<li>Cylindre en acier inoxydable \u00e0 double paroi<\/li>\n<li>Options de personnalisation disponibles<\/li>\n<\/ul>\n","protected":false},"featured_media":8001,"template":"","meta":[],"product_brand":[],"product_cat":[223,106],"product_tag":[],"class_list":{"0":"post-8259","1":"product","2":"type-product","3":"status-publish","4":"has-post-thumbnail","6":"product_cat-stainless-steel-vaisselle","7":"product_cat-bouteilles-de-transport","9":"first","10":"instock","11":"shipping-taxable","12":"product-type-simple"},"yoast_head":"<!-- This site is optimized with the Yoast SEO plugin v25.5 - https:\/\/yoast.com\/wordpress\/plugins\/seo\/ -->\n<title>Presse \u00e0 caf\u00e9 de voyage avec couvercle rabattable GoodBrew - Oasismade<\/title>\n<meta name=\"robots\" content=\"index, follow, max-snippet:-1, max-image-preview:large, max-video-preview:-1\" \/>\n<link rel=\"canonical\" href=\"https:\/\/oasismade.com\/fr\/produit\/presse-a-cafe-de-voyage-avec-couvercle-rabattable-goodbrew\/\" \/>\n<meta property=\"og:locale\" content=\"fr_CA\" \/>\n<meta property=\"og:type\" content=\"article\" \/>\n<meta property=\"og:title\" content=\"Presse \u00e0 caf\u00e9 de voyage avec couvercle rabattable GoodBrew - Oasismade\" \/>\n<meta property=\"og:description\" content=\"La presse \u00e0 caf\u00e9 de voyage avec couvercle rabattable GoodBrew est con\u00e7ue avec un cylindre en acier inoxydable \u00e0 double paroi qui prot\u00e8ge les mains du contenu chaud ou froid tout en gardant le contenu bien isol\u00e9. Cette presse \u00e0 caf\u00e9 de voyage de 15 onces inclut un filtre \u00e0 micro-mailles et un couvercle rabattable qui retient le contenu et prot\u00e8ge contre les d\u00e9versements. Le large bec verseur permet un versement en douceur tout en conservant la temp\u00e9rature de votre boisson jusqu&#039;\u00e0 8 heures. Le design \u00e9l\u00e9gant a \u00e9t\u00e9 con\u00e7u pour un porte-gobelet standard et assure une stabilit\u00e9 et un confort accru en main.  Agencez cet item avec un bel emballage pr\u00eat \u00e0 \u00eatre pr\u00e9sent\u00e9 sur les \u00e9tag\u00e8res en magasin. Caract\u00e9ristiques Presse \u00e0 caf\u00e9 de voyage avec couvercle rabattable GoodBrew:    Presse \u00e0 caf\u00e9 et tasse de voyage tout en un  Presse \u00e0 caf\u00e9 avec filtre micro-maille  Large bec verseur pour versement en douceur  Garde le contenu chaud\/froid jusqu&#039;\u00e0 8 heures  Taille standard du porte-gobelet  Couvercle rabattable pour sceller le contenu en toute s\u00e9curit\u00e9  Cylindre en acier inoxydable \u00e0 double paroi  Options de personnalisation disponibles\" \/>\n<meta property=\"og:url\" content=\"https:\/\/oasismade.com\/fr\/produit\/presse-a-cafe-de-voyage-avec-couvercle-rabattable-goodbrew\/\" \/>\n<meta property=\"og:site_name\" content=\"Oasismade\" \/>\n<meta property=\"article:publisher\" content=\"https:\/\/www.facebook.com\/OasisMade\/\" \/>\n<meta property=\"article:modified_time\" content=\"2022-06-23T15:49:51+00:00\" \/>\n<meta property=\"og:image\" content=\"https:\/\/oasismade.com\/wp-content\/uploads\/2022\/03\/GB_FlipTop-1.jpg\" \/>\n\t<meta property=\"og:image:width\" content=\"946\" \/>\n\t<meta property=\"og:image:height\" content=\"946\" \/>\n\t<meta property=\"og:image:type\" content=\"image\/jpeg\" \/>\n<meta name=\"twitter:card\" content=\"summary_large_image\" \/>\n<meta name=\"twitter:label1\" content=\"Est. reading time\" \/>\n\t<meta name=\"twitter:data1\" content=\"1 minute\" \/>\n<script type=\"application\/ld+json\" class=\"yoast-schema-graph\">{\"@context\":\"https:\/\/schema.org\",\"@graph\":[{\"@type\":\"WebPage\",\"@id\":\"https:\/\/oasismade.com\/fr\/produit\/presse-a-cafe-de-voyage-avec-couvercle-rabattable-goodbrew\/\",\"url\":\"https:\/\/oasismade.com\/fr\/produit\/presse-a-cafe-de-voyage-avec-couvercle-rabattable-goodbrew\/\",\"name\":\"Presse \u00e0 caf\u00e9 de voyage avec couvercle rabattable GoodBrew - Oasismade\",\"isPartOf\":{\"@id\":\"https:\/\/oasismade.com\/fr\/#website\"},\"primaryImageOfPage\":{\"@id\":\"https:\/\/oasismade.com\/fr\/produit\/presse-a-cafe-de-voyage-avec-couvercle-rabattable-goodbrew\/#primaryimage\"},\"image\":{\"@id\":\"https:\/\/oasismade.com\/fr\/produit\/presse-a-cafe-de-voyage-avec-couvercle-rabattable-goodbrew\/#primaryimage\"},\"thumbnailUrl\":\"https:\/\/oasismade.com\/wp-content\/uploads\/2022\/03\/GB_FlipTop-1.jpg\",\"datePublished\":\"2022-06-23T15:49:50+00:00\",\"dateModified\":\"2022-06-23T15:49:51+00:00\",\"breadcrumb\":{\"@id\":\"https:\/\/oasismade.com\/fr\/produit\/presse-a-cafe-de-voyage-avec-couvercle-rabattable-goodbrew\/#breadcrumb\"},\"inLanguage\":\"fr-CA\",\"potentialAction\":[{\"@type\":\"ReadAction\",\"target\":[\"https:\/\/oasismade.com\/fr\/produit\/presse-a-cafe-de-voyage-avec-couvercle-rabattable-goodbrew\/\"]}]},{\"@type\":\"ImageObject\",\"inLanguage\":\"fr-CA\",\"@id\":\"https:\/\/oasismade.com\/fr\/produit\/presse-a-cafe-de-voyage-avec-couvercle-rabattable-goodbrew\/#primaryimage\",\"url\":\"https:\/\/oasismade.com\/wp-content\/uploads\/2022\/03\/GB_FlipTop-1.jpg\",\"contentUrl\":\"https:\/\/oasismade.com\/wp-content\/uploads\/2022\/03\/GB_FlipTop-1.jpg\",\"width\":946,\"height\":946,\"caption\":\"GOODBREW_FlipTop 1\"},{\"@type\":\"BreadcrumbList\",\"@id\":\"https:\/\/oasismade.com\/fr\/produit\/presse-a-cafe-de-voyage-avec-couvercle-rabattable-goodbrew\/#breadcrumb\",\"itemListElement\":[{\"@type\":\"ListItem\",\"position\":1,\"name\":\"Accueil\",\"item\":\"https:\/\/oasismade.com\/fr\/\"},{\"@type\":\"ListItem\",\"position\":2,\"name\":\"Boutique\",\"item\":\"https:\/\/oasismade.com\/fr\/catalogue\/\"},{\"@type\":\"ListItem\",\"position\":3,\"name\":\"Presse \u00e0 caf\u00e9 de voyage avec couvercle rabattable GoodBrew\"}]},{\"@type\":\"WebSite\",\"@id\":\"https:\/\/oasismade.com\/fr\/#website\",\"url\":\"https:\/\/oasismade.com\/fr\/\",\"name\":\"Oasismade\",\"description\":\"Sustainable Packaging Solution\",\"potentialAction\":[{\"@type\":\"SearchAction\",\"target\":{\"@type\":\"EntryPoint\",\"urlTemplate\":\"https:\/\/oasismade.com\/fr\/?s={search_term_string}\"},\"query-input\":{\"@type\":\"PropertyValueSpecification\",\"valueRequired\":true,\"valueName\":\"search_term_string\"}}],\"inLanguage\":\"fr-CA\"}]}<\/script>\n<!-- \/ Yoast SEO plugin. -->","yoast_head_json":{"title":"Presse \u00e0 caf\u00e9 de voyage avec couvercle rabattable GoodBrew - Oasismade","robots":{"index":"index","follow":"follow","max-snippet":"max-snippet:-1","max-image-preview":"max-image-preview:large","max-video-preview":"max-video-preview:-1"},"canonical":"https:\/\/oasismade.com\/fr\/produit\/presse-a-cafe-de-voyage-avec-couvercle-rabattable-goodbrew\/","og_locale":"fr_CA","og_type":"article","og_title":"Presse \u00e0 caf\u00e9 de voyage avec couvercle rabattable GoodBrew - Oasismade","og_description":"La presse \u00e0 caf\u00e9 de voyage avec couvercle rabattable GoodBrew est con\u00e7ue avec un cylindre en acier inoxydable \u00e0 double paroi qui prot\u00e8ge les mains du contenu chaud ou froid tout en gardant le contenu bien isol\u00e9. Cette presse \u00e0 caf\u00e9 de voyage de 15 onces inclut un filtre \u00e0 micro-mailles et un couvercle rabattable qui retient le contenu et prot\u00e8ge contre les d\u00e9versements. Le large bec verseur permet un versement en douceur tout en conservant la temp\u00e9rature de votre boisson jusqu'\u00e0 8 heures. Le design \u00e9l\u00e9gant a \u00e9t\u00e9 con\u00e7u pour un porte-gobelet standard et assure une stabilit\u00e9 et un confort accru en main.  Agencez cet item avec un bel emballage pr\u00eat \u00e0 \u00eatre pr\u00e9sent\u00e9 sur les \u00e9tag\u00e8res en magasin. Caract\u00e9ristiques Presse \u00e0 caf\u00e9 de voyage avec couvercle rabattable GoodBrew:    Presse \u00e0 caf\u00e9 et tasse de voyage tout en un  Presse \u00e0 caf\u00e9 avec filtre micro-maille  Large bec verseur pour versement en douceur  Garde le contenu chaud\/froid jusqu'\u00e0 8 heures  Taille standard du porte-gobelet  Couvercle rabattable pour sceller le contenu en toute s\u00e9curit\u00e9  Cylindre en acier inoxydable \u00e0 double paroi  Options de personnalisation disponibles","og_url":"https:\/\/oasismade.com\/fr\/produit\/presse-a-cafe-de-voyage-avec-couvercle-rabattable-goodbrew\/","og_site_name":"Oasismade","article_publisher":"https:\/\/www.facebook.com\/OasisMade\/","article_modified_time":"2022-06-23T15:49:51+00:00","og_image":[{"width":946,"height":946,"url":"https:\/\/oasismade.com\/wp-content\/uploads\/2022\/03\/GB_FlipTop-1.jpg","type":"image\/jpeg"}],"twitter_card":"summary_large_image","twitter_misc":{"Est. reading time":"1 minute"},"schema":{"@context":"https:\/\/schema.org","@graph":[{"@type":"WebPage","@id":"https:\/\/oasismade.com\/fr\/produit\/presse-a-cafe-de-voyage-avec-couvercle-rabattable-goodbrew\/","url":"https:\/\/oasismade.com\/fr\/produit\/presse-a-cafe-de-voyage-avec-couvercle-rabattable-goodbrew\/","name":"Presse \u00e0 caf\u00e9 de voyage avec couvercle rabattable GoodBrew - Oasismade","isPartOf":{"@id":"https:\/\/oasismade.com\/fr\/#website"},"primaryImageOfPage":{"@id":"https:\/\/oasismade.com\/fr\/produit\/presse-a-cafe-de-voyage-avec-couvercle-rabattable-goodbrew\/#primaryimage"},"image":{"@id":"https:\/\/oasismade.com\/fr\/produit\/presse-a-cafe-de-voyage-avec-couvercle-rabattable-goodbrew\/#primaryimage"},"thumbnailUrl":"https:\/\/oasismade.com\/wp-content\/uploads\/2022\/03\/GB_FlipTop-1.jpg","datePublished":"2022-06-23T15:49:50+00:00","dateModified":"2022-06-23T15:49:51+00:00","breadcrumb":{"@id":"https:\/\/oasismade.com\/fr\/produit\/presse-a-cafe-de-voyage-avec-couvercle-rabattable-goodbrew\/#breadcrumb"},"inLanguage":"fr-CA","potentialAction":[{"@type":"ReadAction","target":["https:\/\/oasismade.com\/fr\/produit\/presse-a-cafe-de-voyage-avec-couvercle-rabattable-goodbrew\/"]}]},{"@type":"ImageObject","inLanguage":"fr-CA","@id":"https:\/\/oasismade.com\/fr\/produit\/presse-a-cafe-de-voyage-avec-couvercle-rabattable-goodbrew\/#primaryimage","url":"https:\/\/oasismade.com\/wp-content\/uploads\/2022\/03\/GB_FlipTop-1.jpg","contentUrl":"https:\/\/oasismade.com\/wp-content\/uploads\/2022\/03\/GB_FlipTop-1.jpg","width":946,"height":946,"caption":"GOODBREW_FlipTop 1"},{"@type":"BreadcrumbList","@id":"https:\/\/oasismade.com\/fr\/produit\/presse-a-cafe-de-voyage-avec-couvercle-rabattable-goodbrew\/#breadcrumb","itemListElement":[{"@type":"ListItem","position":1,"name":"Accueil","item":"https:\/\/oasismade.com\/fr\/"},{"@type":"ListItem","position":2,"name":"Boutique","item":"https:\/\/oasismade.com\/fr\/catalogue\/"},{"@type":"ListItem","position":3,"name":"Presse \u00e0 caf\u00e9 de voyage avec couvercle rabattable GoodBrew"}]},{"@type":"WebSite","@id":"https:\/\/oasismade.com\/fr\/#website","url":"https:\/\/oasismade.com\/fr\/","name":"Oasismade","description":"Sustainable Packaging Solution","potentialAction":[{"@type":"SearchAction","target":{"@type":"EntryPoint","urlTemplate":"https:\/\/oasismade.com\/fr\/?s={search_term_string}"},"query-input":{"@type":"PropertyValueSpecification","valueRequired":true,"valueName":"search_term_string"}}],"inLanguage":"fr-CA"}]}},"_links":{"self":[{"href":"https:\/\/oasismade.com\/fr\/wp-json\/wp\/v2\/product\/8259","targetHints":{"allow":["GET"]}}],"collection":[{"href":"https:\/\/oasismade.com\/fr\/wp-json\/wp\/v2\/product"}],"about":[{"href":"https:\/\/oasismade.com\/fr\/wp-json\/wp\/v2\/types\/product"}],"wp:featuredmedia":[{"embeddable":true,"href":"https:\/\/oasismade.com\/fr\/wp-json\/wp\/v2\/media\/8001"}],"wp:attachment":[{"href":"https:\/\/oasismade.com\/fr\/wp-json\/wp\/v2\/media?parent=8259"}],"wp:term":[{"taxonomy":"product_brand","embeddable":true,"href":"https:\/\/oasismade.com\/fr\/wp-json\/wp\/v2\/product_brand?post=8259"},{"taxonomy":"product_cat","embeddable":true,"href":"https:\/\/oasismade.com\/fr\/wp-json\/wp\/v2\/product_cat?post=8259"},{"taxonomy":"product_tag","embeddable":true,"href":"https:\/\/oasismade.com\/fr\/wp-json\/wp\/v2\/product_tag?post=8259"}],"curies":[{"name":"wp","href":"https:\/\/api.w.org\/{rel}","templated":true}]}}