{"id":8257,"date":"2021-11-08T13:58:17","date_gmt":"2022-06-23T15:24:10","guid":{"rendered":"https:\/\/oasismade.com\/?post_type=product&#038;p=8257"},"modified":"2022-06-23T15:24:10","modified_gmt":"2022-06-23T15:24:10","slug":"tasse-a-infuser","status":"publish","type":"product","link":"https:\/\/oasismade.com\/fr\/produit\/tasse-a-infuser\/","title":{"rendered":"Tasse \u00e0 infuser"},"content":{"rendered":"<h3>Personnalisation compl\u00e8te<\/h3>\n<p>Personnalisez cette tasse \u00e0 infuser en choisissant la grandeur, couleur, le graphique ou logo pour rehausser votre image de marque. Consid\u00e9rez cette tasse comme une toile \u00e0 peindre et laisser votre \u00e9quipe marketing exprimer leur cr\u00e9ativit\u00e9. Faites-nous parvenir votre choix de couleur, logo et le design de votre marque et regardez votre tasse devenir r\u00e9alit\u00e9!<\/p>\n<p><strong>L\u2019ensemble complet<\/strong><\/p>\n<p>Contactez l&rsquo;un de nos repr\u00e9sentants OasisMade et cr\u00e9ez l\u2019exp\u00e9rience d\u2019emballage client parfaite en magasin pour cette tasse \u00e0 infuser. Les options que nous proposons pour la personnalisation des produits vous permettent de cr\u00e9er l&rsquo;article de vos r\u00eaves. Concevez la solution d&#8217;emballage adapt\u00e9e \u00e0 votre produit, parfaitement emball\u00e9 et pr\u00eat pour les rayons des magasins.<\/p>\n<p><strong>Demandez un devis d\u00e8s aujourd&rsquo;hui et apprenez-en plus sur la fa\u00e7on de personnaliser cette tasse \u00e0 infuser et d`en faire une super solution \u00e9cologique pour votre entreprise.<\/strong><\/p>\n","protected":false},"excerpt":{"rendered":"<h2><strong>Pourquoi aimons-nous <\/strong>\u00a0<strong>les tasses \u00e0 infuser ?<\/strong><\/h2>\n<p>Le th\u00e9 aura meilleur go\u00fbt dans une belle tasse. Cette simple tasse en c\u00e9ramique en apparence a une capacit\u00e9 de 16 oz et contient \u00e9tonnamment beaucoup de th\u00e9. Vous savez la meilleure ? Cette tasse \u00e0 infuseur comprend un infuseur amovible en acier inoxydable durable. En outre, il est con\u00e7u avec un couvercle qui sert \u00e9galement de soucoupe et avec une large poign\u00e9e pour faciliter le transport. Parfait pour infuser facilement des feuilles de th\u00e9 en vrac.<\/p>\n<h2><strong>Caract\u00e9ristiques des tasses \u00e0 infuser:<\/strong><\/h2>\n<ul>\n<li>Une large poign\u00e9e confortable pour une prise en main facile<\/li>\n<li>Infuseur amovible<\/li>\n<li>Couvercle qui sert \u00e9galement de soucoupe<\/li>\n<li>Capacit\u00e9 de 16 onces<\/li>\n<li>Options de personnalisation disponibles<\/li>\n<\/ul>\n","protected":false},"featured_media":7545,"template":"","meta":[],"product_brand":[],"product_cat":[106],"product_tag":[],"class_list":{"0":"post-8257","1":"product","2":"type-product","3":"status-publish","4":"has-post-thumbnail","6":"product_cat-bouteilles-de-transport","8":"first","9":"instock","10":"shipping-taxable","11":"product-type-simple"},"yoast_head":"<!-- This site is optimized with the Yoast SEO plugin v25.5 - https:\/\/yoast.com\/wordpress\/plugins\/seo\/ -->\n<title>Tasse \u00e0 infuser - Oasismade<\/title>\n<meta name=\"robots\" content=\"index, follow, max-snippet:-1, max-image-preview:large, max-video-preview:-1\" \/>\n<link rel=\"canonical\" href=\"https:\/\/oasismade.com\/fr\/produit\/tasse-a-infuser\/\" \/>\n<meta property=\"og:locale\" content=\"fr_CA\" \/>\n<meta property=\"og:type\" content=\"article\" \/>\n<meta property=\"og:title\" content=\"Tasse \u00e0 infuser - Oasismade\" \/>\n<meta property=\"og:description\" content=\"Pourquoi aimons-nous \u00a0les tasses \u00e0 infuser ? Le th\u00e9 aura meilleur go\u00fbt dans une belle tasse. Cette simple tasse en c\u00e9ramique en apparence a une capacit\u00e9 de 16 oz et contient \u00e9tonnamment beaucoup de th\u00e9. Vous savez la meilleure ? Cette tasse \u00e0 infuseur comprend un infuseur amovible en acier inoxydable durable. En outre, il est con\u00e7u avec un couvercle qui sert \u00e9galement de soucoupe et avec une large poign\u00e9e pour faciliter le transport. Parfait pour infuser facilement des feuilles de th\u00e9 en vrac. Caract\u00e9ristiques des tasses \u00e0 infuser:   Une large poign\u00e9e confortable pour une prise en main facile  Infuseur amovible  Couvercle qui sert \u00e9galement de soucoupe  Capacit\u00e9 de 16 onces  Options de personnalisation disponibles\" \/>\n<meta property=\"og:url\" content=\"https:\/\/oasismade.com\/fr\/produit\/tasse-a-infuser\/\" \/>\n<meta property=\"og:site_name\" content=\"Oasismade\" \/>\n<meta property=\"article:publisher\" content=\"https:\/\/www.facebook.com\/OasisMade\/\" \/>\n<meta property=\"og:image\" content=\"https:\/\/oasismade.com\/wp-content\/uploads\/2021\/11\/oasis-made-sustainable-reusable-bags-packaging-oasismade-Infuser-Mug-1.jpg\" \/>\n\t<meta property=\"og:image:width\" content=\"1250\" \/>\n\t<meta property=\"og:image:height\" content=\"1250\" \/>\n\t<meta property=\"og:image:type\" content=\"image\/jpeg\" \/>\n<meta name=\"twitter:card\" content=\"summary_large_image\" \/>\n<meta name=\"twitter:label1\" content=\"Est. reading time\" \/>\n\t<meta name=\"twitter:data1\" content=\"1 minute\" \/>\n<script type=\"application\/ld+json\" class=\"yoast-schema-graph\">{\"@context\":\"https:\/\/schema.org\",\"@graph\":[{\"@type\":\"WebPage\",\"@id\":\"https:\/\/oasismade.com\/fr\/produit\/tasse-a-infuser\/\",\"url\":\"https:\/\/oasismade.com\/fr\/produit\/tasse-a-infuser\/\",\"name\":\"Tasse \u00e0 infuser - Oasismade\",\"isPartOf\":{\"@id\":\"https:\/\/oasismade.com\/fr\/#website\"},\"primaryImageOfPage\":{\"@id\":\"https:\/\/oasismade.com\/fr\/produit\/tasse-a-infuser\/#primaryimage\"},\"image\":{\"@id\":\"https:\/\/oasismade.com\/fr\/produit\/tasse-a-infuser\/#primaryimage\"},\"thumbnailUrl\":\"https:\/\/oasismade.com\/wp-content\/uploads\/2021\/11\/oasis-made-sustainable-reusable-bags-packaging-oasismade-Infuser-Mug-1.jpg\",\"datePublished\":\"2022-06-23T15:24:10+00:00\",\"breadcrumb\":{\"@id\":\"https:\/\/oasismade.com\/fr\/produit\/tasse-a-infuser\/#breadcrumb\"},\"inLanguage\":\"fr-CA\",\"potentialAction\":[{\"@type\":\"ReadAction\",\"target\":[\"https:\/\/oasismade.com\/fr\/produit\/tasse-a-infuser\/\"]}]},{\"@type\":\"ImageObject\",\"inLanguage\":\"fr-CA\",\"@id\":\"https:\/\/oasismade.com\/fr\/produit\/tasse-a-infuser\/#primaryimage\",\"url\":\"https:\/\/oasismade.com\/wp-content\/uploads\/2021\/11\/oasis-made-sustainable-reusable-bags-packaging-oasismade-Infuser-Mug-1.jpg\",\"contentUrl\":\"https:\/\/oasismade.com\/wp-content\/uploads\/2021\/11\/oasis-made-sustainable-reusable-bags-packaging-oasismade-Infuser-Mug-1.jpg\",\"width\":1250,\"height\":1250,\"caption\":\"Infuser-Mug-1\"},{\"@type\":\"BreadcrumbList\",\"@id\":\"https:\/\/oasismade.com\/fr\/produit\/tasse-a-infuser\/#breadcrumb\",\"itemListElement\":[{\"@type\":\"ListItem\",\"position\":1,\"name\":\"Accueil\",\"item\":\"https:\/\/oasismade.com\/fr\/\"},{\"@type\":\"ListItem\",\"position\":2,\"name\":\"Boutique\",\"item\":\"https:\/\/oasismade.com\/fr\/catalogue\/\"},{\"@type\":\"ListItem\",\"position\":3,\"name\":\"Tasse \u00e0 infuser\"}]},{\"@type\":\"WebSite\",\"@id\":\"https:\/\/oasismade.com\/fr\/#website\",\"url\":\"https:\/\/oasismade.com\/fr\/\",\"name\":\"Oasismade\",\"description\":\"Sustainable Packaging Solution\",\"potentialAction\":[{\"@type\":\"SearchAction\",\"target\":{\"@type\":\"EntryPoint\",\"urlTemplate\":\"https:\/\/oasismade.com\/fr\/?s={search_term_string}\"},\"query-input\":{\"@type\":\"PropertyValueSpecification\",\"valueRequired\":true,\"valueName\":\"search_term_string\"}}],\"inLanguage\":\"fr-CA\"}]}<\/script>\n<!-- \/ Yoast SEO plugin. -->","yoast_head_json":{"title":"Tasse \u00e0 infuser - Oasismade","robots":{"index":"index","follow":"follow","max-snippet":"max-snippet:-1","max-image-preview":"max-image-preview:large","max-video-preview":"max-video-preview:-1"},"canonical":"https:\/\/oasismade.com\/fr\/produit\/tasse-a-infuser\/","og_locale":"fr_CA","og_type":"article","og_title":"Tasse \u00e0 infuser - Oasismade","og_description":"Pourquoi aimons-nous \u00a0les tasses \u00e0 infuser ? Le th\u00e9 aura meilleur go\u00fbt dans une belle tasse. Cette simple tasse en c\u00e9ramique en apparence a une capacit\u00e9 de 16 oz et contient \u00e9tonnamment beaucoup de th\u00e9. Vous savez la meilleure ? Cette tasse \u00e0 infuseur comprend un infuseur amovible en acier inoxydable durable. En outre, il est con\u00e7u avec un couvercle qui sert \u00e9galement de soucoupe et avec une large poign\u00e9e pour faciliter le transport. Parfait pour infuser facilement des feuilles de th\u00e9 en vrac. Caract\u00e9ristiques des tasses \u00e0 infuser:   Une large poign\u00e9e confortable pour une prise en main facile  Infuseur amovible  Couvercle qui sert \u00e9galement de soucoupe  Capacit\u00e9 de 16 onces  Options de personnalisation disponibles","og_url":"https:\/\/oasismade.com\/fr\/produit\/tasse-a-infuser\/","og_site_name":"Oasismade","article_publisher":"https:\/\/www.facebook.com\/OasisMade\/","og_image":[{"width":1250,"height":1250,"url":"https:\/\/oasismade.com\/wp-content\/uploads\/2021\/11\/oasis-made-sustainable-reusable-bags-packaging-oasismade-Infuser-Mug-1.jpg","type":"image\/jpeg"}],"twitter_card":"summary_large_image","twitter_misc":{"Est. reading time":"1 minute"},"schema":{"@context":"https:\/\/schema.org","@graph":[{"@type":"WebPage","@id":"https:\/\/oasismade.com\/fr\/produit\/tasse-a-infuser\/","url":"https:\/\/oasismade.com\/fr\/produit\/tasse-a-infuser\/","name":"Tasse \u00e0 infuser - Oasismade","isPartOf":{"@id":"https:\/\/oasismade.com\/fr\/#website"},"primaryImageOfPage":{"@id":"https:\/\/oasismade.com\/fr\/produit\/tasse-a-infuser\/#primaryimage"},"image":{"@id":"https:\/\/oasismade.com\/fr\/produit\/tasse-a-infuser\/#primaryimage"},"thumbnailUrl":"https:\/\/oasismade.com\/wp-content\/uploads\/2021\/11\/oasis-made-sustainable-reusable-bags-packaging-oasismade-Infuser-Mug-1.jpg","datePublished":"2022-06-23T15:24:10+00:00","breadcrumb":{"@id":"https:\/\/oasismade.com\/fr\/produit\/tasse-a-infuser\/#breadcrumb"},"inLanguage":"fr-CA","potentialAction":[{"@type":"ReadAction","target":["https:\/\/oasismade.com\/fr\/produit\/tasse-a-infuser\/"]}]},{"@type":"ImageObject","inLanguage":"fr-CA","@id":"https:\/\/oasismade.com\/fr\/produit\/tasse-a-infuser\/#primaryimage","url":"https:\/\/oasismade.com\/wp-content\/uploads\/2021\/11\/oasis-made-sustainable-reusable-bags-packaging-oasismade-Infuser-Mug-1.jpg","contentUrl":"https:\/\/oasismade.com\/wp-content\/uploads\/2021\/11\/oasis-made-sustainable-reusable-bags-packaging-oasismade-Infuser-Mug-1.jpg","width":1250,"height":1250,"caption":"Infuser-Mug-1"},{"@type":"BreadcrumbList","@id":"https:\/\/oasismade.com\/fr\/produit\/tasse-a-infuser\/#breadcrumb","itemListElement":[{"@type":"ListItem","position":1,"name":"Accueil","item":"https:\/\/oasismade.com\/fr\/"},{"@type":"ListItem","position":2,"name":"Boutique","item":"https:\/\/oasismade.com\/fr\/catalogue\/"},{"@type":"ListItem","position":3,"name":"Tasse \u00e0 infuser"}]},{"@type":"WebSite","@id":"https:\/\/oasismade.com\/fr\/#website","url":"https:\/\/oasismade.com\/fr\/","name":"Oasismade","description":"Sustainable Packaging Solution","potentialAction":[{"@type":"SearchAction","target":{"@type":"EntryPoint","urlTemplate":"https:\/\/oasismade.com\/fr\/?s={search_term_string}"},"query-input":{"@type":"PropertyValueSpecification","valueRequired":true,"valueName":"search_term_string"}}],"inLanguage":"fr-CA"}]}},"_links":{"self":[{"href":"https:\/\/oasismade.com\/fr\/wp-json\/wp\/v2\/product\/8257","targetHints":{"allow":["GET"]}}],"collection":[{"href":"https:\/\/oasismade.com\/fr\/wp-json\/wp\/v2\/product"}],"about":[{"href":"https:\/\/oasismade.com\/fr\/wp-json\/wp\/v2\/types\/product"}],"wp:featuredmedia":[{"embeddable":true,"href":"https:\/\/oasismade.com\/fr\/wp-json\/wp\/v2\/media\/7545"}],"wp:attachment":[{"href":"https:\/\/oasismade.com\/fr\/wp-json\/wp\/v2\/media?parent=8257"}],"wp:term":[{"taxonomy":"product_brand","embeddable":true,"href":"https:\/\/oasismade.com\/fr\/wp-json\/wp\/v2\/product_brand?post=8257"},{"taxonomy":"product_cat","embeddable":true,"href":"https:\/\/oasismade.com\/fr\/wp-json\/wp\/v2\/product_cat?post=8257"},{"taxonomy":"product_tag","embeddable":true,"href":"https:\/\/oasismade.com\/fr\/wp-json\/wp\/v2\/product_tag?post=8257"}],"curies":[{"name":"wp","href":"https:\/\/api.w.org\/{rel}","templated":true}]}}