{"id":8254,"date":"2022-03-15T13:13:23","date_gmt":"2022-06-23T15:01:21","guid":{"rendered":"https:\/\/oasismade.com\/?post_type=product&#038;p=8254"},"modified":"2022-07-15T19:03:12","modified_gmt":"2022-07-15T19:03:12","slug":"sacs-pour-produits-frais-en-maille-de-coton","status":"publish","type":"product","link":"https:\/\/oasismade.com\/fr\/produit\/sacs-pour-produits-frais-en-maille-de-coton\/","title":{"rendered":"Sacs pour produits frais en maille de coton"},"content":{"rendered":"<p><strong>L`Ensemble complet<\/strong><\/p>\n<p>Contactez l&rsquo;un de nos repr\u00e9sentants OasisMade et cr\u00e9ez l\u2019exp\u00e9rience d\u2019emballage client parfaite en magasin pour ce sac en coton. Les options que nous proposons pour la personnalisation des produits vous permettent de cr\u00e9er l&rsquo;article de vos r\u00eaves. Concevez la solution d&#8217;emballage adapt\u00e9e \u00e0 votre produit, parfaitement emball\u00e9 et pr\u00eat pour les rayons des magasins.<\/p>\n<p><strong>Demandez un devis d\u00e8s aujourd&rsquo;hui et apprenez-en plus sur la fa\u00e7on de personnaliser ce sac en coton et d\u2019en faire une super solution \u00e9cologique pour votre entreprise.<\/strong><\/p>\n","protected":false},"excerpt":{"rendered":"<h2><strong>Pourquoi aimons-nous les sacs pour produits frais en maille de coton ?<\/strong><\/h2>\n<p>Ces sacs en maille de coton sont une option pratique pour un style de vie z\u00e9ro d\u00e9chet ! Remplacez les sacs de plastique \u00e0 usage unique et r\u00e9duisez votre empreinte carbone en choisissant une solution durable. En plus d&rsquo;\u00eatre r\u00e9utilisables, ils sont \u00e9galement recyclables. Pour les \u00e9piceries ou les marques, ces sacs en maille de coton sont la solution parfaite pour les clients qui souhaitent conserver leurs fruits et l\u00e9gumes de mani\u00e8re efficace et durable. Chaque ensemble contient 2 sacs et est emball\u00e9 avec une bandelette en papier kraft recyclable.<\/p>\n<p>Assurez-vous de choisir la bonne solution pour notre plan\u00e8te et vos clients.<\/p>\n<h2><strong>Caract\u00e9ristiques des sacs en maille de coton :<\/strong><\/h2>\n<ul>\n<li>Disponible en inventaire<\/li>\n<li>Permet une circulation d&rsquo;air pour garder une fra\u00eecheur optimale<\/li>\n<li>Fermeture \u00e0 cordon<\/li>\n<li>Options d&#8217;emballage personnalisables<\/li>\n<li>R\u00e9utilisable et durable<\/li>\n<\/ul>\n<h2><strong>Dimensions Produits<\/strong><\/h2>\n<p>11&Prime; x 12&Prime;<\/p>\n","protected":false},"featured_media":8041,"template":"","meta":[],"product_brand":[],"product_cat":[216,190],"product_tag":[],"class_list":{"0":"post-8254","1":"product","2":"type-product","3":"status-publish","4":"has-post-thumbnail","6":"product_cat-coton-sacs-reutilisables","7":"product_cat-sacs-reutilisables","9":"first","10":"instock","11":"shipping-taxable","12":"product-type-simple"},"yoast_head":"<!-- This site is optimized with the Yoast SEO plugin v25.5 - https:\/\/yoast.com\/wordpress\/plugins\/seo\/ -->\n<title>Sacs pour produits frais en maille de coton - Oasismade<\/title>\n<meta name=\"robots\" content=\"index, follow, max-snippet:-1, max-image-preview:large, max-video-preview:-1\" \/>\n<link rel=\"canonical\" href=\"https:\/\/oasismade.com\/fr\/produit\/sacs-pour-produits-frais-en-maille-de-coton\/\" \/>\n<meta property=\"og:locale\" content=\"fr_CA\" \/>\n<meta property=\"og:type\" content=\"article\" \/>\n<meta property=\"og:title\" content=\"Sacs pour produits frais en maille de coton - Oasismade\" \/>\n<meta property=\"og:description\" content=\"Pourquoi aimons-nous les sacs pour produits frais en maille de coton ? Ces sacs en maille de coton sont une option pratique pour un style de vie z\u00e9ro d\u00e9chet ! Remplacez les sacs de plastique \u00e0 usage unique et r\u00e9duisez votre empreinte carbone en choisissant une solution durable. En plus d&#039;\u00eatre r\u00e9utilisables, ils sont \u00e9galement recyclables. Pour les \u00e9piceries ou les marques, ces sacs en maille de coton sont la solution parfaite pour les clients qui souhaitent conserver leurs fruits et l\u00e9gumes de mani\u00e8re efficace et durable. Chaque ensemble contient 2 sacs et est emball\u00e9 avec une bandelette en papier kraft recyclable.  Assurez-vous de choisir la bonne solution pour notre plan\u00e8te et vos clients. Caract\u00e9ristiques des sacs en maille de coton :   Disponible en inventaire  Permet une circulation d&#039;air pour garder une fra\u00eecheur optimale  Fermeture \u00e0 cordon  Options d&#039;emballage personnalisables  R\u00e9utilisable et durable  Dimensions Produits 11&quot; x 12&quot;\" \/>\n<meta property=\"og:url\" content=\"https:\/\/oasismade.com\/fr\/produit\/sacs-pour-produits-frais-en-maille-de-coton\/\" \/>\n<meta property=\"og:site_name\" content=\"Oasismade\" \/>\n<meta property=\"article:publisher\" content=\"https:\/\/www.facebook.com\/OasisMade\/\" \/>\n<meta property=\"article:modified_time\" content=\"2022-07-15T19:03:12+00:00\" \/>\n<meta property=\"og:image\" content=\"https:\/\/oasismade.com\/wp-content\/uploads\/2022\/03\/organic-cotton-mesh-bag.jpeg\" \/>\n\t<meta property=\"og:image:width\" content=\"900\" \/>\n\t<meta property=\"og:image:height\" content=\"900\" \/>\n\t<meta property=\"og:image:type\" content=\"image\/jpeg\" \/>\n<meta name=\"twitter:card\" content=\"summary_large_image\" \/>\n<meta name=\"twitter:label1\" content=\"Est. reading time\" \/>\n\t<meta name=\"twitter:data1\" content=\"1 minute\" \/>\n<script type=\"application\/ld+json\" class=\"yoast-schema-graph\">{\"@context\":\"https:\/\/schema.org\",\"@graph\":[{\"@type\":\"WebPage\",\"@id\":\"https:\/\/oasismade.com\/fr\/produit\/sacs-pour-produits-frais-en-maille-de-coton\/\",\"url\":\"https:\/\/oasismade.com\/fr\/produit\/sacs-pour-produits-frais-en-maille-de-coton\/\",\"name\":\"Sacs pour produits frais en maille de coton - Oasismade\",\"isPartOf\":{\"@id\":\"https:\/\/oasismade.com\/fr\/#website\"},\"primaryImageOfPage\":{\"@id\":\"https:\/\/oasismade.com\/fr\/produit\/sacs-pour-produits-frais-en-maille-de-coton\/#primaryimage\"},\"image\":{\"@id\":\"https:\/\/oasismade.com\/fr\/produit\/sacs-pour-produits-frais-en-maille-de-coton\/#primaryimage\"},\"thumbnailUrl\":\"https:\/\/oasismade.com\/wp-content\/uploads\/2022\/03\/organic-cotton-mesh-bag.jpeg\",\"datePublished\":\"2022-06-23T15:01:21+00:00\",\"dateModified\":\"2022-07-15T19:03:12+00:00\",\"breadcrumb\":{\"@id\":\"https:\/\/oasismade.com\/fr\/produit\/sacs-pour-produits-frais-en-maille-de-coton\/#breadcrumb\"},\"inLanguage\":\"fr-CA\",\"potentialAction\":[{\"@type\":\"ReadAction\",\"target\":[\"https:\/\/oasismade.com\/fr\/produit\/sacs-pour-produits-frais-en-maille-de-coton\/\"]}]},{\"@type\":\"ImageObject\",\"inLanguage\":\"fr-CA\",\"@id\":\"https:\/\/oasismade.com\/fr\/produit\/sacs-pour-produits-frais-en-maille-de-coton\/#primaryimage\",\"url\":\"https:\/\/oasismade.com\/wp-content\/uploads\/2022\/03\/organic-cotton-mesh-bag.jpeg\",\"contentUrl\":\"https:\/\/oasismade.com\/wp-content\/uploads\/2022\/03\/organic-cotton-mesh-bag.jpeg\",\"width\":900,\"height\":900,\"caption\":\"organic-cotton-mesh-bag\"},{\"@type\":\"BreadcrumbList\",\"@id\":\"https:\/\/oasismade.com\/fr\/produit\/sacs-pour-produits-frais-en-maille-de-coton\/#breadcrumb\",\"itemListElement\":[{\"@type\":\"ListItem\",\"position\":1,\"name\":\"Accueil\",\"item\":\"https:\/\/oasismade.com\/fr\/\"},{\"@type\":\"ListItem\",\"position\":2,\"name\":\"Boutique\",\"item\":\"https:\/\/oasismade.com\/fr\/catalogue\/\"},{\"@type\":\"ListItem\",\"position\":3,\"name\":\"Sacs pour produits frais en maille de coton\"}]},{\"@type\":\"WebSite\",\"@id\":\"https:\/\/oasismade.com\/fr\/#website\",\"url\":\"https:\/\/oasismade.com\/fr\/\",\"name\":\"Oasismade\",\"description\":\"Sustainable Packaging Solution\",\"potentialAction\":[{\"@type\":\"SearchAction\",\"target\":{\"@type\":\"EntryPoint\",\"urlTemplate\":\"https:\/\/oasismade.com\/fr\/?s={search_term_string}\"},\"query-input\":{\"@type\":\"PropertyValueSpecification\",\"valueRequired\":true,\"valueName\":\"search_term_string\"}}],\"inLanguage\":\"fr-CA\"}]}<\/script>\n<!-- \/ Yoast SEO plugin. -->","yoast_head_json":{"title":"Sacs pour produits frais en maille de coton - Oasismade","robots":{"index":"index","follow":"follow","max-snippet":"max-snippet:-1","max-image-preview":"max-image-preview:large","max-video-preview":"max-video-preview:-1"},"canonical":"https:\/\/oasismade.com\/fr\/produit\/sacs-pour-produits-frais-en-maille-de-coton\/","og_locale":"fr_CA","og_type":"article","og_title":"Sacs pour produits frais en maille de coton - Oasismade","og_description":"Pourquoi aimons-nous les sacs pour produits frais en maille de coton ? Ces sacs en maille de coton sont une option pratique pour un style de vie z\u00e9ro d\u00e9chet ! Remplacez les sacs de plastique \u00e0 usage unique et r\u00e9duisez votre empreinte carbone en choisissant une solution durable. En plus d'\u00eatre r\u00e9utilisables, ils sont \u00e9galement recyclables. Pour les \u00e9piceries ou les marques, ces sacs en maille de coton sont la solution parfaite pour les clients qui souhaitent conserver leurs fruits et l\u00e9gumes de mani\u00e8re efficace et durable. Chaque ensemble contient 2 sacs et est emball\u00e9 avec une bandelette en papier kraft recyclable.  Assurez-vous de choisir la bonne solution pour notre plan\u00e8te et vos clients. Caract\u00e9ristiques des sacs en maille de coton :   Disponible en inventaire  Permet une circulation d'air pour garder une fra\u00eecheur optimale  Fermeture \u00e0 cordon  Options d'emballage personnalisables  R\u00e9utilisable et durable  Dimensions Produits 11\" x 12\"","og_url":"https:\/\/oasismade.com\/fr\/produit\/sacs-pour-produits-frais-en-maille-de-coton\/","og_site_name":"Oasismade","article_publisher":"https:\/\/www.facebook.com\/OasisMade\/","article_modified_time":"2022-07-15T19:03:12+00:00","og_image":[{"width":900,"height":900,"url":"https:\/\/oasismade.com\/wp-content\/uploads\/2022\/03\/organic-cotton-mesh-bag.jpeg","type":"image\/jpeg"}],"twitter_card":"summary_large_image","twitter_misc":{"Est. reading time":"1 minute"},"schema":{"@context":"https:\/\/schema.org","@graph":[{"@type":"WebPage","@id":"https:\/\/oasismade.com\/fr\/produit\/sacs-pour-produits-frais-en-maille-de-coton\/","url":"https:\/\/oasismade.com\/fr\/produit\/sacs-pour-produits-frais-en-maille-de-coton\/","name":"Sacs pour produits frais en maille de coton - Oasismade","isPartOf":{"@id":"https:\/\/oasismade.com\/fr\/#website"},"primaryImageOfPage":{"@id":"https:\/\/oasismade.com\/fr\/produit\/sacs-pour-produits-frais-en-maille-de-coton\/#primaryimage"},"image":{"@id":"https:\/\/oasismade.com\/fr\/produit\/sacs-pour-produits-frais-en-maille-de-coton\/#primaryimage"},"thumbnailUrl":"https:\/\/oasismade.com\/wp-content\/uploads\/2022\/03\/organic-cotton-mesh-bag.jpeg","datePublished":"2022-06-23T15:01:21+00:00","dateModified":"2022-07-15T19:03:12+00:00","breadcrumb":{"@id":"https:\/\/oasismade.com\/fr\/produit\/sacs-pour-produits-frais-en-maille-de-coton\/#breadcrumb"},"inLanguage":"fr-CA","potentialAction":[{"@type":"ReadAction","target":["https:\/\/oasismade.com\/fr\/produit\/sacs-pour-produits-frais-en-maille-de-coton\/"]}]},{"@type":"ImageObject","inLanguage":"fr-CA","@id":"https:\/\/oasismade.com\/fr\/produit\/sacs-pour-produits-frais-en-maille-de-coton\/#primaryimage","url":"https:\/\/oasismade.com\/wp-content\/uploads\/2022\/03\/organic-cotton-mesh-bag.jpeg","contentUrl":"https:\/\/oasismade.com\/wp-content\/uploads\/2022\/03\/organic-cotton-mesh-bag.jpeg","width":900,"height":900,"caption":"organic-cotton-mesh-bag"},{"@type":"BreadcrumbList","@id":"https:\/\/oasismade.com\/fr\/produit\/sacs-pour-produits-frais-en-maille-de-coton\/#breadcrumb","itemListElement":[{"@type":"ListItem","position":1,"name":"Accueil","item":"https:\/\/oasismade.com\/fr\/"},{"@type":"ListItem","position":2,"name":"Boutique","item":"https:\/\/oasismade.com\/fr\/catalogue\/"},{"@type":"ListItem","position":3,"name":"Sacs pour produits frais en maille de coton"}]},{"@type":"WebSite","@id":"https:\/\/oasismade.com\/fr\/#website","url":"https:\/\/oasismade.com\/fr\/","name":"Oasismade","description":"Sustainable Packaging Solution","potentialAction":[{"@type":"SearchAction","target":{"@type":"EntryPoint","urlTemplate":"https:\/\/oasismade.com\/fr\/?s={search_term_string}"},"query-input":{"@type":"PropertyValueSpecification","valueRequired":true,"valueName":"search_term_string"}}],"inLanguage":"fr-CA"}]}},"_links":{"self":[{"href":"https:\/\/oasismade.com\/fr\/wp-json\/wp\/v2\/product\/8254","targetHints":{"allow":["GET"]}}],"collection":[{"href":"https:\/\/oasismade.com\/fr\/wp-json\/wp\/v2\/product"}],"about":[{"href":"https:\/\/oasismade.com\/fr\/wp-json\/wp\/v2\/types\/product"}],"wp:featuredmedia":[{"embeddable":true,"href":"https:\/\/oasismade.com\/fr\/wp-json\/wp\/v2\/media\/8041"}],"wp:attachment":[{"href":"https:\/\/oasismade.com\/fr\/wp-json\/wp\/v2\/media?parent=8254"}],"wp:term":[{"taxonomy":"product_brand","embeddable":true,"href":"https:\/\/oasismade.com\/fr\/wp-json\/wp\/v2\/product_brand?post=8254"},{"taxonomy":"product_cat","embeddable":true,"href":"https:\/\/oasismade.com\/fr\/wp-json\/wp\/v2\/product_cat?post=8254"},{"taxonomy":"product_tag","embeddable":true,"href":"https:\/\/oasismade.com\/fr\/wp-json\/wp\/v2\/product_tag?post=8254"}],"curies":[{"name":"wp","href":"https:\/\/api.w.org\/{rel}","templated":true}]}}