{"id":7645,"date":"2021-12-21T12:24:01","date_gmt":"2021-12-21T12:24:01","guid":{"rendered":"https:\/\/oasismade.com\/?page_id=7645"},"modified":"2025-04-23T19:00:52","modified_gmt":"2025-04-23T19:00:52","slug":"etudes-de-cas","status":"publish","type":"page","link":"https:\/\/oasismade.com\/fr\/etudes-de-cas\/","title":{"rendered":"\u00c9tudes de cas"},"content":{"rendered":"<p>[vc_row el_class=\u00a0\u00bbpage-section case-studies-grid\u00a0\u00bb][vc_column][stm_news loop=\u00a0\u00bbsize:9|post_type:stm_works\u00a0\u00bb view_style=\u00a0\u00bbstyle_5&Prime; img_size=\u00a0\u00bb720&#215;380&Prime;][\/vc_column][\/vc_row][vc_row full_width=\u00a0\u00bbstretch_row\u00a0\u00bb content_placement=\u00a0\u00bbmiddle\u00a0\u00bb css=\u00a0\u00bb.vc_custom_1632917074866{background-color: #c9e3cc !important;}\u00a0\u00bb el_class=\u00a0\u00bbpage-section download-catalog-section\u00a0\u00bb][vc_column width=\u00a0\u00bb7\/12&Prime;][vc_custom_heading stripe_pos=\u00a0\u00bbhide\u00a0\u00bb text=\u00a0\u00bbT\u00e9l\u00e9chargez notre catalogue de stock\u00a0\u00bb font_container=\u00a0\u00bbtag:h3|text_align:left\u00a0\u00bb google_fonts=\u00a0\u00bbfont_family:Open%20Sans%3A300%2C300italic%2Cregular%2Citalic%2C600%2C600italic%2C700%2C700italic%2C800%2C800italic|font_style:800%20bold%20regular%3A800%3Anormal\u00a0\u00bb][\/vc_column][vc_column width=\u00a0\u00bb5\/12&Prime; el_class=\u00a0\u00bbdownload-catalogue-form\u00a0\u00bb]\n<div class=\"wpcf7 no-js\" id=\"wpcf7-f7642-o1\" lang=\"fr-CA\" dir=\"ltr\" data-wpcf7-id=\"7642\">\n<div class=\"screen-reader-response\"><p role=\"status\" aria-live=\"polite\" aria-atomic=\"true\"><\/p> <ul><\/ul><\/div>\n<form action=\"\/fr\/wp-json\/wp\/v2\/pages\/7645#wpcf7-f7642-o1\" method=\"post\" class=\"wpcf7-form init catalog-form\" aria-label=\"Contact form\" novalidate=\"novalidate\" data-status=\"init\">\n<fieldset class=\"hidden-fields-container\"><input type=\"hidden\" name=\"_wpcf7\" value=\"7642\" \/><input type=\"hidden\" name=\"_wpcf7_version\" value=\"6.1\" \/><input type=\"hidden\" name=\"_wpcf7_locale\" value=\"fr_CA\" \/><input type=\"hidden\" name=\"_wpcf7_unit_tag\" value=\"wpcf7-f7642-o1\" \/><input type=\"hidden\" name=\"_wpcf7_container_post\" value=\"0\" \/><input type=\"hidden\" name=\"_wpcf7_posted_data_hash\" value=\"\" \/><input type=\"hidden\" name=\"_wpcf7dtx_version\" value=\"5.0.3\" \/><input type=\"hidden\" name=\"_wpcf7_recaptcha_response\" value=\"\" \/>\n<\/fieldset>\n<div class=\"stm_newsletter_form\"><span class=\"wpcf7-form-control-wrap\" data-name=\"your-email\"><input size=\"40\" maxlength=\"400\" class=\"wpcf7-form-control wpcf7-email wpcf7-validates-as-required wpcf7-text wpcf7-validates-as-email form-control\" aria-required=\"true\" aria-invalid=\"false\" placeholder=\"Adresse e-mail\" value=\"\" type=\"email\" name=\"your-email\" \/><\/span><input class=\"wpcf7-form-control wpcf7-submit has-spinner button size-lg\" type=\"submit\" value=\"Soumettre\" \/><\/div><div class=\"wpcf7-response-output\" aria-hidden=\"true\"><\/div>\n<\/form>\n<\/div>\n[\/vc_column][\/vc_row]<\/p>\n","protected":false},"excerpt":{"rendered":"<p>[vc_row el_class=\u00a0\u00bbpage-section case-studies-grid\u00a0\u00bb][vc_column][stm_news loop=\u00a0\u00bbsize:9|post_type:stm_works\u00a0\u00bb view_style=\u00a0\u00bbstyle_5&Prime; img_size=\u00a0\u00bb720&#215;380&Prime;][\/vc_column][\/vc_row][vc_row full_width=\u00a0\u00bbstretch_row\u00a0\u00bb content_placement=\u00a0\u00bbmiddle\u00a0\u00bb css=\u00a0\u00bb.vc_custom_1632917074866{background-color: #c9e3cc !important;}\u00a0\u00bb el_class=\u00a0\u00bbpage-section download-catalog-section\u00a0\u00bb][vc_column width=\u00a0\u00bb7\/12&Prime;][vc_custom_heading stripe_pos=\u00a0\u00bbhide\u00a0\u00bb text=\u00a0\u00bbT\u00e9l\u00e9chargez notre catalogue de stock\u00a0\u00bb font_container=\u00a0\u00bbtag:h3|text_align:left\u00a0\u00bb google_fonts=\u00a0\u00bbfont_family:Open%20Sans%3A300%2C300italic%2Cregular%2Citalic%2C600%2C600italic%2C700%2C700italic%2C800%2C800italic|font_style:800%20bold%20regular%3A800%3Anormal\u00a0\u00bb][\/vc_column][vc_column width=\u00a0\u00bb5\/12&Prime; el_class=\u00a0\u00bbdownload-catalogue-form\u00a0\u00bb][\/vc_column][\/vc_row]<\/p>\n","protected":false},"author":1,"featured_media":0,"parent":0,"menu_order":0,"comment_status":"closed","ping_status":"closed","template":"","meta":{"footnotes":""},"class_list":["post-7645","page","type-page","status-publish","hentry"],"yoast_head":"<!-- This site is optimized with the Yoast SEO plugin v25.5 - https:\/\/yoast.com\/wordpress\/plugins\/seo\/ -->\n<title>\u00c9tudes de cas - Oasismade<\/title>\n<meta name=\"description\" content=\"OasisMade \u00c9tudes de cas r\u00e9els sur la fa\u00e7on dont nous aidons les marques \u00e0 adopter des pratiques durables.\" \/>\n<meta name=\"robots\" content=\"index, follow, max-snippet:-1, max-image-preview:large, max-video-preview:-1\" \/>\n<link rel=\"canonical\" href=\"https:\/\/oasismade.com\/fr\/etudes-de-cas\/\" \/>\n<meta property=\"og:locale\" content=\"fr_CA\" \/>\n<meta property=\"og:type\" content=\"article\" \/>\n<meta property=\"og:title\" content=\"\u00c9tudes de cas - Oasismade\" \/>\n<meta property=\"og:description\" content=\"OasisMade \u00c9tudes de cas r\u00e9els sur la fa\u00e7on dont nous aidons les marques \u00e0 adopter des pratiques durables.\" \/>\n<meta property=\"og:url\" content=\"https:\/\/oasismade.com\/fr\/etudes-de-cas\/\" \/>\n<meta property=\"og:site_name\" content=\"Oasismade\" \/>\n<meta property=\"article:publisher\" content=\"https:\/\/www.facebook.com\/OasisMade\/\" \/>\n<meta property=\"article:modified_time\" content=\"2025-04-23T19:00:52+00:00\" \/>\n<meta property=\"og:image\" content=\"https:\/\/oasismade.com\/wp-content\/uploads\/2019\/09\/oasis-made-sustainable-eco-solution-social-share-banner.jpg\" \/>\n\t<meta property=\"og:image:width\" content=\"1600\" \/>\n\t<meta property=\"og:image:height\" content=\"600\" \/>\n\t<meta property=\"og:image:type\" content=\"image\/jpeg\" \/>\n<meta name=\"twitter:card\" content=\"summary_large_image\" \/>\n<meta name=\"twitter:label1\" content=\"Est. reading time\" \/>\n\t<meta name=\"twitter:data1\" content=\"1 minute\" \/>\n<script type=\"application\/ld+json\" class=\"yoast-schema-graph\">{\"@context\":\"https:\/\/schema.org\",\"@graph\":[{\"@type\":\"WebPage\",\"@id\":\"https:\/\/oasismade.com\/fr\/etudes-de-cas\/\",\"url\":\"https:\/\/oasismade.com\/fr\/etudes-de-cas\/\",\"name\":\"\u00c9tudes de cas - Oasismade\",\"isPartOf\":{\"@id\":\"https:\/\/oasismade.com\/fr\/#website\"},\"datePublished\":\"2021-12-21T12:24:01+00:00\",\"dateModified\":\"2025-04-23T19:00:52+00:00\",\"description\":\"OasisMade \u00c9tudes de cas r\u00e9els sur la fa\u00e7on dont nous aidons les marques \u00e0 adopter des pratiques durables.\",\"breadcrumb\":{\"@id\":\"https:\/\/oasismade.com\/fr\/etudes-de-cas\/#breadcrumb\"},\"inLanguage\":\"fr-CA\",\"potentialAction\":[{\"@type\":\"ReadAction\",\"target\":[\"https:\/\/oasismade.com\/fr\/etudes-de-cas\/\"]}]},{\"@type\":\"BreadcrumbList\",\"@id\":\"https:\/\/oasismade.com\/fr\/etudes-de-cas\/#breadcrumb\",\"itemListElement\":[{\"@type\":\"ListItem\",\"position\":1,\"name\":\"Accueil\",\"item\":\"https:\/\/oasismade.com\/fr\/\"},{\"@type\":\"ListItem\",\"position\":2,\"name\":\"\u00c9tudes de cas\"}]},{\"@type\":\"WebSite\",\"@id\":\"https:\/\/oasismade.com\/fr\/#website\",\"url\":\"https:\/\/oasismade.com\/fr\/\",\"name\":\"Oasismade\",\"description\":\"Sustainable Packaging Solution\",\"potentialAction\":[{\"@type\":\"SearchAction\",\"target\":{\"@type\":\"EntryPoint\",\"urlTemplate\":\"https:\/\/oasismade.com\/fr\/?s={search_term_string}\"},\"query-input\":{\"@type\":\"PropertyValueSpecification\",\"valueRequired\":true,\"valueName\":\"search_term_string\"}}],\"inLanguage\":\"fr-CA\"}]}<\/script>\n<!-- \/ Yoast SEO plugin. -->","yoast_head_json":{"title":"\u00c9tudes de cas - Oasismade","description":"OasisMade \u00c9tudes de cas r\u00e9els sur la fa\u00e7on dont nous aidons les marques \u00e0 adopter des pratiques durables.","robots":{"index":"index","follow":"follow","max-snippet":"max-snippet:-1","max-image-preview":"max-image-preview:large","max-video-preview":"max-video-preview:-1"},"canonical":"https:\/\/oasismade.com\/fr\/etudes-de-cas\/","og_locale":"fr_CA","og_type":"article","og_title":"\u00c9tudes de cas - Oasismade","og_description":"OasisMade \u00c9tudes de cas r\u00e9els sur la fa\u00e7on dont nous aidons les marques \u00e0 adopter des pratiques durables.","og_url":"https:\/\/oasismade.com\/fr\/etudes-de-cas\/","og_site_name":"Oasismade","article_publisher":"https:\/\/www.facebook.com\/OasisMade\/","article_modified_time":"2025-04-23T19:00:52+00:00","og_image":[{"width":1600,"height":600,"url":"https:\/\/oasismade.com\/wp-content\/uploads\/2019\/09\/oasis-made-sustainable-eco-solution-social-share-banner.jpg","type":"image\/jpeg"}],"twitter_card":"summary_large_image","twitter_misc":{"Est. reading time":"1 minute"},"schema":{"@context":"https:\/\/schema.org","@graph":[{"@type":"WebPage","@id":"https:\/\/oasismade.com\/fr\/etudes-de-cas\/","url":"https:\/\/oasismade.com\/fr\/etudes-de-cas\/","name":"\u00c9tudes de cas - Oasismade","isPartOf":{"@id":"https:\/\/oasismade.com\/fr\/#website"},"datePublished":"2021-12-21T12:24:01+00:00","dateModified":"2025-04-23T19:00:52+00:00","description":"OasisMade \u00c9tudes de cas r\u00e9els sur la fa\u00e7on dont nous aidons les marques \u00e0 adopter des pratiques durables.","breadcrumb":{"@id":"https:\/\/oasismade.com\/fr\/etudes-de-cas\/#breadcrumb"},"inLanguage":"fr-CA","potentialAction":[{"@type":"ReadAction","target":["https:\/\/oasismade.com\/fr\/etudes-de-cas\/"]}]},{"@type":"BreadcrumbList","@id":"https:\/\/oasismade.com\/fr\/etudes-de-cas\/#breadcrumb","itemListElement":[{"@type":"ListItem","position":1,"name":"Accueil","item":"https:\/\/oasismade.com\/fr\/"},{"@type":"ListItem","position":2,"name":"\u00c9tudes de cas"}]},{"@type":"WebSite","@id":"https:\/\/oasismade.com\/fr\/#website","url":"https:\/\/oasismade.com\/fr\/","name":"Oasismade","description":"Sustainable Packaging Solution","potentialAction":[{"@type":"SearchAction","target":{"@type":"EntryPoint","urlTemplate":"https:\/\/oasismade.com\/fr\/?s={search_term_string}"},"query-input":{"@type":"PropertyValueSpecification","valueRequired":true,"valueName":"search_term_string"}}],"inLanguage":"fr-CA"}]}},"_links":{"self":[{"href":"https:\/\/oasismade.com\/fr\/wp-json\/wp\/v2\/pages\/7645","targetHints":{"allow":["GET"]}}],"collection":[{"href":"https:\/\/oasismade.com\/fr\/wp-json\/wp\/v2\/pages"}],"about":[{"href":"https:\/\/oasismade.com\/fr\/wp-json\/wp\/v2\/types\/page"}],"author":[{"embeddable":true,"href":"https:\/\/oasismade.com\/fr\/wp-json\/wp\/v2\/users\/1"}],"replies":[{"embeddable":true,"href":"https:\/\/oasismade.com\/fr\/wp-json\/wp\/v2\/comments?post=7645"}],"version-history":[{"count":1,"href":"https:\/\/oasismade.com\/fr\/wp-json\/wp\/v2\/pages\/7645\/revisions"}],"predecessor-version":[{"id":8970,"href":"https:\/\/oasismade.com\/fr\/wp-json\/wp\/v2\/pages\/7645\/revisions\/8970"}],"wp:attachment":[{"href":"https:\/\/oasismade.com\/fr\/wp-json\/wp\/v2\/media?parent=7645"}],"curies":[{"name":"wp","href":"https:\/\/api.w.org\/{rel}","templated":true}]}}