{"id":7563,"date":"2021-08-31T12:01:20","date_gmt":"2021-08-31T12:01:20","guid":{"rendered":"https:\/\/oasismade.com\/about-us\/"},"modified":"2025-06-27T10:34:05","modified_gmt":"2025-06-27T10:34:05","slug":"a-propos","status":"publish","type":"page","link":"https:\/\/oasismade.com\/fr\/a-propos\/","title":{"rendered":"\u00c0 propos"},"content":{"rendered":"<p>[vc_row full_width=\u00a0\u00bbstretch_row\u00a0\u00bb content_placement=\u00a0\u00bbmiddle\u00a0\u00bb el_class=\u00a0\u00bbpage-section about-banner\u00a0\u00bb css=\u00a0\u00bb.vc_custom_1637079618318{background-image: url(https:\/\/oasismade.com\/wp-content\/uploads\/2021\/11\/oasis-made-sustainable-eco-solution-about-us-banner-2.jpg?id=7577) !important;}\u00a0\u00bb][vc_column width=\u00a0\u00bb1\/2&Prime;][\/vc_column][vc_column width=\u00a0\u00bb1\/2&Prime;][vc_custom_heading stripe_pos=\u00a0\u00bbhide\u00a0\u00bb text=\u00a0\u00bbBienvenue chez OasisMade\u00a0\u00bb font_container=\u00a0\u00bbtag:h3|text_align:left\u00a0\u00bb use_theme_fonts=\u00a0\u00bbyes\u00a0\u00bb][vc_column_text]Une entreprise riche en histoire, motiv\u00e9e \u00e0 fournir des emballages et produits de marque maison innovants et durables \u00e0 ses clients, tout en assurant une satisfaction du client sans \u00e9gale.[\/vc_column_text][\/vc_column][\/vc_row][vc_row full_width=\u00a0\u00bbstretch_row\u00a0\u00bb el_class=\u00a0\u00bbpage-section\u00a0\u00bb css=\u00a0\u00bb.vc_custom_1630505878169{background-color: #fefefe !important;}\u00a0\u00bb][vc_column][vc_single_image image=\u00a0\u00bb7500&Prime; img_size=\u00a0\u00bbfull\u00a0\u00bb alignment=\u00a0\u00bbcenter\u00a0\u00bb][\/vc_column][\/vc_row][vc_row full_width=\u00a0\u00bbstretch_row\u00a0\u00bb el_class=\u00a0\u00bbpage-section\u00a0\u00bb css=\u00a0\u00bb.vc_custom_1630413188430{background-color: #f2f2f2 !important;}\u00a0\u00bb][vc_column width=\u00a0\u00bb1\/2&Prime;][vc_custom_heading text=\u00a0\u00bbNotre histoire\u00a0\u00bb font_container=\u00a0\u00bbtag:h3|text_align:left\u00a0\u00bb use_theme_fonts=\u00a0\u00bbyes\u00a0\u00bb css=\u00a0\u00bb.vc_custom_1639740484991{margin-bottom: 30px !important;}\u00a0\u00bb][vc_column_text]OasisMade est une entreprise familiale priv\u00e9e fond\u00e9e en 1989, lorsque Laurie et Robin Maloni confectionn\u00e8rent leur premier sac en coton r\u00e9utilisable \u00e0 Montr\u00e9al, au Canada. La qualit\u00e9 de nos services et la satisfaction du client ont toujours \u00e9t\u00e9 au c\u0153ur de notre entreprise.<\/p>\n<p>Depuis, la famille Maloni a guid\u00e9 OasisMade tout au long de sa croissance strat\u00e9gique, la transformant en l\u2019une des entreprises dirig\u00e9es par des femmes les plus respect\u00e9es et durables au Canada. Gr\u00e2ce \u00e0 une vision avant-gardiste et une philosophie ax\u00e9e sur les services, la famille Maloni a fait d\u2019OasisMade un leader du secteur, d\u00e9termin\u00e9 \u00e0 fournir des produits d\u2019emballage de qualit\u00e9 et durables aux clients, petits comme grands.<\/p>\n<p>Nous avons \u00e9largi notre gamme au-del\u00e0 de nos solutions d\u2019emballages respectueux de l\u2019environnement pour englober le conditionnement pour le commerce en ligne, les produits promotionnels, les bouteilles, tasses et verres de marque maison, les uniformes pour employ\u00e9s et les produits vendus au d\u00e9tail. Nous continuons d\u2019exercer selon nos principes fondamentaux :<\/p>\n<ul>\n<li>Fournir des alternatives de conditionnement respectueuses de l\u2019environnement et issues de sources durables.<\/li>\n<li>Fournir des produits certifi\u00e9s \u00ab socialement responsables \u00bb.<\/li>\n<\/ul>\n<p>[\/vc_column_text][\/vc_column][vc_column width=\u00a0\u00bb1\/2&Prime;][vc_empty_space height=\u00a0\u00bb22px\u00a0\u00bb el_class=\u00a0\u00bbour-story-empty-space\u00a0\u00bb][vc_single_image image=\u00a0\u00bb7584&Prime; img_size=\u00a0\u00bbfull\u00a0\u00bb][\/vc_column][\/vc_row][vc_row full_width=\u00a0\u00bbstretch_row\u00a0\u00bb el_class=\u00a0\u00bbpage-section about-three-columns\u00a0\u00bb][vc_column][vc_custom_heading text=\u00a0\u00bbPourquoi faire appel \u00e0 nous\u00a0\u00bb font_container=\u00a0\u00bbtag:h3|text_align:left\u00a0\u00bb use_theme_fonts=\u00a0\u00bbyes\u00a0\u00bb css=\u00a0\u00bb.vc_custom_1639740591833{margin-bottom: 50px !important;}\u00a0\u00bb][\/vc_column][vc_column width=\u00a0\u00bb1\/12&Prime;][\/vc_column][vc_column width=\u00a0\u00bb1\/3&Prime; el_class=\u00a0\u00bbcustom-columns\u00a0\u00bb][vc_single_image image=\u00a0\u00bb7512&Prime; img_size=\u00a0\u00bbfull\u00a0\u00bb css=\u00a0\u00bb.vc_custom_1635446968369{margin-bottom: 0px !important;}\u00a0\u00bb el_class=\u00a0\u00bbabout-three-columns-icons\u00a0\u00bb][vc_custom_heading stripe_pos=\u00a0\u00bbhide\u00a0\u00bb text=\u00a0\u00bbFabriquer avec int\u00e9grit\u00e9\u00a0\u00bb font_container=\u00a0\u00bbtag:h4|font_size:20px|text_align:left|line_height:28px\u00a0\u00bb use_theme_fonts=\u00a0\u00bbyes\u00a0\u00bb][vc_column_text]Toutes nos usines font l\u2019objet d\u2019un audit par des tiers et respectent des consignes de durabilit\u00e9, de responsabilit\u00e9 sociale et de qualit\u00e9 strictes.*[\/vc_column_text][\/vc_column][vc_column width=\u00a0\u00bb1\/3&Prime; el_class=\u00a0\u00bbcustom-columns\u00a0\u00bb][vc_single_image image=\u00a0\u00bb7511&Prime; img_size=\u00a0\u00bbfull\u00a0\u00bb css=\u00a0\u00bb.vc_custom_1635446975243{margin-bottom: 0px !important;}\u00a0\u00bb el_class=\u00a0\u00bbabout-three-columns-icons\u00a0\u00bb][vc_custom_heading stripe_pos=\u00a0\u00bbhide\u00a0\u00bb text=\u00a0\u00bbDes essentiels durables\u00a0\u00bb font_container=\u00a0\u00bbtag:h4|font_size:20px|text_align:left|line_height:28px\u00a0\u00bb use_theme_fonts=\u00a0\u00bbyes\u00a0\u00bb][vc_column_text]Nous fournissons des produits fabriqu\u00e9s avec l\u2019empreinte \u00e9cologique la plus faible possible et les mat\u00e9riaux les plus durables.[\/vc_column_text][\/vc_column][vc_column width=\u00a0\u00bb1\/3&Prime; el_class=\u00a0\u00bbcustom-columns\u00a0\u00bb][vc_single_image image=\u00a0\u00bb7513&Prime; img_size=\u00a0\u00bbfull\u00a0\u00bb css=\u00a0\u00bb.vc_custom_1635446982003{margin-bottom: 0px !important;}\u00a0\u00bb el_class=\u00a0\u00bbabout-three-columns-icons\u00a0\u00bb][vc_custom_heading stripe_pos=\u00a0\u00bbhide\u00a0\u00bb text=\u00a0\u00bbLa plan\u00e8te et ses habitants avant tout\u00a0\u00bb font_container=\u00a0\u00bbtag:h4|font_size:20px|text_align:left|line_height:28px\u00a0\u00bb use_theme_fonts=\u00a0\u00bbyes\u00a0\u00bb][vc_column_text]Nous cr\u00e9ons des relations individuelles et constructives avec les personnes, et collaborons pour apporter des solutions respectueuses de l\u2019environnement aux entreprises.[\/vc_column_text][\/vc_column][\/vc_row][vc_row full_width=\u00a0\u00bbstretch_row\u00a0\u00bb el_class=\u00a0\u00bbpage-section\u00a0\u00bb css=\u00a0\u00bb.vc_custom_1630413188430{background-color: #f2f2f2 !important;}\u00a0\u00bb][vc_column width=\u00a0\u00bb1\/12&Prime;][\/vc_column][vc_column width=\u00a0\u00bb5\/6&Prime;][vc_custom_heading stripe_pos=\u00a0\u00bbhide\u00a0\u00bb text=\u00a0\u00bbLa durabilit\u00e9 alli\u00e9e \u00e0 l\u2019innovation\u00a0\u00bb font_container=\u00a0\u00bbtag:h3|font_size:25px|text_align:left|line_height:35px\u00a0\u00bb use_theme_fonts=\u00a0\u00bbyes\u00a0\u00bb][vc_column_text]Qui n\u2019avance pas, recule. Chez OasisMade, nous prenons cet adage \u00e0 c\u0153ur et sommes d\u00e9termin\u00e9s \u00e0 innover. En plus d\u2019offrir \u00e0 nos clients les solutions de conditionnement les plus durables possible, nous innovons en permanence pour r\u00e9duire notre empreinte carbone et \u00e9liminer le gaspillage. Nous sommes conscients du besoin en emballages durables, et nous comptons bien \u00eatre \u00e0 la t\u00eate de l\u2019innovation.[\/vc_column_text][vc_custom_heading stripe_pos=\u00a0\u00bbhide\u00a0\u00bb text=\u00a0\u00bbUne solution de conditionnement compl\u00e8te\u00a0\u00bb font_container=\u00a0\u00bbtag:h3|font_size:25px|text_align:left|line_height:35px\u00a0\u00bb use_theme_fonts=\u00a0\u00bbyes\u00a0\u00bb][vc_column_text]Du coton, PP, PET recycl\u00e9 aux sacs en papier en passant par la gestion de l\u2019approvisionnement et de l\u2019inventaire, OasisMade est strat\u00e9giquement plac\u00e9e pour fournir une solution de conditionnement compl\u00e8te aux clients.[\/vc_column_text][vc_custom_heading stripe_pos=\u00a0\u00bbhide\u00a0\u00bb text=\u00a0\u00bbDes partenariats de confiance\u00a0\u00bb font_container=\u00a0\u00bbtag:h3|font_size:25px|text_align:left|line_height:35px\u00a0\u00bb use_theme_fonts=\u00a0\u00bbyes\u00a0\u00bb][vc_column_text]Chez OasisMade, nous mesurons notre r\u00e9ussite gr\u00e2ce aux partenariats durables que nous comptons avec nos clients. Nous consid\u00e9rons qu\u2019il est important de prendre le temps de comprendre l\u2019entreprise de nos clients, ainsi que leurs besoins en produits et emballages, pour nous assurer de toujours leur offrir les bons services et produits.[\/vc_column_text][\/vc_column][vc_column width=\u00a0\u00bb1\/12&Prime;][\/vc_column][\/vc_row][vc_row full_width=\u00a0\u00bbstretch_row\u00a0\u00bb el_class=\u00a0\u00bbpage-section\u00a0\u00bb css=\u00a0\u00bb.vc_custom_1641880468078{padding-bottom: 0px !important;}\u00a0\u00bb][vc_column width=\u00a0\u00bb1\/2&Prime;][vc_single_image image=\u00a0\u00bb7588&Prime; img_size=\u00a0\u00bbmedium\u00a0\u00bb][\/vc_column][vc_column width=\u00a0\u00bb1\/2&Prime;][vc_custom_heading stripe_pos=\u00a0\u00bbhide\u00a0\u00bb text=\u00a0\u00bbFournisseur certifi\u00e9 FairTrade\u00a0\u00bb font_container=\u00a0\u00bbtag:h3|font_size:25px|text_align:left|line_height:35px\u00a0\u00bb use_theme_fonts=\u00a0\u00bbyes\u00a0\u00bb][vc_column_text]OasisMade est fi\u00e8re de s\u2019associer aux producteurs pour contribuer \u00e0 obtenir de meilleures conditions commerciales, de meilleurs salaires pour les agriculteurs et travailleurs, et une am\u00e9lioration des normes sociales et environnementales. Une part du prix de chaque produit FairTrade est directement revers\u00e9e aux communaut\u00e9s o\u00f9 ces produits sont fabriqu\u00e9s.[\/vc_column_text][vc_btn title=\u00a0\u00bbEN SAVOIR PLUS\u00a0\u00bb style=\u00a0\u00bbflat\u00a0\u00bb shape=\u00a0\u00bbsquare\u00a0\u00bb color=\u00a0\u00bbtheme_style_1&Prime; align=\u00a0\u00bbleft\u00a0\u00bb link=\u00a0\u00bburl:https%3A%2F%2Foasismade.com%2Fproduct-category%2Freusable-bags%2Fcotton-reusable-bags%2F|title:Cotton\u00a0\u00bb][\/vc_column][\/vc_row][vc_row full_width=\u00a0\u00bbstretch_row\u00a0\u00bb el_class=\u00a0\u00bbpage-section\u00a0\u00bb][vc_column width=\u00a0\u00bb1\/2&Prime;][vc_custom_heading stripe_pos=\u00a0\u00bbhide\u00a0\u00bb text=\u00a0\u00bbDonner en retour \u2013 La fondation Auma\u00a0\u00bb font_container=\u00a0\u00bbtag:h3|font_size:25px|text_align:left|line_height:35px\u00a0\u00bb use_theme_fonts=\u00a0\u00bbyes\u00a0\u00bb][vc_column_text]Le sac qui autonomise les femmes et les communaut\u00e9s d\u00e9favoris\u00e9es.<\/p>\n<p>Notre mission est de veiller au bien-\u00eatre des personnes tout en cr\u00e9ant des produits respectueux de l\u2019environnement, durables et issus de pratiques commerciales \u00e9quitables et justes. Les recettes de chaque sac en coton biologique vendu par la fondation Auma servent \u00e0 offrir des possibilit\u00e9s \u00e0 ses artisanes et aux jeunes de leurs communaut\u00e9s en Inde.[\/vc_column_text][\/vc_column][vc_column width=\u00a0\u00bb1\/2&Prime;][vc_single_image image=\u00a0\u00bb7781&Prime; img_size=\u00a0\u00bbmedium\u00a0\u00bb alignment=\u00a0\u00bbright\u00a0\u00bb][\/vc_column][\/vc_row][vc_row full_width=\u00a0\u00bbstretch_row\u00a0\u00bb css=\u00a0\u00bb.vc_custom_1637337360608{background-color: #f2f2f2 !important;}\u00a0\u00bb el_class=\u00a0\u00bbpage-section\u00a0\u00bb][vc_column][vc_custom_heading stripe_pos=\u00a0\u00bbhide\u00a0\u00bb text=\u00a0\u00bbCertifications\u00a0\u00bb font_container=\u00a0\u00bbtag:h3|font_size:25px|text_align:left|line_height:35px\u00a0\u00bb use_theme_fonts=\u00a0\u00bbyes\u00a0\u00bb css=\u00a0\u00bb.vc_custom_1637337811211{padding-top: 0px !important;}\u00a0\u00bb el_class=\u00a0\u00bbno-padd-top\u00a0\u00bb][\/vc_column][vc_column width=\u00a0\u00bb1\/4&Prime;][vc_single_image image=\u00a0\u00bb8286&Prime;][\/vc_column][vc_column width=\u00a0\u00bb1\/4&Prime;][vc_single_image image=\u00a0\u00bb7588&Prime;][\/vc_column][vc_column width=\u00a0\u00bb1\/4&Prime;][vc_single_image image=\u00a0\u00bb8284&Prime;][\/vc_column][vc_column width=\u00a0\u00bb1\/4&Prime;][vc_single_image image=\u00a0\u00bb8935&Prime;][\/vc_column][\/vc_row][vc_row el_class=\u00a0\u00bbpage-section\u00a0\u00bb el_id=\u00a0\u00bbnotre-equipe\u00a0\u00bb][vc_column][vc_custom_heading text=\u00a0\u00bbNotre \u00e9quipe\u00a0\u00bb font_container=\u00a0\u00bbtag:h3|text_align:left\u00a0\u00bb use_theme_fonts=\u00a0\u00bbyes\u00a0\u00bb css=\u00a0\u00bb.vc_custom_1639741033967{margin-bottom: 30px !important;}\u00a0\u00bb][stm_staff_list style=\u00a0\u00bbgrid\u00a0\u00bb grid_view=\u00a0\u00bbshort\u00a0\u00bb per_row=\u00a0\u00bb4&Prime; count=\u00a0\u00bb12&Prime; show_custom_link=\u00a0\u00bb\u00a0\u00bb][vc_column_text]*OasisMade n\u2019a aucune relation ou affiliation commerciale avec des biens produits \u00e0 Xinjiang, en Chine. OasisMade soutient les pratiques de travail \u00e9quitables et ne se livre \u00e0 aucune fabrication impliquant du travail forc\u00e9. Nos politiques sont profond\u00e9ment ancr\u00e9es dans les valeurs des droits de la personne et de la fabrication \u00e9thique.[\/vc_column_text][\/vc_column][\/vc_row][vc_row full_width=\u00a0\u00bbstretch_row\u00a0\u00bb content_placement=\u00a0\u00bbmiddle\u00a0\u00bb css=\u00a0\u00bb.vc_custom_1632917074866{background-color: #c9e3cc !important;}\u00a0\u00bb el_class=\u00a0\u00bbpage-section download-catalog-section\u00a0\u00bb][vc_column width=\u00a0\u00bb7\/12&Prime;][vc_custom_heading stripe_pos=\u00a0\u00bbhide\u00a0\u00bb text=\u00a0\u00bbT\u00e9l\u00e9chargez notre catalogue de stock\u00a0\u00bb font_container=\u00a0\u00bbtag:h3|text_align:left\u00a0\u00bb google_fonts=\u00a0\u00bbfont_family:Open%20Sans%3A300%2C300italic%2Cregular%2Citalic%2C600%2C600italic%2C700%2C700italic%2C800%2C800italic|font_style:800%20bold%20regular%3A800%3Anormal\u00a0\u00bb][\/vc_column][vc_column width=\u00a0\u00bb5\/12&Prime; el_class=\u00a0\u00bbdownload-catalogue-form\u00a0\u00bb]\n<div class=\"wpcf7 no-js\" id=\"wpcf7-f7642-o1\" lang=\"fr-CA\" dir=\"ltr\" data-wpcf7-id=\"7642\">\n<div class=\"screen-reader-response\"><p role=\"status\" aria-live=\"polite\" aria-atomic=\"true\"><\/p> <ul><\/ul><\/div>\n<form action=\"\/fr\/wp-json\/wp\/v2\/pages\/7563#wpcf7-f7642-o1\" method=\"post\" class=\"wpcf7-form init catalog-form\" aria-label=\"Contact form\" novalidate=\"novalidate\" data-status=\"init\">\n<fieldset class=\"hidden-fields-container\"><input type=\"hidden\" name=\"_wpcf7\" value=\"7642\" \/><input type=\"hidden\" name=\"_wpcf7_version\" value=\"6.1\" \/><input type=\"hidden\" name=\"_wpcf7_locale\" value=\"fr_CA\" \/><input type=\"hidden\" name=\"_wpcf7_unit_tag\" value=\"wpcf7-f7642-o1\" \/><input type=\"hidden\" name=\"_wpcf7_container_post\" value=\"0\" \/><input type=\"hidden\" name=\"_wpcf7_posted_data_hash\" value=\"\" \/><input type=\"hidden\" name=\"_wpcf7dtx_version\" value=\"5.0.3\" \/><input type=\"hidden\" name=\"_wpcf7_recaptcha_response\" value=\"\" \/>\n<\/fieldset>\n<div class=\"stm_newsletter_form\"><span class=\"wpcf7-form-control-wrap\" data-name=\"your-email\"><input size=\"40\" maxlength=\"400\" class=\"wpcf7-form-control wpcf7-email wpcf7-validates-as-required wpcf7-text wpcf7-validates-as-email form-control\" aria-required=\"true\" aria-invalid=\"false\" placeholder=\"Adresse e-mail\" value=\"\" type=\"email\" name=\"your-email\" \/><\/span><input class=\"wpcf7-form-control wpcf7-submit has-spinner button size-lg\" type=\"submit\" value=\"Soumettre\" \/><\/div><div class=\"wpcf7-response-output\" aria-hidden=\"true\"><\/div>\n<\/form>\n<\/div>\n[\/vc_column][\/vc_row]<\/p>\n","protected":false},"excerpt":{"rendered":"<p>[vc_row full_width=\u00a0\u00bbstretch_row\u00a0\u00bb content_placement=\u00a0\u00bbmiddle\u00a0\u00bb el_class=\u00a0\u00bbpage-section about-banner\u00a0\u00bb css=\u00a0\u00bb.vc_custom_1637079618318{background-image: url(https:\/\/oasismade.com\/wp-content\/uploads\/2021\/11\/oasis-made-sustainable-eco-solution-about-us-banner-2.jpg?id=7577) !important;}\u00a0\u00bb][vc_column width=\u00a0\u00bb1\/2&Prime;][\/vc_column][vc_column width=\u00a0\u00bb1\/2&Prime;][vc_custom_heading stripe_pos=\u00a0\u00bbhide\u00a0\u00bb text=\u00a0\u00bbBienvenue chez OasisMade\u00a0\u00bb font_container=\u00a0\u00bbtag:h3|text_align:left\u00a0\u00bb use_theme_fonts=\u00a0\u00bbyes\u00a0\u00bb][vc_column_text]Une entreprise riche en histoire, motiv\u00e9e \u00e0 fournir des emballages et produits de marque maison innovants et durables \u00e0 ses clients, tout en assurant une satisfaction du client sans \u00e9gale.[\/vc_column_text][\/vc_column][\/vc_row][vc_row full_width=\u00a0\u00bbstretch_row\u00a0\u00bb el_class=\u00a0\u00bbpage-section\u00a0\u00bb css=\u00a0\u00bb.vc_custom_1630505878169{background-color: #fefefe !important;}\u00a0\u00bb][vc_column][vc_single_image image=\u00a0\u00bb7500&Prime; img_size=\u00a0\u00bbfull\u00a0\u00bb alignment=\u00a0\u00bbcenter\u00a0\u00bb][\/vc_column][\/vc_row][vc_row full_width=\u00a0\u00bbstretch_row\u00a0\u00bb el_class=\u00a0\u00bbpage-section\u00a0\u00bb<\/p>\n","protected":false},"author":1,"featured_media":7821,"parent":0,"menu_order":0,"comment_status":"closed","ping_status":"closed","template":"","meta":{"footnotes":""},"class_list":["post-7563","page","type-page","status-publish","has-post-thumbnail","hentry"],"yoast_head":"<!-- This site is optimized with the Yoast SEO plugin v25.5 - https:\/\/yoast.com\/wordpress\/plugins\/seo\/ -->\n<title>\u00c0 propos - Oasismade<\/title>\n<meta name=\"robots\" content=\"index, follow, max-snippet:-1, max-image-preview:large, max-video-preview:-1\" \/>\n<link rel=\"canonical\" href=\"https:\/\/oasismade.com\/fr\/a-propos\/\" \/>\n<meta property=\"og:locale\" content=\"fr_CA\" \/>\n<meta property=\"og:type\" content=\"article\" \/>\n<meta property=\"og:title\" content=\"\u00c0 propos - Oasismade\" \/>\n<meta property=\"og:description\" content=\"[vc_row full_width=\u00a0\u00bbstretch_row\u00a0\u00bb content_placement=\u00a0\u00bbmiddle\u00a0\u00bb el_class=\u00a0\u00bbpage-section about-banner\u00a0\u00bb css=\u00a0\u00bb.vc_custom_1637079618318{background-image: url(https:\/\/oasismade.com\/wp-content\/uploads\/2021\/11\/oasis-made-sustainable-eco-solution-about-us-banner-2.jpg?id=7577) !important;}\u00a0\u00bb][vc_column width=\u00a0\u00bb1\/2&Prime;][\/vc_column][vc_column width=\u00a0\u00bb1\/2&Prime;][vc_custom_heading stripe_pos=\u00a0\u00bbhide\u00a0\u00bb text=\u00a0\u00bbBienvenue chez OasisMade\u00a0\u00bb font_container=\u00a0\u00bbtag:h3|text_align:left\u00a0\u00bb use_theme_fonts=\u00a0\u00bbyes\u00a0\u00bb][vc_column_text]Une entreprise riche en histoire, motiv\u00e9e \u00e0 fournir des emballages et produits de marque maison innovants et durables \u00e0 ses clients, tout en assurant une satisfaction du client sans \u00e9gale.[\/vc_column_text][\/vc_column][\/vc_row][vc_row full_width=\u00a0\u00bbstretch_row\u00a0\u00bb el_class=\u00a0\u00bbpage-section\u00a0\u00bb css=\u00a0\u00bb.vc_custom_1630505878169{background-color: #fefefe !important;}\u00a0\u00bb][vc_column][vc_single_image image=\u00a0\u00bb7500&Prime; img_size=\u00a0\u00bbfull\u00a0\u00bb alignment=\u00a0\u00bbcenter\u00a0\u00bb][\/vc_column][\/vc_row][vc_row full_width=\u00a0\u00bbstretch_row\u00a0\u00bb el_class=\u00a0\u00bbpage-section\u00a0\u00bb\" \/>\n<meta property=\"og:url\" content=\"https:\/\/oasismade.com\/fr\/a-propos\/\" \/>\n<meta property=\"og:site_name\" content=\"Oasismade\" \/>\n<meta property=\"article:publisher\" content=\"https:\/\/www.facebook.com\/OasisMade\/\" \/>\n<meta property=\"article:modified_time\" content=\"2025-06-27T10:34:05+00:00\" \/>\n<meta property=\"og:image\" content=\"https:\/\/oasismade.com\/wp-content\/uploads\/2022\/01\/20191014-IMG_8405-1-1-scaled-1.jpg\" \/>\n\t<meta property=\"og:image:width\" content=\"2560\" \/>\n\t<meta property=\"og:image:height\" content=\"1512\" \/>\n\t<meta property=\"og:image:type\" content=\"image\/jpeg\" \/>\n<meta name=\"twitter:card\" content=\"summary_large_image\" \/>\n<meta name=\"twitter:label1\" content=\"Est. reading time\" \/>\n\t<meta name=\"twitter:data1\" content=\"4 minutes\" \/>\n<script type=\"application\/ld+json\" class=\"yoast-schema-graph\">{\"@context\":\"https:\/\/schema.org\",\"@graph\":[{\"@type\":\"WebPage\",\"@id\":\"https:\/\/oasismade.com\/fr\/a-propos\/\",\"url\":\"https:\/\/oasismade.com\/fr\/a-propos\/\",\"name\":\"\u00c0 propos - Oasismade\",\"isPartOf\":{\"@id\":\"https:\/\/oasismade.com\/fr\/#website\"},\"primaryImageOfPage\":{\"@id\":\"https:\/\/oasismade.com\/fr\/a-propos\/#primaryimage\"},\"image\":{\"@id\":\"https:\/\/oasismade.com\/fr\/a-propos\/#primaryimage\"},\"thumbnailUrl\":\"https:\/\/oasismade.com\/wp-content\/uploads\/2022\/01\/20191014-IMG_8405-1-1-scaled-1.jpg\",\"datePublished\":\"2021-08-31T12:01:20+00:00\",\"dateModified\":\"2025-06-27T10:34:05+00:00\",\"breadcrumb\":{\"@id\":\"https:\/\/oasismade.com\/fr\/a-propos\/#breadcrumb\"},\"inLanguage\":\"fr-CA\",\"potentialAction\":[{\"@type\":\"ReadAction\",\"target\":[\"https:\/\/oasismade.com\/fr\/a-propos\/\"]}]},{\"@type\":\"ImageObject\",\"inLanguage\":\"fr-CA\",\"@id\":\"https:\/\/oasismade.com\/fr\/a-propos\/#primaryimage\",\"url\":\"https:\/\/oasismade.com\/wp-content\/uploads\/2022\/01\/20191014-IMG_8405-1-1-scaled-1.jpg\",\"contentUrl\":\"https:\/\/oasismade.com\/wp-content\/uploads\/2022\/01\/20191014-IMG_8405-1-1-scaled-1.jpg\",\"width\":2560,\"height\":1512,\"caption\":\"Eco-Friendly Packaging Private Label\"},{\"@type\":\"BreadcrumbList\",\"@id\":\"https:\/\/oasismade.com\/fr\/a-propos\/#breadcrumb\",\"itemListElement\":[{\"@type\":\"ListItem\",\"position\":1,\"name\":\"Accueil\",\"item\":\"https:\/\/oasismade.com\/fr\/\"},{\"@type\":\"ListItem\",\"position\":2,\"name\":\"\u00c0 propos\"}]},{\"@type\":\"WebSite\",\"@id\":\"https:\/\/oasismade.com\/fr\/#website\",\"url\":\"https:\/\/oasismade.com\/fr\/\",\"name\":\"Oasismade\",\"description\":\"Sustainable Packaging Solution\",\"potentialAction\":[{\"@type\":\"SearchAction\",\"target\":{\"@type\":\"EntryPoint\",\"urlTemplate\":\"https:\/\/oasismade.com\/fr\/?s={search_term_string}\"},\"query-input\":{\"@type\":\"PropertyValueSpecification\",\"valueRequired\":true,\"valueName\":\"search_term_string\"}}],\"inLanguage\":\"fr-CA\"}]}<\/script>\n<!-- \/ Yoast SEO plugin. -->","yoast_head_json":{"title":"\u00c0 propos - Oasismade","robots":{"index":"index","follow":"follow","max-snippet":"max-snippet:-1","max-image-preview":"max-image-preview:large","max-video-preview":"max-video-preview:-1"},"canonical":"https:\/\/oasismade.com\/fr\/a-propos\/","og_locale":"fr_CA","og_type":"article","og_title":"\u00c0 propos - Oasismade","og_description":"[vc_row full_width=\u00a0\u00bbstretch_row\u00a0\u00bb content_placement=\u00a0\u00bbmiddle\u00a0\u00bb el_class=\u00a0\u00bbpage-section about-banner\u00a0\u00bb css=\u00a0\u00bb.vc_custom_1637079618318{background-image: url(https:\/\/oasismade.com\/wp-content\/uploads\/2021\/11\/oasis-made-sustainable-eco-solution-about-us-banner-2.jpg?id=7577) !important;}\u00a0\u00bb][vc_column width=\u00a0\u00bb1\/2&Prime;][\/vc_column][vc_column width=\u00a0\u00bb1\/2&Prime;][vc_custom_heading stripe_pos=\u00a0\u00bbhide\u00a0\u00bb text=\u00a0\u00bbBienvenue chez OasisMade\u00a0\u00bb font_container=\u00a0\u00bbtag:h3|text_align:left\u00a0\u00bb use_theme_fonts=\u00a0\u00bbyes\u00a0\u00bb][vc_column_text]Une entreprise riche en histoire, motiv\u00e9e \u00e0 fournir des emballages et produits de marque maison innovants et durables \u00e0 ses clients, tout en assurant une satisfaction du client sans \u00e9gale.[\/vc_column_text][\/vc_column][\/vc_row][vc_row full_width=\u00a0\u00bbstretch_row\u00a0\u00bb el_class=\u00a0\u00bbpage-section\u00a0\u00bb css=\u00a0\u00bb.vc_custom_1630505878169{background-color: #fefefe !important;}\u00a0\u00bb][vc_column][vc_single_image image=\u00a0\u00bb7500&Prime; img_size=\u00a0\u00bbfull\u00a0\u00bb alignment=\u00a0\u00bbcenter\u00a0\u00bb][\/vc_column][\/vc_row][vc_row full_width=\u00a0\u00bbstretch_row\u00a0\u00bb el_class=\u00a0\u00bbpage-section\u00a0\u00bb","og_url":"https:\/\/oasismade.com\/fr\/a-propos\/","og_site_name":"Oasismade","article_publisher":"https:\/\/www.facebook.com\/OasisMade\/","article_modified_time":"2025-06-27T10:34:05+00:00","og_image":[{"width":2560,"height":1512,"url":"https:\/\/oasismade.com\/wp-content\/uploads\/2022\/01\/20191014-IMG_8405-1-1-scaled-1.jpg","type":"image\/jpeg"}],"twitter_card":"summary_large_image","twitter_misc":{"Est. reading time":"4 minutes"},"schema":{"@context":"https:\/\/schema.org","@graph":[{"@type":"WebPage","@id":"https:\/\/oasismade.com\/fr\/a-propos\/","url":"https:\/\/oasismade.com\/fr\/a-propos\/","name":"\u00c0 propos - Oasismade","isPartOf":{"@id":"https:\/\/oasismade.com\/fr\/#website"},"primaryImageOfPage":{"@id":"https:\/\/oasismade.com\/fr\/a-propos\/#primaryimage"},"image":{"@id":"https:\/\/oasismade.com\/fr\/a-propos\/#primaryimage"},"thumbnailUrl":"https:\/\/oasismade.com\/wp-content\/uploads\/2022\/01\/20191014-IMG_8405-1-1-scaled-1.jpg","datePublished":"2021-08-31T12:01:20+00:00","dateModified":"2025-06-27T10:34:05+00:00","breadcrumb":{"@id":"https:\/\/oasismade.com\/fr\/a-propos\/#breadcrumb"},"inLanguage":"fr-CA","potentialAction":[{"@type":"ReadAction","target":["https:\/\/oasismade.com\/fr\/a-propos\/"]}]},{"@type":"ImageObject","inLanguage":"fr-CA","@id":"https:\/\/oasismade.com\/fr\/a-propos\/#primaryimage","url":"https:\/\/oasismade.com\/wp-content\/uploads\/2022\/01\/20191014-IMG_8405-1-1-scaled-1.jpg","contentUrl":"https:\/\/oasismade.com\/wp-content\/uploads\/2022\/01\/20191014-IMG_8405-1-1-scaled-1.jpg","width":2560,"height":1512,"caption":"Eco-Friendly Packaging Private Label"},{"@type":"BreadcrumbList","@id":"https:\/\/oasismade.com\/fr\/a-propos\/#breadcrumb","itemListElement":[{"@type":"ListItem","position":1,"name":"Accueil","item":"https:\/\/oasismade.com\/fr\/"},{"@type":"ListItem","position":2,"name":"\u00c0 propos"}]},{"@type":"WebSite","@id":"https:\/\/oasismade.com\/fr\/#website","url":"https:\/\/oasismade.com\/fr\/","name":"Oasismade","description":"Sustainable Packaging Solution","potentialAction":[{"@type":"SearchAction","target":{"@type":"EntryPoint","urlTemplate":"https:\/\/oasismade.com\/fr\/?s={search_term_string}"},"query-input":{"@type":"PropertyValueSpecification","valueRequired":true,"valueName":"search_term_string"}}],"inLanguage":"fr-CA"}]}},"_links":{"self":[{"href":"https:\/\/oasismade.com\/fr\/wp-json\/wp\/v2\/pages\/7563","targetHints":{"allow":["GET"]}}],"collection":[{"href":"https:\/\/oasismade.com\/fr\/wp-json\/wp\/v2\/pages"}],"about":[{"href":"https:\/\/oasismade.com\/fr\/wp-json\/wp\/v2\/types\/page"}],"author":[{"embeddable":true,"href":"https:\/\/oasismade.com\/fr\/wp-json\/wp\/v2\/users\/1"}],"replies":[{"embeddable":true,"href":"https:\/\/oasismade.com\/fr\/wp-json\/wp\/v2\/comments?post=7563"}],"version-history":[{"count":5,"href":"https:\/\/oasismade.com\/fr\/wp-json\/wp\/v2\/pages\/7563\/revisions"}],"predecessor-version":[{"id":9049,"href":"https:\/\/oasismade.com\/fr\/wp-json\/wp\/v2\/pages\/7563\/revisions\/9049"}],"wp:featuredmedia":[{"embeddable":true,"href":"https:\/\/oasismade.com\/fr\/wp-json\/wp\/v2\/media\/7821"}],"wp:attachment":[{"href":"https:\/\/oasismade.com\/fr\/wp-json\/wp\/v2\/media?parent=7563"}],"curies":[{"name":"wp","href":"https:\/\/api.w.org\/{rel}","templated":true}]}}